{"id":104,"date":"2022-05-30T20:09:28","date_gmt":"2022-05-30T20:09:28","guid":{"rendered":"https:\/\/www.lemansclassic.com\/?page_id=104"},"modified":"2026-02-25T17:57:29","modified_gmt":"2026-02-25T16:57:29","slug":"little-big-mans","status":"publish","type":"page","link":"https:\/\/www.lemansclassic.com\/en\/competition\/little-big-mans\/","title":{"rendered":"Little Big Mans"},"content":{"rendered":"<section class=\"bde-section-104-301 bde-section\">\n              \n  \n  \n\t    \n      <div class=\"section-background-video\">\n              <video\n          autoplay\n muted\n playsinline\n loop\n poster=\"https:\/\/www.lemansclassic.com\/wp-content\/uploads\/2024\/09\/20230702-lmc23_whamdi.b-256_lmcclubs.jpg\"\n                >\n        <source src=\"https:\/\/www.lemansclassic.com\/wp-content\/uploads\/2025\/01\/lmc-littlebigmans-2023-1080p-h264.mp4\" type=\"video\/mp4\" \/>\n      <\/video>\n      <\/div>\n\n\n  <div class=\"section-background-overlay\"><\/div>\n\n\n        <div class=\"section-shape-divider-wrapper section-shape-divider-wrapper--1\">\n          <span class=\"section-shape-divider\">\n                      <svg\n                xmlns=\"http:\/\/www.w3.org\/2000\/svg\"\n                viewbox=\"0 0 1440 320\"\n                preserveaspectratio=\"none\"\n            >\n              <path fill=\"currentColor\" fill-opacity=\"1\" d=\"M0,128L120,117.3C240,107,480,85,720,112C960,139,1200,213,1320,250.7L1440,288L1440,320L1320,320C1200,320,960,320,720,320C480,320,240,320,120,320L0,320Z\"><\/path>\n            <\/svg>\n                    <\/span>\n      <\/div>\n  <div class=\"section-container\"><h5 class=\"bde-heading-104-305 bde-heading\">\nCompetition\n<\/h5><h2 class=\"bde-heading-104-303 bde-heading\">\nLittle Big Mans\n<\/h2><\/div>\n<\/section><section class=\"bde-section-104-173 bde-section\">\n  \n  \n\t\n\n\n\n<div class=\"section-container\"><div class=\"bde-columns-104-223 bde-columns\"><div class=\"bde-column-104-224 bde-column\">\n  \n  \n\t\n\n\n\n<div class=\"bde-gallery-104-262 bde-gallery\">\n\n\n  \n\n\n\n\n\n\n\n  \n\n  <div class=\"ee-gallery-swiper breakdance-swiper-wrapper\" data-swiper-id=\"262\">\n    <div class=\"swiper\">\n\n<div class=\"ee-gallery ee-gallery--gallery-slider ee-gallery--slider ee-gallery--single ee-gallery--lightbox ee-gallery-- ee-gallery--caption- ee-gallery--caption-none ee-gallery--custom swiper-wrapper\">\n                  \n      <a class=\"ee-gallery-item ee-gallery-item--image ee-gallery-item--single swiper-slide\" href=\"https:\/\/www.lemansclassic.com\/wp-content\/uploads\/2026\/02\/2025-lmc-whamdib-j2-083.jpg\"  data-sub-html=\"<span><\/span>\" data-category=\"1\"                  data-lg-size=\"1024-683\"\n\n      >\n        <figure class=\"ee-gallery-item-figure\">\n                        <img loading=\"lazy\" decoding=\"async\" class=\"breakdance-image-object\" src=\"https:\/\/www.lemansclassic.com\/wp-content\/uploads\/2026\/02\/2025-lmc-whamdib-j2-083.jpg\" width=\"1024\" height=\"683\" srcset=\"https:\/\/www.lemansclassic.com\/wp-content\/uploads\/2026\/02\/2025-lmc-whamdib-j2-083.jpg 1024w, https:\/\/www.lemansclassic.com\/wp-content\/uploads\/2026\/02\/2025-lmc-whamdib-j2-083-300x200.jpg 300w, https:\/\/www.lemansclassic.com\/wp-content\/uploads\/2026\/02\/2025-lmc-whamdib-j2-083-150x100.jpg 150w, https:\/\/www.lemansclassic.com\/wp-content\/uploads\/2026\/02\/2025-lmc-whamdib-j2-083-768x512.jpg 768w, https:\/\/www.lemansclassic.com\/wp-content\/uploads\/2026\/02\/2025-lmc-whamdib-j2-083-18x12.jpg 18w, https:\/\/www.lemansclassic.com\/wp-content\/uploads\/2026\/02\/2025-lmc-whamdib-j2-083-600x400.jpg 600w\" sizes=\"auto, (max-width: 1024px) 100vw, 1024px\">\n          \n                  <\/figure>\n      <\/a>\n\n                \n      <a class=\"ee-gallery-item ee-gallery-item--image ee-gallery-item--single swiper-slide\" href=\"https:\/\/www.lemansclassic.com\/wp-content\/uploads\/2026\/02\/2025-lmc-loretnicolas-j2-00133.jpg\"  data-sub-html=\"<span><\/span>\" data-category=\"1\"                  data-lg-size=\"1024-683\"\n\n      >\n        <figure class=\"ee-gallery-item-figure\">\n                        <img loading=\"lazy\" decoding=\"async\" class=\"breakdance-image-object\" src=\"https:\/\/www.lemansclassic.com\/wp-content\/uploads\/2026\/02\/2025-lmc-loretnicolas-j2-00133.jpg\" width=\"1024\" height=\"683\" srcset=\"https:\/\/www.lemansclassic.com\/wp-content\/uploads\/2026\/02\/2025-lmc-loretnicolas-j2-00133.jpg 1024w, https:\/\/www.lemansclassic.com\/wp-content\/uploads\/2026\/02\/2025-lmc-loretnicolas-j2-00133-300x200.jpg 300w, https:\/\/www.lemansclassic.com\/wp-content\/uploads\/2026\/02\/2025-lmc-loretnicolas-j2-00133-150x100.jpg 150w, https:\/\/www.lemansclassic.com\/wp-content\/uploads\/2026\/02\/2025-lmc-loretnicolas-j2-00133-768x512.jpg 768w, https:\/\/www.lemansclassic.com\/wp-content\/uploads\/2026\/02\/2025-lmc-loretnicolas-j2-00133-18x12.jpg 18w, https:\/\/www.lemansclassic.com\/wp-content\/uploads\/2026\/02\/2025-lmc-loretnicolas-j2-00133-600x400.jpg 600w\" sizes=\"auto, (max-width: 1024px) 100vw, 1024px\">\n          \n                  <\/figure>\n      <\/a>\n\n                \n      <a class=\"ee-gallery-item ee-gallery-item--image ee-gallery-item--single swiper-slide\" href=\"https:\/\/www.lemansclassic.com\/wp-content\/uploads\/2026\/02\/20230701163432bv1_7794-mpsagency.jpg\"  data-sub-html=\"<span><\/span>\" data-category=\"1\"                  data-lg-size=\"1024-683\"\n\n      >\n        <figure class=\"ee-gallery-item-figure\">\n                        <img loading=\"lazy\" decoding=\"async\" class=\"breakdance-image-object\" src=\"https:\/\/www.lemansclassic.com\/wp-content\/uploads\/2026\/02\/20230701163432bv1_7794-mpsagency.jpg\" width=\"1024\" height=\"683\" srcset=\"https:\/\/www.lemansclassic.com\/wp-content\/uploads\/2026\/02\/20230701163432bv1_7794-mpsagency.jpg 1024w, https:\/\/www.lemansclassic.com\/wp-content\/uploads\/2026\/02\/20230701163432bv1_7794-mpsagency-300x200.jpg 300w, https:\/\/www.lemansclassic.com\/wp-content\/uploads\/2026\/02\/20230701163432bv1_7794-mpsagency-150x100.jpg 150w, https:\/\/www.lemansclassic.com\/wp-content\/uploads\/2026\/02\/20230701163432bv1_7794-mpsagency-768x512.jpg 768w, https:\/\/www.lemansclassic.com\/wp-content\/uploads\/2026\/02\/20230701163432bv1_7794-mpsagency-18x12.jpg 18w, https:\/\/www.lemansclassic.com\/wp-content\/uploads\/2026\/02\/20230701163432bv1_7794-mpsagency-600x400.jpg 600w\" sizes=\"auto, (max-width: 1024px) 100vw, 1024px\">\n          \n                  <\/figure>\n      <\/a>\n\n                \n      <a class=\"ee-gallery-item ee-gallery-item--image ee-gallery-item--single swiper-slide\" href=\"https:\/\/www.lemansclassic.com\/wp-content\/uploads\/2026\/02\/2025-lmc-day2-davidmarvier-5999.jpg\"  data-sub-html=\"<span><\/span>\" data-category=\"1\"                  data-lg-size=\"682-1023\"\n\n      >\n        <figure class=\"ee-gallery-item-figure\">\n                        <img loading=\"lazy\" decoding=\"async\" class=\"breakdance-image-object\" src=\"https:\/\/www.lemansclassic.com\/wp-content\/uploads\/2026\/02\/2025-lmc-day2-davidmarvier-5999.jpg\" width=\"682\" height=\"1023\" srcset=\"https:\/\/www.lemansclassic.com\/wp-content\/uploads\/2026\/02\/2025-lmc-day2-davidmarvier-5999.jpg 682w, https:\/\/www.lemansclassic.com\/wp-content\/uploads\/2026\/02\/2025-lmc-day2-davidmarvier-5999-200x300.jpg 200w, https:\/\/www.lemansclassic.com\/wp-content\/uploads\/2026\/02\/2025-lmc-day2-davidmarvier-5999-100x150.jpg 100w, https:\/\/www.lemansclassic.com\/wp-content\/uploads\/2026\/02\/2025-lmc-day2-davidmarvier-5999-8x12.jpg 8w, https:\/\/www.lemansclassic.com\/wp-content\/uploads\/2026\/02\/2025-lmc-day2-davidmarvier-5999-300x450.jpg 300w, https:\/\/www.lemansclassic.com\/wp-content\/uploads\/2026\/02\/2025-lmc-day2-davidmarvier-5999-600x900.jpg 600w\" sizes=\"auto, (max-width: 682px) 100vw, 682px\">\n          \n                  <\/figure>\n      <\/a>\n\n      \n  <\/div>\n\n    <\/div>\n        \n            <div class=\"swiper-pagination\"><\/div>\n    \n  <\/div>\n\n\n<\/div><div class=\"bde-gallery-104-263 bde-gallery\">\n\n\n  \n\n\n\n\n\n\n\n  \n\n  <div class=\"ee-gallery-swiper breakdance-swiper-wrapper\" data-swiper-id=\"263\">\n    <div class=\"swiper\">\n\n<div class=\"ee-gallery ee-gallery--gallery-slider ee-gallery--slider ee-gallery--single ee-gallery--lightbox ee-gallery-- ee-gallery--caption- ee-gallery--caption-none ee-gallery--ratio swiper-wrapper\">\n                  \n      <a class=\"ee-gallery-item ee-gallery-item--image ee-gallery-item--single swiper-slide\" href=\"https:\/\/www.lemansclassic.com\/wp-content\/uploads\/2026\/02\/2025-lmc-nloret-j2-00012.jpg\"  data-sub-html=\"<span><\/span>\" data-category=\"1\"                  data-lg-size=\"1024-683\"\n\n      >\n        <figure class=\"ee-gallery-item-figure\">\n                        <img loading=\"lazy\" decoding=\"async\" class=\"breakdance-image-object\" src=\"https:\/\/www.lemansclassic.com\/wp-content\/uploads\/2026\/02\/2025-lmc-nloret-j2-00012.jpg\" width=\"1024\" height=\"683\" srcset=\"https:\/\/www.lemansclassic.com\/wp-content\/uploads\/2026\/02\/2025-lmc-nloret-j2-00012.jpg 1024w, https:\/\/www.lemansclassic.com\/wp-content\/uploads\/2026\/02\/2025-lmc-nloret-j2-00012-300x200.jpg 300w, https:\/\/www.lemansclassic.com\/wp-content\/uploads\/2026\/02\/2025-lmc-nloret-j2-00012-150x100.jpg 150w, https:\/\/www.lemansclassic.com\/wp-content\/uploads\/2026\/02\/2025-lmc-nloret-j2-00012-768x512.jpg 768w, https:\/\/www.lemansclassic.com\/wp-content\/uploads\/2026\/02\/2025-lmc-nloret-j2-00012-18x12.jpg 18w, https:\/\/www.lemansclassic.com\/wp-content\/uploads\/2026\/02\/2025-lmc-nloret-j2-00012-600x400.jpg 600w\" sizes=\"auto, (max-width: 1024px) 100vw, 1024px\">\n          \n                  <\/figure>\n      <\/a>\n\n                \n      <a class=\"ee-gallery-item ee-gallery-item--image ee-gallery-item--single swiper-slide\" href=\"https:\/\/www.lemansclassic.com\/wp-content\/uploads\/2026\/02\/2025-lmc-loretnicolas-j2-00124.jpg\"  data-sub-html=\"<span><\/span>\" data-category=\"1\"                  data-lg-size=\"1024-683\"\n\n      >\n        <figure class=\"ee-gallery-item-figure\">\n                        <img loading=\"lazy\" decoding=\"async\" class=\"breakdance-image-object\" src=\"https:\/\/www.lemansclassic.com\/wp-content\/uploads\/2026\/02\/2025-lmc-loretnicolas-j2-00124.jpg\" width=\"1024\" height=\"683\" srcset=\"https:\/\/www.lemansclassic.com\/wp-content\/uploads\/2026\/02\/2025-lmc-loretnicolas-j2-00124.jpg 1024w, https:\/\/www.lemansclassic.com\/wp-content\/uploads\/2026\/02\/2025-lmc-loretnicolas-j2-00124-300x200.jpg 300w, https:\/\/www.lemansclassic.com\/wp-content\/uploads\/2026\/02\/2025-lmc-loretnicolas-j2-00124-150x100.jpg 150w, https:\/\/www.lemansclassic.com\/wp-content\/uploads\/2026\/02\/2025-lmc-loretnicolas-j2-00124-768x512.jpg 768w, https:\/\/www.lemansclassic.com\/wp-content\/uploads\/2026\/02\/2025-lmc-loretnicolas-j2-00124-18x12.jpg 18w, https:\/\/www.lemansclassic.com\/wp-content\/uploads\/2026\/02\/2025-lmc-loretnicolas-j2-00124-600x400.jpg 600w\" sizes=\"auto, (max-width: 1024px) 100vw, 1024px\">\n          \n                  <\/figure>\n      <\/a>\n\n                \n      <a class=\"ee-gallery-item ee-gallery-item--image ee-gallery-item--single swiper-slide\" href=\"https:\/\/www.lemansclassic.com\/wp-content\/uploads\/2026\/02\/2025-lmc-loretnicolas-j2-00123.jpg\"  data-sub-html=\"<span><\/span>\" data-category=\"1\"                  data-lg-size=\"1024-683\"\n\n      >\n        <figure class=\"ee-gallery-item-figure\">\n                        <img loading=\"lazy\" decoding=\"async\" class=\"breakdance-image-object\" src=\"https:\/\/www.lemansclassic.com\/wp-content\/uploads\/2026\/02\/2025-lmc-loretnicolas-j2-00123.jpg\" width=\"1024\" height=\"683\" srcset=\"https:\/\/www.lemansclassic.com\/wp-content\/uploads\/2026\/02\/2025-lmc-loretnicolas-j2-00123.jpg 1024w, https:\/\/www.lemansclassic.com\/wp-content\/uploads\/2026\/02\/2025-lmc-loretnicolas-j2-00123-300x200.jpg 300w, https:\/\/www.lemansclassic.com\/wp-content\/uploads\/2026\/02\/2025-lmc-loretnicolas-j2-00123-150x100.jpg 150w, https:\/\/www.lemansclassic.com\/wp-content\/uploads\/2026\/02\/2025-lmc-loretnicolas-j2-00123-768x512.jpg 768w, https:\/\/www.lemansclassic.com\/wp-content\/uploads\/2026\/02\/2025-lmc-loretnicolas-j2-00123-18x12.jpg 18w, https:\/\/www.lemansclassic.com\/wp-content\/uploads\/2026\/02\/2025-lmc-loretnicolas-j2-00123-600x400.jpg 600w\" sizes=\"auto, (max-width: 1024px) 100vw, 1024px\">\n          \n                  <\/figure>\n      <\/a>\n\n                \n      <a class=\"ee-gallery-item ee-gallery-item--image ee-gallery-item--single swiper-slide\" href=\"https:\/\/www.lemansclassic.com\/wp-content\/uploads\/2026\/02\/2025-lmc-loretnicolas-j2-00128.jpg\"  data-sub-html=\"<span><\/span>\" data-category=\"1\"                  data-lg-size=\"1024-683\"\n\n      >\n        <figure class=\"ee-gallery-item-figure\">\n                        <img loading=\"lazy\" decoding=\"async\" class=\"breakdance-image-object\" src=\"https:\/\/www.lemansclassic.com\/wp-content\/uploads\/2026\/02\/2025-lmc-loretnicolas-j2-00128.jpg\" width=\"1024\" height=\"683\" srcset=\"https:\/\/www.lemansclassic.com\/wp-content\/uploads\/2026\/02\/2025-lmc-loretnicolas-j2-00128.jpg 1024w, https:\/\/www.lemansclassic.com\/wp-content\/uploads\/2026\/02\/2025-lmc-loretnicolas-j2-00128-300x200.jpg 300w, https:\/\/www.lemansclassic.com\/wp-content\/uploads\/2026\/02\/2025-lmc-loretnicolas-j2-00128-150x100.jpg 150w, https:\/\/www.lemansclassic.com\/wp-content\/uploads\/2026\/02\/2025-lmc-loretnicolas-j2-00128-768x512.jpg 768w, https:\/\/www.lemansclassic.com\/wp-content\/uploads\/2026\/02\/2025-lmc-loretnicolas-j2-00128-18x12.jpg 18w, https:\/\/www.lemansclassic.com\/wp-content\/uploads\/2026\/02\/2025-lmc-loretnicolas-j2-00128-600x400.jpg 600w\" sizes=\"auto, (max-width: 1024px) 100vw, 1024px\">\n          \n                  <\/figure>\n      <\/a>\n\n      \n  <\/div>\n\n    <\/div>\n        \n            <div class=\"swiper-pagination\"><\/div>\n    \n  <\/div>\n\n\n<\/div>\n<\/div><div class=\"bde-column-104-225 bde-column\">\n  \n  \n\t\n\n\n\n<img decoding=\"async\" class=\"bde-image2-104-272 bde-image2\" src=\"https:\/\/www.lemansclassic.com\/wp-content\/uploads\/2025\/01\/lbm-logo.png\" loading=\"lazy\" srcset=\"https:\/\/www.lemansclassic.com\/wp-content\/uploads\/2025\/01\/lbm-logo.png 500w, https:\/\/www.lemansclassic.com\/wp-content\/uploads\/2025\/01\/lbm-logo-300x127.png 300w, https:\/\/www.lemansclassic.com\/wp-content\/uploads\/2025\/01\/lbm-logo-150x63.png 150w, https:\/\/www.lemansclassic.com\/wp-content\/uploads\/2025\/01\/lbm-logo-18x8.png 18w\" sizes=\"(max-width: 500px) 100vw, 500px\"><div class=\"bde-div-104-226 bde-div\">\n  \n  \n\t\n\n\n\n<div class=\"bde-rich-text-104-273 bde-rich-text breakdance-rich-text-styles\">\n<p class=\"translation-block\">The Little Big Mans parade is an <strong>unmissable<\/strong> moment of Le Mans Classic, dedicated to young automobile enthusiasts. Designed to offer children <strong>a unique experience<\/strong> on the legendary Bugatti circuit, this parade features <strong>miniature replicas of legendary race cars<\/strong>.<\/p>\n<\/div>\n<\/div><div class=\"bde-button-104-292 bde-button\">\n    \n                        \n                        \n    \n    \n    \n    \n            \n                    \n            \n            \n\n    \n    \n    \n    \n    \n    <a class=\"breakdance-link button-atom button-atom--custom bde-button__button\" href=\"https:\/\/files.peterauto.fr\/Ekwgu3O3\" target=\"_blank\" data-type=\"url\"  >\n\n    \n        <span class=\"button-atom__text\">Entry list<\/span>\n\n                            \n        \n                <\/a>\n\n    \n\n\n<\/div><div class=\"bde-div-104-265 bde-div\">\n  \n  \n\t\n\n\n\n\n<\/div><div class=\"bde-div-104-121 bde-div\">\n  \n  \n\t\n\n\n\n<div class=\"bde-div-104-107 bde-div\">\n  \n  \n\t\n\n\n\n<div class=\"bde-text-104-108 bde-text\">\nAge\n<\/div><div class=\"bde-text-104-109 bde-text\">\n7 to 12 years old\n<\/div>\n<\/div><div class=\"bde-div-104-106 bde-div\">\n  \n  \n\t\n\n\n\n<div class=\"bde-text-104-104 bde-text\">\nApplication deadline\n<\/div><div class=\"bde-text-104-105 bde-text\">\nMid-March 2026\n<\/div>\n<\/div><div class=\"bde-div-104-110 bde-div\">\n  \n  \n\t\n\n\n\n<div class=\"bde-text-104-111 bde-text\">\nCar\n<\/div><div class=\"bde-text-104-112 bde-text\">\nMiniature thermal &amp; electric\n<\/div><div class=\"bde-text-104-267 bde-text\">\ninspired by a car that raced in the 24 Hours of Le Mans until 2015\n<\/div>\n<\/div>\n<\/div><div class=\"bde-fancy-divider-104-290 bde-fancy-divider\">\n\n\n<div class=\"bde-fancy-divider__wrapper\">\n  <div class=\"bde-fancy-divider__separator\">\n  \t  <\/div>\n<\/div>\n\n<\/div><div class=\"bde-div-104-279 bde-div\">\n  \n  \n\t\n\n\n\n<div class=\"bde-text-104-282 bde-text\">\nEntry\n<\/div><div class=\"bde-text-104-283 bde-text\">\n1 combination per participant<br>Lunches for the child(ren) for two days<br>2 accompanying person tickets<br>(general area + paddock + 1 car park)\n<\/div>\n<\/div><div class=\"bde-div-104-278 bde-div\">\n  \n  \n\t\n\n\n\n\n<\/div><div class=\"bde-div-104-257 bde-div\">\n  \n  \n\t\n\n\n\n<div class=\"bde-text-104-274 bde-text\">\nRegistration\n<\/div><div class=\"bde-text-104-258 bde-text\">\nAlready a Peter Auto member? No need to create a new application: simply log in to your member area to access the offers!\n<\/div><div class=\"bde-div-104-259 bde-div\">\n  \n  \n\t\n\n\n\n<div class=\"bde-button-104-184 bde-button\">\n    \n                        \n                        \n    \n    \n    \n    \n            \n                    \n            \n            \n\n    \n    \n    \n    \n    \n    <a class=\"breakdance-link button-atom button-atom--primary bde-button__button\" href=\"https:\/\/peterauto.my.site.com\/s\/login\/\" target=\"_blank\" data-type=\"url\"  >\n\n    \n        <span class=\"button-atom__text\">Member area<\/span>\n\n                            \n        \n                <\/a>\n\n    \n\n\n<\/div><div class=\"bde-button-104-183 bde-button\">\n    \n                        \n                        \n    \n    \n    \n    \n            \n                    \n            \n            \n\n    \n    \n    \n    \n    \n    <a class=\"breakdance-link button-atom button-atom--secondary bde-button__button\" href=\"\/en\/account-creation\/\" target=\"_self\" data-type=\"url\"  >\n\n    \n        <span class=\"button-atom__text\">Account creation<\/span>\n\n                            \n        \n                <\/a>\n\n    \n\n\n<\/div>\n<\/div>\n<\/div>\n<\/div><\/div><\/div>\n<\/section><section class=\"bde-section-104-229 bde-section\">\n  \n  \n\t\n\n\n\n<div class=\"section-container\"><div class=\"bde-columns-104-230 bde-columns\"><div class=\"bde-column-104-231 bde-column\">\n  \n  \n\t\n\n\n\n<h2 class=\"bde-heading-104-232 bde-heading\">\nA<br>qu'ils n'oublieront pas\n<\/h2><div class=\"bde-button-104-307 bde-button\">\n    \n                        \n                        \n    \n    \n    \n    \n            \n            <button type=\"button\" class=\"button-atom button-atom--custom bde-button__button\"  >\n    \n        <span class=\"button-atom__text\">Eligibility on request<\/span>\n\n                            \n        \n            <\/button>\n    \n\n\n<\/div><div class=\"bde-rich-text-104-275 bde-rich-text breakdance-rich-text-styles\">\n<p class=\"translation-block\">Amid the cheers of an enthusiastic crowd, these young drivers, aged 7 to 12, take part in a <strong>true adventure<\/strong>, combining preparation on the starting grid, on-track driving, and a celebration of the Le Mans spirit. More than just an event, Little Big Mans embodies an introduction to the culture of motorsport competition, passing on the history and magic of the 24 Hours to future generations. An experience that is both educational, festive, and unforgettable!<\/p>\n<\/div>\n<\/div><div class=\"bde-column-104-235 bde-column\">\n  \n  \n\t\n\n\n\n<div class=\"bde-advancedslider-104-236 bde-advancedslider\">\n<div class=\"breakdance-swiper-wrapper\" data-swiper-id=\"236\">\n  <div class=\"swiper\">\n    <div class=\"swiper-wrapper\">\n      <div class=\"bde-advancedslide-104-237 bde-advancedslide swiper-slide\"><div class=\"advanced-slider__slide\">\r\n  <div class=\"bde-div-104-239 bde-div\">\n  \n  \n\t\n\n\n\n<h3 class=\"bde-heading-104-240 bde-heading\">\nParade\n<\/h3><div class=\"bde-fancy-divider-104-241 bde-fancy-divider\">\n\n\n<div class=\"bde-fancy-divider__wrapper\">\n  <div class=\"bde-fancy-divider__separator\">\n  \t  <\/div>\n<\/div>\n\n<\/div><div class=\"bde-text-104-242 bde-text\">\nThe Little Big Mans parade offers young drivers a unique opportunity to race on the famous Bugatti circuit, to the applause of a captivated audience. An unforgettable moment celebrating the spirit of great racing!\n<\/div>\n<\/div>\r\n<\/div><\/div><div class=\"bde-advancedslide-104-243 bde-advancedslide swiper-slide\"><div class=\"advanced-slider__slide\">\r\n  <div class=\"bde-button-104-308 bde-button\">\n    \n                        \n                        \n    \n    \n    \n    \n            \n            <button type=\"button\" class=\"button-atom button-atom--custom bde-button__button\"  >\n    \n        <span class=\"button-atom__text\">From 7 to 12 yeas old<\/span>\n\n                            \n        \n            <\/button>\n    \n\n\n<\/div><div class=\"bde-div-104-245 bde-div\">\n  \n  \n\t\n\n\n\n<h3 class=\"bde-heading-104-246 bde-heading\">\nEntertainment\n<\/h3><div class=\"bde-fancy-divider-104-247 bde-fancy-divider\">\n\n\n<div class=\"bde-fancy-divider__wrapper\">\n  <div class=\"bde-fancy-divider__separator\">\n  \t  <\/div>\n<\/div>\n\n<\/div><div class=\"bde-text-104-248 bde-text\">\nYoung drivers will be able to enjoy fun and educational activities based around the world of cars, with workshops, interactive games and memorable encounters. A total immersion experience for young and old motor sport fans alike!\n<\/div>\n<\/div>\r\n<\/div><\/div><div class=\"bde-advancedslide-104-249 bde-advancedslide swiper-slide\"><div class=\"advanced-slider__slide\">\r\n  <div class=\"bde-button-104-309 bde-button\">\n    \n                        \n                        \n    \n    \n    \n    \n            \n            <button type=\"button\" class=\"button-atom button-atom--custom bde-button__button\"  >\n    \n        <span class=\"button-atom__text\">Weekend access included<\/span>\n\n                            \n        \n            <\/button>\n    \n\n\n<\/div><div class=\"bde-div-104-251 bde-div\">\n  \n  \n\t\n\n\n\n<h3 class=\"bde-heading-104-252 bde-heading\">\nPaddock\n<\/h3><div class=\"bde-fancy-divider-104-253 bde-fancy-divider\">\n\n\n<div class=\"bde-fancy-divider__wrapper\">\n  <div class=\"bde-fancy-divider__separator\">\n  \t  <\/div>\n<\/div>\n\n<\/div><div class=\"bde-text-104-254 bde-text\">\nThe Little Big Mans paddock immerses children in the authentic atmosphere of major competitions, with preparations for the start and lively exchanges between young drivers. It's an immersion into the heart of motoring magic!\n<\/div>\n<\/div>\r\n<\/div><\/div>\n    <\/div>\n  <\/div>\n\n      \n            <div class=\"swiper-pagination\"><\/div>\n    \n<\/div>\n\n<\/div>\n<\/div><\/div><\/div>\n<\/section>","protected":false},"excerpt":{"rendered":"<p>Comp\u00e9tition Little Big Mans La parade Little Big Mans est un moment incontournable du Mans Classic, d\u00e9di\u00e9 aux jeunes passionn\u00e9s d\u2019automobile. Con\u00e7ue pour offrir aux enfants une exp\u00e9rience unique sur le mythique circuit Bugatti, cette parade met en sc\u00e8ne des r\u00e9pliques miniatures de voitures de course l\u00e9gendaires. Liste des engag\u00e9s Age 7 \u00e0 12 ans [&hellip;]<\/p>\n","protected":false},"author":1,"featured_media":0,"parent":79,"menu_order":0,"comment_status":"closed","ping_status":"closed","template":"","meta":{"_breakdance_hide_in_design_set":false,"_breakdance_tags":"","footnotes":""},"class_list":["post-104","page","type-page","status-publish","hentry"],"_links":{"self":[{"href":"https:\/\/www.lemansclassic.com\/en\/wp-json\/wp\/v2\/pages\/104","targetHints":{"allow":["GET"]}}],"collection":[{"href":"https:\/\/www.lemansclassic.com\/en\/wp-json\/wp\/v2\/pages"}],"about":[{"href":"https:\/\/www.lemansclassic.com\/en\/wp-json\/wp\/v2\/types\/page"}],"author":[{"embeddable":true,"href":"https:\/\/www.lemansclassic.com\/en\/wp-json\/wp\/v2\/users\/1"}],"replies":[{"embeddable":true,"href":"https:\/\/www.lemansclassic.com\/en\/wp-json\/wp\/v2\/comments?post=104"}],"version-history":[{"count":5,"href":"https:\/\/www.lemansclassic.com\/en\/wp-json\/wp\/v2\/pages\/104\/revisions"}],"predecessor-version":[{"id":32402,"href":"https:\/\/www.lemansclassic.com\/en\/wp-json\/wp\/v2\/pages\/104\/revisions\/32402"}],"up":[{"embeddable":true,"href":"https:\/\/www.lemansclassic.com\/en\/wp-json\/wp\/v2\/pages\/79"}],"wp:attachment":[{"href":"https:\/\/www.lemansclassic.com\/en\/wp-json\/wp\/v2\/media?parent=104"}],"curies":[{"name":"wp","href":"https:\/\/api.w.org\/{rel}","templated":true}]}}