{"id":15372,"date":"2022-06-07T08:56:35","date_gmt":"2022-06-07T08:56:35","guid":{"rendered":"https:\/\/www.lemansclassic.com\/?page_id=15372"},"modified":"2026-04-14T17:08:16","modified_gmt":"2026-04-14T16:08:16","slug":"support-races","status":"publish","type":"page","link":"https:\/\/www.lemansclassic.com\/en\/competition\/courses-support\/","title":{"rendered":"Support races"},"content":{"rendered":"<section class=\"bde-section-15372-184 bde-section\">\n  \n  \n\t\n\n\n\n        <div class=\"section-shape-divider-wrapper section-shape-divider-wrapper--1\">\n          <span class=\"section-shape-divider\">\n                      <svg\n                xmlns=\"http:\/\/www.w3.org\/2000\/svg\"\n                viewbox=\"0 0 1440 320\"\n                preserveaspectratio=\"none\"\n            >\n              <path fill=\"currentColor\" fill-opacity=\"1\" d=\"M0,288L1440,0L1440,320L0,320Z\"><\/path>\n            <\/svg>\n                    <\/span>\n      <\/div>\n  <div class=\"section-container\"><div class=\"bde-div-15372-185 bde-div\">\n  \n  \n\t\n\n\n\n<h5 class=\"bde-heading-15372-186 bde-heading\">\nCompetition\n<\/h5><h2 class=\"bde-dual-heading-15372-187 bde-dual-heading\">\n\n\n            <span data-style=\"primary\" class=\"dual-heading--primary\">Support<\/span>\n\n            <span data-style=\"secondary\" class=\"dual-heading--secondary  js-annotate\">races<\/span>\n\n\n\n<\/h2>\n<\/div><\/div>\n<\/section><section class=\"bde-section-15372-188 bde-section\">\n  \n  \n\t\n\n\n\n<div class=\"section-container\"><div class=\"bde-columns-15372-189 bde-columns\"><div class=\"bde-column-15372-190 bde-column\">\n  \n  \n\t\n\n\n\n<div class=\"bde-div-15372-191 bde-div\">\n  \n  \n\t\n\n\n\n<img decoding=\"async\" class=\"bde-image2-15372-192 bde-image2\" src=\"https:\/\/www.lemansclassic.com\/wp-content\/uploads\/2026\/03\/carrera-lmc-2026.jpg\" loading=\"lazy\" srcset=\"https:\/\/www.lemansclassic.com\/wp-content\/uploads\/2026\/03\/carrera-lmc-2026.jpg 1200w, https:\/\/www.lemansclassic.com\/wp-content\/uploads\/2026\/03\/carrera-lmc-2026-300x200.jpg 300w, https:\/\/www.lemansclassic.com\/wp-content\/uploads\/2026\/03\/carrera-lmc-2026-1024x683.jpg 1024w, https:\/\/www.lemansclassic.com\/wp-content\/uploads\/2026\/03\/carrera-lmc-2026-150x100.jpg 150w, https:\/\/www.lemansclassic.com\/wp-content\/uploads\/2026\/03\/carrera-lmc-2026-768x512.jpg 768w, https:\/\/www.lemansclassic.com\/wp-content\/uploads\/2026\/03\/carrera-lmc-2026-18x12.jpg 18w, https:\/\/www.lemansclassic.com\/wp-content\/uploads\/2026\/03\/carrera-lmc-2026-600x400.jpg 600w\" sizes=\"(max-width: 1200px) 100vw, 1200px\"><img decoding=\"async\" class=\"bde-image2-15372-193 bde-image2\" src=\"https:\/\/www.lemansclassic.com\/wp-content\/uploads\/2026\/03\/carrera-lmc-2026.jpg\" loading=\"lazy\" srcset=\"https:\/\/www.lemansclassic.com\/wp-content\/uploads\/2026\/03\/carrera-lmc-2026.jpg 1200w, https:\/\/www.lemansclassic.com\/wp-content\/uploads\/2026\/03\/carrera-lmc-2026-300x200.jpg 300w, https:\/\/www.lemansclassic.com\/wp-content\/uploads\/2026\/03\/carrera-lmc-2026-1024x683.jpg 1024w, https:\/\/www.lemansclassic.com\/wp-content\/uploads\/2026\/03\/carrera-lmc-2026-150x100.jpg 150w, https:\/\/www.lemansclassic.com\/wp-content\/uploads\/2026\/03\/carrera-lmc-2026-768x512.jpg 768w, https:\/\/www.lemansclassic.com\/wp-content\/uploads\/2026\/03\/carrera-lmc-2026-18x12.jpg 18w, https:\/\/www.lemansclassic.com\/wp-content\/uploads\/2026\/03\/carrera-lmc-2026-600x400.jpg 600w\" sizes=\"(max-width: 1200px) 100vw, 1200px\" data-entrance=\"slideUp\">\n<\/div>\n<\/div><div class=\"bde-column-15372-195 bde-column\">\n  \n  \n\t\n\n\n\n<div class=\"bde-div-15372-196 bde-div\">\n  \n  \n\t\n\n\n\n<h2 class=\"bde-heading-15372-197 bde-heading\">\nPorsche Classic Cup\n<\/h2><h6 class=\"bde-heading-15372-198 bde-heading\">\nSpotlight on the<br>Porsche Cup series\n<\/h6>\n<\/div><div class=\"bde-div-15372-200 bde-div\">\n  \n  \n\t\n\n\n\n<div class=\"bde-fancy-divider-15372-201 bde-fancy-divider\">\n\n\n<div class=\"bde-fancy-divider__wrapper\">\n  <div class=\"bde-fancy-divider__separator\">\n  \t  <\/div>\n<\/div>\n\n<\/div><div class=\"bde-rich-text-15372-202 bde-rich-text breakdance-rich-text-styles\">\n<p>To celebrate Le Mans Classic Legend 2026, Porsche France and Peter Auto invite you to dive back into the history of the iconic Porsche Cup series. This competition will feature iconic models that have marked the history of the Porsche Cup, from the 944 Turbo Cup to the 996 GT3 Cup (996.2 generation), including the 964, 993 and 996 phase 1. These cars offer very similar levels of performance, guaranteeing a high-level sporting show.<\/p>\n<\/div><div class=\"bde-div-15372-271 bde-div\">\n  \n  \n\t\n\n\n\n<h6 class=\"bde-heading-15372-272 bde-heading\">\nOn the track\n<\/h6><div class=\"bde-div-15372-273 bde-div\">\n  \n  \n\t\n\n\n\n<div class=\"bde-text-15372-274 bde-text\">\nFree practice:\n<\/div><div class=\"bde-text-15372-275 bde-text\">\n45m\n<\/div>\n<\/div><div class=\"bde-div-15372-315 bde-div\">\n  \n  \n\t\n\n\n\n<div class=\"bde-text-15372-316 bde-text\">\nQualifications:\n<\/div><div class=\"bde-text-15372-317 bde-text\">\n45m\n<\/div>\n<\/div><div class=\"bde-div-15372-279 bde-div\">\n  \n  \n\t\n\n\n\n<div class=\"bde-text-15372-280 bde-text\">\nRace:\n<\/div><div class=\"bde-text-15372-281 bde-text\">\n45m\n<\/div>\n<\/div>\n<\/div><div class=\"bde-button-15372-313 bde-button\">\n    \n                        \n                        \n    \n    \n    \n    \n            \n                    \n            \n            \n\n    \n    \n    \n    \n    \n    <a class=\"breakdance-link button-atom button-atom--primary bde-button__button\" href=\"\/en\/competition\/support-races\/entries\/\" target=\"_self\" data-type=\"url\"  >\n\n    \n        <span class=\"button-atom__text\">Entry list<\/span>\n\n        \n        \n                <\/a>\n\n    \n\n\n<\/div>\n<\/div>\n<\/div><\/div><div class=\"bde-fancy-divider-15372-203 bde-fancy-divider\">\n\n\n<div class=\"bde-fancy-divider__wrapper\">\n  <div class=\"bde-fancy-divider__separator\">\n  \t  <\/div>\n<\/div>\n\n<\/div><div class=\"bde-columns-15372-204 bde-columns\"><div class=\"bde-column-15372-205 bde-column\">\n  \n  \n\t\n\n\n\n<div class=\"bde-div-15372-206 bde-div\">\n  \n  \n\t\n\n\n\n<h2 class=\"bde-heading-15372-207 bde-heading\">\nBerlinetta Challenge\n<\/h2><h6 class=\"bde-heading-15372-267 bde-heading\">\nV8 Berlinettas of 90's to 2000's\n<\/h6>\n<\/div><div class=\"bde-div-15372-209 bde-div\">\n  \n  \n\t\n\n\n\n<div class=\"bde-fancy-divider-15372-210 bde-fancy-divider\">\n\n\n<div class=\"bde-fancy-divider__wrapper\">\n  <div class=\"bde-fancy-divider__separator\">\n  \t  <\/div>\n<\/div>\n\n<\/div><div class=\"bde-rich-text-15372-268 bde-rich-text breakdance-rich-text-styles\">\n<p>A new grid will be introduced in 2026, dedicated to historic Ferrari Challenge. This line-up will feature the Ferrari 348, 355, 360 and 430, four generations of V8 berlinettas that marked the history of the Italian brand in the 1990s and 2000s. Prepared in strict accordance with their original configuration, these cars will revive the spirit of the early Ferrari Challenge, where performance depended above all on driving skill and mechanical engineering.<\/p>\n<\/div><div class=\"bde-div-15372-282 bde-div\">\n  \n  \n\t\n\n\n\n<h6 class=\"bde-heading-15372-283 bde-heading\">\nOn the track\n<\/h6><div class=\"bde-div-15372-318 bde-div\">\n  \n  \n\t\n\n\n\n<div class=\"bde-text-15372-319 bde-text\">\nQualifications:\n<\/div><div class=\"bde-text-15372-320 bde-text\">\n45m\n<\/div>\n<\/div><div class=\"bde-div-15372-284 bde-div\">\n  \n  \n\t\n\n\n\n<div class=\"bde-text-15372-285 bde-text\">\nNight free practice:\n<\/div><div class=\"bde-text-15372-286 bde-text\">\n45m\n<\/div>\n<\/div><div class=\"bde-div-15372-287 bde-div\">\n  \n  \n\t\n\n\n\n<div class=\"bde-text-15372-288 bde-text\">\nRace:\n<\/div><div class=\"bde-text-15372-289 bde-text\">\n45m\n<\/div>\n<\/div>\n<\/div><div class=\"bde-button-15372-312 bde-button\">\n    \n                        \n                        \n    \n    \n    \n    \n            \n                    \n            \n            \n\n    \n    \n    \n    \n    \n    <a class=\"breakdance-link button-atom button-atom--primary bde-button__button\" href=\"\/en\/competition\/support-races\/entries\/\" target=\"_self\" data-type=\"url\"  >\n\n    \n        <span class=\"button-atom__text\">Entry list<\/span>\n\n        \n        \n                <\/a>\n\n    \n\n\n<\/div>\n<\/div>\n<\/div><div class=\"bde-column-15372-212 bde-column\">\n  \n  \n\t\n\n\n\n<div class=\"bde-div-15372-213 bde-div\">\n  \n  \n\t\n\n\n\n<div class=\"bde-text-15372-307 bde-text\">\nDroits r\u00e9serv\u00e9s\n<\/div><img decoding=\"async\" class=\"bde-image2-15372-214 bde-image2\" src=\"https:\/\/www.lemansclassic.com\/wp-content\/uploads\/2026\/02\/lmc-ferrari-challenge1993zandvoort-fotojohnsinkgraven.jpg\" loading=\"lazy\" srcset=\"https:\/\/www.lemansclassic.com\/wp-content\/uploads\/2026\/02\/lmc-ferrari-challenge1993zandvoort-fotojohnsinkgraven.jpg 1189w, https:\/\/www.lemansclassic.com\/wp-content\/uploads\/2026\/02\/lmc-ferrari-challenge1993zandvoort-fotojohnsinkgraven-300x202.jpg 300w, https:\/\/www.lemansclassic.com\/wp-content\/uploads\/2026\/02\/lmc-ferrari-challenge1993zandvoort-fotojohnsinkgraven-1024x691.jpg 1024w, https:\/\/www.lemansclassic.com\/wp-content\/uploads\/2026\/02\/lmc-ferrari-challenge1993zandvoort-fotojohnsinkgraven-150x101.jpg 150w, https:\/\/www.lemansclassic.com\/wp-content\/uploads\/2026\/02\/lmc-ferrari-challenge1993zandvoort-fotojohnsinkgraven-768x518.jpg 768w, https:\/\/www.lemansclassic.com\/wp-content\/uploads\/2026\/02\/lmc-ferrari-challenge1993zandvoort-fotojohnsinkgraven-18x12.jpg 18w, https:\/\/www.lemansclassic.com\/wp-content\/uploads\/2026\/02\/lmc-ferrari-challenge1993zandvoort-fotojohnsinkgraven-600x405.jpg 600w\" sizes=\"(max-width: 1189px) 100vw, 1189px\" data-entrance=\"slideUp\"><img decoding=\"async\" class=\"bde-image2-15372-215 bde-image2\" src=\"https:\/\/www.lemansclassic.com\/wp-content\/uploads\/2026\/02\/lmc-ferrari-challenge1993zandvoort-fotojohnsinkgraven.jpg\" loading=\"lazy\" srcset=\"https:\/\/www.lemansclassic.com\/wp-content\/uploads\/2026\/02\/lmc-ferrari-challenge1993zandvoort-fotojohnsinkgraven.jpg 1189w, https:\/\/www.lemansclassic.com\/wp-content\/uploads\/2026\/02\/lmc-ferrari-challenge1993zandvoort-fotojohnsinkgraven-300x202.jpg 300w, https:\/\/www.lemansclassic.com\/wp-content\/uploads\/2026\/02\/lmc-ferrari-challenge1993zandvoort-fotojohnsinkgraven-1024x691.jpg 1024w, https:\/\/www.lemansclassic.com\/wp-content\/uploads\/2026\/02\/lmc-ferrari-challenge1993zandvoort-fotojohnsinkgraven-150x101.jpg 150w, https:\/\/www.lemansclassic.com\/wp-content\/uploads\/2026\/02\/lmc-ferrari-challenge1993zandvoort-fotojohnsinkgraven-768x518.jpg 768w, https:\/\/www.lemansclassic.com\/wp-content\/uploads\/2026\/02\/lmc-ferrari-challenge1993zandvoort-fotojohnsinkgraven-18x12.jpg 18w, https:\/\/www.lemansclassic.com\/wp-content\/uploads\/2026\/02\/lmc-ferrari-challenge1993zandvoort-fotojohnsinkgraven-600x405.jpg 600w\" sizes=\"(max-width: 1189px) 100vw, 1189px\">\n<\/div>\n<\/div><\/div><div class=\"bde-fancy-divider-15372-217 bde-fancy-divider\">\n\n\n<div class=\"bde-fancy-divider__wrapper\">\n  <div class=\"bde-fancy-divider__separator\">\n  \t  <\/div>\n<\/div>\n\n<\/div><div class=\"bde-columns-15372-218 bde-columns\"><div class=\"bde-column-15372-219 bde-column\">\n  \n  \n\t\n\n\n\n<div class=\"bde-div-15372-264 bde-div\">\n  \n  \n\t\n\n\n\n<div class=\"bde-text-15372-308 bde-text\">\nCr\u00e9dit VIMAGE - Eric Fabre\n<\/div><img decoding=\"async\" class=\"bde-image2-15372-265 bde-image2\" src=\"https:\/\/gt3revival.peterauto.fr\/wp-content\/uploads\/sites\/3\/2025\/08\/gt3revival-image13.jpeg\" loading=\"lazy\"><img decoding=\"async\" class=\"bde-image2-15372-266 bde-image2\" src=\"https:\/\/gt3revival.peterauto.fr\/wp-content\/uploads\/sites\/3\/2025\/08\/gt3revival-image13.jpeg\" loading=\"lazy\" data-entrance=\"slideUp\">\n<\/div>\n<\/div><div class=\"bde-column-15372-224 bde-column\">\n  \n  \n\t\n\n\n\n<div class=\"bde-div-15372-225 bde-div\">\n  \n  \n\t\n\n\n\n<h2 class=\"bde-heading-15372-226 bde-heading\">\nGT3 Revival\n<\/h2><h6 class=\"bde-heading-15372-269 bde-heading\">\nGT3 from 2006 to 2013\n<\/h6>\n<\/div><div class=\"bde-div-15372-228 bde-div\">\n  \n  \n\t\n\n\n\n<div class=\"bde-fancy-divider-15372-229 bde-fancy-divider\">\n\n\n<div class=\"bde-fancy-divider__wrapper\">\n  <div class=\"bde-fancy-divider__separator\">\n  \t  <\/div>\n<\/div>\n\n<\/div><div class=\"bde-rich-text-15372-262 bde-rich-text breakdance-rich-text-styles\">\n<p>This series celebrates the first decade of the GT3 category: the GT3 Revival Series, launched with the support of SRO Motorsport Group. The series is open to GT3 cars produced between 2006 and 2013, covering the first and second generations of these now-iconic models. Also featured in select rounds of the GT World Challenge and at Spa Classic, this series enjoys enhanced international visibility.<\/p>\n<\/div><div class=\"bde-div-15372-290 bde-div\">\n  \n  \n\t\n\n\n\n<h6 class=\"bde-heading-15372-291 bde-heading\">\nOn the track\n<\/h6><div class=\"bde-div-15372-292 bde-div\">\n  \n  \n\t\n\n\n\n<div class=\"bde-text-15372-293 bde-text\">\nQualifications:\n<\/div><div class=\"bde-text-15372-294 bde-text\">\n2x35m\n<\/div>\n<\/div><div class=\"bde-div-15372-295 bde-div\">\n  \n  \n\t\n\n\n\n<div class=\"bde-text-15372-296 bde-text\">\nRaces:\n<\/div><div class=\"bde-text-15372-297 bde-text\">\n2x50m\n<\/div>\n<\/div>\n<\/div>\n<\/div><div class=\"bde-button-15372-311 bde-button\">\n    \n                        \n                        \n    \n    \n    \n    \n            \n                    \n            \n            \n\n    \n    \n    \n    \n    \n    <a class=\"breakdance-link button-atom button-atom--primary bde-button__button\" href=\"\/en\/competition\/support-races\/entries\/\" target=\"_self\" data-type=\"url\"  >\n\n    \n        <span class=\"button-atom__text\">Entry list<\/span>\n\n        \n        \n                <\/a>\n\n    \n\n\n<\/div>\n<\/div><\/div><div class=\"bde-fancy-divider-15372-231 bde-fancy-divider\">\n\n\n<div class=\"bde-fancy-divider__wrapper\">\n  <div class=\"bde-fancy-divider__separator\">\n  \t  <\/div>\n<\/div>\n\n<\/div><div class=\"bde-columns-15372-232 bde-columns\"><div class=\"bde-column-15372-233 bde-column\">\n  \n  \n\t\n\n\n\n<div class=\"bde-div-15372-234 bde-div\">\n  \n  \n\t\n\n\n\n<h2 class=\"bde-heading-15372-235 bde-heading\">\nHSR NASCAR<br>Classic by Goodyear\n<\/h2>\n<\/div><div class=\"bde-div-15372-238 bde-div\">\n  \n  \n\t\n\n\n\n<div class=\"bde-fancy-divider-15372-239 bde-fancy-divider\">\n\n\n<div class=\"bde-fancy-divider__wrapper\">\n  <div class=\"bde-fancy-divider__separator\">\n  \t  <\/div>\n<\/div>\n\n<\/div><div class=\"bde-rich-text-15372-263 bde-rich-text breakdance-rich-text-styles\">\n<p>En vedette am\u00e9ricaine cette ann\u00e9e au Mans Classic Legend et pour la premi\u00e8re fois en Europe, le plateau HSR NASCAR Classic by Goodyear. Ce plateau est pr\u00e9sent\u00e9 par Historic Sportscar Racing (HSR), r\u00e9f\u00e9rence des comp\u00e9titions historiques nord-am\u00e9ricaines sous l\u2019\u00e9gide de l\u2019IMSA.<\/p><p>This exceptional participation comes in a symbolic year, marking 50 years since NASCAR first appeared at Le Mans in 1976. It also continues the dialogue initiated during the centenary of the 24 Hours of Le Mans in 2023 between American and European motorsport cultures.\n\nThe historic stock cars taking part will put on an exceptional show, with their iconic silhouettes and the characteristic sound of their V8 engines.<\/p>\n<\/div><div class=\"bde-div-15372-298 bde-div\">\n  \n  \n\t\n\n\n\n<h6 class=\"bde-heading-15372-299 bde-heading\">\nOn the track\n<\/h6><div class=\"bde-div-15372-300 bde-div\">\n  \n  \n\t\n\n\n\n<div class=\"bde-text-15372-301 bde-text\">\nQualifications:\n<\/div><div class=\"bde-text-15372-302 bde-text\">\n2x35m\n<\/div>\n<\/div><div class=\"bde-div-15372-303 bde-div\">\n  \n  \n\t\n\n\n\n<div class=\"bde-text-15372-304 bde-text\">\nRaces:\n<\/div><div class=\"bde-text-15372-305 bde-text\">\n3x35m\n<\/div>\n<\/div>\n<\/div>\n<\/div><div class=\"bde-button-15372-314 bde-button\">\n    \n                        \n                        \n    \n    \n    \n    \n            \n                    \n            \n            \n\n    \n    \n    \n    \n    \n    <a class=\"breakdance-link button-atom button-atom--primary bde-button__button\" href=\"\/en\/competition\/support-races\/entries\/\" target=\"_self\" data-type=\"url\"  >\n\n    \n        <span class=\"button-atom__text\">Entry list<\/span>\n\n        \n        \n                <\/a>\n\n    \n\n\n<\/div>\n<\/div><div class=\"bde-column-15372-241 bde-column\">\n  \n  \n\t\n\n\n\n<div class=\"bde-div-15372-242 bde-div\">\n  \n  \n\t\n\n\n\n<div class=\"bde-text-15372-309 bde-text\">\nCr\u00e9dit HSR - Jessica Johnk\n<\/div><img decoding=\"async\" class=\"bde-image2-15372-243 bde-image2\" src=\"https:\/\/www.lemansclassic.com\/wp-content\/uploads\/2026\/01\/nascar-camry-lmc.jpg\" loading=\"lazy\" srcset=\"https:\/\/www.lemansclassic.com\/wp-content\/uploads\/2026\/01\/nascar-camry-lmc.jpg 1500w, https:\/\/www.lemansclassic.com\/wp-content\/uploads\/2026\/01\/nascar-camry-lmc-300x200.jpg 300w, https:\/\/www.lemansclassic.com\/wp-content\/uploads\/2026\/01\/nascar-camry-lmc-1024x683.jpg 1024w, https:\/\/www.lemansclassic.com\/wp-content\/uploads\/2026\/01\/nascar-camry-lmc-150x100.jpg 150w, https:\/\/www.lemansclassic.com\/wp-content\/uploads\/2026\/01\/nascar-camry-lmc-768x512.jpg 768w, https:\/\/www.lemansclassic.com\/wp-content\/uploads\/2026\/01\/nascar-camry-lmc-18x12.jpg 18w, https:\/\/www.lemansclassic.com\/wp-content\/uploads\/2026\/01\/nascar-camry-lmc-600x400.jpg 600w\" sizes=\"(max-width: 1500px) 100vw, 1500px\"><img decoding=\"async\" class=\"bde-image2-15372-244 bde-image2\" src=\"https:\/\/www.lemansclassic.com\/wp-content\/uploads\/2026\/01\/nascar-camry-lmc.jpg\" loading=\"lazy\" srcset=\"https:\/\/www.lemansclassic.com\/wp-content\/uploads\/2026\/01\/nascar-camry-lmc.jpg 1500w, https:\/\/www.lemansclassic.com\/wp-content\/uploads\/2026\/01\/nascar-camry-lmc-300x200.jpg 300w, https:\/\/www.lemansclassic.com\/wp-content\/uploads\/2026\/01\/nascar-camry-lmc-1024x683.jpg 1024w, https:\/\/www.lemansclassic.com\/wp-content\/uploads\/2026\/01\/nascar-camry-lmc-150x100.jpg 150w, https:\/\/www.lemansclassic.com\/wp-content\/uploads\/2026\/01\/nascar-camry-lmc-768x512.jpg 768w, https:\/\/www.lemansclassic.com\/wp-content\/uploads\/2026\/01\/nascar-camry-lmc-18x12.jpg 18w, https:\/\/www.lemansclassic.com\/wp-content\/uploads\/2026\/01\/nascar-camry-lmc-600x400.jpg 600w\" sizes=\"(max-width: 1500px) 100vw, 1500px\" data-entrance=\"slideUp\">\n<\/div>\n<\/div><\/div><\/div>\n<\/section>","protected":false},"excerpt":{"rendered":"<p>Comp\u00e9tition Courses de support Porsche Classic Cup Mise en lumi\u00e8re dela s\u00e9rie Porsche Cup Porsche France et Peter Auto c\u00e9l\u00e8brent une s\u00e9rie embl\u00e9matique : la Porsche Cup. Cette comp\u00e9tition mettra en sc\u00e8ne des mod\u00e8les iconiques ayant marqu\u00e9 l\u2019histoire de la Porsche Cup, de la 944 Turbo Cup \u00e0 la 996 GT3 Cup (g\u00e9n\u00e9ration 996.2), en [&hellip;]<\/p>\n","protected":false},"author":1,"featured_media":0,"parent":79,"menu_order":0,"comment_status":"closed","ping_status":"closed","template":"","meta":{"_breakdance_hide_in_design_set":false,"_breakdance_tags":"","footnotes":""},"class_list":["post-15372","page","type-page","status-publish","hentry"],"_links":{"self":[{"href":"https:\/\/www.lemansclassic.com\/en\/wp-json\/wp\/v2\/pages\/15372","targetHints":{"allow":["GET"]}}],"collection":[{"href":"https:\/\/www.lemansclassic.com\/en\/wp-json\/wp\/v2\/pages"}],"about":[{"href":"https:\/\/www.lemansclassic.com\/en\/wp-json\/wp\/v2\/types\/page"}],"author":[{"embeddable":true,"href":"https:\/\/www.lemansclassic.com\/en\/wp-json\/wp\/v2\/users\/1"}],"replies":[{"embeddable":true,"href":"https:\/\/www.lemansclassic.com\/en\/wp-json\/wp\/v2\/comments?post=15372"}],"version-history":[{"count":5,"href":"https:\/\/www.lemansclassic.com\/en\/wp-json\/wp\/v2\/pages\/15372\/revisions"}],"predecessor-version":[{"id":32769,"href":"https:\/\/www.lemansclassic.com\/en\/wp-json\/wp\/v2\/pages\/15372\/revisions\/32769"}],"up":[{"embeddable":true,"href":"https:\/\/www.lemansclassic.com\/en\/wp-json\/wp\/v2\/pages\/79"}],"wp:attachment":[{"href":"https:\/\/www.lemansclassic.com\/en\/wp-json\/wp\/v2\/media?parent=15372"}],"curies":[{"name":"wp","href":"https:\/\/api.w.org\/{rel}","templated":true}]}}