{"id":21515,"date":"2024-07-31T14:06:24","date_gmt":"2024-07-31T13:06:24","guid":{"rendered":"https:\/\/www.lemansclassic.com\/?page_id=21515"},"modified":"2025-12-02T12:04:44","modified_gmt":"2025-12-02T11:04:44","slug":"account-creation","status":"publish","type":"page","link":"https:\/\/www.lemansclassic.com\/en\/creation-compte\/","title":{"rendered":"Account creation"},"content":{"rendered":"<section class=\"bde-section-21515-165 bde-section\">\n  \n  \n\t\n\n\n\n        <div class=\"section-shape-divider-wrapper section-shape-divider-wrapper--1\">\n          <span class=\"section-shape-divider\">\n                      <svg\n                xmlns=\"http:\/\/www.w3.org\/2000\/svg\"\n                viewbox=\"0 0 1440 320\"\n                preserveaspectratio=\"none\"\n            >\n              <path fill=\"currentColor\" fill-opacity=\"1\" d=\"M0,288L1440,0L1440,320L0,320Z\"><\/path>\n            <\/svg>\n                    <\/span>\n      <\/div>\n  <div class=\"section-container\"><div class=\"bde-div-21515-166 bde-div\">\n  \n  \n\t\n\n\n\n<div class=\"bde-shortcode-21515-167 bde-shortcode\"><div class=\"bde-code-block-24315-100-24315-1 bde-code-block bde-code-block-24315-100\">\n\n  \n\n\n<\/div><\/div><h2 class=\"bde-dual-heading-21515-168 bde-dual-heading\">\n\n\n            <span data-style=\"secondary\" class=\"dual-heading--secondary  js-annotate\">Account<\/span>\n\n            <span data-style=\"primary\" class=\"dual-heading--primary\">creation<\/span>\n\n\n\n<\/h2>\n<\/div><\/div>\n<\/section><section class=\"bde-section-21515-111 bde-section\">\n  \n  \n\t\n\n\n\n<div class=\"section-container\"><div class=\"bde-notification-bar-21515-164 bde-notification-bar\">\n<div class=\"notification-bar-type-info notification-bar-style-style1\">\n\n            <div class=\"ee-alertbox-icon\"><svg xmlns=\"http:\/\/www.w3.org\/2000\/svg\" viewbox=\"0 0 512 512\"><!-- Font Awesome Free 5.15.1 by @fontawesome - https:\/\/fontawesome.com License - https:\/\/fontawesome.com\/license\/free (Icons: CC BY 4.0, Fonts: SIL OFL 1.1, Code: MIT License) --><path d=\"M256 8C119.043 8 8 119.083 8 256c0 136.997 111.043 248 248 248s248-111.003 248-248C504 119.083 392.957 8 256 8zm0 110c23.196 0 42 18.804 42 42s-18.804 42-42 42-42-18.804-42-42 18.804-42 42-42zm56 254c0 6.627-5.373 12-12 12h-88c-6.627 0-12-5.373-12-12v-24c0-6.627 5.373-12 12-12h12v-64h-12c-6.627 0-12-5.373-12-12v-24c0-6.627 5.373-12 12-12h64c6.627 0 12 5.373 12 12v100h12c6.627 0 12 5.373 12 12v24z\"\/><\/svg><\/div>\n    \n    <div class=\"ee-alertbox-content\">\n                      \t\t<div class=\"ee-alertbox-desc\" >\n            \tThis account creation form is reserved for individuals who do not have a Peter Auto member account. If you already have an account, please log in.\n      \t\t<\/div>\n                            <div class=\"ee-alertbox-link\">\n                      \n            \n            \n\n    \n    \n    \n    \n    \n    <a class=\"breakdance-link\" href=\"https:\/\/peterauto.my.site.com\/s\/login\/\" target=\"_self\" data-type=\"url\"  >\n\n                Authentication portal\n                  <\/a>\n\n      \t\t<\/div>\n            <\/div>\n\n            <button type=\"button\" class=\"ee-alertbox-close\">\n        <span aria-hidden=\"true\">\u00d7<\/span>\n        <\/button>\n    \n<\/div>\n<\/div><\/div>\n<\/section>","protected":false},"excerpt":{"rendered":"<p>Cr\u00e9ation de compte Ce formulaire de cr\u00e9ation de compte est r\u00e9serv\u00e9 aux personnes ne disposant pas d\u2019un espace membre Peter Auto. Si vous disposez d\u00e9j\u00e0 d\u2019un compte, merci de vous connecter. Portail d&rsquo;authentification \u00d7<\/p>","protected":false},"author":1,"featured_media":0,"parent":0,"menu_order":0,"comment_status":"closed","ping_status":"closed","template":"","meta":{"_breakdance_hide_in_design_set":false,"_breakdance_tags":"","footnotes":""},"class_list":["post-21515","page","type-page","status-publish","hentry"],"_links":{"self":[{"href":"https:\/\/www.lemansclassic.com\/en\/wp-json\/wp\/v2\/pages\/21515","targetHints":{"allow":["GET"]}}],"collection":[{"href":"https:\/\/www.lemansclassic.com\/en\/wp-json\/wp\/v2\/pages"}],"about":[{"href":"https:\/\/www.lemansclassic.com\/en\/wp-json\/wp\/v2\/types\/page"}],"author":[{"embeddable":true,"href":"https:\/\/www.lemansclassic.com\/en\/wp-json\/wp\/v2\/users\/1"}],"replies":[{"embeddable":true,"href":"https:\/\/www.lemansclassic.com\/en\/wp-json\/wp\/v2\/comments?post=21515"}],"version-history":[{"count":5,"href":"https:\/\/www.lemansclassic.com\/en\/wp-json\/wp\/v2\/pages\/21515\/revisions"}],"predecessor-version":[{"id":31478,"href":"https:\/\/www.lemansclassic.com\/en\/wp-json\/wp\/v2\/pages\/21515\/revisions\/31478"}],"wp:attachment":[{"href":"https:\/\/www.lemansclassic.com\/en\/wp-json\/wp\/v2\/media?parent=21515"}],"curies":[{"name":"wp","href":"https:\/\/api.w.org\/{rel}","templated":true}]}}