{"id":21541,"date":"2024-07-31T14:45:39","date_gmt":"2024-07-31T13:45:39","guid":{"rendered":"https:\/\/www.lemansclassic.com\/?page_id=21541"},"modified":"2026-02-17T15:22:38","modified_gmt":"2026-02-17T14:22:38","slug":"legal-notices","status":"publish","type":"page","link":"https:\/\/www.lemansclassic.com\/en\/mentions-legales\/","title":{"rendered":"Legal information"},"content":{"rendered":"<section class=\"bde-section-21541-116 bde-section\">\n  \n  \n\t\n\n\n\n        <div class=\"section-shape-divider-wrapper section-shape-divider-wrapper--1\">\n          <span class=\"section-shape-divider\">\n                      <svg\n                xmlns=\"http:\/\/www.w3.org\/2000\/svg\"\n                viewbox=\"0 0 1440 320\"\n                preserveaspectratio=\"none\"\n            >\n              <path fill=\"currentColor\" fill-opacity=\"1\" d=\"M0,288L1440,0L1440,320L0,320Z\"><\/path>\n            <\/svg>\n                    <\/span>\n      <\/div>\n  <div class=\"section-container\"><div class=\"bde-div-21541-117 bde-div\">\n  \n  \n\t\n\n\n\n<h2 class=\"bde-dual-heading-21541-118 bde-dual-heading\">\n\n\n            <span data-style=\"primary\" class=\"dual-heading--primary\">Mentions<\/span>\n\n            <span data-style=\"secondary\" class=\"dual-heading--secondary  js-annotate\">l\u00e9gales<\/span>\n\n\n\n<\/h2>\n<\/div><\/div>\n<\/section><section class=\"bde-section-21541-100 bde-section\">\n  \n  \n\t\n\n\n\n<div class=\"section-container\"><div class=\"bde-text-21541-103 bde-text\">\nIn accordance with the provisions of French law no. 2004-575 of 21 June 2004 on confidence in the digital economy, users of the Le Mans Classic website are informed of the identity of the various parties involved in its creation and monitoring.\n<\/div><h4 class=\"bde-heading-21541-105 bde-heading\">\nSite editing\n<\/h4><div class=\"bde-text-21541-110 bde-text\">\nThis site, accessible at URL www.lemansclassic.com (the \"Site\"), is published by :<br>SAVH , soci\u00e9t\u00e9 au capital de 40000 euros, inscrite au R.C.S. de PARIS sous le num\u00e9ro 439 162 892 R.C.S. Paris, dont le si\u00e8ge social est situ\u00e9 au 103 rue Lamarck 75018 Paris, repr\u00e9sent\u00e9(e) par Marc Ouayoun d\u00fbment habilit\u00e9(e)<br>The publisher's individual VAT number is: FR59439162892.\n<\/div><h4 class=\"bde-heading-21541-106 bde-heading\">\nAccommodation\n<\/h4><div class=\"bde-text-21541-112 bde-text\">\nThe Site is hosted by Kinsta Inc, located at 8605 Santa Monica Blvd #92581 West Hollywood, CA 90069 - United States, (telephone contact or email: +18886102915).\n<\/div><h4 class=\"bde-heading-21541-107 bde-heading\">\nDirector of publication\n<\/h4><div class=\"bde-text-21541-113 bde-text\">\nLe Directeur de la publication du Site est Marc Ouayoun.\n<\/div><h4 class=\"bde-heading-21541-108 bde-heading\">\nContact us\n<\/h4><div class=\"bde-text-21541-114 bde-text\">\nBy telephone: +33142597340<br>By email: info@lemansclassic.com<br>By post: 103 rue Lamarck 75018 Paris\n<\/div><h4 class=\"bde-heading-21541-109 bde-heading\">\nPersonal data\n<\/h4><div class=\"bde-rich-text-21541-115 bde-rich-text breakdance-rich-text-styles\">\n<p>The processing of your personal data is governed by our Privacy Policy, which is available in the section <a href=\"\/en\/privacy-policy\/\">\"Privacy policy<\/a>, in accordance with the General Data Protection Regulation 2016\/679 of 27 April 2016 (\"GDPR\").<\/p>\n<\/div><\/div>\n<\/section>","protected":false},"excerpt":{"rendered":"<p>Mentions l\u00e9gales Conform\u00e9ment aux dispositions de la loi n\u00b0 2004-575 du 21 juin 2004 pour la confiance en l&rsquo;\u00e9conomie num\u00e9rique, il est pr\u00e9cis\u00e9 aux utilisateurs du site Le Mans Classic l&rsquo;identit\u00e9 des diff\u00e9rents intervenants dans le cadre de sa r\u00e9alisation et de son suivi Edition du site Le pr\u00e9sent site, accessible \u00e0 l\u2019URL www.lemansclassic.com (le [&hellip;]<\/p>\n","protected":false},"author":1,"featured_media":0,"parent":0,"menu_order":0,"comment_status":"closed","ping_status":"closed","template":"","meta":{"_breakdance_hide_in_design_set":false,"_breakdance_tags":"","footnotes":""},"class_list":["post-21541","page","type-page","status-publish","hentry"],"_links":{"self":[{"href":"https:\/\/www.lemansclassic.com\/en\/wp-json\/wp\/v2\/pages\/21541","targetHints":{"allow":["GET"]}}],"collection":[{"href":"https:\/\/www.lemansclassic.com\/en\/wp-json\/wp\/v2\/pages"}],"about":[{"href":"https:\/\/www.lemansclassic.com\/en\/wp-json\/wp\/v2\/types\/page"}],"author":[{"embeddable":true,"href":"https:\/\/www.lemansclassic.com\/en\/wp-json\/wp\/v2\/users\/1"}],"replies":[{"embeddable":true,"href":"https:\/\/www.lemansclassic.com\/en\/wp-json\/wp\/v2\/comments?post=21541"}],"version-history":[{"count":4,"href":"https:\/\/www.lemansclassic.com\/en\/wp-json\/wp\/v2\/pages\/21541\/revisions"}],"predecessor-version":[{"id":32330,"href":"https:\/\/www.lemansclassic.com\/en\/wp-json\/wp\/v2\/pages\/21541\/revisions\/32330"}],"wp:attachment":[{"href":"https:\/\/www.lemansclassic.com\/en\/wp-json\/wp\/v2\/media?parent=21541"}],"curies":[{"name":"wp","href":"https:\/\/api.w.org\/{rel}","templated":true}]}}