{"id":233,"date":"2022-05-31T15:20:41","date_gmt":"2022-05-31T15:20:41","guid":{"rendered":"https:\/\/www.lemansclassic.com\/?page_id=233"},"modified":"2025-11-26T22:46:12","modified_gmt":"2025-11-26T21:46:12","slug":"access-maps","status":"publish","type":"page","link":"https:\/\/www.lemansclassic.com\/en\/informations\/plans-acces\/","title":{"rendered":"Maps &amp; access"},"content":{"rendered":"<section class=\"bde-section-233-179 bde-section\">\n              \n  \n  \n\t    \n      <div class=\"section-background-video\">\n              <video\n          autoplay\n muted\n playsinline\n loop\n poster=\"https:\/\/staging-lemansclassic.kinsta.cloud\/wp-content\/uploads\/2024\/09\/20230702-lmc23_whamdi.b-256_lmcclubs.jpg\"\n                >\n        <source src=\"https:\/\/staging-lemansclassic.kinsta.cloud\/wp-content\/uploads\/2024\/11\/clubs-lmc-v1-web-1080-handbrake.mp4\" type=\"video\/mp4\" \/>\n      <\/video>\n      <\/div>\n\n\n  <div class=\"section-background-overlay\"><\/div>\n\n\n        <div class=\"section-shape-divider-wrapper section-shape-divider-wrapper--1\">\n          <span class=\"section-shape-divider\">\n                      <svg\n                xmlns=\"http:\/\/www.w3.org\/2000\/svg\"\n                viewbox=\"0 0 1440 320\"\n                preserveaspectratio=\"none\"\n            >\n              <path fill=\"currentColor\" fill-opacity=\"1\" d=\"M0,128L120,117.3C240,107,480,85,720,112C960,139,1200,213,1320,250.7L1440,288L1440,320L1320,320C1200,320,960,320,720,320C480,320,240,320,120,320L0,320Z\"><\/path>\n            <\/svg>\n                    <\/span>\n      <\/div>\n  <div class=\"section-container\"><h4 class=\"bde-heading-233-180 bde-heading\">\nInformation\n<\/h4><h1 class=\"bde-heading-233-181 bde-heading\">Maps &amp; access<\/h1><\/div>\n<\/section><section class=\"bde-section-233-129 bde-section\">\n  \n  \n\t\n\n\n\n<div class=\"section-container\"><div class=\"bde-rich-text-233-130 bde-rich-text breakdance-rich-text-styles\">\n<p>Le Mans Classic is almost like a small town, and you need to know your way around! To help you do just that, we have included four maps in this section to help you find your way around:<\/p><ul><li class=\"translation-block\"><strong>The general map<\/strong> is a bit dense but shows you practically all the points of interest. You will find several large-format maps inside the circuit.<\/li><li class=\"translation-block\"><strong>The club layout plan<\/strong> so you can head straight to your favourite manufacturer's stand in the brand club enclosure, or to the Collection Area to wander among the puzzle formed by all the cars from all the brands. Or do the opposite!<\/li><li class=\"translation-block\"><strong>The seating plan <\/strong>if you have been able to reserve seats...<\/li><\/ul>\n<\/div><div class=\"bde-div-233-177 bde-div\">\n  \n  \n\t\n\n\n\n<h5 class=\"bde-heading-233-178 bde-heading\">\nComing soon\n<\/h5><div class=\"bde-div-233-171 bde-div\">\n  \n  \n\t\n\n\n\n<div class=\"bde-button-233-172 bde-button\">\n    \n                        \n                        \n    \n    \n    \n    \n            \n                    \n            \n            \n\n    \n    \n    \n    \n    \n    <a class=\"breakdance-link button-atom button-atom--secondary bde-button__button\" href=\"#\" target=\"_self\" data-type=\"url\"  >\n\n    \n        <span class=\"button-atom__text\">General map<\/span>\n\n        \n        \n                <\/a>\n\n    \n\n\n<\/div><div class=\"bde-button-233-173 bde-button\">\n    \n                        \n                        \n    \n    \n    \n    \n            \n                    \n            \n            \n\n    \n    \n    \n    \n    \n    <a class=\"breakdance-link button-atom button-atom--secondary bde-button__button\" href=\"#\" target=\"_self\" data-type=\"url\"  >\n\n    \n        <span class=\"button-atom__text\">Reduced mobility map<\/span>\n\n        \n        \n                <\/a>\n\n    \n\n\n<\/div>\n<\/div><div class=\"bde-div-233-174 bde-div\">\n  \n  \n\t\n\n\n\n<div class=\"bde-button-233-175 bde-button\">\n    \n                        \n                        \n    \n    \n    \n    \n            \n                    \n            \n            \n\n    \n    \n    \n    \n    \n    <a class=\"breakdance-link button-atom button-atom--secondary bde-button__button\" href=\"#\" target=\"_self\" data-type=\"url\"  >\n\n    \n        <span class=\"button-atom__text\">Club locations<\/span>\n\n        \n        \n                <\/a>\n\n    \n\n\n<\/div><div class=\"bde-button-233-176 bde-button\">\n    \n                        \n                        \n    \n    \n    \n    \n            \n                    \n            \n            \n\n    \n    \n    \n    \n    \n    <a class=\"breakdance-link button-atom button-atom--secondary bde-button__button\" href=\"#\" target=\"_self\" data-type=\"url\"  >\n\n    \n        <span class=\"button-atom__text\">Exhibitors map<\/span>\n\n        \n        \n                <\/a>\n\n    \n\n\n<\/div>\n<\/div>\n<\/div><\/div>\n<\/section><section class=\"bde-section-233-135 bde-section\">\n  \n  \n\t\n\n\n\n<div class=\"section-container\"><h1 class=\"bde-heading-233-136 bde-heading\">\nAccess\n<\/h1><div class=\"bde-rich-text-233-137 bde-rich-text breakdance-rich-text-styles\">\n<p>By car, train, plane, bus, tram, taxi... all roads lead to Le Mans!<\/p>\n<\/div><div class=\"bde-accordion-233-138 bde-accordion bde-accordion--bordered\"><div class=\"bde-accordion__content-wrapper-233-139 bde-accordion__content-wrapper\">\n<h3 class=\"bde-accordion__title-tag\">\n  <button type=\"button\" class=\"bde-accordion__button\" id=\"accordion-button-139\" aria-controls=\"accordion-panel-139\" aria-expanded=\"false\">\n     <span class=\"bde-accordion__title\" >What's going on to get there! By Tram<\/span>\n     <span class=\"bde-accordion__icon bde-accordion__icon--default\"><\/span>\n     <span class=\"bde-accordion__icon bde-accordion__icon--active\"><\/span>\n  <\/button>\n<\/h3>\n\n<div role=\"region\" class=\"bde-accordion__panel\" id=\"accordion-panel-139\" aria-labelledby=\"accordion-button-139\">\n    <div class=\"bde-accordion__panel-content\">\n        <div class=\"bde-text-233-140 bde-text\">\nAvoid traffic jams and arrive stress-free by using public transport!  Find all the information you need on our partner's website.\n<\/div><div class=\"bde-button-233-147 bde-button\">\n    \n                                    \n    \n    \n    \n    \n            \n                    \n            \n            \n\n    \n    \n    \n    \n    \n    <a class=\"breakdance-link button-atom button-atom--primary bde-button__button\" href=\"https:\/\/www.setram.fr\/event\/NDA-Acces-Circuit.html\" target=\"_blank\" data-type=\"url\"  >\n\n    \n        <span class=\"button-atom__text\">Setram Le Mans<\/span>\n\n        \n        \n                <\/a>\n\n    \n\n\n<\/div><div class=\"bde-text-233-168 bde-text translation-block\">\ud83d\ude8b TRAMWAY<br><br>Take line T2 towards Antar\u00e8s - Stade Marie Marvingt and get off at the terminus.<br><br>\u27a1\ufe0f Direct access to the circuit via the East Gate.<br>\ud83d\udd52 A tram every 4 to 7 minutes from 8am to 9pm<br><br>Friday July 4<br>\ud83d\udd52 First departures from Antar\u00e8s-Stade Marie Marvingt: 04:52, 04:59, 05:04.<br>       Last departures from Antar\u00e8s-Stade Marie Marvingt: 01:39, 02:33 and 03:30.<br><br>Saturday July 5<br>\ud83d\udd52 First departures from Antar\u00e8s-Stade Marie Marvingt: 04:52, 05:00, 05:08.<br>       Last departures from Antar\u00e8s-Stade Marie Marvingt: 01:39, 02:33 and 03:30.<br><br>Sunday July 6<br>\ud83d\udd52 First departures from Antar\u00e8s-Stade Marie Marvingt: 04:53, 05:03, 05:23.<br>       Last departures from Antar\u00e8s-Stade Marie Marvingt: 23:44, 23:56 and 00:10.<br><br>\ud83d\udccd Line map (https:\/\/www.setram.fr\/upload\/2025_plans\/SETRAM_Plan-General_juin-2025.pdf?rand=97)<br><br><br>\ud83d\ude8c BUS<br><br>Take line 5 from the Viaducs stop (connection tram 1 or 2).<br>\u27a1\ufe0f Get off at the \"Oasis - Exhibition Center\" stop to access the North Gate.<br>\ud83d\udd52 Check the timetable<\/div>\n    <\/div>\n<\/div>\n\n\n\n<\/div><div class=\"bde-accordion__content-wrapper-233-148 bde-accordion__content-wrapper\">\n<h3 class=\"bde-accordion__title-tag\">\n  <button type=\"button\" class=\"bde-accordion__button\" id=\"accordion-button-148\" aria-controls=\"accordion-panel-148\" aria-expanded=\"false\">\n     <span class=\"bde-accordion__title\" >Car, bicycle, motorcycle &amp; taxis<\/span>\n     <span class=\"bde-accordion__icon bde-accordion__icon--default\"><\/span>\n     <span class=\"bde-accordion__icon bde-accordion__icon--active\"><\/span>\n  <\/button>\n<\/h3>\n\n<div role=\"region\" class=\"bde-accordion__panel\" id=\"accordion-panel-148\" aria-labelledby=\"accordion-button-148\">\n    <div class=\"bde-accordion__panel-content\">\n        <div class=\"bde-div-233-149 bde-div\">\n  \n  \n\t\n\n\n\n<h4 class=\"bde-heading-233-150 bde-heading\">\nBicycle\n<\/h4><div class=\"bde-text-233-151 bde-text translation-block\">Bicycle parking (unsupervised) will be provided: <br>- at the East Gate<br>- at the Panorama Gate (parking side)<br>- at the Karting Pedestrian Gate<br>- at the Maison Blanche and Annex Gate (west parking side)<br>- in the Expo parking lot (near the North Gate)<\/div><h4 class=\"bde-heading-233-166 bde-heading\">\nCar\n<\/h4><div class=\"bde-text-233-167 bde-text\">\nNous vous recommandons vivement d\u2019identifier \u00e0 l\u2019avance le type de billet en votre possession (parking, aire d\u2019accueil, etc.) afin de suivre l\u2019itin\u00e9raire correspondant \u00e0 la couleur indiqu\u00e9e sur votre billet. Cela facilitera votre arriv\u00e9e et contribuera \u00e0 fluidifier le trafic autour du circuit.<br><br>Pour un trajet optimis\u00e9, n\u2019h\u00e9sitez pas \u00e0 utiliser les QR Codes Waze disponibles sur votre billet, qui vous guideront directement vers le bon point d\u2019entr\u00e9e.<br><br>En cas de doute, pensez \u00e0 consulter en amont le plan carroy\u00e9 du circuit (+ lien).<br><br>de Paris \u2013 205 km \u2013 2 h 00 (A11)<br>de Rouen \u2013 210 km \u2013 2 h 15 (A 28)<br>de Nantes \u2013 183 km \u2013 1 h 40 (A11)<br>de Rennes \u2013 161 km \u2013 1 h 35 (A81, E50)<br>de Caen \u2013 160 km \u2013 2 h (A88, A28)<br>de Tours \u2013 102 km \u2013 1 h 30 (A28)<br>d\u2019Alen\u00e7on \u2013 53 km \u2013 40 min<br>de Bordeaux \u2013 425 km \u2013 4 h 20 (A28, A10)<br><br>Aucun service de covoiturage officiel n\u2019est propos\u00e9 sur notre site.<br>Cependant, vous avez bien s\u00fbr la possibilit\u00e9 d\u2019organiser votre venue par vos propres moyens, via des plateformes externes comme BlaBlaCar.\n<\/div>\n<\/div><div class=\"bde-div-233-152 bde-div\">\n  \n  \n\t\n\n\n\n<h4 class=\"bde-heading-233-153 bde-heading\">\nTaxis\n<\/h4><div class=\"bde-text-233-154 bde-text\">\nPlusieurs compagnies de taxi assurent des trajets vers le Circuit des 24 Heures du Mans, de jour comme de nuit :<br><br>- Radio Taxi Le Mans \u2013 service 24h\/24, 7j\/7 : 02 43 24 92 92<br>- ABC Taxi : 02 43 42 42 42<br>- Taxis Alliance : 02 43 21 23 05<br>- Central Taxis : 02 43 88 88 88<br><br>N\u2019h\u00e9sitez pas \u00e0 r\u00e9server votre course \u00e0 l\u2019avance, notamment lors des temps forts de l\u2019\u00e9v\u00e9nement.\"\n<\/div>\n<\/div>\n    <\/div>\n<\/div>\n\n\n\n<\/div><div class=\"bde-accordion__content-wrapper-233-155 bde-accordion__content-wrapper\">\n<h3 class=\"bde-accordion__title-tag\">\n  <button type=\"button\" class=\"bde-accordion__button\" id=\"accordion-button-155\" aria-controls=\"accordion-panel-155\" aria-expanded=\"false\">\n     <span class=\"bde-accordion__title\" >Train<\/span>\n     <span class=\"bde-accordion__icon bde-accordion__icon--default\"><\/span>\n     <span class=\"bde-accordion__icon bde-accordion__icon--active\"><\/span>\n  <\/button>\n<\/h3>\n\n<div role=\"region\" class=\"bde-accordion__panel\" id=\"accordion-panel-155\" aria-labelledby=\"accordion-button-155\">\n    <div class=\"bde-accordion__panel-content\">\n        <div class=\"bde-text-233-156 bde-text\">\n\ud83d\udccd Consultez la carte des lignes TER pour rep\u00e9rer votre gare la plus proche.<br><br>TGV \u2013 Le Mans, au c\u0153ur du r\u00e9seau. La Gare du Mans est desservie par des TGV directs depuis de nombreuses grandes villes :<br>Paris Montparnasse \u2013 1h<br>A\u00e9roport d\u2019Orly \u2013 1h22<br>Rennes \u2013 1h25<br>Nantes \u2013 1h30<br>Roissy-CDG \u2013 1h40<br>Lille \u2013 2h40<br>Bruxelles \u2013 3h30<br>Lyon \u2013 3h<br>Grenoble \u2013 4h30<br>Marseille \u2013 5h<br>Londres \u2013 5h<br><br>\ud83d\ude8d Depuis la gare du Mans, plusieurs options pour rejoindre le circuit :<br>Ligne 5 : acc\u00e8s \u00e0 l\u2019arr\u00eat OASIS, \u00e0 quelques minutes \u00e0 pied de la Porte Nord.<br>Tramway ligne T1 : direction Antar\u00e8s - Stade Marie Marvingt, descendez au terminus pour acc\u00e9der \u00e0 la Porte Est.\"\n<\/div><div class=\"bde-button-233-157 bde-button\">\n    \n                                    \n    \n    \n    \n    \n            \n                    \n            \n            \n\n    \n    \n    \n    \n    \n    <a class=\"breakdance-link button-atom button-atom--primary bde-button__button\" href=\"https:\/\/www.sncf-connect.com\/app\/home\/search\/od\" target=\"_blank\" data-type=\"url\"  >\n\n    \n        <span class=\"button-atom__text\">SNCF Connect<\/span>\n\n        \n        \n                <\/a>\n\n    \n\n\n<\/div>\n    <\/div>\n<\/div>\n\n\n\n<\/div><div class=\"bde-accordion__content-wrapper-233-158 bde-accordion__content-wrapper\">\n<h3 class=\"bde-accordion__title-tag\">\n  <button type=\"button\" class=\"bde-accordion__button\" id=\"accordion-button-158\" aria-controls=\"accordion-panel-158\" aria-expanded=\"false\">\n     <span class=\"bde-accordion__title\" >Plane<\/span>\n     <span class=\"bde-accordion__icon bde-accordion__icon--default\"><\/span>\n     <span class=\"bde-accordion__icon bde-accordion__icon--active\"><\/span>\n  <\/button>\n<\/h3>\n\n<div role=\"region\" class=\"bde-accordion__panel\" id=\"accordion-panel-158\" aria-labelledby=\"accordion-button-158\">\n    <div class=\"bde-accordion__panel-content\">\n        <div class=\"bde-rich-text-233-159 bde-rich-text breakdance-rich-text-styles\">\n<p>\u00a0<a href=\"https:\/\/lemans.aeroport.fr\/\" target=\"_blank\" rel=\"noopener\">L\u2019a\u00e9rodrome Le Mans-Arnage<\/a> est situ\u00e9 aux abords imm\u00e9diats du circuit. Il dispose d\u2019une piste de 1 420 m\u00e8tres, compatible IFR et ILS, id\u00e9ale pour l\u2019aviation d\u2019affaires. Pour toute information compl\u00e9mentaire, vous pouvez contacter l\u2019a\u00e9rodrome au 02 43 84 00 43.\"<\/p>\n<\/div><div class=\"bde-button-233-160 bde-button\">\n    \n                                    \n    \n    \n    \n    \n            \n                    \n            \n            \n\n    \n    \n    \n    \n    \n    <a class=\"breakdance-link button-atom button-atom--primary bde-button__button\" href=\"https:\/\/lemans.aeroport.fr\/\" target=\"_blank\" data-type=\"url\"  >\n\n    \n        <span class=\"button-atom__text\">A\u00e9roport<\/span>\n\n        \n        \n                <\/a>\n\n    \n\n\n<\/div>\n    <\/div>\n<\/div>\n\n\n\n<\/div>\r\n\r\n<\/div><\/div>\n<\/section>","protected":false},"excerpt":{"rendered":"<p>Informations Plans &#038; acc\u00e8s Le Mans Classic, c\u2019est presque une petite cit\u00e9 et il faut pouvoir s\u2019y retrouver\u00a0! Pour cela nous mettons dans cette rubrique quatre plans pour vous aider \u00e0 vous situer\u00a0:Le plan g\u00e9n\u00e9ral, un peu dense mais qui vous indique pratiquement tous les points d\u2019int\u00e9r\u00eat. Vous en retrouverez plusieurs en grand format \u00e0 [&hellip;]<\/p>\n","protected":false},"author":1,"featured_media":0,"parent":238,"menu_order":0,"comment_status":"closed","ping_status":"closed","template":"","meta":{"_breakdance_hide_in_design_set":false,"_breakdance_tags":"","footnotes":""},"class_list":["post-233","page","type-page","status-publish","hentry"],"_links":{"self":[{"href":"https:\/\/www.lemansclassic.com\/en\/wp-json\/wp\/v2\/pages\/233","targetHints":{"allow":["GET"]}}],"collection":[{"href":"https:\/\/www.lemansclassic.com\/en\/wp-json\/wp\/v2\/pages"}],"about":[{"href":"https:\/\/www.lemansclassic.com\/en\/wp-json\/wp\/v2\/types\/page"}],"author":[{"embeddable":true,"href":"https:\/\/www.lemansclassic.com\/en\/wp-json\/wp\/v2\/users\/1"}],"replies":[{"embeddable":true,"href":"https:\/\/www.lemansclassic.com\/en\/wp-json\/wp\/v2\/comments?post=233"}],"version-history":[{"count":5,"href":"https:\/\/www.lemansclassic.com\/en\/wp-json\/wp\/v2\/pages\/233\/revisions"}],"predecessor-version":[{"id":31285,"href":"https:\/\/www.lemansclassic.com\/en\/wp-json\/wp\/v2\/pages\/233\/revisions\/31285"}],"up":[{"embeddable":true,"href":"https:\/\/www.lemansclassic.com\/en\/wp-json\/wp\/v2\/pages\/238"}],"wp:attachment":[{"href":"https:\/\/www.lemansclassic.com\/en\/wp-json\/wp\/v2\/media?parent=233"}],"curies":[{"name":"wp","href":"https:\/\/api.w.org\/{rel}","templated":true}]}}