{"id":28350,"date":"2025-02-25T10:00:02","date_gmt":"2025-02-25T09:00:02","guid":{"rendered":"https:\/\/www.lemansclassic.com\/?page_id=28350"},"modified":"2026-02-09T10:56:20","modified_gmt":"2026-02-09T09:56:20","slug":"our-commitments","status":"publish","type":"page","link":"https:\/\/www.lemansclassic.com\/en\/nos-engagements\/","title":{"rendered":"Our commitments"},"content":{"rendered":"<section class=\"bde-section-28350-170 bde-section\">\n  \n  \n\t\n\n\n\n        <div class=\"section-shape-divider-wrapper section-shape-divider-wrapper--1\">\n          <span class=\"section-shape-divider\">\n                      <svg\n                xmlns=\"http:\/\/www.w3.org\/2000\/svg\"\n                viewbox=\"0 0 1440 320\"\n                preserveaspectratio=\"none\"\n            >\n              <path fill=\"currentColor\" fill-opacity=\"1\" d=\"M0,288L1440,0L1440,320L0,320Z\"><\/path>\n            <\/svg>\n                    <\/span>\n      <\/div>\n  <div class=\"section-container\"><div class=\"bde-div-28350-171 bde-div\">\n  \n  \n\t\n\n\n\n<h2 class=\"bde-dual-heading-28350-172 bde-dual-heading\">\n\n\n            <span data-style=\"primary\" class=\"dual-heading--primary\">our<\/span>\n\n            <span data-style=\"secondary\" class=\"dual-heading--secondary  js-annotate\">commitments<\/span>\n\n\n\n<\/h2>\n<\/div><\/div>\n<\/section><section class=\"bde-section-28350-126 bde-section\">\n  \n  \n\t\n\n\n\n<div class=\"section-container\"><div class=\"bde-div-28350-163 bde-div\">\n  \n  \n\t\n\n\n\n<a class=\"bde-container-link-28350-167 bde-container-link breakdance-link\" href=\"https:\/\/don.institutducerveau.org\/1418mansclassic26\/~mon-don\" target=\"_blank\" data-type=\"url\">\n  \n  \n\t\n\n\n\n<img decoding=\"async\" class=\"bde-image2-28350-158 bde-image2\" src=\"https:\/\/www.lemansclassic.com\/wp-content\/uploads\/2025\/02\/icm_rvb.png\" loading=\"lazy\" srcset=\"https:\/\/www.lemansclassic.com\/wp-content\/uploads\/2025\/02\/icm_rvb.png 3508w, https:\/\/www.lemansclassic.com\/wp-content\/uploads\/2025\/02\/icm_rvb-300x83.png 300w, https:\/\/www.lemansclassic.com\/wp-content\/uploads\/2025\/02\/icm_rvb-1024x283.png 1024w, https:\/\/www.lemansclassic.com\/wp-content\/uploads\/2025\/02\/icm_rvb-150x42.png 150w, https:\/\/www.lemansclassic.com\/wp-content\/uploads\/2025\/02\/icm_rvb-768x213.png 768w, https:\/\/www.lemansclassic.com\/wp-content\/uploads\/2025\/02\/icm_rvb-1536x425.png 1536w, https:\/\/www.lemansclassic.com\/wp-content\/uploads\/2025\/02\/icm_rvb-2048x567.png 2048w, https:\/\/www.lemansclassic.com\/wp-content\/uploads\/2025\/02\/icm_rvb-18x5.png 18w, https:\/\/www.lemansclassic.com\/wp-content\/uploads\/2025\/02\/icm_rvb-600x166.png 600w\" sizes=\"(max-width: 3508px) 100vw, 3508px\">\n\n<\/a><h2 class=\"bde-heading-28350-132 bde-heading\">\nWhen motoring passion<br>supports brain research\n<\/h2>\n<\/div><div class=\"bde-columns-28350-127 bde-columns\"><div class=\"bde-column-28350-128 bde-column\">\n  \n  \n\t\n\n\n\n<h4 class=\"bde-heading-28350-173 bde-heading\">\nPARTNERSHIP WITH THE PARIS BRAIN INSTITUTE\n<\/h4><div class=\"bde-rich-text-28350-133 bde-rich-text breakdance-rich-text-styles\">\n<p>For the second consecutive year, the event is partnering with the Paris Brain Institute, a world-renowned center for neuroscience research. Created in 2010 by Jean Todt and Prof. G\u00e9rard Saillant, the Institute is tackling one of the greatest challenges of our century: the fight against neurological and psychiatric diseases.\nAlzheimer\u2019s, Parkinson\u2019s, ALS, stroke, depression, multiple sclerosis, brain tumors\u2026 In Europe, 1 in 2 people will be affected by a neurological disorder during their lifetime.<\/p><p>Spectators can help advance brain research by adding a donation of \u20ac2, \u20ac5, or any amount of their choice when purchasing their ticket.<\/p>\n<\/div>\n<\/div><div class=\"bde-column-28350-131 bde-column\">\n  \n  \n\t\n\n\n\n<h4 class=\"bde-heading-28350-164 bde-heading\">\nFind out more about the Brain Institute\n<\/h4><div class=\"bde-rich-text-28350-162 bde-rich-text breakdance-rich-text-styles\">\n<p>Created in 2010, the Institut du Cerveau is a scientific and medical research centre of excellence dedicated to the study of the brain and the discovery of new treatments for diseases of the nervous system. It was founded by eminent personalities including Professor G\u00e9rard Saillant, its current Chairman, Jean Todt, its Vice-Chairman, and Michael Schumacher.<\/p><p>Its innovative model brings together patients, doctors, researchers and entrepreneurs with a common goal: to transform fundamental discoveries into therapeutic solutions via a translational and interdisciplinary approach.<\/p>\n<\/div>\n<\/div><\/div><div class=\"bde-button-28350-159 bde-button\">\n    \n                        \n                        \n    \n    \n    \n    \n            \n                    \n            \n            \n\n    \n    \n    \n    \n    \n    <a class=\"breakdance-link button-atom button-atom--primary bde-button__button\" href=\"https:\/\/don.institutducerveau.org\/1418mansclassic26\/~mon-don\" target=\"_blank\" data-type=\"url\"  >\n\n    \n        <span class=\"button-atom__text\">I support<\/span>\n\n        \n        \n                <\/a>\n\n    \n\n\n<\/div><a class=\"bde-text-link-28350-168 bde-text-link breakdance-link\" href=\"https:\/\/don.institutducerveau.org\/1418mansclassic26\/~mon-don\" target=\"_blank\" data-type=\"url\">\n  www.institutducerveau.org\n\n<\/a><div class=\"bde-video-28350-169 bde-video\">\n<div class=\"ee-video-container\">\n            <video class=\"ee-video\" src=\"https:\/\/www.lemansclassic.com\/wp-content\/uploads\/2025\/06\/dreamteamedit4-h264-720p.mp4\"\n                               controls='true'                poster='https:\/\/www.lemansclassic.com\/wp-content\/uploads\/2025\/04\/icm-lmc-0001.png'                                                controlslist=\"nodownload\"                playsinline\n>\n        <\/video>\n    \n    <\/div>\n\n<\/div><div class=\"bde-div-28350-166 bde-div\">\n  \n  \n\t\n\n\n\n<div class=\"bde-blockquote-28350-161 bde-blockquote\">\n      <p class=\"inline-text_blockquote-icon\"><span class=\"blockquote-icon\"><svg xmlns=\"http:\/\/www.w3.org\/2000\/svg\" id=\"icon-quotes-left\" viewbox=\"0 0 32 32\">\r\n<path d=\"M7.031 14c3.866 0 7 3.134 7 7s-3.134 7-7 7-7-3.134-7-7l-0.031-1c0-7.732 6.268-14 14-14v4c-2.671 0-5.182 1.040-7.071 2.929-0.364 0.364-0.695 0.751-0.995 1.157 0.357-0.056 0.724-0.086 1.097-0.086zM25.031 14c3.866 0 7 3.134 7 7s-3.134 7-7 7-7-3.134-7-7l-0.031-1c0-7.732 6.268-14 14-14v4c-2.671 0-5.182 1.040-7.071 2.929-0.364 0.364-0.695 0.751-0.995 1.157 0.358-0.056 0.724-0.086 1.097-0.086z\"\/>\r\n<\/svg><\/span>Le Mans Classic is a celebration of history and passion for motor sport, but we also want the event to convey strong values and commitments. By joining forces with the Institut du Cerveau, we can raise awareness among a wide audience while supporting promising research.<\/p>\n    <cite >Pierre Fillon, Chairman of the ACO<\/cite>\n\n<\/div>\n<\/div><\/div>\n<\/section>","protected":false},"excerpt":{"rendered":"<p>Nos engagements Quand la passion automobilesoutient la recherche sur le cerveau PARTENARIAT AVEC L\u2019INSTITUT DU CERVEAU Pour la deuxi\u00e8me ann\u00e9e cons\u00e9cutive, l\u2019\u00e9v\u00e9nement s\u2019associe \u00e0 l\u2019Institut du Cerveau, centre de recherche en neurosciences de renomm\u00e9e internationale. Cr\u00e9\u00e9 en 2010 par Jean Todt et le Pr G\u00e9rard Saillant, l\u2019Institut du Cerveau s\u2019attaque \u00e0 l\u2019un des plus grands [&hellip;]<\/p>\n","protected":false},"author":1,"featured_media":0,"parent":0,"menu_order":0,"comment_status":"closed","ping_status":"closed","template":"","meta":{"_breakdance_hide_in_design_set":false,"_breakdance_tags":"","footnotes":""},"class_list":["post-28350","page","type-page","status-publish","hentry"],"_links":{"self":[{"href":"https:\/\/www.lemansclassic.com\/en\/wp-json\/wp\/v2\/pages\/28350","targetHints":{"allow":["GET"]}}],"collection":[{"href":"https:\/\/www.lemansclassic.com\/en\/wp-json\/wp\/v2\/pages"}],"about":[{"href":"https:\/\/www.lemansclassic.com\/en\/wp-json\/wp\/v2\/types\/page"}],"author":[{"embeddable":true,"href":"https:\/\/www.lemansclassic.com\/en\/wp-json\/wp\/v2\/users\/1"}],"replies":[{"embeddable":true,"href":"https:\/\/www.lemansclassic.com\/en\/wp-json\/wp\/v2\/comments?post=28350"}],"version-history":[{"count":6,"href":"https:\/\/www.lemansclassic.com\/en\/wp-json\/wp\/v2\/pages\/28350\/revisions"}],"predecessor-version":[{"id":32118,"href":"https:\/\/www.lemansclassic.com\/en\/wp-json\/wp\/v2\/pages\/28350\/revisions\/32118"}],"wp:attachment":[{"href":"https:\/\/www.lemansclassic.com\/en\/wp-json\/wp\/v2\/media?parent=28350"}],"curies":[{"name":"wp","href":"https:\/\/api.w.org\/{rel}","templated":true}]}}