{"id":29594,"date":"2025-06-16T08:42:06","date_gmt":"2025-06-16T07:42:06","guid":{"rendered":"https:\/\/www.lemansclassic.com\/?page_id=29594"},"modified":"2025-06-16T09:25:28","modified_gmt":"2025-06-16T08:25:28","slug":"announcements-2026","status":"publish","type":"page","link":"https:\/\/www.lemansclassic.com\/en\/annonces-2026\/","title":{"rendered":"2026 announcements"},"content":{"rendered":"<section class=\"bde-section-29594-100 bde-section\">\n  \n  \n\t\n\n\n\n<div class=\"section-container\"><h1 class=\"bde-heading-29594-101 bde-heading\">\nA NEW CHAPTER BEGINS FOR Peter Auto\n<\/h1><div class=\"bde-blockquote-29594-102 bde-blockquote\">\n      <p class=\"above-text_blockquote-icon\"><span class=\"blockquote-icon\"><svg xmlns=\"http:\/\/www.w3.org\/2000\/svg\" id=\"icon-quotes-left\" viewbox=\"0 0 32 32\">\r\n<path d=\"M7.031 14c3.866 0 7 3.134 7 7s-3.134 7-7 7-7-3.134-7-7l-0.031-1c0-7.732 6.268-14 14-14v4c-2.671 0-5.182 1.040-7.071 2.929-0.364 0.364-0.695 0.751-0.995 1.157 0.357-0.056 0.724-0.086 1.097-0.086zM25.031 14c3.866 0 7 3.134 7 7s-3.134 7-7 7-7-3.134-7-7l-0.031-1c0-7.732 6.268-14 14-14v4c-2.671 0-5.182 1.040-7.071 2.929-0.364 0.364-0.695 0.751-0.995 1.157 0.358-0.056 0.724-0.086 1.097-0.086z\"\/>\r\n<\/svg><\/span><\/p>\n    <p >For over 40 years, Peter Auto has occupied a unique place in the world of historic motoring. A place built with passion, high standards and elegance, alongside those who are at the heart of this adventure: you. Drivers, partners, clubs, collectors and enthusiasts, thanks to your loyalty, expertise and commitment, we have built up a rare heritage.\n \nBut heritage is not an end in itself, it's a foundation on which to build.\n \nToday marks the start of a new era. It is with you that we will write this new page. And together we will give Peter Auto the impetus it needs for the next 40 years.<br><br>But heritage is not an end in itself, it's a foundation on which to build.<br><br>Today marks the start of a new era. It is with you that we will write this new page. And together we will give Peter Auto the impetus it needs for the next 40 years.<\/p>\n    <cite >Marc Ouayoun<\/cite>\n\n<\/div><div class=\"bde-video-29594-103 bde-video\">\n<div class=\"ee-video-container\">\n                                                                        \n                <lite-youtube\n                        videoid=\"HSxqErZo0iY\"\n                                                style=\"background-image: url(https:\/\/i.ytimg.com\/vi\/HSxqErZo0iY\/maxresdefault.jpg); \"\n                        class=\"ee-video\"\n                        title=\"\"\n                        params=\"&playsinline=0&rel=0&enablejsapi=1\"\n                >\n                <\/lite-youtube>\n                    \n        \n            \n    <\/div>\n\n<\/div><div class=\"bde-fancy-divider-29594-151 bde-fancy-divider\">\n\n\n<div class=\"bde-fancy-divider__wrapper\">\n  <div class=\"bde-fancy-divider__separator\">\n  \t  <\/div>\n<\/div>\n\n<\/div><div class=\"bde-div-29594-136 bde-div\">\n  \n  \n\t\n\n\n\n<h3 class=\"bde-dual-heading-29594-162 bde-dual-heading\">\n\n\n            <span data-style=\"primary\" class=\"dual-heading--primary\">LE MANS CLASSIC BECOMES AN<\/span>\n\n            <span data-style=\"secondary\" class=\"dual-heading--secondary  js-annotate\"> ANNUAL<\/span>\n\n            <span data-style=\"primary\" class=\"dual-heading--primary\"> EVENT FROM 2026!<\/span>\n\n\n\n<\/h3><div class=\"bde-rich-text-29594-105 bde-rich-text breakdance-rich-text-styles\">\n<p>In response to ever-increasing demand, Le Mans Classic will become an annual event from 2026.\n \nIt's an historic change, in response to the public's enthusiasm, to offer drivers and collectors more opportunities to race, and to enable all generations to experience the magic of classic endurance racing more often, more intensely and more widely.<\/p>\n<\/div><div class=\"bde-columns-29594-106 bde-columns\"><div class=\"bde-column-29594-107 bde-column\">\n  \n  \n\t\n\n\n\n<img decoding=\"async\" class=\"bde-image2-29594-117 bde-image2\" src=\"https:\/\/www.lemansclassic.com\/wp-content\/uploads\/2025\/06\/logo_lmcheritage.png\" loading=\"lazy\" srcset=\"https:\/\/www.lemansclassic.com\/wp-content\/uploads\/2025\/06\/logo_lmcheritage.png 425w, https:\/\/www.lemansclassic.com\/wp-content\/uploads\/2025\/06\/logo_lmcheritage-300x200.png 300w, https:\/\/www.lemansclassic.com\/wp-content\/uploads\/2025\/06\/logo_lmcheritage-150x100.png 150w, https:\/\/www.lemansclassic.com\/wp-content\/uploads\/2025\/06\/logo_lmcheritage-18x12.png 18w\" sizes=\"(max-width: 425px) 100vw, 425px\"><div class=\"bde-div-29594-140 bde-div\">\n  \n  \n\t\n\n\n\n<h3 class=\"bde-heading-29594-109 bde-heading\">\nLE MANS CLASSIC HERITAGE\n<\/h3><h4 class=\"bde-heading-29594-153 bde-heading\">\n1923 - 1975\n<\/h4>\n<\/div>\n<\/div><div class=\"bde-column-29594-108 bde-column\">\n  \n  \n\t\n\n\n\n<img decoding=\"async\" class=\"bde-image2-29594-116 bde-image2\" src=\"https:\/\/www.lemansclassic.com\/wp-content\/uploads\/2025\/06\/logo_lmclegend.png\" loading=\"lazy\" srcset=\"https:\/\/www.lemansclassic.com\/wp-content\/uploads\/2025\/06\/logo_lmclegend.png 425w, https:\/\/www.lemansclassic.com\/wp-content\/uploads\/2025\/06\/logo_lmclegend-300x200.png 300w, https:\/\/www.lemansclassic.com\/wp-content\/uploads\/2025\/06\/logo_lmclegend-150x100.png 150w, https:\/\/www.lemansclassic.com\/wp-content\/uploads\/2025\/06\/logo_lmclegend-18x12.png 18w\" sizes=\"(max-width: 425px) 100vw, 425px\"><div class=\"bde-div-29594-141 bde-div\">\n  \n  \n\t\n\n\n\n<h3 class=\"bde-heading-29594-113 bde-heading\">\nLE MANS CLASSIC LEGEND\n<\/h3><h4 class=\"bde-heading-29594-154 bde-heading\">\n1976 - 2015\n<\/h4>\n<\/div>\n<\/div><\/div>\n<\/div><div class=\"bde-fancy-divider-29594-139 bde-fancy-divider\">\n\n\n<div class=\"bde-fancy-divider__wrapper\">\n  <div class=\"bde-fancy-divider__separator\">\n  \t  <\/div>\n<\/div>\n\n<\/div><div class=\"bde-columns-29594-143 bde-columns\"><div class=\"bde-column-29594-144 bde-column\">\n  \n  \n\t\n\n\n\n<div class=\"bde-div-29594-159 bde-div\">\n  \n  \n\t\n\n\n\n<h4 class=\"bde-heading-29594-155 bde-heading\">\nNew grid\n<\/h4><h3 class=\"bde-heading-29594-125 bde-heading\">\nLEGENDS OF LE MANS\n<\/h3><div class=\"bde-text-29594-126 bde-text\">\nIn partnership with the ACO and Le Mans Endurance Management, Peter Auto launches Legends of Le Mans, a new series dedicated to the iconic LMP1s, LMP2s and GTs of the 2010s, models starting post Endurance Racing Legends (ERL).<br><br>A unique opportunity for gentlemen and gentlewomen drivers to get these legendary cars back on the track, in the prestigious setting of the WEC and Le Mans Classic meetings. An exceptional project for exceptional cars.\n<\/div>\n<\/div><img decoding=\"async\" class=\"bde-image2-29594-127 bde-image2\" src=\"https:\/\/www.lemansclassic.com\/wp-content\/uploads\/2025\/06\/legends-of-le-mans-black.png\" loading=\"lazy\" srcset=\"https:\/\/www.lemansclassic.com\/wp-content\/uploads\/2025\/06\/legends-of-le-mans-black.png 254w, https:\/\/www.lemansclassic.com\/wp-content\/uploads\/2025\/06\/legends-of-le-mans-black-150x72.png 150w, https:\/\/www.lemansclassic.com\/wp-content\/uploads\/2025\/06\/legends-of-le-mans-black-18x9.png 18w\" sizes=\"(max-width: 254px) 100vw, 254px\">\n<\/div><div class=\"bde-column-29594-145 bde-column\">\n  \n  \n\t\n\n\n\n<div class=\"bde-div-29594-160 bde-div\">\n  \n  \n\t\n\n\n\n<h4 class=\"bde-heading-29594-157 bde-heading\">\nNEW SERIES\n<\/h4><h3 class=\"bde-heading-29594-129 bde-heading\">\nGT3 REVIVAL SERIES\n<\/h3><div class=\"bde-text-29594-130 bde-text\">\nIn collaboration with SRO Motorsports Group and St\u00e9phane Ratel, Peter Auto is reviving the first generations of GT3s with the GT3 Revival Series, dedicated to models from 2006 to 2013.<br><br>Immerse yourself in the golden age of GT3, on Europe's most iconic circuits, in the elegant and authentic spirit of Peter Auto. The perfect blend of competition, passion and heritage.\n<\/div>\n<\/div><img decoding=\"async\" class=\"bde-image2-29594-131 bde-image2\" src=\"https:\/\/www.lemansclassic.com\/wp-content\/uploads\/2025\/06\/logo_gt3revivalseries.png\" loading=\"lazy\" srcset=\"https:\/\/www.lemansclassic.com\/wp-content\/uploads\/2025\/06\/logo_gt3revivalseries.png 425w, https:\/\/www.lemansclassic.com\/wp-content\/uploads\/2025\/06\/logo_gt3revivalseries-300x174.png 300w, https:\/\/www.lemansclassic.com\/wp-content\/uploads\/2025\/06\/logo_gt3revivalseries-150x87.png 150w, https:\/\/www.lemansclassic.com\/wp-content\/uploads\/2025\/06\/logo_gt3revivalseries-18x10.png 18w\" sizes=\"(max-width: 425px) 100vw, 425px\">\n<\/div><\/div><div class=\"bde-fancy-divider-29594-138 bde-fancy-divider\">\n\n\n<div class=\"bde-fancy-divider__wrapper\">\n  <div class=\"bde-fancy-divider__separator\">\n  \t  <\/div>\n<\/div>\n\n<\/div><div class=\"bde-columns-29594-148 bde-columns\"><div class=\"bde-column-29594-149 bde-column\">\n  \n  \n\t\n\n\n\n<div class=\"bde-div-29594-161 bde-div\">\n  \n  \n\t\n\n\n\n<h4 class=\"bde-heading-29594-158 bde-heading\">\nHISTORIC RACING BECOMES\n<\/h4><h3 class=\"bde-heading-29594-122 bde-heading\">\nLE MANS CLASSIC SERIES\n<\/h3><div class=\"bde-text-29594-119 bde-text\">\nThe racing series, which retraces the history of touring and endurance racing from 1950 to 2010 and includes all Peter Auto events such as Spa-Classic, Grand Prix de l'Age d'Or and Dix Mille Tours, is reinventing itself and will adopt a strong new name from 2026: Le Mans Classic Series.\n<\/div><div class=\"bde-text-29594-121 bde-text\">\n<br>This new identity fits in with the prestigious world of Le Mans Classic, further strengthening the identity and coherence of our competitions.\n\nExclusive bonus: participants in the Le Mans Classic Series will have priority access to Le Mans Classic, if they present an eligible car. A real reward for the most loyal enthusiasts!\n<\/div>\n<\/div><img decoding=\"async\" class=\"bde-image2-29594-120 bde-image2\" src=\"https:\/\/www.lemansclassic.com\/wp-content\/uploads\/2025\/06\/logo_lmcs.png\" loading=\"lazy\" srcset=\"https:\/\/www.lemansclassic.com\/wp-content\/uploads\/2025\/06\/logo_lmcs.png 425w, https:\/\/www.lemansclassic.com\/wp-content\/uploads\/2025\/06\/logo_lmcs-300x200.png 300w, https:\/\/www.lemansclassic.com\/wp-content\/uploads\/2025\/06\/logo_lmcs-150x100.png 150w, https:\/\/www.lemansclassic.com\/wp-content\/uploads\/2025\/06\/logo_lmcs-18x12.png 18w\" sizes=\"(max-width: 425px) 100vw, 425px\">\n<\/div><div class=\"bde-column-29594-150 bde-column\">\n  \n  \n\t\n\n\n\n<div class=\"bde-div-29594-165 bde-div\">\n  \n  \n\t\n\n\n\n<h3 class=\"bde-heading-29594-133 bde-heading\">\nMORE THAN AN EVOLUTION, A REVOLUTION!\n<\/h3><div class=\"bde-text-29594-134 bde-text\">\nPeter Auto is writing a new page in motoring history. And you're invited to take the wheel.<br><br>New events, redesigned series, new bridges between generations and disciplines: 2026 promises to be an exciting turning point for enthusiasts, drivers and collectors.<br><br>Next stop: Thursday 3 July at 4pm for the Le Mans Classic press conference on the 24 Hours circuit.\n<\/div>\n<\/div><a class=\"bde-container-link-29594-164 bde-container-link breakdance-link\" href=\"https:\/\/www.peterauto.fr\/en\/\" target=\"_blank\" data-type=\"url\">\n  \n  \n\t\n\n\n\n<img decoding=\"async\" class=\"bde-image2-29594-163 bde-image2\" src=\"https:\/\/www.lemansclassic.com\/wp-content\/uploads\/2022\/06\/Logo-Peter-Auto-noir.png\" loading=\"lazy\" srcset=\"https:\/\/www.lemansclassic.com\/wp-content\/uploads\/2022\/06\/Logo-Peter-Auto-noir.png 1570w, https:\/\/www.lemansclassic.com\/wp-content\/uploads\/2022\/06\/Logo-Peter-Auto-noir-300x221.png 300w, https:\/\/www.lemansclassic.com\/wp-content\/uploads\/2022\/06\/Logo-Peter-Auto-noir-600x441.png 600w, https:\/\/www.lemansclassic.com\/wp-content\/uploads\/2022\/06\/Logo-Peter-Auto-noir-1024x753.png 1024w, https:\/\/www.lemansclassic.com\/wp-content\/uploads\/2022\/06\/Logo-Peter-Auto-noir-768x565.png 768w, https:\/\/www.lemansclassic.com\/wp-content\/uploads\/2022\/06\/Logo-Peter-Auto-noir-1536x1130.png 1536w\" sizes=\"(max-width: 1570px) 100vw, 1570px\">\n\n<\/a>\n<\/div><\/div><div class=\"bde-fancy-divider-29594-152 bde-fancy-divider\">\n\n\n<div class=\"bde-fancy-divider__wrapper\">\n  <div class=\"bde-fancy-divider__separator\">\n  \t  <\/div>\n<\/div>\n\n<\/div><\/div>\n<\/section>","protected":false},"excerpt":{"rendered":"<p>Un nouveau chapitre s&rsquo;\u00e9crit pour Peter Auto Depuis plus de 40 ans, Peter Auto occupe une place unique dans le monde de l\u2019automobile historique. Une place construite avec passion, exigence et \u00e9l\u00e9gance, aux c\u00f4t\u00e9s de ceux qui font battre le c\u0153ur de cette aventure : vous. Pilotes, partenaires, clubs, collectionneurs, passionn\u00e9s gr\u00e2ce \u00e0 votre fid\u00e9lit\u00e9, [&hellip;]<\/p>\n","protected":false},"author":1,"featured_media":0,"parent":0,"menu_order":0,"comment_status":"closed","ping_status":"closed","template":"","meta":{"_breakdance_hide_in_design_set":false,"_breakdance_tags":"","footnotes":""},"class_list":["post-29594","page","type-page","status-publish","hentry"],"_links":{"self":[{"href":"https:\/\/www.lemansclassic.com\/en\/wp-json\/wp\/v2\/pages\/29594","targetHints":{"allow":["GET"]}}],"collection":[{"href":"https:\/\/www.lemansclassic.com\/en\/wp-json\/wp\/v2\/pages"}],"about":[{"href":"https:\/\/www.lemansclassic.com\/en\/wp-json\/wp\/v2\/types\/page"}],"author":[{"embeddable":true,"href":"https:\/\/www.lemansclassic.com\/en\/wp-json\/wp\/v2\/users\/1"}],"replies":[{"embeddable":true,"href":"https:\/\/www.lemansclassic.com\/en\/wp-json\/wp\/v2\/comments?post=29594"}],"version-history":[{"count":5,"href":"https:\/\/www.lemansclassic.com\/en\/wp-json\/wp\/v2\/pages\/29594\/revisions"}],"predecessor-version":[{"id":29629,"href":"https:\/\/www.lemansclassic.com\/en\/wp-json\/wp\/v2\/pages\/29594\/revisions\/29629"}],"wp:attachment":[{"href":"https:\/\/www.lemansclassic.com\/en\/wp-json\/wp\/v2\/media?parent=29594"}],"curies":[{"name":"wp","href":"https:\/\/api.w.org\/{rel}","templated":true}]}}