{"id":29984,"date":"2025-06-25T10:34:14","date_gmt":"2025-06-25T09:34:14","guid":{"rendered":"https:\/\/www.lemansclassic.com\/?page_id=29984"},"modified":"2026-04-10T15:38:45","modified_gmt":"2026-04-10T14:38:45","slug":"entries","status":"publish","type":"page","link":"https:\/\/www.lemansclassic.com\/en\/competition\/courses-support\/engages\/","title":{"rendered":"Entries"},"content":{"rendered":"<section class=\"bde-section-29984-128 bde-section\">\n  \n  \n\t\n\n\n\n        <div class=\"section-shape-divider-wrapper section-shape-divider-wrapper--1\">\n          <span class=\"section-shape-divider\">\n                      <svg\n                xmlns=\"http:\/\/www.w3.org\/2000\/svg\"\n                viewbox=\"0 0 1440 320\"\n                preserveaspectratio=\"none\"\n            >\n              <path fill=\"currentColor\" fill-opacity=\"1\" d=\"M0,288L1440,0L1440,320L0,320Z\"><\/path>\n            <\/svg>\n                    <\/span>\n      <\/div>\n  <div class=\"section-container\"><div class=\"bde-div-29984-129 bde-div\">\n  \n  \n\t\n\n\n\n<div class=\"bde-text-29984-136 bde-text\">\nProvisional entry list #1\n<\/div><h2 class=\"bde-dual-heading-29984-130 bde-dual-heading\">\n\n\n            <span data-style=\"primary\" class=\"dual-heading--primary\">Races<\/span>\n\n            <span data-style=\"secondary\" class=\"dual-heading--secondary  js-annotate\">de support<\/span>\n\n\n\n<\/h2>\n<\/div><\/div>\n<\/section><section class=\"bde-section-29984-100 bde-section\">\n  \n  \n\t\n\n\n\n<div class=\"section-container\"><h6 class=\"bde-heading-29984-123 bde-heading\">\nView the provisional entry lists\n<\/h6><div class=\"bde-div-29984-124 bde-div\">\n  \n  \n\t\n\n\n\n<div class=\"bde-button-29984-125 bde-button\">\n    \n                        \n                        \n    \n    \n    \n    \n            \n                    \n            \n            \n\n    \n    \n    \n    \n    \n    <a class=\"breakdance-link button-atom button-atom--custom bde-button__button\" href=\"\/en\/competition\/grids\/entries\/\" target=\"_self\" data-type=\"url\"  >\n\n    \n        <span class=\"button-atom__text\">Grids 6 to 10<\/span>\n\n                            \n        \n                <\/a>\n\n    \n\n\n<\/div><div class=\"bde-button-29984-126 bde-button\">\n    \n                        \n                        \n    \n    \n    \n    \n            \n                    \n            \n            \n\n    \n    \n    \n    \n    \n    <a class=\"breakdance-link button-atom button-atom--custom bde-button__button\" href=\"\/en\/competition\/little-big-mans\/entries\/\" target=\"_self\" data-type=\"url\"  >\n\n    \n        <span class=\"button-atom__text\">Little Big Mans<\/span>\n\n                            \n        \n                <\/a>\n\n    \n\n\n<\/div>\n<\/div><div class=\"bde-accordion-29984-101 bde-accordion bde-accordion--bordered\"><div class=\"bde-accordion__content-wrapper-29984-108 bde-accordion__content-wrapper\">\n<h3 class=\"bde-accordion__title-tag\">\n  <button type=\"button\" class=\"bde-accordion__button\" id=\"accordion-button-108\" aria-controls=\"accordion-panel-108\" aria-expanded=\"false\">\n     <span class=\"bde-accordion__title\" >Porsche Classic Cup<\/span>\n     <span class=\"bde-accordion__icon bde-accordion__icon--default\"><\/span>\n     <span class=\"bde-accordion__icon bde-accordion__icon--active\"><\/span>\n  <\/button>\n<\/h3>\n\n<div role=\"region\" class=\"bde-accordion__panel\" id=\"accordion-panel-108\" aria-labelledby=\"accordion-button-108\">\n    <div class=\"bde-accordion__panel-content\">\n        <div class=\"bde-button-29984-134 bde-button\">\n    \n                        \n                        \n    \n    \n    \n    \n            \n                    \n            \n            \n\n    \n    \n    \n    \n    \n    <a class=\"breakdance-link button-atom button-atom--secondary bde-button__button\" href=\"https:\/\/files.peterauto.fr\/share\/9VIBOGD0ezkZ351SghfY\" target=\"_blank\" data-type=\"url\"  >\n\n    \n        <span class=\"button-atom__text\">Download in PDF<\/span>\n\n        \n        \n                <\/a>\n\n    \n\n\n<\/div><div class=\"bde-shortcode-29984-121 bde-shortcode\">\n<table id=\"tablepress-31\" class=\"tablepress tablepress-id-31\">\n<thead>\n<tr class=\"row-1\">\n\t<th class=\"column-1\">Driver(s)<\/th><th class=\"column-2\">Country<\/th><th class=\"column-3\">Car<\/th>\n<\/tr>\n<\/thead>\n<tbody class=\"row-striping row-hover\">\n<tr class=\"row-2\">\n\t<td class=\"column-1\">Mike JORDAN \/ Bradley JORDAN<\/td><td class=\"column-2\">GB \/ GB<\/td><td class=\"column-3\">Porsche 944 Turbo Cup 1987<\/td>\n<\/tr>\n<tr class=\"row-3\">\n\t<td class=\"column-1\">Lionel DARMONT \/ Thomas DARMONT<\/td><td class=\"column-2\">FR \/ FR<\/td><td class=\"column-3\">Porsche 944 Turbo Cup 1988<\/td>\n<\/tr>\n<tr class=\"row-4\">\n\t<td class=\"column-1\">Gilles BOYER<\/td><td class=\"column-2\">FR<\/td><td class=\"column-3\">Porsche 944 Turbo Cup 1986<\/td>\n<\/tr>\n<tr class=\"row-5\">\n\t<td class=\"column-1\">Uwe KOENZEN<\/td><td class=\"column-2\">DE<\/td><td class=\"column-3\">Porsche 944 Turbo Cup 1987<\/td>\n<\/tr>\n<tr class=\"row-6\">\n\t<td class=\"column-1\">Johan-Frank DIRICKX \/ Alan BENJAMIN<\/td><td class=\"column-2\">BE \/ US<\/td><td class=\"column-3\">Porsche 964 Cup 1992<\/td>\n<\/tr>\n<tr class=\"row-7\">\n\t<td class=\"column-1\">Mike CURTLER \/ William CURTLER<\/td><td class=\"column-2\">GB \/ GB<\/td><td class=\"column-3\">Porsche 964 Cup 1992<\/td>\n<\/tr>\n<tr class=\"row-8\">\n\t<td class=\"column-1\">Markus N\u00d6LKEN<\/td><td class=\"column-2\">DE<\/td><td class=\"column-3\">Porsche 964 Cup 1991<\/td>\n<\/tr>\n<tr class=\"row-9\">\n\t<td class=\"column-1\">Jean-Luc LE DUIGOU<\/td><td class=\"column-2\">FR<\/td><td class=\"column-3\">Porsche 964 Cup 1990<\/td>\n<\/tr>\n<tr class=\"row-10\">\n\t<td class=\"column-1\">Uwe KOLB<\/td><td class=\"column-2\">DE<\/td><td class=\"column-3\">Porsche 964 Cup 1990<\/td>\n<\/tr>\n<tr class=\"row-11\">\n\t<td class=\"column-1\">Luc REMMY<\/td><td class=\"column-2\">FR<\/td><td class=\"column-3\">Porsche 993 Cup 1996<\/td>\n<\/tr>\n<tr class=\"row-12\">\n\t<td class=\"column-1\">Christophe FLORIN<\/td><td class=\"column-2\">FR<\/td><td class=\"column-3\">Porsche 993 Cup 1995<\/td>\n<\/tr>\n<tr class=\"row-13\">\n\t<td class=\"column-1\">Patrick KOLB<\/td><td class=\"column-2\">DE<\/td><td class=\"column-3\">Porsche 993 Cup 1996<\/td>\n<\/tr>\n<tr class=\"row-14\">\n\t<td class=\"column-1\">Pascal DUHAMEL \/ S\u00e9bastien CRUBILE<\/td><td class=\"column-2\">FR \/ FR<\/td><td class=\"column-3\">Porsche 996 GT3 Cup 1998<\/td>\n<\/tr>\n<tr class=\"row-15\">\n\t<td class=\"column-1\">Andrew JORDAN \/ Mike JORDAN<\/td><td class=\"column-2\">GB \/ GB<\/td><td class=\"column-3\">Porsche 996 GT3 Cup 2003<\/td>\n<\/tr>\n<tr class=\"row-16\">\n\t<td class=\"column-1\">Vincent CHOCROUN \/ Jacques ROUX<\/td><td class=\"column-2\">FR \/ FR<\/td><td class=\"column-3\">Porsche 996 GT3 Cup 2002<\/td>\n<\/tr>\n<tr class=\"row-17\">\n\t<td class=\"column-1\">Paul WINTER \/ Tim SPEED<\/td><td class=\"column-2\">GB \/ GB<\/td><td class=\"column-3\">Porsche 996 GT3 Cup 2002<\/td>\n<\/tr>\n<tr class=\"row-18\">\n\t<td class=\"column-1\">Damien GAULT \/ Matthieu IZIDI<\/td><td class=\"column-2\">FR \/ FR<\/td><td class=\"column-3\">Porsche 996 GT3 Cup 1999<\/td>\n<\/tr>\n<tr class=\"row-19\">\n\t<td class=\"column-1\">Christophe BOURRET<\/td><td class=\"column-2\">FR<\/td><td class=\"column-3\">Porsche 996 GT3 Cup 2002<\/td>\n<\/tr>\n<tr class=\"row-20\">\n\t<td class=\"column-1\">Patrick LAUBER<\/td><td class=\"column-2\">FR<\/td><td class=\"column-3\">Porsche 996 GT3 Cup 2005<\/td>\n<\/tr>\n<tr class=\"row-21\">\n\t<td class=\"column-1\">Fabio SPIRGI<\/td><td class=\"column-2\">CH<\/td><td class=\"column-3\">Porsche 996 GT3 Cup 2002<\/td>\n<\/tr>\n<tr class=\"row-22\">\n\t<td class=\"column-1\">G\u00e9rard CERNY<\/td><td class=\"column-2\">FR<\/td><td class=\"column-3\">Porsche 996 GT3 Cup 2025<\/td>\n<\/tr>\n<tr class=\"row-23\">\n\t<td class=\"column-1\">Serge PEINETTI<\/td><td class=\"column-2\">FR<\/td><td class=\"column-3\">Porsche 996 GT3 Cup 2003<\/td>\n<\/tr>\n<tr class=\"row-24\">\n\t<td class=\"column-1\">Patrice PERCHE \/ Julien SAUNIER<\/td><td class=\"column-2\">FR \/ FR<\/td><td class=\"column-3\">Porsche 996 GT3 Cup 2000<\/td>\n<\/tr>\n<tr class=\"row-25\">\n\t<td class=\"column-1\">Didier VAN STRAATEN<\/td><td class=\"column-2\">FR<\/td><td class=\"column-3\">Porsche 996 GT3 Cup 1999<\/td>\n<\/tr>\n<tr class=\"row-26\">\n\t<td class=\"column-1\">Maxime HERICAULT<\/td><td class=\"column-2\">CH<\/td><td class=\"column-3\">Porsche 996 GT3 Cup 2002<\/td>\n<\/tr>\n<\/tbody>\n<\/table>\n<!-- #tablepress-31 from cache --><\/div>\n    <\/div>\n<\/div>\n\n\n\n<\/div><div class=\"bde-accordion__content-wrapper-29984-131 bde-accordion__content-wrapper\">\n<h3 class=\"bde-accordion__title-tag\">\n  <button type=\"button\" class=\"bde-accordion__button\" id=\"accordion-button-131\" aria-controls=\"accordion-panel-131\" aria-expanded=\"false\">\n     <span class=\"bde-accordion__title\" >GT3 Revival Series<\/span>\n     <span class=\"bde-accordion__icon bde-accordion__icon--default\"><\/span>\n     <span class=\"bde-accordion__icon bde-accordion__icon--active\"><\/span>\n  <\/button>\n<\/h3>\n\n<div role=\"region\" class=\"bde-accordion__panel\" id=\"accordion-panel-131\" aria-labelledby=\"accordion-button-131\">\n    <div class=\"bde-accordion__panel-content\">\n        <div class=\"bde-button-29984-132 bde-button\">\n    \n                        \n                        \n    \n    \n    \n    \n            \n                    \n            \n            \n\n    \n    \n    \n    \n    \n    <a class=\"breakdance-link button-atom button-atom--secondary bde-button__button\" href=\"https:\/\/files.peterauto.fr\/share\/8rvUsZECoaRqpbVBJXFw\" target=\"_blank\" data-type=\"url\"  >\n\n    \n        <span class=\"button-atom__text\">Download in PDF<\/span>\n\n        \n        \n                <\/a>\n\n    \n\n\n<\/div><div class=\"bde-shortcode-29984-133 bde-shortcode\">\n<table id=\"tablepress-58\" class=\"tablepress tablepress-id-58\">\n<thead>\n<tr class=\"row-1\">\n\t<th class=\"column-1\">No #<\/th><th class=\"column-2\">Car model<\/th><th class=\"column-3\">Team name<br \/>\n<\/th><th class=\"column-4\">Nationality<\/th><th class=\"column-5\">Cat.<\/th><th class=\"column-6\">Gen.<\/th>\n<\/tr>\n<\/thead>\n<tbody class=\"row-striping row-hover\">\n<tr class=\"row-2\">\n\t<td class=\"column-1\">1<\/td><td class=\"column-2\">Audi R8 LMS Ultra<\/td><td class=\"column-3\">TFT Racing<\/td><td class=\"column-4\">FRA<\/td><td class=\"column-5\">AM<\/td><td class=\"column-6\">2<\/td>\n<\/tr>\n<tr class=\"row-3\">\n\t<td class=\"column-1\">3<\/td><td class=\"column-2\">Audi R8 LMS<\/td><td class=\"column-3\">Spark Motorsport<\/td><td class=\"column-4\">FRA<\/td><td class=\"column-5\">AM<\/td><td class=\"column-6\">2<\/td>\n<\/tr>\n<tr class=\"row-4\">\n\t<td class=\"column-1\">5<\/td><td class=\"column-2\">Porsche 997 GT3R<\/td><td class=\"column-3\">Lionspeed GP<\/td><td class=\"column-4\">GER<\/td><td class=\"column-5\">AM<\/td><td class=\"column-6\">2<\/td>\n<\/tr>\n<tr class=\"row-5\">\n\t<td class=\"column-1\">7<\/td><td class=\"column-2\">Aston Martin V12 Vantage GT3<\/td><td class=\"column-3\">Scott Sport<\/td><td class=\"column-4\">GBR<\/td><td class=\"column-5\">AM<\/td><td class=\"column-6\">2<\/td>\n<\/tr>\n<tr class=\"row-6\">\n\t<td class=\"column-1\">8<\/td><td class=\"column-2\">Lamborghini Gallardo LP600<\/td><td class=\"column-3\">Scott Sport<\/td><td class=\"column-4\">GBR<\/td><td class=\"column-5\"><\/td><td class=\"column-6\">2<\/td>\n<\/tr>\n<tr class=\"row-7\">\n\t<td class=\"column-1\">10<\/td><td class=\"column-2\">Ferrari 458 GT3 Evo<\/td><td class=\"column-3\">Storic and Race Cars<\/td><td class=\"column-4\">FRA<\/td><td class=\"column-5\">AM<\/td><td class=\"column-6\">2<\/td>\n<\/tr>\n<tr class=\"row-8\">\n\t<td class=\"column-1\">13<\/td><td class=\"column-2\">Aston Martin V12 Vantage GT3<\/td><td class=\"column-3\">Team Parker Racing<\/td><td class=\"column-4\">GBR<\/td><td class=\"column-5\">PRO-AM<\/td><td class=\"column-6\">2<\/td>\n<\/tr>\n<tr class=\"row-9\">\n\t<td class=\"column-1\">15<\/td><td class=\"column-2\">Corvette C6 Z06R GT3<\/td><td class=\"column-3\">Scott Sport<\/td><td class=\"column-4\">GBR<\/td><td class=\"column-5\">AM<\/td><td class=\"column-6\">1<\/td>\n<\/tr>\n<tr class=\"row-10\">\n\t<td class=\"column-1\">18<\/td><td class=\"column-2\">Corvette Callaway Z06R<\/td><td class=\"column-3\">SEILER Racing<\/td><td class=\"column-4\">SUI<\/td><td class=\"column-5\"><\/td><td class=\"column-6\">2<\/td>\n<\/tr>\n<tr class=\"row-11\">\n\t<td class=\"column-1\">20<\/td><td class=\"column-2\">Ford GT Matech<\/td><td class=\"column-3\">Debard Automobiles by Racetivity<\/td><td class=\"column-4\">FRA<\/td><td class=\"column-5\">AM<\/td><td class=\"column-6\">2<\/td>\n<\/tr>\n<tr class=\"row-12\">\n\t<td class=\"column-1\">21<\/td><td class=\"column-2\">Audi R8 LMS Ultra Evo<\/td><td class=\"column-3\">WG BRITISH RACING<\/td><td class=\"column-4\">GBR<\/td><td class=\"column-5\"><\/td><td class=\"column-6\">2<\/td>\n<\/tr>\n<tr class=\"row-13\">\n\t<td class=\"column-1\">24<\/td><td class=\"column-2\">Lamborghini Gallardo LP600<\/td><td class=\"column-3\">Scott Sport<\/td><td class=\"column-4\">GBR<\/td><td class=\"column-5\"><\/td><td class=\"column-6\">2<\/td>\n<\/tr>\n<tr class=\"row-14\">\n\t<td class=\"column-1\">27<\/td><td class=\"column-2\">Porsche 997 GT3R<\/td><td class=\"column-3\">NOURRY Competition<\/td><td class=\"column-4\">FRA<\/td><td class=\"column-5\">AM<\/td><td class=\"column-6\">2<\/td>\n<\/tr>\n<tr class=\"row-15\">\n\t<td class=\"column-1\">30<\/td><td class=\"column-2\">BMW Z4 GT3<\/td><td class=\"column-3\">CMR<\/td><td class=\"column-4\">FRA<\/td><td class=\"column-5\">PRO-AM<\/td><td class=\"column-6\">2<\/td>\n<\/tr>\n<tr class=\"row-16\">\n\t<td class=\"column-1\">35<\/td><td class=\"column-2\">Audi R8 LMS Ultra<\/td><td class=\"column-3\">\u00c9quipe EUROPE<\/td><td class=\"column-4\">FRA<\/td><td class=\"column-5\"><\/td><td class=\"column-6\">2<\/td>\n<\/tr>\n<tr class=\"row-17\">\n\t<td class=\"column-1\">40<\/td><td class=\"column-2\">Ford GT Matech<\/td><td class=\"column-3\">Klausen Racing<\/td><td class=\"column-4\">DEU<\/td><td class=\"column-5\">PRO-AM<\/td><td class=\"column-6\">1<\/td>\n<\/tr>\n<tr class=\"row-18\">\n\t<td class=\"column-1\">43<\/td><td class=\"column-2\">Ferrari 458 Italia GT3<\/td><td class=\"column-3\">CMR<\/td><td class=\"column-4\">FRA<\/td><td class=\"column-5\">AM<\/td><td class=\"column-6\">2<\/td>\n<\/tr>\n<tr class=\"row-19\">\n\t<td class=\"column-1\">46<\/td><td class=\"column-2\">Audi R8 LMS Blancpain Endurance<\/td><td class=\"column-3\">Pyro Motorsport<\/td><td class=\"column-4\">GBR<\/td><td class=\"column-5\">AM<\/td><td class=\"column-6\">2<\/td>\n<\/tr>\n<tr class=\"row-20\">\n\t<td class=\"column-1\">47<\/td><td class=\"column-2\">Audi R8 LMS Ultra<\/td><td class=\"column-3\">Quinntech Racing<\/td><td class=\"column-4\">GBR<\/td><td class=\"column-5\">PRO-AM<\/td><td class=\"column-6\">2<\/td>\n<\/tr>\n<tr class=\"row-21\">\n\t<td class=\"column-1\">52<\/td><td class=\"column-2\">Ferrari 458 GT3 EVO<\/td><td class=\"column-3\">Michelotto<\/td><td class=\"column-4\">ITA<\/td><td class=\"column-5\">PRO-AM<\/td><td class=\"column-6\">2<\/td>\n<\/tr>\n<tr class=\"row-22\">\n\t<td class=\"column-1\">58<\/td><td class=\"column-2\">Audi R8 LMS Ultra<\/td><td class=\"column-3\">Speed Motorsports Management<\/td><td class=\"column-4\">GER<\/td><td class=\"column-5\">AM<\/td><td class=\"column-6\">2<\/td>\n<\/tr>\n<tr class=\"row-23\">\n\t<td class=\"column-1\">59<\/td><td class=\"column-2\">Porsche 997 GT3R<\/td><td class=\"column-3\">Garage BOURGOIN<\/td><td class=\"column-4\">FRA<\/td><td class=\"column-5\"><\/td><td class=\"column-6\">2<\/td>\n<\/tr>\n<tr class=\"row-24\">\n\t<td class=\"column-1\">62<\/td><td class=\"column-2\">Aston Martin V12 Vantage GT3<\/td><td class=\"column-3\">Fanta Racing Legend by Code Classic<\/td><td class=\"column-4\">FRA<\/td><td class=\"column-5\">AM<\/td><td class=\"column-6\">2<\/td>\n<\/tr>\n<tr class=\"row-25\">\n\t<td class=\"column-1\">64<\/td><td class=\"column-2\">Audi R8 LMS Ultra<\/td><td class=\"column-3\">\u00c9quipe EUROPE<\/td><td class=\"column-4\">FRA<\/td><td class=\"column-5\">PRO-AM<\/td><td class=\"column-6\">2<\/td>\n<\/tr>\n<tr class=\"row-26\">\n\t<td class=\"column-1\">65<\/td><td class=\"column-2\">Mercedes-Benz SLS AMG GT3<\/td><td class=\"column-3\">Team Motopark<\/td><td class=\"column-4\">GER<\/td><td class=\"column-5\">AM<\/td><td class=\"column-6\">2<\/td>\n<\/tr>\n<tr class=\"row-27\">\n\t<td class=\"column-1\">76<\/td><td class=\"column-2\">Porsche 997 GT3R<\/td><td class=\"column-3\">Schumacher-IMSA<\/td><td class=\"column-4\">FRA<\/td><td class=\"column-5\">AM<\/td><td class=\"column-6\">2<\/td>\n<\/tr>\n<tr class=\"row-28\">\n\t<td class=\"column-1\">77<\/td><td class=\"column-2\">Mclaren MP4 12C GT3<\/td><td class=\"column-3\">Jordan Racing Team<\/td><td class=\"column-4\">GBR<\/td><td class=\"column-5\">AM<\/td><td class=\"column-6\">2<\/td>\n<\/tr>\n<tr class=\"row-29\">\n\t<td class=\"column-1\">78<\/td><td class=\"column-2\">Lamborghini Gallardo LP560 FL2<\/td><td class=\"column-3\">Barwell Motorsport<\/td><td class=\"column-4\">GBR<\/td><td class=\"column-5\">PRO-AM<\/td><td class=\"column-6\">2<\/td>\n<\/tr>\n<tr class=\"row-30\">\n\t<td class=\"column-1\">80<\/td><td class=\"column-2\">Porsche 997 GT3R<\/td><td class=\"column-3\">Lionspeed GP<\/td><td class=\"column-4\">GER<\/td><td class=\"column-5\">AM<\/td><td class=\"column-6\">2<\/td>\n<\/tr>\n<tr class=\"row-31\">\n\t<td class=\"column-1\">81<\/td><td class=\"column-2\">MOSLER MT900 R<\/td><td class=\"column-3\">WG BRITISH RACING<\/td><td class=\"column-4\">GBR<\/td><td class=\"column-5\">INVITATIONAL<\/td><td class=\"column-6\"><\/td>\n<\/tr>\n<tr class=\"row-32\">\n\t<td class=\"column-1\">87<\/td><td class=\"column-2\">Ferrari 458 GT3 Evo<\/td><td class=\"column-3\">Storic and Race Cars<\/td><td class=\"column-4\">FRA<\/td><td class=\"column-5\">PRO-AM<\/td><td class=\"column-6\">2<\/td>\n<\/tr>\n<tr class=\"row-33\">\n\t<td class=\"column-1\">89<\/td><td class=\"column-2\">Porsche 997 GT3R<\/td><td class=\"column-3\">Lionspeed GP<\/td><td class=\"column-4\">GER<\/td><td class=\"column-5\">AM<\/td><td class=\"column-6\">2<\/td>\n<\/tr>\n<tr class=\"row-34\">\n\t<td class=\"column-1\">90<\/td><td class=\"column-2\">Lamborghini Gallardo LP600<\/td><td class=\"column-3\">Anderson Racing Team<\/td><td class=\"column-4\">GBR<\/td><td class=\"column-5\"><\/td><td class=\"column-6\">2<\/td>\n<\/tr>\n<tr class=\"row-35\">\n\t<td class=\"column-1\">91<\/td><td class=\"column-2\">Porsche 997 GT3R<\/td><td class=\"column-3\">Endless<\/td><td class=\"column-4\">AUS<\/td><td class=\"column-5\">AM<\/td><td class=\"column-6\">2<\/td>\n<\/tr>\n<tr class=\"row-36\">\n\t<td class=\"column-1\">94<\/td><td class=\"column-2\">Aston Martin V12 Vantage GT3<\/td><td class=\"column-3\">GFS RACING<\/td><td class=\"column-4\">HUN<\/td><td class=\"column-5\">AM<\/td><td class=\"column-6\">2<\/td>\n<\/tr>\n<tr class=\"row-37\">\n\t<td class=\"column-1\">96<\/td><td class=\"column-2\">Porsche 997 Cup S<\/td><td class=\"column-3\">Marketing South<\/td><td class=\"column-4\">NZL<\/td><td class=\"column-5\"><\/td><td class=\"column-6\">1<\/td>\n<\/tr>\n<tr class=\"row-38\">\n\t<td class=\"column-1\">97<\/td><td class=\"column-2\">Porsche 997 GT3R<\/td><td class=\"column-3\">Marketing South<\/td><td class=\"column-4\">NZL<\/td><td class=\"column-5\"><\/td><td class=\"column-6\">2<\/td>\n<\/tr>\n<tr class=\"row-39\">\n\t<td class=\"column-1\">123<\/td><td class=\"column-2\">Corvette Callaway Z06R<\/td><td class=\"column-3\">SEILER Racing<\/td><td class=\"column-4\">SUI<\/td><td class=\"column-5\"><\/td><td class=\"column-6\">2<\/td>\n<\/tr>\n<tr class=\"row-40\">\n\t<td class=\"column-1\">556<\/td><td class=\"column-2\">Ferrari 458 Italia GT3 GTD<\/td><td class=\"column-3\">\u00c9quipe EUROPE<\/td><td class=\"column-4\">FRA<\/td><td class=\"column-5\">INVITATIONAL<\/td><td class=\"column-6\"><\/td>\n<\/tr>\n<tr class=\"row-41\">\n\t<td class=\"column-1\">911<\/td><td class=\"column-2\">Porsche 997 GT3R<\/td><td class=\"column-3\">Speed Motorsport Management<\/td><td class=\"column-4\">GER<\/td><td class=\"column-5\">AM<\/td><td class=\"column-6\">2<\/td>\n<\/tr>\n<tr class=\"row-42\">\n\t<td class=\"column-1\">997<\/td><td class=\"column-2\">Porsche 997 GT3R<\/td><td class=\"column-3\">Maxted-Page Motorsport<\/td><td class=\"column-4\">GBR<\/td><td class=\"column-5\"><\/td><td class=\"column-6\">2<\/td>\n<\/tr>\n<\/tbody>\n<\/table>\n<!-- #tablepress-58 from cache --><\/div>\n    <\/div>\n<\/div>\n\n\n\n<\/div>\r\n\r\n<\/div><\/div>\n<\/section>","protected":false},"excerpt":{"rendered":"<p>Liste provisoire #1 Courses de support Consulter les listes d&rsquo;engag\u00e9s provisoires Plateaux 6 \u00e0 10 Little Big Mans Porsche Classic Cup T\u00e9l\u00e9charger en PDF Driver(s)CountryCar Mike JORDAN \/ Bradley JORDANGB \/ GBPorsche 944 Turbo Cup 1987 Lionel DARMONT \/ Thomas DARMONTFR \/ FRPorsche 944 Turbo Cup 1988 Gilles BOYERFRPorsche 944 Turbo Cup 1986 Uwe KOENZENDEPorsche [&hellip;]<\/p>\n","protected":false},"author":1,"featured_media":0,"parent":15372,"menu_order":0,"comment_status":"closed","ping_status":"closed","template":"","meta":{"_breakdance_hide_in_design_set":false,"_breakdance_tags":"","footnotes":""},"class_list":["post-29984","page","type-page","status-publish","hentry"],"_links":{"self":[{"href":"https:\/\/www.lemansclassic.com\/en\/wp-json\/wp\/v2\/pages\/29984","targetHints":{"allow":["GET"]}}],"collection":[{"href":"https:\/\/www.lemansclassic.com\/en\/wp-json\/wp\/v2\/pages"}],"about":[{"href":"https:\/\/www.lemansclassic.com\/en\/wp-json\/wp\/v2\/types\/page"}],"author":[{"embeddable":true,"href":"https:\/\/www.lemansclassic.com\/en\/wp-json\/wp\/v2\/users\/1"}],"replies":[{"embeddable":true,"href":"https:\/\/www.lemansclassic.com\/en\/wp-json\/wp\/v2\/comments?post=29984"}],"version-history":[{"count":5,"href":"https:\/\/www.lemansclassic.com\/en\/wp-json\/wp\/v2\/pages\/29984\/revisions"}],"predecessor-version":[{"id":32762,"href":"https:\/\/www.lemansclassic.com\/en\/wp-json\/wp\/v2\/pages\/29984\/revisions\/32762"}],"up":[{"embeddable":true,"href":"https:\/\/www.lemansclassic.com\/en\/wp-json\/wp\/v2\/pages\/15372"}],"wp:attachment":[{"href":"https:\/\/www.lemansclassic.com\/en\/wp-json\/wp\/v2\/media?parent=29984"}],"curies":[{"name":"wp","href":"https:\/\/api.w.org\/{rel}","templated":true}]}}