{"id":31193,"date":"2025-11-25T17:24:28","date_gmt":"2025-11-25T16:24:28","guid":{"rendered":"https:\/\/www.lemansclassic.com\/?page_id=31193"},"modified":"2025-11-26T20:18:16","modified_gmt":"2025-11-26T19:18:16","slug":"maintenance","status":"publish","type":"page","link":"https:\/\/www.lemansclassic.com\/en\/maintenance\/","title":{"rendered":"Maintenance"},"content":{"rendered":"<section class=\"bde-section-31193-100 bde-section\">\n  \n  \n\t\n\n\n\n<div class=\"section-container\"><div class=\"bde-div-31193-101 bde-div\">\n  \n  \n\t\n\n\n\n<img decoding=\"async\" class=\"bde-image2-31193-102 bde-image2\" src=\"https:\/\/www.lemansclassic.com\/wp-content\/uploads\/2025\/10\/logo-lmc-legend-colo.png\" loading=\"lazy\" srcset=\"https:\/\/www.lemansclassic.com\/wp-content\/uploads\/2025\/10\/logo-lmc-legend-colo.png 957w, https:\/\/www.lemansclassic.com\/wp-content\/uploads\/2025\/10\/logo-lmc-legend-colo-298x300.png 298w, https:\/\/www.lemansclassic.com\/wp-content\/uploads\/2025\/10\/logo-lmc-legend-colo-150x150.png 150w, https:\/\/www.lemansclassic.com\/wp-content\/uploads\/2025\/10\/logo-lmc-legend-colo-768x774.png 768w, https:\/\/www.lemansclassic.com\/wp-content\/uploads\/2025\/10\/logo-lmc-legend-colo-12x12.png 12w, https:\/\/www.lemansclassic.com\/wp-content\/uploads\/2025\/10\/logo-lmc-legend-colo-300x303.png 300w, https:\/\/www.lemansclassic.com\/wp-content\/uploads\/2025\/10\/logo-lmc-legend-colo-600x605.png 600w\" sizes=\"(max-width: 957px) 100vw, 957px\"><h1 class=\"bde-heading-31193-103 bde-heading\">\nUnder maintenance\n<\/h1><div class=\"bde-fancy-divider-31193-107 bde-fancy-divider\">\n\n\n<div class=\"bde-fancy-divider__wrapper\">\n  <div class=\"bde-fancy-divider__separator\">\n  \t  <\/div>\n<\/div>\n\n<\/div><div class=\"bde-rich-text-31193-106 bde-rich-text breakdance-rich-text-styles\">\n<p data-start=\"97\" data-end=\"291\">Le site du Mans Classic est temporairement indisponible. Il est actuellement en maintenance et rouvrira \u00e0 l\u2019occasion de l\u2019ouverture de la billetterie, <strong data-start=\"275\" data-end=\"290\">jeudi 27\/11<\/strong> to <strong data-start=\"275\" data-end=\"290\">14h<\/strong> <em>(UTC+2)<\/em>. Vous pourrez acc\u00e9der \u00e0 la billetterie grand public directement sur la plateforme de l\u2019ACO, en <a href=\"https:\/\/ticket.lemansclassic.com\/\" target=\"_blank\" rel=\"noopener\">cliquant <\/a><strong data-start=\"409\" data-end=\"416\">ici.<\/strong><\/p>\n<\/div><div class=\"bde-fancy-divider-31193-110 bde-fancy-divider\">\n\n\n<div class=\"bde-fancy-divider__wrapper\">\n  <div class=\"bde-fancy-divider__separator\">\n  \t  <\/div>\n<\/div>\n\n<\/div>\n<\/div><\/div>\n<\/section>","protected":false},"excerpt":{"rendered":"<p>En maintenance Le site du Mans Classic est temporairement indisponible. Il est actuellement en maintenance et rouvrira \u00e0 l\u2019occasion de l\u2019ouverture de la billetterie, jeudi 27\/11 \u00e0 14h (UTC+2). Vous pourrez acc\u00e9der \u00e0 la billetterie grand public directement sur la plateforme de l\u2019ACO, en cliquant ici.<\/p>","protected":false},"author":1,"featured_media":0,"parent":0,"menu_order":0,"comment_status":"closed","ping_status":"closed","template":"breakdance_blank_canvas","meta":{"_breakdance_hide_in_design_set":false,"_breakdance_tags":"","footnotes":""},"class_list":["post-31193","page","type-page","status-publish","hentry"],"_links":{"self":[{"href":"https:\/\/www.lemansclassic.com\/en\/wp-json\/wp\/v2\/pages\/31193","targetHints":{"allow":["GET"]}}],"collection":[{"href":"https:\/\/www.lemansclassic.com\/en\/wp-json\/wp\/v2\/pages"}],"about":[{"href":"https:\/\/www.lemansclassic.com\/en\/wp-json\/wp\/v2\/types\/page"}],"author":[{"embeddable":true,"href":"https:\/\/www.lemansclassic.com\/en\/wp-json\/wp\/v2\/users\/1"}],"replies":[{"embeddable":true,"href":"https:\/\/www.lemansclassic.com\/en\/wp-json\/wp\/v2\/comments?post=31193"}],"version-history":[{"count":5,"href":"https:\/\/www.lemansclassic.com\/en\/wp-json\/wp\/v2\/pages\/31193\/revisions"}],"predecessor-version":[{"id":31221,"href":"https:\/\/www.lemansclassic.com\/en\/wp-json\/wp\/v2\/pages\/31193\/revisions\/31221"}],"wp:attachment":[{"href":"https:\/\/www.lemansclassic.com\/en\/wp-json\/wp\/v2\/media?parent=31193"}],"curies":[{"name":"wp","href":"https:\/\/api.w.org\/{rel}","templated":true}]}}