{"id":31461,"date":"2025-11-27T14:32:21","date_gmt":"2025-11-27T13:32:21","guid":{"rendered":"https:\/\/www.lemansclassic.com\/?page_id=31461"},"modified":"2026-02-09T10:52:05","modified_gmt":"2026-02-09T09:52:05","slug":"professionals","status":"publish","type":"page","link":"https:\/\/www.lemansclassic.com\/en\/professionnels\/","title":{"rendered":"Professionals"},"content":{"rendered":"<section class=\"bde-section-31461-127 bde-section\">\n  \n  \n\t\n\n\n\n        <div class=\"section-shape-divider-wrapper section-shape-divider-wrapper--1\">\n          <span class=\"section-shape-divider\">\n                      <svg\n                xmlns=\"http:\/\/www.w3.org\/2000\/svg\"\n                viewbox=\"0 0 1440 320\"\n                preserveaspectratio=\"none\"\n            >\n              <path fill=\"currentColor\" fill-opacity=\"1\" d=\"M0,288L1440,0L1440,320L0,320Z\"><\/path>\n            <\/svg>\n                    <\/span>\n      <\/div>\n  <div class=\"section-container\"><div class=\"bde-div-31461-128 bde-div\">\n  \n  \n\t\n\n\n\n<h6 class=\"bde-heading-31461-129 bde-heading\">\nPartnership, exhibitor &amp; visibility\n<\/h6><h2 class=\"bde-dual-heading-31461-130 bde-dual-heading\">\n\n\n            <span data-style=\"secondary\" class=\"dual-heading--secondary  js-annotate\">Professionals<\/span>\n\n\n\n<\/h2>\n<\/div><\/div>\n<\/section><section id=\"intro\" class=\"bde-section-31461-100 bde-section\">\n  \n  \n\t\n\n\n\n<div class=\"section-container\"><div class=\"bde-columns-31461-166 bde-columns\"><div class=\"bde-column-31461-177 bde-column\">\n  \n  \n\t\n\n\n\n<div class=\"bde-div-31461-186 bde-div\">\n  \n  \n\t\n\n\n\n<img decoding=\"async\" class=\"bde-image2-31461-187 bde-image2\" src=\"https:\/\/www.lemansclassic.com\/wp-content\/uploads\/2024\/11\/183-2022-lmc-04641-mbonnevie-1900.jpg\" loading=\"lazy\" srcset=\"https:\/\/www.lemansclassic.com\/wp-content\/uploads\/2024\/11\/183-2022-lmc-04641-mbonnevie-1900.jpg 1280w, https:\/\/www.lemansclassic.com\/wp-content\/uploads\/2024\/11\/183-2022-lmc-04641-mbonnevie-1900-300x450.jpg 300w, https:\/\/www.lemansclassic.com\/wp-content\/uploads\/2024\/11\/183-2022-lmc-04641-mbonnevie-1900-600x900.jpg 600w, https:\/\/www.lemansclassic.com\/wp-content\/uploads\/2024\/11\/183-2022-lmc-04641-mbonnevie-1900-200x300.jpg 200w, https:\/\/www.lemansclassic.com\/wp-content\/uploads\/2024\/11\/183-2022-lmc-04641-mbonnevie-1900-683x1024.jpg 683w, https:\/\/www.lemansclassic.com\/wp-content\/uploads\/2024\/11\/183-2022-lmc-04641-mbonnevie-1900-100x150.jpg 100w, https:\/\/www.lemansclassic.com\/wp-content\/uploads\/2024\/11\/183-2022-lmc-04641-mbonnevie-1900-768x1152.jpg 768w, https:\/\/www.lemansclassic.com\/wp-content\/uploads\/2024\/11\/183-2022-lmc-04641-mbonnevie-1900-1024x1536.jpg 1024w, https:\/\/www.lemansclassic.com\/wp-content\/uploads\/2024\/11\/183-2022-lmc-04641-mbonnevie-1900-8x12.jpg 8w\" sizes=\"(max-width: 1280px) 100vw, 1280px\"><img decoding=\"async\" class=\"bde-image2-31461-188 bde-image2\" src=\"https:\/\/www.lemansclassic.com\/wp-content\/uploads\/2025\/11\/2025-lmc-kvermeulen-plateau6-20250705-_v6_5814-1500px.jpg\" loading=\"lazy\" srcset=\"https:\/\/www.lemansclassic.com\/wp-content\/uploads\/2025\/11\/2025-lmc-kvermeulen-plateau6-20250705-_v6_5814-1500px.jpg 1500w, https:\/\/www.lemansclassic.com\/wp-content\/uploads\/2025\/11\/2025-lmc-kvermeulen-plateau6-20250705-_v6_5814-1500px-300x200.jpg 300w, https:\/\/www.lemansclassic.com\/wp-content\/uploads\/2025\/11\/2025-lmc-kvermeulen-plateau6-20250705-_v6_5814-1500px-1024x683.jpg 1024w, https:\/\/www.lemansclassic.com\/wp-content\/uploads\/2025\/11\/2025-lmc-kvermeulen-plateau6-20250705-_v6_5814-1500px-150x100.jpg 150w, https:\/\/www.lemansclassic.com\/wp-content\/uploads\/2025\/11\/2025-lmc-kvermeulen-plateau6-20250705-_v6_5814-1500px-768x512.jpg 768w, https:\/\/www.lemansclassic.com\/wp-content\/uploads\/2025\/11\/2025-lmc-kvermeulen-plateau6-20250705-_v6_5814-1500px-18x12.jpg 18w, https:\/\/www.lemansclassic.com\/wp-content\/uploads\/2025\/11\/2025-lmc-kvermeulen-plateau6-20250705-_v6_5814-1500px-600x400.jpg 600w\" sizes=\"(max-width: 1500px) 100vw, 1500px\" data-entrance=\"slideUp\">\n<\/div>\n<\/div><div class=\"bde-column-31461-167 bde-column\">\n  \n  \n\t\n\n\n\n<div class=\"bde-div-31461-171 bde-div\">\n  \n  \n\t\n\n\n\n<h6 class=\"bde-heading-31461-159 bde-heading\">\n238,000 spectators in 2025\n<\/h6><div class=\"bde-rich-text-31461-109 bde-rich-text breakdance-rich-text-styles\">\n<p><strong data-start=\"266\" data-end=\"297\">Le Mans Classic Legend 2026<\/strong> offers companies a unique opportunity to shine at the heart of an exceptional event. Many companies have already chosen to partner with this celebration of endurance, attracted by the quality of its services and its historic setting. Thanks to a wide range of high-end experiences and activations, every brand can find a place that suits it.<\/p>\n<\/div><div class=\"bde-text-31461-132 bde-text\">\nDepending on their objectives and budget, businesses can organise tailor-made Public Relations operations there: VIP welcomes, hospitality packages, targeted private events, and exclusive experiences immersed in the world of Le Mans.<br><br>Each setup is designed to enhance your brand in an environment where prestige, emotion, and sporting DNA blend perfectly.\n<\/div>\n<\/div>\n<\/div><\/div><\/div>\n<\/section><section id=\"exposants\" class=\"bde-section-31461-137 bde-section\">\n  \n  \n\t\n\n\n\n<div class=\"section-container\"><div class=\"bde-columns-31461-151 bde-columns\"><div class=\"bde-column-31461-156 bde-column\">\n  \n  \n\t\n\n\n\n<div class=\"bde-div-31461-157 bde-div\">\n  \n  \n\t\n\n\n\n<h2 class=\"bde-heading-31461-158 bde-heading\">\nExhibitors\n<\/h2><h6 class=\"bde-heading-31461-182 bde-heading\">\nQualified visitors\n<\/h6>\n<\/div><div class=\"bde-div-31461-160 bde-div\">\n  \n  \n\t\n\n\n\n<div class=\"bde-fancy-divider-31461-161 bde-fancy-divider\">\n\n\n<div class=\"bde-fancy-divider__wrapper\">\n  <div class=\"bde-fancy-divider__separator\">\n  \t  <\/div>\n<\/div>\n\n<\/div><div class=\"bde-rich-text-31461-162 bde-rich-text breakdance-rich-text-styles\">\n<p>Be part of a unique event that brings together collectors, exceptional brands, specialist workshops and enthusiasts from all over Europe. Exhibitor villages at Le Mans Classic Legend 2026 offer a premium, lively and international setting, ideal for showcasing your products, promoting your expertise and creating new business opportunities.<\/p>\n<\/div><h6 class=\"bde-heading-31461-184 bde-heading\">\nWhy should you exhibit?\n<\/h6><div class=\"bde-rich-text-31461-183 bde-rich-text breakdance-rich-text-styles\">\n<p><strong>\u2022 A qualified audience<\/strong><br \/>collectors, owners, artists, expert enthusiasts<br \/><strong>\u2022 International reach<\/strong><br \/>visitors and clubs from over 20 countries<br \/><strong>\u2022 Exceptional exhibition time<\/strong><br \/>a village where people take the time to discover... and buy<br \/><strong>\u2022 Premium visibility<\/strong><br \/>attractive stands, constant traffic, immersive atmosphere<\/p>\n<\/div><div class=\"bde-div-31461-164 bde-div\">\n  \n  \n\t\n\n\n\n<div class=\"bde-button-31461-163 bde-button\">\n    \n                                    \n    \n    \n    \n    \n            \n                    \n            \n            \n\n    \n    \n    \n    \n    \n    <a class=\"breakdance-link button-atom button-atom--primary bde-button__button\" href=\"https:\/\/peterauto.my.site.com\/s\/login\/\" target=\"_self\" data-type=\"url\"  >\n\n    \n        <span class=\"button-atom__text\">Member's login<\/span>\n\n        \n        \n                <\/a>\n\n    \n\n\n<\/div><div class=\"bde-button-31461-165 bde-button\">\n    \n                        \n                        \n    \n    \n    \n    \n            \n                    \n            \n            \n\n    \n    \n    \n    \n    \n    <a class=\"breakdance-link button-atom button-atom--secondary bde-button__button\" href=\"\/en\/account-creation\/\" target=\"_self\" data-type=\"url\"  >\n\n    \n        <span class=\"button-atom__text\">Register<\/span>\n\n        \n        \n                <\/a>\n\n    \n\n\n<\/div>\n<\/div>\n<\/div>\n<\/div><div class=\"bde-column-31461-152 bde-column\">\n  \n  \n\t\n\n\n\n<div class=\"bde-div-31461-153 bde-div\">\n  \n  \n\t\n\n\n\n<img decoding=\"async\" class=\"bde-image2-31461-154 bde-image2\" src=\"https:\/\/www.lemansclassic.com\/wp-content\/uploads\/2025\/01\/porsche-165-2022-lmc-04465-mbonnevie-1900.jpg\" loading=\"lazy\" srcset=\"https:\/\/www.lemansclassic.com\/wp-content\/uploads\/2025\/01\/porsche-165-2022-lmc-04465-mbonnevie-1900.jpg 720w, https:\/\/www.lemansclassic.com\/wp-content\/uploads\/2025\/01\/porsche-165-2022-lmc-04465-mbonnevie-1900-300x450.jpg 300w, https:\/\/www.lemansclassic.com\/wp-content\/uploads\/2025\/01\/porsche-165-2022-lmc-04465-mbonnevie-1900-600x900.jpg 600w, https:\/\/www.lemansclassic.com\/wp-content\/uploads\/2025\/01\/porsche-165-2022-lmc-04465-mbonnevie-1900-200x300.jpg 200w, https:\/\/www.lemansclassic.com\/wp-content\/uploads\/2025\/01\/porsche-165-2022-lmc-04465-mbonnevie-1900-683x1024.jpg 683w, https:\/\/www.lemansclassic.com\/wp-content\/uploads\/2025\/01\/porsche-165-2022-lmc-04465-mbonnevie-1900-100x150.jpg 100w, https:\/\/www.lemansclassic.com\/wp-content\/uploads\/2025\/01\/porsche-165-2022-lmc-04465-mbonnevie-1900-8x12.jpg 8w\" sizes=\"(max-width: 720px) 100vw, 720px\" data-entrance=\"slideUp\"><div class=\"bde-gallery-31461-155 bde-gallery\">\n\n\n  \n\n\n\n\n\n\n\n  \n\n  <div class=\"ee-gallery-swiper breakdance-swiper-wrapper\" data-swiper-id=\"155\">\n    <div class=\"swiper\">\n\n<div class=\"ee-gallery ee-gallery--gallery-slider ee-gallery--slider ee-gallery--single ee-gallery--lightbox ee-gallery-- ee-gallery--caption- ee-gallery--caption-none ee-gallery--ratio swiper-wrapper\">\n                  \n      <a class=\"ee-gallery-item ee-gallery-item--image ee-gallery-item--single swiper-slide\" href=\"https:\/\/www.lemansclassic.com\/wp-content\/uploads\/2025\/12\/2025-lmc-helicopter-village.jpg\"  data-sub-html=\"<span><\/span>\" data-category=\"1\"                  data-lg-size=\"1024-576\"\n\n      >\n        <figure class=\"ee-gallery-item-figure\">\n                        <img decoding=\"async\" class=\"breakdance-image-object\" src=\"https:\/\/www.lemansclassic.com\/wp-content\/uploads\/2025\/12\/2025-lmc-helicopter-village.jpg\" width=\"1024\" height=\"576\" srcset=\"https:\/\/www.lemansclassic.com\/wp-content\/uploads\/2025\/12\/2025-lmc-helicopter-village.jpg 1024w, https:\/\/www.lemansclassic.com\/wp-content\/uploads\/2025\/12\/2025-lmc-helicopter-village-300x169.jpg 300w, https:\/\/www.lemansclassic.com\/wp-content\/uploads\/2025\/12\/2025-lmc-helicopter-village-150x84.jpg 150w, https:\/\/www.lemansclassic.com\/wp-content\/uploads\/2025\/12\/2025-lmc-helicopter-village-768x432.jpg 768w, https:\/\/www.lemansclassic.com\/wp-content\/uploads\/2025\/12\/2025-lmc-helicopter-village-18x10.jpg 18w, https:\/\/www.lemansclassic.com\/wp-content\/uploads\/2025\/12\/2025-lmc-helicopter-village-600x338.jpg 600w\" sizes=\"auto, (max-width: 1024px) 100vw, 1024px\" loading=\"lazy\">\n          \n                  <\/figure>\n      <\/a>\n\n                \n      <a class=\"ee-gallery-item ee-gallery-item--image ee-gallery-item--single swiper-slide\" href=\"https:\/\/www.lemansclassic.com\/wp-content\/uploads\/2025\/12\/2025-lmc-6965-nzwickel.jpg\"  data-sub-html=\"<span><\/span>\" data-category=\"1\"                  data-lg-size=\"1024-683\"\n\n      >\n        <figure class=\"ee-gallery-item-figure\">\n                        <img decoding=\"async\" class=\"breakdance-image-object\" src=\"https:\/\/www.lemansclassic.com\/wp-content\/uploads\/2025\/12\/2025-lmc-6965-nzwickel.jpg\" width=\"1024\" height=\"683\" srcset=\"https:\/\/www.lemansclassic.com\/wp-content\/uploads\/2025\/12\/2025-lmc-6965-nzwickel.jpg 1024w, https:\/\/www.lemansclassic.com\/wp-content\/uploads\/2025\/12\/2025-lmc-6965-nzwickel-300x200.jpg 300w, https:\/\/www.lemansclassic.com\/wp-content\/uploads\/2025\/12\/2025-lmc-6965-nzwickel-150x100.jpg 150w, https:\/\/www.lemansclassic.com\/wp-content\/uploads\/2025\/12\/2025-lmc-6965-nzwickel-768x512.jpg 768w, https:\/\/www.lemansclassic.com\/wp-content\/uploads\/2025\/12\/2025-lmc-6965-nzwickel-18x12.jpg 18w, https:\/\/www.lemansclassic.com\/wp-content\/uploads\/2025\/12\/2025-lmc-6965-nzwickel-600x400.jpg 600w\" sizes=\"auto, (max-width: 1024px) 100vw, 1024px\" loading=\"lazy\">\n          \n                  <\/figure>\n      <\/a>\n\n                \n      <a class=\"ee-gallery-item ee-gallery-item--image ee-gallery-item--single swiper-slide\" href=\"https:\/\/www.lemansclassic.com\/wp-content\/uploads\/2025\/12\/2025-lmc-day3-davidmarvier-9179.jpg\"  data-sub-html=\"<span><\/span>\" data-category=\"1\"                  data-lg-size=\"1024-683\"\n\n      >\n        <figure class=\"ee-gallery-item-figure\">\n                        <img decoding=\"async\" class=\"breakdance-image-object\" src=\"https:\/\/www.lemansclassic.com\/wp-content\/uploads\/2025\/12\/2025-lmc-day3-davidmarvier-9179.jpg\" width=\"1024\" height=\"683\" srcset=\"https:\/\/www.lemansclassic.com\/wp-content\/uploads\/2025\/12\/2025-lmc-day3-davidmarvier-9179.jpg 1024w, https:\/\/www.lemansclassic.com\/wp-content\/uploads\/2025\/12\/2025-lmc-day3-davidmarvier-9179-300x200.jpg 300w, https:\/\/www.lemansclassic.com\/wp-content\/uploads\/2025\/12\/2025-lmc-day3-davidmarvier-9179-150x100.jpg 150w, https:\/\/www.lemansclassic.com\/wp-content\/uploads\/2025\/12\/2025-lmc-day3-davidmarvier-9179-768x512.jpg 768w, https:\/\/www.lemansclassic.com\/wp-content\/uploads\/2025\/12\/2025-lmc-day3-davidmarvier-9179-18x12.jpg 18w, https:\/\/www.lemansclassic.com\/wp-content\/uploads\/2025\/12\/2025-lmc-day3-davidmarvier-9179-600x400.jpg 600w\" sizes=\"auto, (max-width: 1024px) 100vw, 1024px\" loading=\"lazy\">\n          \n                  <\/figure>\n      <\/a>\n\n      \n  <\/div>\n\n    <\/div>\n                <div class=\"swiper-button-prev\">\n            \n        <\/div>\n        <div class=\"swiper-button-next\">\n            \n        <\/div>\n    \n            <div class=\"swiper-pagination\"><\/div>\n    \n  <\/div>\n\n\n<\/div>\n<\/div>\n<\/div><\/div><div id=\"visibilite\" class=\"bde-columns-31461-138 bde-columns\"><div class=\"bde-column-31461-139 bde-column\">\n  \n  \n\t\n\n\n\n<div class=\"bde-div-31461-140 bde-div\">\n  \n  \n\t\n\n\n\n<img decoding=\"async\" class=\"bde-image2-31461-142 bde-image2\" src=\"https:\/\/www.lemansclassic.com\/wp-content\/uploads\/2025\/01\/porsche-165-2022-lmc-04465-mbonnevie-1900.jpg\" loading=\"lazy\" srcset=\"https:\/\/www.lemansclassic.com\/wp-content\/uploads\/2025\/01\/porsche-165-2022-lmc-04465-mbonnevie-1900.jpg 720w, https:\/\/www.lemansclassic.com\/wp-content\/uploads\/2025\/01\/porsche-165-2022-lmc-04465-mbonnevie-1900-300x450.jpg 300w, https:\/\/www.lemansclassic.com\/wp-content\/uploads\/2025\/01\/porsche-165-2022-lmc-04465-mbonnevie-1900-600x900.jpg 600w, https:\/\/www.lemansclassic.com\/wp-content\/uploads\/2025\/01\/porsche-165-2022-lmc-04465-mbonnevie-1900-200x300.jpg 200w, https:\/\/www.lemansclassic.com\/wp-content\/uploads\/2025\/01\/porsche-165-2022-lmc-04465-mbonnevie-1900-683x1024.jpg 683w, https:\/\/www.lemansclassic.com\/wp-content\/uploads\/2025\/01\/porsche-165-2022-lmc-04465-mbonnevie-1900-100x150.jpg 100w, https:\/\/www.lemansclassic.com\/wp-content\/uploads\/2025\/01\/porsche-165-2022-lmc-04465-mbonnevie-1900-8x12.jpg 8w\" sizes=\"(max-width: 720px) 100vw, 720px\" data-entrance=\"slideUp\"><div class=\"bde-gallery-31461-136 bde-gallery\">\n\n\n  \n\n\n\n\n\n\n\n  \n\n  <div class=\"ee-gallery-swiper breakdance-swiper-wrapper\" data-swiper-id=\"136\">\n    <div class=\"swiper\">\n\n<div class=\"ee-gallery ee-gallery--gallery-slider ee-gallery--slider ee-gallery--single ee-gallery--lightbox ee-gallery-- ee-gallery--caption- ee-gallery--caption-none ee-gallery--ratio swiper-wrapper\">\n                  \n      <a class=\"ee-gallery-item ee-gallery-item--image ee-gallery-item--single swiper-slide\" href=\"https:\/\/www.lemansclassic.com\/wp-content\/uploads\/2025\/12\/2025-lmc-day3-davidmarvier-9746.jpg\"  data-sub-html=\"<span><\/span>\" data-category=\"1\"                  data-lg-size=\"1024-683\"\n\n      >\n        <figure class=\"ee-gallery-item-figure\">\n                        <img decoding=\"async\" class=\"breakdance-image-object\" src=\"https:\/\/www.lemansclassic.com\/wp-content\/uploads\/2025\/12\/2025-lmc-day3-davidmarvier-9746.jpg\" width=\"1024\" height=\"683\" srcset=\"https:\/\/www.lemansclassic.com\/wp-content\/uploads\/2025\/12\/2025-lmc-day3-davidmarvier-9746.jpg 1024w, https:\/\/www.lemansclassic.com\/wp-content\/uploads\/2025\/12\/2025-lmc-day3-davidmarvier-9746-300x200.jpg 300w, https:\/\/www.lemansclassic.com\/wp-content\/uploads\/2025\/12\/2025-lmc-day3-davidmarvier-9746-150x100.jpg 150w, https:\/\/www.lemansclassic.com\/wp-content\/uploads\/2025\/12\/2025-lmc-day3-davidmarvier-9746-768x512.jpg 768w, https:\/\/www.lemansclassic.com\/wp-content\/uploads\/2025\/12\/2025-lmc-day3-davidmarvier-9746-18x12.jpg 18w, https:\/\/www.lemansclassic.com\/wp-content\/uploads\/2025\/12\/2025-lmc-day3-davidmarvier-9746-600x400.jpg 600w\" sizes=\"auto, (max-width: 1024px) 100vw, 1024px\" loading=\"lazy\">\n          \n                  <\/figure>\n      <\/a>\n\n                \n      <a class=\"ee-gallery-item ee-gallery-item--image ee-gallery-item--single swiper-slide\" href=\"https:\/\/www.lemansclassic.com\/wp-content\/uploads\/2025\/12\/2025-lmc-whamdib-j3-810.jpg\"  data-sub-html=\"<span><\/span>\" data-category=\"1\"                  data-lg-size=\"682-1023\"\n\n      >\n        <figure class=\"ee-gallery-item-figure\">\n                        <img decoding=\"async\" class=\"breakdance-image-object\" src=\"https:\/\/www.lemansclassic.com\/wp-content\/uploads\/2025\/12\/2025-lmc-whamdib-j3-810.jpg\" width=\"682\" height=\"1023\" srcset=\"https:\/\/www.lemansclassic.com\/wp-content\/uploads\/2025\/12\/2025-lmc-whamdib-j3-810.jpg 682w, https:\/\/www.lemansclassic.com\/wp-content\/uploads\/2025\/12\/2025-lmc-whamdib-j3-810-200x300.jpg 200w, https:\/\/www.lemansclassic.com\/wp-content\/uploads\/2025\/12\/2025-lmc-whamdib-j3-810-100x150.jpg 100w, https:\/\/www.lemansclassic.com\/wp-content\/uploads\/2025\/12\/2025-lmc-whamdib-j3-810-8x12.jpg 8w, https:\/\/www.lemansclassic.com\/wp-content\/uploads\/2025\/12\/2025-lmc-whamdib-j3-810-300x450.jpg 300w, https:\/\/www.lemansclassic.com\/wp-content\/uploads\/2025\/12\/2025-lmc-whamdib-j3-810-600x900.jpg 600w\" sizes=\"auto, (max-width: 682px) 100vw, 682px\" loading=\"lazy\">\n          \n                  <\/figure>\n      <\/a>\n\n                \n      <a class=\"ee-gallery-item ee-gallery-item--image ee-gallery-item--single swiper-slide\" href=\"https:\/\/www.lemansclassic.com\/wp-content\/uploads\/2025\/12\/2025-lmc-loretnicolas-j2-00164.jpg\"  data-sub-html=\"<span><\/span>\" data-category=\"1\"                  data-lg-size=\"1024-683\"\n\n      >\n        <figure class=\"ee-gallery-item-figure\">\n                        <img decoding=\"async\" class=\"breakdance-image-object\" src=\"https:\/\/www.lemansclassic.com\/wp-content\/uploads\/2025\/12\/2025-lmc-loretnicolas-j2-00164.jpg\" width=\"1024\" height=\"683\" srcset=\"https:\/\/www.lemansclassic.com\/wp-content\/uploads\/2025\/12\/2025-lmc-loretnicolas-j2-00164.jpg 1024w, https:\/\/www.lemansclassic.com\/wp-content\/uploads\/2025\/12\/2025-lmc-loretnicolas-j2-00164-300x200.jpg 300w, https:\/\/www.lemansclassic.com\/wp-content\/uploads\/2025\/12\/2025-lmc-loretnicolas-j2-00164-150x100.jpg 150w, https:\/\/www.lemansclassic.com\/wp-content\/uploads\/2025\/12\/2025-lmc-loretnicolas-j2-00164-768x512.jpg 768w, https:\/\/www.lemansclassic.com\/wp-content\/uploads\/2025\/12\/2025-lmc-loretnicolas-j2-00164-18x12.jpg 18w, https:\/\/www.lemansclassic.com\/wp-content\/uploads\/2025\/12\/2025-lmc-loretnicolas-j2-00164-600x400.jpg 600w\" sizes=\"auto, (max-width: 1024px) 100vw, 1024px\" loading=\"lazy\">\n          \n                  <\/figure>\n      <\/a>\n\n      \n  <\/div>\n\n    <\/div>\n                <div class=\"swiper-button-prev\">\n            \n        <\/div>\n        <div class=\"swiper-button-next\">\n            \n        <\/div>\n    \n            <div class=\"swiper-pagination\"><\/div>\n    \n  <\/div>\n\n\n<\/div>\n<\/div>\n<\/div><div class=\"bde-column-31461-143 bde-column\">\n  \n  \n\t\n\n\n\n<div class=\"bde-div-31461-144 bde-div\">\n  \n  \n\t\n\n\n\n<h2 class=\"bde-heading-31461-145 bde-heading\">\nVisibility\n<\/h2><h6 class=\"bde-heading-31461-146 bde-heading\">\ngrowing sector\n<\/h6>\n<\/div><div class=\"bde-div-31461-147 bde-div\">\n  \n  \n\t\n\n\n\n<div class=\"bde-fancy-divider-31461-148 bde-fancy-divider\">\n\n\n<div class=\"bde-fancy-divider__wrapper\">\n  <div class=\"bde-fancy-divider__separator\">\n  \t  <\/div>\n<\/div>\n\n<\/div><div class=\"bde-rich-text-31461-149 bde-rich-text breakdance-rich-text-styles\">\n<p>The event also comes with numerous visibility opportunities, both on-site and in the official media. Our team is available to put together a personalised offer and meet your communication needs:<\/p>\n<\/div><a class=\"bde-text-link-31461-181 bde-text-link breakdance-link\" href=\"\/en\/marketing@peter.frmailto:marketing@peter.fr\/\" target=\"_self\" data-type=\"url\">\n  marketing@peter.fr\n\n<\/a>\n<\/div>\n<\/div><\/div><\/div>\n<\/section><section class=\"bde-section-31461-123 bde-section\">\n  \n  \n\t\n\n\n\n<div class=\"section-container\"><div class=\"bde-div-31461-124 bde-div\">\n  \n  \n\t\n\n\n\n<h3 class=\"bde-heading-31461-125 bde-heading\">\nContact details\n<\/h3><div class=\"bde-rich-text-31461-126 bde-rich-text breakdance-rich-text-styles\">\n<p>Company : SAVH<br \/>103 rue Lamarck, 75018 Paris, France<br \/>Phone : 01 42 59 73 40<br \/>Email : <a href=\"mailto:info@peter.fr\">info@peter.fr<\/a><\/p>\n<\/div>\n<\/div><\/div>\n<\/section>","protected":false},"excerpt":{"rendered":"<p>Partenariat, exposant &#038; visibilit\u00e9 Professionnels 238 000 Spectateurs en 2025 Le Mans Classic Legend 2026 offre aux entreprises une opportunit\u00e9 unique de rayonner au c\u0153ur d\u2019un \u00e9v\u00e9nement d\u2019exception. De nombreuses soci\u00e9t\u00e9s ont d\u00e9j\u00e0 choisi de s\u2019associer \u00e0 cette c\u00e9l\u00e9bration de l\u2019endurance, s\u00e9duites par la qualit\u00e9 de ses prestations et par son cadre charg\u00e9 d\u2019histoire. Gr\u00e2ce [&hellip;]<\/p>\n","protected":false},"author":1,"featured_media":0,"parent":0,"menu_order":0,"comment_status":"closed","ping_status":"closed","template":"","meta":{"_breakdance_hide_in_design_set":false,"_breakdance_tags":"","footnotes":""},"class_list":["post-31461","page","type-page","status-publish","hentry"],"_links":{"self":[{"href":"https:\/\/www.lemansclassic.com\/en\/wp-json\/wp\/v2\/pages\/31461","targetHints":{"allow":["GET"]}}],"collection":[{"href":"https:\/\/www.lemansclassic.com\/en\/wp-json\/wp\/v2\/pages"}],"about":[{"href":"https:\/\/www.lemansclassic.com\/en\/wp-json\/wp\/v2\/types\/page"}],"author":[{"embeddable":true,"href":"https:\/\/www.lemansclassic.com\/en\/wp-json\/wp\/v2\/users\/1"}],"replies":[{"embeddable":true,"href":"https:\/\/www.lemansclassic.com\/en\/wp-json\/wp\/v2\/comments?post=31461"}],"version-history":[{"count":5,"href":"https:\/\/www.lemansclassic.com\/en\/wp-json\/wp\/v2\/pages\/31461\/revisions"}],"predecessor-version":[{"id":32109,"href":"https:\/\/www.lemansclassic.com\/en\/wp-json\/wp\/v2\/pages\/31461\/revisions\/32109"}],"wp:attachment":[{"href":"https:\/\/www.lemansclassic.com\/en\/wp-json\/wp\/v2\/media?parent=31461"}],"curies":[{"name":"wp","href":"https:\/\/api.w.org\/{rel}","templated":true}]}}