{"id":66,"date":"2022-05-30T20:03:22","date_gmt":"2022-05-30T20:03:22","guid":{"rendered":"https:\/\/www.lemansclassic.com\/?page_id=66"},"modified":"2025-11-26T22:47:56","modified_gmt":"2025-11-26T21:47:56","slug":"accommodation","status":"publish","type":"page","link":"https:\/\/www.lemansclassic.com\/en\/informations\/hebergement\/","title":{"rendered":"Accommodation"},"content":{"rendered":"<section class=\"bde-section-66-111 bde-section\">\n  \n  \n\t\n\n\n\n        <div class=\"section-shape-divider-wrapper section-shape-divider-wrapper--1\">\n          <span class=\"section-shape-divider\">\n                      <svg\n                xmlns=\"http:\/\/www.w3.org\/2000\/svg\"\n                viewbox=\"0 0 1440 320\"\n                preserveaspectratio=\"none\"\n            >\n              <path fill=\"currentColor\" fill-opacity=\"1\" d=\"M0,288L1440,0L1440,320L0,320Z\"><\/path>\n            <\/svg>\n                    <\/span>\n      <\/div>\n  <div class=\"section-container\"><div class=\"bde-div-66-112 bde-div\">\n  \n  \n\t\n\n\n\n<h2 class=\"bde-dual-heading-66-113 bde-dual-heading\">\n\n\n            <span data-style=\"primary\" class=\"dual-heading--primary\">Accommodation<\/span>\n\n\n\n<\/h2>\n<\/div><\/div>\n<\/section><section class=\"bde-section-66-100 bde-section\">\n  \n  \n\t\n\n\n\n<div class=\"section-container\"><div class=\"bde-rich-text-66-102 bde-rich-text breakdance-rich-text-styles\">\n<p class=\"translation-block\"><a href=\"https:\/\/platform.revolugo.com\/fr\/hotels?wid=le-mans-classic-2025\" target=\"_self\">Revolugo<\/a> is the official travel partner of Peter Auto, organiser of Le Mans Classic. Your hotel booking, data, and personal information are protected and secured. To benefit from exclusive rates, and due to high demand during the event period, we recommend that you <strong>book your stay as early as possible<\/strong><\/p><p class=\"translation-block\">For any information or assistance with group enquiries as well as flight\/train bookings, please do not hesitate to contact Revolugo at +33 (0)1 80 06 62 88 or email <a href=\"mailto:reservations@revolugo.com\" target=\"_self\">reservations@revolugo.com<\/a>.<\/p>\n<\/div><div class=\"bde-code-block-66-101 bde-code-block\">\n\n  <script id=\"revolugo-widget\" src=\"https:\/\/widget.revolugo.com\/embed\" data-wid=\"le-mans-classic-2026\"><\/script>\n\n\n<\/div><\/div>\n<\/section>","protected":false},"excerpt":{"rendered":"<p>H\u00e9bergement Revolugo est l\u2019agence de voyage partenaire officielle de Peter Auto, organisateur du Mans Classic. Votre r\u00e9servation d\u2019h\u00f4tels, vos donn\u00e9es et informations personnelles sont prot\u00e9g\u00e9es et s\u00e9curis\u00e9es. Afin de b\u00e9n\u00e9ficier de tarifs exclusifs, et du fait d\u2019une forte demande pendant la p\u00e9riode de l\u2019\u00e9v\u00e8nement, nous vous recommandons de r\u00e9server votre s\u00e9jour le plus t\u00f4t possible.Pour [&hellip;]<\/p>\n","protected":false},"author":1,"featured_media":0,"parent":238,"menu_order":0,"comment_status":"closed","ping_status":"closed","template":"","meta":{"_breakdance_hide_in_design_set":false,"_breakdance_tags":"","footnotes":""},"class_list":["post-66","page","type-page","status-publish","hentry"],"_links":{"self":[{"href":"https:\/\/www.lemansclassic.com\/en\/wp-json\/wp\/v2\/pages\/66","targetHints":{"allow":["GET"]}}],"collection":[{"href":"https:\/\/www.lemansclassic.com\/en\/wp-json\/wp\/v2\/pages"}],"about":[{"href":"https:\/\/www.lemansclassic.com\/en\/wp-json\/wp\/v2\/types\/page"}],"author":[{"embeddable":true,"href":"https:\/\/www.lemansclassic.com\/en\/wp-json\/wp\/v2\/users\/1"}],"replies":[{"embeddable":true,"href":"https:\/\/www.lemansclassic.com\/en\/wp-json\/wp\/v2\/comments?post=66"}],"version-history":[{"count":5,"href":"https:\/\/www.lemansclassic.com\/en\/wp-json\/wp\/v2\/pages\/66\/revisions"}],"predecessor-version":[{"id":31289,"href":"https:\/\/www.lemansclassic.com\/en\/wp-json\/wp\/v2\/pages\/66\/revisions\/31289"}],"up":[{"embeddable":true,"href":"https:\/\/www.lemansclassic.com\/en\/wp-json\/wp\/v2\/pages\/238"}],"wp:attachment":[{"href":"https:\/\/www.lemansclassic.com\/en\/wp-json\/wp\/v2\/media?parent=66"}],"curies":[{"name":"wp","href":"https:\/\/api.w.org\/{rel}","templated":true}]}}