{"id":21541,"date":"2024-07-31T14:45:39","date_gmt":"2024-07-31T13:45:39","guid":{"rendered":"https:\/\/www.lemansclassic.com\/?page_id=21541"},"modified":"2026-02-17T15:22:38","modified_gmt":"2026-02-17T14:22:38","slug":"mentions-legales","status":"publish","type":"page","link":"https:\/\/www.lemansclassic.com\/fr\/mentions-legales\/","title":{"rendered":"Mentions l\u00e9gales"},"content":{"rendered":"<section class=\"bde-section-21541-116 bde-section\">\n  \n  \n\t\n\n\n\n        <div class=\"section-shape-divider-wrapper section-shape-divider-wrapper--1\">\n          <span class=\"section-shape-divider\">\n                      <svg\n                xmlns=\"http:\/\/www.w3.org\/2000\/svg\"\n                viewBox=\"0 0 1440 320\"\n                preserveAspectRatio=\"none\"\n            >\n              <path fill=\"currentColor\" fill-opacity=\"1\" d=\"M0,288L1440,0L1440,320L0,320Z\"><\/path>\n            <\/svg>\n                    <\/span>\n      <\/div>\n  <div class=\"section-container\"><div class=\"bde-div-21541-117 bde-div\">\n  \n  \n\t\n\n\n\n<h2 class=\"bde-dual-heading-21541-118 bde-dual-heading\">\n\n\n            <span data-style=\"primary\" class=\"dual-heading--primary  \">Mentions<\/span>\n\n            <span data-style=\"secondary\" class=\"dual-heading--secondary  js-annotate\">l\u00e9gales<\/span>\n\n\n\n<\/h2>\n<\/div><\/div>\n<\/section><section class=\"bde-section-21541-100 bde-section\">\n  \n  \n\t\n\n\n\n<div class=\"section-container\"><div class=\"bde-text-21541-103 bde-text\">\nConform\u00e9ment aux dispositions de la loi n\u00b0 2004-575 du 21 juin 2004 pour la confiance en l'\u00e9conomie num\u00e9rique, il est pr\u00e9cis\u00e9 aux utilisateurs du site Le Mans Classic l'identit\u00e9 des diff\u00e9rents intervenants dans le cadre de sa r\u00e9alisation et de son suivi\n<\/div><h4 class=\"bde-heading-21541-105 bde-heading\">\nEdition du site\n<\/h4><div class=\"bde-text-21541-110 bde-text\">\nLe pr\u00e9sent site, accessible \u00e0 l\u2019URL www.lemansclassic.com (le \u00ab Site \u00bb), est \u00e9dit\u00e9 par :<br>SAVH , soci\u00e9t\u00e9 au capital de 40000 euros, inscrite au R.C.S. de PARIS sous le num\u00e9ro 439 162 892 R.C.S. Paris, dont le si\u00e8ge social est situ\u00e9 au 103 rue Lamarck 75018 Paris, repr\u00e9sent\u00e9(e) par Marc Ouayoun d\u00fbment habilit\u00e9(e)<br>Le num\u00e9ro individuel TVA de l\u2019\u00e9diteur est : FR59439162892.\n<\/div><h4 class=\"bde-heading-21541-106 bde-heading\">\nH\u00e9bergement\n<\/h4><div class=\"bde-text-21541-112 bde-text\">\nLe Site est h\u00e9berg\u00e9 par la soci\u00e9t\u00e9 Kinsta Inc., situ\u00e9 8605 Santa Monica Blvd #92581 West Hollywood, CA 90069 - \u00c9tats-Unis, (contact t\u00e9l\u00e9phonique ou email : +18886102915).\n<\/div><h4 class=\"bde-heading-21541-107 bde-heading\">\nDirecteur de publication\n<\/h4><div class=\"bde-text-21541-113 bde-text\">\nLe Directeur de la publication du Site est Marc Ouayoun.\n<\/div><h4 class=\"bde-heading-21541-108 bde-heading\">\nNous contacter\n<\/h4><div class=\"bde-text-21541-114 bde-text\">\nPar t\u00e9l\u00e9phone : +33142597340<br>Par email : info@lemansclassic.com<br>Par courrier : 103 rue Lamarck 75018 Paris\n<\/div><h4 class=\"bde-heading-21541-109 bde-heading\">\nDonn\u00e9es personnelles\n<\/h4><div class=\"bde-rich-text-21541-115 bde-rich-text breakdance-rich-text-styles\">\n<p>Le traitement de vos donn\u00e9es \u00e0 caract\u00e8re personnel est r\u00e9gi par notre Charte du respect de la vie priv\u00e9e, disponible depuis la section <a href=\"\/fr\/politique-de-confidentialite\/\">\"Politique de confidentialit\u00e9\"<\/a>, conform\u00e9ment au R\u00e8glement G\u00e9n\u00e9ral sur la Protection des Donn\u00e9es 2016\/679 du 27 avril 2016 (\u00abRGPD\u00bb).<\/p>\n<\/div><\/div>\n<\/section>","protected":false},"excerpt":{"rendered":"<p>Mentions l\u00e9gales Conform\u00e9ment aux dispositions de la loi n\u00b0 2004-575 du 21 juin 2004 pour la confiance en l&rsquo;\u00e9conomie num\u00e9rique, il est pr\u00e9cis\u00e9 aux utilisateurs du site Le Mans Classic l&rsquo;identit\u00e9 des diff\u00e9rents intervenants dans le cadre de sa r\u00e9alisation et de son suivi Edition du site Le pr\u00e9sent site, accessible \u00e0 l\u2019URL www.lemansclassic.com (le [&hellip;]<\/p>\n","protected":false},"author":1,"featured_media":0,"parent":0,"menu_order":0,"comment_status":"closed","ping_status":"closed","template":"","meta":{"_breakdance_hide_in_design_set":false,"_breakdance_tags":"","footnotes":""},"class_list":["post-21541","page","type-page","status-publish","hentry"],"_links":{"self":[{"href":"https:\/\/www.lemansclassic.com\/fr\/wp-json\/wp\/v2\/pages\/21541","targetHints":{"allow":["GET"]}}],"collection":[{"href":"https:\/\/www.lemansclassic.com\/fr\/wp-json\/wp\/v2\/pages"}],"about":[{"href":"https:\/\/www.lemansclassic.com\/fr\/wp-json\/wp\/v2\/types\/page"}],"author":[{"embeddable":true,"href":"https:\/\/www.lemansclassic.com\/fr\/wp-json\/wp\/v2\/users\/1"}],"replies":[{"embeddable":true,"href":"https:\/\/www.lemansclassic.com\/fr\/wp-json\/wp\/v2\/comments?post=21541"}],"version-history":[{"count":4,"href":"https:\/\/www.lemansclassic.com\/fr\/wp-json\/wp\/v2\/pages\/21541\/revisions"}],"predecessor-version":[{"id":32330,"href":"https:\/\/www.lemansclassic.com\/fr\/wp-json\/wp\/v2\/pages\/21541\/revisions\/32330"}],"wp:attachment":[{"href":"https:\/\/www.lemansclassic.com\/fr\/wp-json\/wp\/v2\/media?parent=21541"}],"curies":[{"name":"wp","href":"https:\/\/api.w.org\/{rel}","templated":true}]}}