{"id":233,"date":"2022-05-31T15:20:41","date_gmt":"2022-05-31T15:20:41","guid":{"rendered":"https:\/\/www.lemansclassic.com\/?page_id=233"},"modified":"2025-11-26T22:46:12","modified_gmt":"2025-11-26T21:46:12","slug":"plans-acces","status":"publish","type":"page","link":"https:\/\/www.lemansclassic.com\/fr\/informations\/plans-acces\/","title":{"rendered":"Plans &#038; acc\u00e8s"},"content":{"rendered":"<section class=\"bde-section-233-179 bde-section\">\n              \n  \n  \n\t    \n      <div class=\"section-background-video\">\n              <video\n          autoplay\n          muted\n                      playsinline\n                                loop\n                              poster=\"https:\/\/staging-lemansclassic.kinsta.cloud\/wp-content\/uploads\/2024\/09\/20230702-lmc23_whamdi.b-256_lmcclubs.jpg\"\n                >\n        <source src=\"https:\/\/staging-lemansclassic.kinsta.cloud\/wp-content\/uploads\/2024\/11\/clubs-lmc-v1-web-1080-handbrake.mp4\" type=\"video\/mp4\" \/>\n      <\/video>\n      <\/div>\n\n\n  <div class=\"section-background-overlay\"><\/div>\n\n\n        <div class=\"section-shape-divider-wrapper section-shape-divider-wrapper--1\">\n          <span class=\"section-shape-divider\">\n                      <svg\n                xmlns=\"http:\/\/www.w3.org\/2000\/svg\"\n                viewBox=\"0 0 1440 320\"\n                preserveAspectRatio=\"none\"\n            >\n              <path fill=\"currentColor\" fill-opacity=\"1\" d=\"M0,128L120,117.3C240,107,480,85,720,112C960,139,1200,213,1320,250.7L1440,288L1440,320L1320,320C1200,320,960,320,720,320C480,320,240,320,120,320L0,320Z\"><\/path>\n            <\/svg>\n                    <\/span>\n      <\/div>\n  <div class=\"section-container\"><h4 class=\"bde-heading-233-180 bde-heading\">\nInformations\n<\/h4><h1 class=\"bde-heading-233-181 bde-heading\">Plans &#038; acc\u00e8s<\/h1><\/div>\n<\/section><section class=\"bde-section-233-129 bde-section\">\n  \n  \n\t\n\n\n\n<div class=\"section-container\"><div class=\"bde-rich-text-233-130 bde-rich-text breakdance-rich-text-styles\">\n<p>Le Mans Classic, c\u2019est presque une petite cit\u00e9 et il faut pouvoir s\u2019y retrouver\u00a0! Pour cela nous mettons dans cette rubrique quatre plans pour vous aider \u00e0 vous situer\u00a0:<\/p><ul><li><strong>Le plan g\u00e9n\u00e9ral<\/strong>, un peu dense mais qui vous indique pratiquement tous les points d\u2019int\u00e9r\u00eat. Vous en retrouverez plusieurs en grand format \u00e0 l\u2019int\u00e9rieur du circuit<\/li><li><strong>Le plan d\u2019implantation des clubs<\/strong>\u00a0afin que vous puissiez commencer \u00e0 vous diriger vers celui de votre constructeur pr\u00e9f\u00e9r\u00e9 dans l\u2019enclos r\u00e9serv\u00e9 aux clubs de marque, ou vers l\u2019Espace Collection pour d\u00e9ambuler au milieu du puzzle form\u00e9 par toutes les voitures de toutes les marques. Ou bien faire l\u2019inverse\u00a0!<\/li><li><strong>Le plan des Tribunes\u00a0<\/strong>si vous avez pu y r\u00e9server des places...<\/li><\/ul>\n<\/div><div class=\"bde-div-233-177 bde-div\">\n  \n  \n\t\n\n\n\n<h5 class=\"bde-heading-233-178 bde-heading\">\nProchainement disponible\n<\/h5><div class=\"bde-div-233-171 bde-div\">\n  \n  \n\t\n\n\n\n<div class=\"bde-button-233-172 bde-button\">\n    \n                        \n                        \n    \n    \n    \n    \n            \n                    \n            \n            \n\n    \n    \n    \n    \n    \n    <a class=\"breakdance-link button-atom button-atom--secondary bde-button__button\" href=\"#\" target=\"_self\" data-type=\"url\"  >\n\n    \n        <span class=\"button-atom__text\">Plan g\u00e9n\u00e9ral<\/span>\n\n        \n        \n                <\/a>\n\n    \n\n\n<\/div><div class=\"bde-button-233-173 bde-button\">\n    \n                        \n                        \n    \n    \n    \n    \n            \n                    \n            \n            \n\n    \n    \n    \n    \n    \n    <a class=\"breakdance-link button-atom button-atom--secondary bde-button__button\" href=\"#\" target=\"_self\" data-type=\"url\"  >\n\n    \n        <span class=\"button-atom__text\">Plan d'acc\u00e8s PMR<\/span>\n\n        \n        \n                <\/a>\n\n    \n\n\n<\/div>\n<\/div><div class=\"bde-div-233-174 bde-div\">\n  \n  \n\t\n\n\n\n<div class=\"bde-button-233-175 bde-button\">\n    \n                        \n                        \n    \n    \n    \n    \n            \n                    \n            \n            \n\n    \n    \n    \n    \n    \n    <a class=\"breakdance-link button-atom button-atom--secondary bde-button__button\" href=\"#\" target=\"_self\" data-type=\"url\"  >\n\n    \n        <span class=\"button-atom__text\">Implantations des clubs<\/span>\n\n        \n        \n                <\/a>\n\n    \n\n\n<\/div><div class=\"bde-button-233-176 bde-button\">\n    \n                        \n                        \n    \n    \n    \n    \n            \n                    \n            \n            \n\n    \n    \n    \n    \n    \n    <a class=\"breakdance-link button-atom button-atom--secondary bde-button__button\" href=\"#\" target=\"_self\" data-type=\"url\"  >\n\n    \n        <span class=\"button-atom__text\">Plan des villages<\/span>\n\n        \n        \n                <\/a>\n\n    \n\n\n<\/div>\n<\/div>\n<\/div><\/div>\n<\/section><section class=\"bde-section-233-135 bde-section\">\n  \n  \n\t\n\n\n\n<div class=\"section-container\"><h1 class=\"bde-heading-233-136 bde-heading\">\nAcc\u00e8s\n<\/h1><div class=\"bde-rich-text-233-137 bde-rich-text breakdance-rich-text-styles\">\n<p>En voiture, en train, en avion, en bus, en tramway, en taxi\u2026 tous les chemins m\u00e8nent au Mans !<\/p>\n<\/div><div class=\"bde-accordion-233-138 bde-accordion bde-accordion--bordered\"><div class=\"bde-accordion__content-wrapper-233-139 bde-accordion__content-wrapper\">\n<h3 class=\"bde-accordion__title-tag\">\n  <button type=\"button\" class=\"bde-accordion__button\" id=\"accordion-button-139\" aria-controls=\"accordion-panel-139\" aria-expanded=\"false\">\n     <span class=\"bde-accordion__title\" >Ce qui se tram(e) pour y aller !<\/span>\n     <span class=\"bde-accordion__icon bde-accordion__icon--default\"><\/span>\n     <span class=\"bde-accordion__icon bde-accordion__icon--active\"><\/span>\n  <\/button>\n<\/h3>\n\n<div role=\"region\" class=\"bde-accordion__panel\" id=\"accordion-panel-139\" aria-labelledby=\"accordion-button-139\">\n    <div class=\"bde-accordion__panel-content\">\n        <div class=\"bde-text-233-140 bde-text\">\n\u00c9vitez les bouchons et arrivez sereinement gr\u00e2ce aux transports en commun !  Retrouvez toutes les informations sur le site de notre partenaire\n<\/div><div class=\"bde-button-233-147 bde-button\">\n    \n                                    \n    \n    \n    \n    \n            \n                    \n            \n            \n\n    \n    \n    \n    \n    \n    <a class=\"breakdance-link button-atom button-atom--primary bde-button__button\" href=\"https:\/\/www.setram.fr\/event\/NDA-Acces-Circuit.html\" target=\"_blank\" data-type=\"url\"  >\n\n    \n        <span class=\"button-atom__text\">Setram Le Mans<\/span>\n\n        \n        \n                <\/a>\n\n    \n\n\n<\/div><div class=\"bde-text-233-168 bde-text\">\n\ud83d\ude8b TRAMWAY<br><br>Prenez la ligne T2 en direction d\u2019Antar\u00e8s - Stade Marie Marvingt et descendez au terminus.<br><br>\u27a1\ufe0f Acc\u00e8s direct au circuit par la Porte Est.<br>\ud83d\udd52 Un tram toutes les 4 \u00e0 7 minutes de 8h \u00e0 21h<br><br>Vendredi 4 Juillet<br>\ud83d\udd52 Premiers d\u00e9parts d'Antar\u00e8s-Stade Marie Marvingt : 04h52, 04h59, 05h04.<br>       Derniers d\u00e9parts d'Antar\u00e8s-Stade Marie Marvingt : 01h39, 02h33 et 03h30.<br><br>Samedi 5  Juillet<br>\ud83d\udd52 Premiers d\u00e9parts d'Antar\u00e8s-Stade Marie Marvingt : 04h52, 05h00, 05h08.<br>       Derniers d\u00e9parts d'Antar\u00e8s-Stade Marie Marvingt : 01h39, 02h33 et 03h30.<br><br>Dimanche 6 Juillet<br>\ud83d\udd52 Premiers d\u00e9parts d'Antar\u00e8s-Stade Marie Marvingt : 04h53, 05h03, 05h23.<br>       Derniers d\u00e9parts d'Antar\u00e8s-Stade Marie Marvingt : 23h44, 23h56 et 00h10.<br><br>\ud83d\udccd Plan des lignes (https:\/\/www.setram.fr\/upload\/2025_plans\/SETRAM_Plan-General_juin-2025.pdf?rand=97)<br><br><br>\ud83d\ude8c BUS<br><br>Empruntez la ligne 5 depuis l\u2019arr\u00eat Viaducs (correspondance tram 1 ou 2).<br>\u27a1\ufe0f Descendez \u00e0 l\u2019arr\u00eat \u201cOasis - Centre des expositions\u201d pour acc\u00e9der \u00e0 la Porte Nord.<br>\ud83d\udd52 Consultez la fiche horaire\"\n<\/div>\n    <\/div>\n<\/div>\n\n\n\n<\/div><div class=\"bde-accordion__content-wrapper-233-148 bde-accordion__content-wrapper\">\n<h3 class=\"bde-accordion__title-tag\">\n  <button type=\"button\" class=\"bde-accordion__button\" id=\"accordion-button-148\" aria-controls=\"accordion-panel-148\" aria-expanded=\"false\">\n     <span class=\"bde-accordion__title\" >Voiture, v\u00e9lo, moto & taxis<\/span>\n     <span class=\"bde-accordion__icon bde-accordion__icon--default\"><\/span>\n     <span class=\"bde-accordion__icon bde-accordion__icon--active\"><\/span>\n  <\/button>\n<\/h3>\n\n<div role=\"region\" class=\"bde-accordion__panel\" id=\"accordion-panel-148\" aria-labelledby=\"accordion-button-148\">\n    <div class=\"bde-accordion__panel-content\">\n        <div class=\"bde-div-233-149 bde-div\">\n  \n  \n\t\n\n\n\n<h4 class=\"bde-heading-233-150 bde-heading\">\nV\u00e9lo\n<\/h4><div class=\"bde-text-233-151 bde-text\">\nDes parkings v\u00e9los (non gardienn\u00e9s) seront mis en place : <br>- \u00e0 la porte Est<br>- \u00e0 la porte Panorama (c\u00f4t\u00e9 parking)<br>- \u00e0 la porte Karting Pi\u00e9tons<br>- \u00e0 la porte Maison Blanche et Annexe (c\u00f4t\u00e9 parking Ouest)<br>- sur le parking Expo (proche Porte Nord)\n<\/div><h4 class=\"bde-heading-233-166 bde-heading\">\nVoiture & moto\n<\/h4><div class=\"bde-text-233-167 bde-text\">\nNous vous recommandons vivement d\u2019identifier \u00e0 l\u2019avance le type de billet en votre possession (parking, aire d\u2019accueil, etc.) afin de suivre l\u2019itin\u00e9raire correspondant \u00e0 la couleur indiqu\u00e9e sur votre billet. Cela facilitera votre arriv\u00e9e et contribuera \u00e0 fluidifier le trafic autour du circuit.<br><br>Pour un trajet optimis\u00e9, n\u2019h\u00e9sitez pas \u00e0 utiliser les QR Codes Waze disponibles sur votre billet, qui vous guideront directement vers le bon point d\u2019entr\u00e9e.<br><br>En cas de doute, pensez \u00e0 consulter en amont le plan carroy\u00e9 du circuit (+ lien).<br><br>de Paris \u2013 205 km \u2013 2 h 00 (A11)<br>de Rouen \u2013 210 km \u2013 2 h 15 (A 28)<br>de Nantes \u2013 183 km \u2013 1 h 40 (A11)<br>de Rennes \u2013 161 km \u2013 1 h 35 (A81, E50)<br>de Caen \u2013 160 km \u2013 2 h (A88, A28)<br>de Tours \u2013 102 km \u2013 1 h 30 (A28)<br>d\u2019Alen\u00e7on \u2013 53 km \u2013 40 min<br>de Bordeaux \u2013 425 km \u2013 4 h 20 (A28, A10)<br><br>Aucun service de covoiturage officiel n\u2019est propos\u00e9 sur notre site.<br>Cependant, vous avez bien s\u00fbr la possibilit\u00e9 d\u2019organiser votre venue par vos propres moyens, via des plateformes externes comme BlaBlaCar.\n<\/div>\n<\/div><div class=\"bde-div-233-152 bde-div\">\n  \n  \n\t\n\n\n\n<h4 class=\"bde-heading-233-153 bde-heading\">\nTaxis\n<\/h4><div class=\"bde-text-233-154 bde-text\">\nPlusieurs compagnies de taxi assurent des trajets vers le Circuit des 24 Heures du Mans, de jour comme de nuit :<br><br>- Radio Taxi Le Mans \u2013 service 24h\/24, 7j\/7 : 02 43 24 92 92<br>- ABC Taxi : 02 43 42 42 42<br>- Taxis Alliance : 02 43 21 23 05<br>- Central Taxis : 02 43 88 88 88<br><br>N\u2019h\u00e9sitez pas \u00e0 r\u00e9server votre course \u00e0 l\u2019avance, notamment lors des temps forts de l\u2019\u00e9v\u00e9nement.\"\n<\/div>\n<\/div>\n    <\/div>\n<\/div>\n\n\n\n<\/div><div class=\"bde-accordion__content-wrapper-233-155 bde-accordion__content-wrapper\">\n<h3 class=\"bde-accordion__title-tag\">\n  <button type=\"button\" class=\"bde-accordion__button\" id=\"accordion-button-155\" aria-controls=\"accordion-panel-155\" aria-expanded=\"false\">\n     <span class=\"bde-accordion__title\" >TGV<\/span>\n     <span class=\"bde-accordion__icon bde-accordion__icon--default\"><\/span>\n     <span class=\"bde-accordion__icon bde-accordion__icon--active\"><\/span>\n  <\/button>\n<\/h3>\n\n<div role=\"region\" class=\"bde-accordion__panel\" id=\"accordion-panel-155\" aria-labelledby=\"accordion-button-155\">\n    <div class=\"bde-accordion__panel-content\">\n        <div class=\"bde-text-233-156 bde-text\">\n\ud83d\udccd Consultez la carte des lignes TER pour rep\u00e9rer votre gare la plus proche.<br><br>TGV \u2013 Le Mans, au c\u0153ur du r\u00e9seau. La Gare du Mans est desservie par des TGV directs depuis de nombreuses grandes villes :<br>Paris Montparnasse \u2013 1h<br>A\u00e9roport d\u2019Orly \u2013 1h22<br>Rennes \u2013 1h25<br>Nantes \u2013 1h30<br>Roissy-CDG \u2013 1h40<br>Lille \u2013 2h40<br>Bruxelles \u2013 3h30<br>Lyon \u2013 3h<br>Grenoble \u2013 4h30<br>Marseille \u2013 5h<br>Londres \u2013 5h<br><br>\ud83d\ude8d Depuis la gare du Mans, plusieurs options pour rejoindre le circuit :<br>Ligne 5 : acc\u00e8s \u00e0 l\u2019arr\u00eat OASIS, \u00e0 quelques minutes \u00e0 pied de la Porte Nord.<br>Tramway ligne T1 : direction Antar\u00e8s - Stade Marie Marvingt, descendez au terminus pour acc\u00e9der \u00e0 la Porte Est.\"\n<\/div><div class=\"bde-button-233-157 bde-button\">\n    \n                                    \n    \n    \n    \n    \n            \n                    \n            \n            \n\n    \n    \n    \n    \n    \n    <a class=\"breakdance-link button-atom button-atom--primary bde-button__button\" href=\"https:\/\/www.sncf-connect.com\/app\/home\/search\/od\" target=\"_blank\" data-type=\"url\"  >\n\n    \n        <span class=\"button-atom__text\">SNCF Connect<\/span>\n\n        \n        \n                <\/a>\n\n    \n\n\n<\/div>\n    <\/div>\n<\/div>\n\n\n\n<\/div><div class=\"bde-accordion__content-wrapper-233-158 bde-accordion__content-wrapper\">\n<h3 class=\"bde-accordion__title-tag\">\n  <button type=\"button\" class=\"bde-accordion__button\" id=\"accordion-button-158\" aria-controls=\"accordion-panel-158\" aria-expanded=\"false\">\n     <span class=\"bde-accordion__title\" >Avion<\/span>\n     <span class=\"bde-accordion__icon bde-accordion__icon--default\"><\/span>\n     <span class=\"bde-accordion__icon bde-accordion__icon--active\"><\/span>\n  <\/button>\n<\/h3>\n\n<div role=\"region\" class=\"bde-accordion__panel\" id=\"accordion-panel-158\" aria-labelledby=\"accordion-button-158\">\n    <div class=\"bde-accordion__panel-content\">\n        <div class=\"bde-rich-text-233-159 bde-rich-text breakdance-rich-text-styles\">\n<p>\u00a0<a href=\"https:\/\/lemans.aeroport.fr\/\" target=\"_blank\" rel=\"noopener\">L\u2019a\u00e9rodrome Le Mans-Arnage<\/a> est situ\u00e9 aux abords imm\u00e9diats du circuit. Il dispose d\u2019une piste de 1 420 m\u00e8tres, compatible IFR et ILS, id\u00e9ale pour l\u2019aviation d\u2019affaires. Pour toute information compl\u00e9mentaire, vous pouvez contacter l\u2019a\u00e9rodrome au 02 43 84 00 43.\"<\/p>\n<\/div><div class=\"bde-button-233-160 bde-button\">\n    \n                                    \n    \n    \n    \n    \n            \n                    \n            \n            \n\n    \n    \n    \n    \n    \n    <a class=\"breakdance-link button-atom button-atom--primary bde-button__button\" href=\"https:\/\/lemans.aeroport.fr\/\" target=\"_blank\" data-type=\"url\"  >\n\n    \n        <span class=\"button-atom__text\">A\u00e9roport<\/span>\n\n        \n        \n                <\/a>\n\n    \n\n\n<\/div>\n    <\/div>\n<\/div>\n\n\n\n<\/div>\r\n\r\n<\/div><\/div>\n<\/section>","protected":false},"excerpt":{"rendered":"<p>Informations Plans &#038; acc\u00e8s Le Mans Classic, c\u2019est presque une petite cit\u00e9 et il faut pouvoir s\u2019y retrouver\u00a0! Pour cela nous mettons dans cette rubrique quatre plans pour vous aider \u00e0 vous situer\u00a0:Le plan g\u00e9n\u00e9ral, un peu dense mais qui vous indique pratiquement tous les points d\u2019int\u00e9r\u00eat. Vous en retrouverez plusieurs en grand format \u00e0 [&hellip;]<\/p>\n","protected":false},"author":1,"featured_media":0,"parent":238,"menu_order":0,"comment_status":"closed","ping_status":"closed","template":"","meta":{"_breakdance_hide_in_design_set":false,"_breakdance_tags":"","footnotes":""},"class_list":["post-233","page","type-page","status-publish","hentry"],"_links":{"self":[{"href":"https:\/\/www.lemansclassic.com\/fr\/wp-json\/wp\/v2\/pages\/233","targetHints":{"allow":["GET"]}}],"collection":[{"href":"https:\/\/www.lemansclassic.com\/fr\/wp-json\/wp\/v2\/pages"}],"about":[{"href":"https:\/\/www.lemansclassic.com\/fr\/wp-json\/wp\/v2\/types\/page"}],"author":[{"embeddable":true,"href":"https:\/\/www.lemansclassic.com\/fr\/wp-json\/wp\/v2\/users\/1"}],"replies":[{"embeddable":true,"href":"https:\/\/www.lemansclassic.com\/fr\/wp-json\/wp\/v2\/comments?post=233"}],"version-history":[{"count":5,"href":"https:\/\/www.lemansclassic.com\/fr\/wp-json\/wp\/v2\/pages\/233\/revisions"}],"predecessor-version":[{"id":31285,"href":"https:\/\/www.lemansclassic.com\/fr\/wp-json\/wp\/v2\/pages\/233\/revisions\/31285"}],"up":[{"embeddable":true,"href":"https:\/\/www.lemansclassic.com\/fr\/wp-json\/wp\/v2\/pages\/238"}],"wp:attachment":[{"href":"https:\/\/www.lemansclassic.com\/fr\/wp-json\/wp\/v2\/media?parent=233"}],"curies":[{"name":"wp","href":"https:\/\/api.w.org\/{rel}","templated":true}]}}