{"id":23482,"date":"2024-10-23T12:06:45","date_gmt":"2024-10-23T11:06:45","guid":{"rendered":"https:\/\/www.lemansclassic.com\/?page_id=23482"},"modified":"2025-11-27T10:06:11","modified_gmt":"2025-11-27T09:06:11","slug":"modeles-eligibles","status":"publish","type":"page","link":"https:\/\/www.lemansclassic.com\/fr\/competition\/modeles-eligibles\/","title":{"rendered":"Mod\u00e8les \u00e9ligibles"},"content":{"rendered":"<section class=\"bde-section-23482-106 bde-section\">\n  \n  \n\t\n\n\n\n        <div class=\"section-shape-divider-wrapper section-shape-divider-wrapper--1\">\n          <span class=\"section-shape-divider\">\n                      <svg\n                xmlns=\"http:\/\/www.w3.org\/2000\/svg\"\n                viewBox=\"0 0 1440 320\"\n                preserveAspectRatio=\"none\"\n            >\n              <path fill=\"currentColor\" fill-opacity=\"1\" d=\"M0,288L1440,0L1440,320L0,320Z\"><\/path>\n            <\/svg>\n                    <\/span>\n      <\/div>\n  <div class=\"section-container\"><div class=\"bde-div-23482-107 bde-div\">\n  \n  \n\t\n\n\n\n<div class=\"bde-code-block-23482-103 bde-code-block\">\n\n      <a href=\"https:\/\/www.lemansclassic.com\/fr\/competition\/\" >\n    < Comp\u00e9tition    <\/a>\n\n\n\n<\/div><h2 class=\"bde-dual-heading-23482-109 bde-dual-heading\">\n\n\n            <span data-style=\"primary\" class=\"dual-heading--primary  \">Mod\u00e8les<\/span>\n\n            <span data-style=\"secondary\" class=\"dual-heading--secondary  js-annotate\">\u00e9ligibles<\/span>\n\n\n\n<\/h2>\n<\/div><div class=\"bde-shortcode-23482-102 bde-shortcode\">\n<table id=\"tablepress-14\" class=\"tablepress tablepress-id-14\">\n<thead>\n<tr class=\"row-1\">\n\t<th class=\"column-1\">Marque \/ Brand<\/th><th class=\"column-2\">Mod\u00e8le \/ Model<\/th><th class=\"column-3\">Ann\u00e9e(s) \/ Year(s)<\/th>\n<\/tr>\n<\/thead>\n<tbody class=\"row-striping row-hover\">\n<\/tbody>\n<\/table>\n<!-- #tablepress-14 from cache --><\/div><\/div>\n<\/section>","protected":false},"excerpt":{"rendered":"<p>< Comp\u00e9tition Mod\u00e8les \u00e9ligibles Marque \/ BrandMod\u00e8le \/ ModelAnn\u00e9e(s) \/ Year(s)\n<\/p>\n","protected":false},"author":1,"featured_media":0,"parent":79,"menu_order":0,"comment_status":"closed","ping_status":"closed","template":"","meta":{"_breakdance_hide_in_design_set":false,"_breakdance_tags":"","footnotes":""},"class_list":["post-23482","page","type-page","status-publish","hentry"],"_links":{"self":[{"href":"https:\/\/www.lemansclassic.com\/fr\/wp-json\/wp\/v2\/pages\/23482","targetHints":{"allow":["GET"]}}],"collection":[{"href":"https:\/\/www.lemansclassic.com\/fr\/wp-json\/wp\/v2\/pages"}],"about":[{"href":"https:\/\/www.lemansclassic.com\/fr\/wp-json\/wp\/v2\/types\/page"}],"author":[{"embeddable":true,"href":"https:\/\/www.lemansclassic.com\/fr\/wp-json\/wp\/v2\/users\/1"}],"replies":[{"embeddable":true,"href":"https:\/\/www.lemansclassic.com\/fr\/wp-json\/wp\/v2\/comments?post=23482"}],"version-history":[{"count":5,"href":"https:\/\/www.lemansclassic.com\/fr\/wp-json\/wp\/v2\/pages\/23482\/revisions"}],"predecessor-version":[{"id":31337,"href":"https:\/\/www.lemansclassic.com\/fr\/wp-json\/wp\/v2\/pages\/23482\/revisions\/31337"}],"up":[{"embeddable":true,"href":"https:\/\/www.lemansclassic.com\/fr\/wp-json\/wp\/v2\/pages\/79"}],"wp:attachment":[{"href":"https:\/\/www.lemansclassic.com\/fr\/wp-json\/wp\/v2\/media?parent=23482"}],"curies":[{"name":"wp","href":"https:\/\/api.w.org\/{rel}","templated":true}]}}