{"id":242,"date":"2022-05-31T15:24:57","date_gmt":"2022-05-31T15:24:57","guid":{"rendered":"https:\/\/www.lemansclassic.com\/?page_id=242"},"modified":"2026-02-09T10:56:26","modified_gmt":"2026-02-09T09:56:26","slug":"dress-code","status":"publish","type":"page","link":"https:\/\/www.lemansclassic.com\/fr\/informations\/dress-code\/","title":{"rendered":"Dress code"},"content":{"rendered":"<section class=\"bde-section-242-121 bde-section\">\n  \n  \n\t\n\n\n\n        <div class=\"section-shape-divider-wrapper section-shape-divider-wrapper--1\">\n          <span class=\"section-shape-divider\">\n                      <svg\n                xmlns=\"http:\/\/www.w3.org\/2000\/svg\"\n                viewBox=\"0 0 1440 320\"\n                preserveAspectRatio=\"none\"\n            >\n              <path fill=\"currentColor\" fill-opacity=\"1\" d=\"M0,288L1440,0L1440,320L0,320Z\"><\/path>\n            <\/svg>\n                    <\/span>\n      <\/div>\n  <div class=\"section-container\"><div class=\"bde-div-242-122 bde-div\">\n  \n  \n\t\n\n\n\n<h2 class=\"bde-dual-heading-242-123 bde-dual-heading\">\n\n\n            <span data-style=\"primary\" class=\"dual-heading--primary  \">Dress<\/span>\n\n            <span data-style=\"secondary\" class=\"dual-heading--secondary  js-annotate\">code<\/span>\n\n\n\n<\/h2>\n<\/div><\/div>\n<\/section><section class=\"bde-section-242-103 bde-section\">\n  \n  \n\t\n\n\n\n<div class=\"section-container\"><div class=\"bde-div-242-112 bde-div\">\n  \n  \n\t\n\n\n\n<div class=\"bde-div-242-113 bde-div\">\n  \n  \n\t\n\n\n\n<div class=\"bde-div-242-114 bde-div\">\n  \n  \n\t\n\n\n\n<div class=\"bde-text-242-115 bde-text\">\nATTENTION\n<\/div>\n<\/div>\n<\/div><h3 class=\"bde-dual-heading-242-116 bde-dual-heading\">\n\n\n            <span data-style=\"primary\" class=\"dual-heading--primary  \"> Cette page sera mise \u00e0 jour<\/span>\n\n            <span data-style=\"secondary\" class=\"dual-heading--secondary  js-annotate\">prochainement.<\/span>\n\n\n\n<\/h3><div class=\"bde-text-242-117 bde-text\">\nMerci de votre compr\u00e9hension. Les informations concernant l\u2019\u00e9dition 2026 seront communiqu\u00e9es en temps voulu. N\u2019h\u00e9sitez pas \u00e0 vous inscrire \u00e0 notre newsletter afin de rester inform\u00e9. \n<\/div>\n<\/div><\/div>\n<\/section>","protected":false},"excerpt":{"rendered":"<p>Dress code ATTENTION Cette page sera mise \u00e0 jour prochainement. Merci de votre compr\u00e9hension. Les informations concernant l\u2019\u00e9dition 2026 seront communiqu\u00e9es en temps voulu. N\u2019h\u00e9sitez pas \u00e0 vous inscrire \u00e0 notre newsletter afin de rester inform\u00e9.<\/p>\n","protected":false},"author":1,"featured_media":0,"parent":238,"menu_order":0,"comment_status":"closed","ping_status":"closed","template":"","meta":{"_breakdance_hide_in_design_set":false,"_breakdance_tags":"","footnotes":""},"class_list":["post-242","page","type-page","status-publish","hentry"],"_links":{"self":[{"href":"https:\/\/www.lemansclassic.com\/fr\/wp-json\/wp\/v2\/pages\/242","targetHints":{"allow":["GET"]}}],"collection":[{"href":"https:\/\/www.lemansclassic.com\/fr\/wp-json\/wp\/v2\/pages"}],"about":[{"href":"https:\/\/www.lemansclassic.com\/fr\/wp-json\/wp\/v2\/types\/page"}],"author":[{"embeddable":true,"href":"https:\/\/www.lemansclassic.com\/fr\/wp-json\/wp\/v2\/users\/1"}],"replies":[{"embeddable":true,"href":"https:\/\/www.lemansclassic.com\/fr\/wp-json\/wp\/v2\/comments?post=242"}],"version-history":[{"count":5,"href":"https:\/\/www.lemansclassic.com\/fr\/wp-json\/wp\/v2\/pages\/242\/revisions"}],"predecessor-version":[{"id":32119,"href":"https:\/\/www.lemansclassic.com\/fr\/wp-json\/wp\/v2\/pages\/242\/revisions\/32119"}],"up":[{"embeddable":true,"href":"https:\/\/www.lemansclassic.com\/fr\/wp-json\/wp\/v2\/pages\/238"}],"wp:attachment":[{"href":"https:\/\/www.lemansclassic.com\/fr\/wp-json\/wp\/v2\/media?parent=242"}],"curies":[{"name":"wp","href":"https:\/\/api.w.org\/{rel}","templated":true}]}}