{"id":24291,"date":"2024-11-05T16:31:09","date_gmt":"2024-11-05T15:31:09","guid":{"rendered":"https:\/\/www.lemansclassic.com\/?page_id=24291"},"modified":"2026-02-09T10:54:19","modified_gmt":"2026-02-09T09:54:19","slug":"offres","status":"publish","type":"page","link":"https:\/\/www.lemansclassic.com\/fr\/clubs-collectionneurs\/offres\/","title":{"rendered":"Offres"},"content":{"rendered":"<section class=\"bde-section-24291-392 bde-section\">\n  \n  \n\t\n\n\n\n        <div class=\"section-shape-divider-wrapper section-shape-divider-wrapper--1\">\n          <span class=\"section-shape-divider\">\n                      <svg\n                xmlns=\"http:\/\/www.w3.org\/2000\/svg\"\n                viewBox=\"0 0 1440 320\"\n                preserveAspectRatio=\"none\"\n            >\n              <path fill=\"currentColor\" fill-opacity=\"1\" d=\"M0,288L1440,0L1440,320L0,320Z\"><\/path>\n            <\/svg>\n                    <\/span>\n      <\/div>\n  <div class=\"section-container\"><div class=\"bde-div-24291-393 bde-div\">\n  \n  \n\t\n\n\n\n<div class=\"bde-shortcode-24291-101 bde-shortcode\"><div class=\"bde-code-block-24315-100-24315-1 bde-code-block bde-code-block-24315-100\">\n\n      <a href=\"https:\/\/www.lemansclassic.com\/fr\/clubs-collectionneurs\/\" style=\"color:#3C3C3C;text-decoration: none;\">\n    < Clubs &#038; Collectionneurs Individuels    <\/a>\n\n\n\n<\/div><\/div><h2 class=\"bde-dual-heading-24291-394 bde-dual-heading\">\n\n\n            <span data-style=\"secondary\" class=\"dual-heading--secondary  js-annotate\">Offres<\/span>\n\n            <span data-style=\"primary\" class=\"dual-heading--primary  \">Clubs & Collectionneurs individuels<\/span>\n\n\n\n<\/h2>\n<\/div><\/div>\n<\/section><section class=\"bde-section-24291-104 bde-section\">\n  \n  \n\t\n\n\n\n<div class=\"section-container\"><div class=\"bde-columns-24291-107 bde-columns\"><div class=\"bde-column-24291-108 bde-column\">\n  \n  \n\t\n\n\n\n<div class=\"bde-image-24291-130 bde-image\">\n<figure class=\"breakdance-image breakdance-image--22520\">\n\t<div class=\"breakdance-image-container\">\n\t\t<div class=\"breakdance-image-clip\"><a class=\"breakdance-image-link breakdance-image-link--url\" href=\"#form\" target=\"_self\" rel=\"noopener\" data-sub-html=\"\" data-lg-size=\"-\"><img loading=\"lazy\" decoding=\"async\" class=\"breakdance-image-object\" src=\"https:\/\/www.lemansclassic.com\/wp-content\/uploads\/2024\/09\/20230702-lmc23_whamdi.b-256_lmcclubs.jpg\" width=\"1280\" height=\"853\" srcset=\"https:\/\/www.lemansclassic.com\/wp-content\/uploads\/2024\/09\/20230702-lmc23_whamdi.b-256_lmcclubs.jpg 1280w, https:\/\/www.lemansclassic.com\/wp-content\/uploads\/2024\/09\/20230702-lmc23_whamdi.b-256_lmcclubs-300x200.jpg 300w, https:\/\/www.lemansclassic.com\/wp-content\/uploads\/2024\/09\/20230702-lmc23_whamdi.b-256_lmcclubs-1024x682.jpg 1024w, https:\/\/www.lemansclassic.com\/wp-content\/uploads\/2024\/09\/20230702-lmc23_whamdi.b-256_lmcclubs-150x100.jpg 150w, https:\/\/www.lemansclassic.com\/wp-content\/uploads\/2024\/09\/20230702-lmc23_whamdi.b-256_lmcclubs-768x512.jpg 768w, https:\/\/www.lemansclassic.com\/wp-content\/uploads\/2024\/09\/20230702-lmc23_whamdi.b-256_lmcclubs-600x400.jpg 600w\" sizes=\"auto, (max-width: 1280px) 100vw, 1280px\"><\/a><\/div>\n\t<\/div><\/figure>\n\n<\/div><a class=\"bde-container-link-24291-395 bde-container-link breakdance-link\" href=\"https:\/\/ticket.lemansclassic.com\/\" target=\"_self\" data-type=\"url\">\n  \n  \n\t\n\n\n\n<div class=\"bde-pulse-dot-24291-396 bde-pulse-dot\"><div class=\"bde-pulse-dot__ping\"><\/div>\r\n<div class=\"bde-pulse-dot__core\"><\/div><\/div><div class=\"bde-text-24291-397 bde-text\">\nDisponible\n<\/div>\n\n<\/a><div class=\"bde-div-24291-132 bde-div\">\n  \n  \n\t\n\n\n\n<h3 class=\"bde-heading-24291-133 bde-heading\">\nEnceinte G\u00e9n\u00e9rale\n<\/h3><div class=\"bde-rich-text-24291-333 bde-rich-text breakdance-rich-text-styles\">\n<p>\ud83c\udfab Billet valable 4 jours :<br \/><strong>du jeudi 10h au dimanche<\/strong><\/p><p>\u2714 Acc\u00e8s aux zones publiques<br \/>\u2714 Acc\u00e8s au village<br \/>\u2714 Acc\u00e8s aux espaces Clubs<br \/>\u2714 Acc\u00e8s aux animations<\/p>\n<\/div><div class=\"bde-rich-text-24291-332 bde-rich-text breakdance-rich-text-styles\">\n<p>Gr\u00e2ce au billet Enceinte G\u00e9n\u00e9rale, vous aurez acc\u00e8s \u00e0 toutes les <strong>zones publiques<\/strong> situ\u00e9es \u00e0 l\u2019int\u00e9rieur du circuit ne demandant pas de suppl\u00e9ment.<\/p>\n<\/div>\n<\/div><div class=\"bde-div-24291-135 bde-div\">\n  \n  \n\t\n\n\n\n<div class=\"bde-fancy-divider-24291-136 bde-fancy-divider\">\n\n\n<div class=\"bde-fancy-divider__wrapper\">\n  <div class=\"bde-fancy-divider__separator   \">\n  \t  <\/div>\n<\/div>\n\n<\/div><div class=\"bde-div-24291-137 bde-div\">\n  \n  \n\t\n\n\n\n<div class=\"bde-text-24291-138 bde-text\">\n\u00e0 partir de\n<\/div><div class=\"bde-text-24291-139 bde-text\">\n77\u20ac\n<\/div>\n<\/div>\n<\/div>\n<\/div><div class=\"bde-column-24291-177 bde-column\">\n  \n  \n\t\n\n\n\n<div class=\"bde-image-24291-178 bde-image\">\n<figure class=\"breakdance-image breakdance-image--21954\">\n\t<div class=\"breakdance-image-container\">\n\t\t<div class=\"breakdance-image-clip\"><a class=\"breakdance-image-link breakdance-image-link--url\" href=\"#form\" target=\"_self\" rel=\"noopener\" data-sub-html=\"\" data-lg-size=\"-\"><img loading=\"lazy\" decoding=\"async\" class=\"breakdance-image-object\" src=\"https:\/\/www.lemansclassic.com\/wp-content\/uploads\/2024\/09\/294-2022-lmc-08870-mbonnevie.jpg\" width=\"1920\" height=\"1280\" srcset=\"https:\/\/www.lemansclassic.com\/wp-content\/uploads\/2024\/09\/294-2022-lmc-08870-mbonnevie.jpg 1920w, https:\/\/www.lemansclassic.com\/wp-content\/uploads\/2024\/09\/294-2022-lmc-08870-mbonnevie-300x200.jpg 300w, https:\/\/www.lemansclassic.com\/wp-content\/uploads\/2024\/09\/294-2022-lmc-08870-mbonnevie-1024x683.jpg 1024w, https:\/\/www.lemansclassic.com\/wp-content\/uploads\/2024\/09\/294-2022-lmc-08870-mbonnevie-150x100.jpg 150w, https:\/\/www.lemansclassic.com\/wp-content\/uploads\/2024\/09\/294-2022-lmc-08870-mbonnevie-768x512.jpg 768w, https:\/\/www.lemansclassic.com\/wp-content\/uploads\/2024\/09\/294-2022-lmc-08870-mbonnevie-1536x1024.jpg 1536w, https:\/\/www.lemansclassic.com\/wp-content\/uploads\/2024\/09\/294-2022-lmc-08870-mbonnevie-600x400.jpg 600w\" sizes=\"auto, (max-width: 1920px) 100vw, 1920px\"><\/a><\/div>\n\t<\/div><\/figure>\n\n<\/div><a class=\"bde-container-link-24291-398 bde-container-link breakdance-link\" href=\"https:\/\/ticket.lemansclassic.com\/\" target=\"_self\" data-type=\"url\">\n  \n  \n\t\n\n\n\n<div class=\"bde-pulse-dot-24291-399 bde-pulse-dot\"><div class=\"bde-pulse-dot__ping\"><\/div>\r\n<div class=\"bde-pulse-dot__core\"><\/div><\/div><div class=\"bde-text-24291-400 bde-text\">\nDisponible\n<\/div>\n\n<\/a><div class=\"bde-div-24291-180 bde-div\">\n  \n  \n\t\n\n\n\n<h3 class=\"bde-heading-24291-181 bde-heading\">\nEnceinte G\u00e9n\u00e9rale<br>+ Paddocks\n<\/h3><div class=\"bde-rich-text-24291-329 bde-rich-text breakdance-rich-text-styles\">\n<p>\ud83c\udfab Billet valable 4 jours :<br \/><strong>du jeudi 10h au dimanche<\/strong><\/p><p>\u2714 Acc\u00e8s aux zones publiques<br \/>\u2714 Acc\u00e8s au village<br \/>\u2714 Acc\u00e8s aux espaces Clubs<br \/>\u2714 Acc\u00e8s aux animations<br \/><strong>\u2714 Acc\u00e8s Paddocks<\/strong><\/p>\n<\/div><div class=\"bde-rich-text-24291-331 bde-rich-text breakdance-rich-text-styles\">\n<p>Profitez des <strong>paddocks<\/strong>, en plus de l\u2019acc\u00e8s \u00e0 toutes les zones publiques ! Tr\u00e8s pris\u00e9 par les collectionneurs, ce package offre l\u2019exp\u00e9rience unique <span style=\"text-decoration: underline;\">d\u2019admirer de pr\u00e8s les voitures<\/span> des diff\u00e9rents plateaux engag\u00e9es en comp\u00e9tition.<\/p>\n<\/div>\n<\/div><div class=\"bde-div-24291-183 bde-div\">\n  \n  \n\t\n\n\n\n<div class=\"bde-fancy-divider-24291-184 bde-fancy-divider\">\n\n\n<div class=\"bde-fancy-divider__wrapper\">\n  <div class=\"bde-fancy-divider__separator   \">\n  \t  <\/div>\n<\/div>\n\n<\/div><div class=\"bde-div-24291-185 bde-div\">\n  \n  \n\t\n\n\n\n<div class=\"bde-text-24291-186 bde-text\">\n\u00e0 partir de\n<\/div><div class=\"bde-text-24291-187 bde-text\">\n108\u20ac\n<\/div>\n<\/div>\n<\/div>\n<\/div><div class=\"bde-column-24291-165 bde-column\">\n  \n  \n\t\n\n\n\n<div class=\"bde-image-24291-166 bde-image\">\n<figure class=\"breakdance-image breakdance-image--22037\">\n\t<div class=\"breakdance-image-container\">\n\t\t<div class=\"breakdance-image-clip\"><a class=\"breakdance-image-link breakdance-image-link--url\" href=\"#form\" target=\"_self\" rel=\"noopener\" data-sub-html=\"\" data-lg-size=\"-\"><img loading=\"lazy\" decoding=\"async\" class=\"breakdance-image-object\" src=\"https:\/\/www.lemansclassic.com\/wp-content\/uploads\/2024\/09\/27-lmc2023-12305-copyright-mathieu-bonnevie_mb.jpg\" width=\"720\" height=\"480\" srcset=\"https:\/\/www.lemansclassic.com\/wp-content\/uploads\/2024\/09\/27-lmc2023-12305-copyright-mathieu-bonnevie_mb.jpg 720w, https:\/\/www.lemansclassic.com\/wp-content\/uploads\/2024\/09\/27-lmc2023-12305-copyright-mathieu-bonnevie_mb-300x200.jpg 300w, https:\/\/www.lemansclassic.com\/wp-content\/uploads\/2024\/09\/27-lmc2023-12305-copyright-mathieu-bonnevie_mb-150x100.jpg 150w, https:\/\/www.lemansclassic.com\/wp-content\/uploads\/2024\/09\/27-lmc2023-12305-copyright-mathieu-bonnevie_mb-600x400.jpg 600w\" sizes=\"auto, (max-width: 720px) 100vw, 720px\"><\/a><\/div>\n\t<\/div><\/figure>\n\n<\/div><a class=\"bde-container-link-24291-401 bde-container-link breakdance-link\" href=\"https:\/\/ticket.lemansclassic.com\/\" target=\"_self\" data-type=\"url\">\n  \n  \n\t\n\n\n\n<div class=\"bde-pulse-dot-24291-402 bde-pulse-dot\"><div class=\"bde-pulse-dot__ping\"><\/div>\r\n<div class=\"bde-pulse-dot__core\"><\/div><\/div><div class=\"bde-text-24291-403 bde-text\">\nDisponible\n<\/div>\n\n<\/a><div class=\"bde-div-24291-168 bde-div\">\n  \n  \n\t\n\n\n\n<h3 class=\"bde-heading-24291-169 bde-heading\">\nEnceinte G\u00e9n\u00e9rale<br>+ Paddocks<br>+ Tribune\n<\/h3><div class=\"bde-rich-text-24291-319 bde-rich-text breakdance-rich-text-styles\">\n<p>\ud83c\udfab Billet valable 4 jours :<br \/><strong>du jeudi 10h au dimanche<\/strong><\/p><p>\u2714 Acc\u00e8s aux zones publiques<br \/>\u2714 Acc\u00e8s au village<br \/>\u2714 Acc\u00e8s aux espaces Clubs<br \/>\u2714 Acc\u00e8s aux animations<br \/><strong>\u2714 Acc\u00e8s Paddocks<\/strong><br \/><strong>\u2714 Acc\u00e8s libre dans la Tribune s\u00e9lectionn\u00e9e<\/strong><\/p>\n<\/div><div class=\"bde-rich-text-24291-318 bde-rich-text breakdance-rich-text-styles\">\n<p>Vivez Le Mans Classic d\u2019une mani\u00e8re exclusive en r\u00e9servant votre acc\u00e8s en tribune. Vous profitez d\u2019une vue imprenable sur la piste tout au long du week-end.<\/p>\n<\/div><div class=\"bde-button-24291-360 bde-button\">\n    \n                        \n                        \n    \n    \n    \n    \n            \n                    \n                  \n    \n            \n\n          \n          \n    \n    \n    \n    \n    <a class=\"breakdance-link button-atom button-atom--custom bde-button__button\" href=\"https:\/\/www.lemansclassic.com\/wp-content\/uploads\/2025\/11\/lmc2026-plantribunesclubs-1.png\" target=\"_blank\" data-type=\"lightbox\"  data-lightbox-id=\"24291-360\" >\n\n    \n        <span class=\"button-atom__text\">Plan des Tribunes<\/span>\n\n                            \n        \n                <\/a>\n\n    \n\n\n<\/div>\n<\/div><div class=\"bde-div-24291-171 bde-div\">\n  \n  \n\t\n\n\n\n<div class=\"bde-fancy-divider-24291-172 bde-fancy-divider\">\n\n\n<div class=\"bde-fancy-divider__wrapper\">\n  <div class=\"bde-fancy-divider__separator   \">\n  \t  <\/div>\n<\/div>\n\n<\/div><div class=\"bde-div-24291-173 bde-div\">\n  \n  \n\t\n\n\n\n<div class=\"bde-text-24291-174 bde-text\">\n\u00e0 partir de\n<\/div><div class=\"bde-text-24291-175 bde-text\">\n144\u20ac\n<\/div>\n<\/div>\n<\/div>\n<\/div><\/div><div class=\"bde-div-24291-265 bde-div\">\n  \n  \n\t\n\n\n\n<div class=\"bde-div-24291-231 bde-div\">\n  \n  \n\t\n\n\n\n<h3 class=\"bde-heading-24291-233 bde-heading\">\nTarif enfant\n<\/h3><div class=\"bde-rich-text-24291-302 bde-rich-text breakdance-rich-text-styles\">\n<p>Le Mans Classic est <strong>GRATUIT<\/strong> pour les moins de <span style=\"text-decoration: underline;\">16 ans<\/span> (\u00e0 date de l\u2019\u00e9v\u00e9nement). L\u2019enfant doit \u00eatre <span style=\"text-decoration: underline;\">accompagn\u00e9 d\u2019un adulte<\/span> (muni d\u2019un billet) pour acc\u00e9der \u00e0 l\u2019enceinte du circuit. Il pourra donc acc\u00e9der \u00e0 l\u2019Enceinte G\u00e9n\u00e9rale et aux Paddocks. Les tribunes, sont gratuites pour les moins de 8 ans. Un suppl\u00e9ment est demand\u00e9 pour les 8-15 ans.<\/p>\n<\/div>\n<\/div>\n<\/div><\/div>\n<\/section><section class=\"bde-section-24291-341 bde-section\">\n  \n  \n\t\n\n\n\n<div class=\"section-container\"><div class=\"bde-div-24291-342 bde-div\">\n  \n  \n\t\n\n\n\n\n<\/div><div id=\"form\" class=\"bde-div-24291-343 bde-div\">\n  \n  \n\t\n\n\n\n<div class=\"bde-text-24291-344 bde-text\">\nLe formulaire d'insciption est r\u00e9serv\u00e9 aux personnes ne disposant pas d\u2019un espace membre Peter Auto. Si vous disposez d\u00e9j\u00e0 d\u2019un compte, merci de vous connecter.\n<\/div><div class=\"bde-div-24291-345 bde-div\">\n  \n  \n\t\n\n\n\n<div class=\"bde-button-24291-346 bde-button\">\n    \n                                    \n    \n    \n    \n    \n            \n                    \n            \n            \n\n    \n    \n    \n    \n    \n    <a class=\"breakdance-link button-atom button-atom--primary bde-button__button\" href=\"\/fr\/creation-compte\/\" target=\"_self\" data-type=\"url\"  >\n\n    \n        <span class=\"button-atom__text\">Formulaire<\/span>\n\n        \n        \n                <\/a>\n\n    \n\n\n<\/div><div class=\"bde-button-24291-348 bde-button\">\n    \n                        \n                        \n    \n    \n    \n    \n            \n                    \n            \n            \n\n    \n    \n    \n    \n    \n    <a class=\"breakdance-link button-atom button-atom--secondary bde-button__button\" href=\"https:\/\/peterauto.my.site.com\/s\/login\/?language=fr\" target=\"_self\" data-type=\"url\"  >\n\n    \n        <span class=\"button-atom__text\">Espace membre<\/span>\n\n        \n        \n                <\/a>\n\n    \n\n\n<\/div>\n<\/div>\n<\/div><div class=\"bde-div-24291-347 bde-div\">\n  \n  \n\t\n\n\n\n\n<\/div><\/div>\n<\/section><section class=\"bde-section-24291-266 bde-section\">\n  \n  \n\t\n\n\n\n<div class=\"section-container\"><div class=\"bde-columns-24291-267 bde-columns\"><div class=\"bde-column-24291-290 bde-column\">\n  \n  \n\t\n\n\n\n<div class=\"bde-image-24291-291 bde-image\">\n<figure class=\"breakdance-image breakdance-image--24708\">\n\t<div class=\"breakdance-image-container\">\n\t\t<div class=\"breakdance-image-clip\"><a class=\"breakdance-image-link breakdance-image-link--url\" href=\"#form\" target=\"_self\" rel=\"noopener\" data-sub-html=\"\" data-lg-size=\"-\"><img loading=\"lazy\" decoding=\"async\" class=\"breakdance-image-object\" src=\"https:\/\/www.lemansclassic.com\/wp-content\/uploads\/2024\/11\/20230630_cja1935-mpsagencyok.jpg\" width=\"1920\" height=\"1278\" srcset=\"https:\/\/www.lemansclassic.com\/wp-content\/uploads\/2024\/11\/20230630_cja1935-mpsagencyok.jpg 1920w, https:\/\/www.lemansclassic.com\/wp-content\/uploads\/2024\/11\/20230630_cja1935-mpsagencyok-300x200.jpg 300w, https:\/\/www.lemansclassic.com\/wp-content\/uploads\/2024\/11\/20230630_cja1935-mpsagencyok-1024x682.jpg 1024w, https:\/\/www.lemansclassic.com\/wp-content\/uploads\/2024\/11\/20230630_cja1935-mpsagencyok-150x100.jpg 150w, https:\/\/www.lemansclassic.com\/wp-content\/uploads\/2024\/11\/20230630_cja1935-mpsagencyok-768x511.jpg 768w, https:\/\/www.lemansclassic.com\/wp-content\/uploads\/2024\/11\/20230630_cja1935-mpsagencyok-1536x1022.jpg 1536w, https:\/\/www.lemansclassic.com\/wp-content\/uploads\/2024\/11\/20230630_cja1935-mpsagencyok-18x12.jpg 18w, https:\/\/www.lemansclassic.com\/wp-content\/uploads\/2024\/11\/20230630_cja1935-mpsagencyok-600x399.jpg 600w\" sizes=\"auto, (max-width: 1920px) 100vw, 1920px\"><\/a><\/div>\n\t<\/div><\/figure>\n\n<\/div><a class=\"bde-container-link-24291-405 bde-container-link breakdance-link\" href=\"https:\/\/ticket.lemansclassic.com\/\" target=\"_self\" data-type=\"url\">\n  \n  \n\t\n\n\n\n<div class=\"bde-pulse-dot-24291-406 bde-pulse-dot\"><div class=\"bde-pulse-dot__ping\"><\/div>\r\n<div class=\"bde-pulse-dot__core\"><\/div><\/div><div class=\"bde-text-24291-407 bde-text\">\nDisponible\n<\/div>\n\n<\/a><div class=\"bde-div-24291-292 bde-div\">\n  \n  \n\t\n\n\n\n<h3 class=\"bde-heading-24291-294 bde-heading\">\nParades\n<\/h3><div class=\"bde-rich-text-24291-303 bde-rich-text breakdance-rich-text-styles\">\n<p>Vivez l\u2019exp\u00e9rience de <strong>rouler sur le grand circuit des 24 Heures du Mans<\/strong>. Pas de chronom\u00e9trage, ni classement, ces sessions vous permettent de (re)d\u00e9couvrir ce trac\u00e9 mythique de 13,629 km.<\/p><p>\ud83c\udfc1 Quelques informations :<br \/>\u2013 Session de 25 min en piste<br \/>\u2013 Port du casque obligatoire<br \/>\u2013 2 personnes maximum\/voiture<br \/>Age minimum : <span style=\"text-decoration: underline;\">16 ans<\/span><\/p>\n<\/div>\n<\/div><div class=\"bde-div-24291-364 bde-div\">\n  \n  \n\t\n\n\n\n<div class=\"bde-fancy-divider-24291-363 bde-fancy-divider\">\n\n\n<div class=\"bde-fancy-divider__wrapper\">\n  <div class=\"bde-fancy-divider__separator   \">\n  \t  <\/div>\n<\/div>\n\n<\/div><div class=\"bde-text-24291-366 bde-text\">\n260\u20ac\n<\/div>\n<\/div>\n<\/div><div class=\"bde-column-24291-268 bde-column\">\n  \n  \n\t\n\n\n\n<div class=\"bde-image-24291-269 bde-image\">\n<figure class=\"breakdance-image breakdance-image--24709\">\n\t<div class=\"breakdance-image-container\">\n\t\t<div class=\"breakdance-image-clip\"><a class=\"breakdance-image-link breakdance-image-link--url\" href=\"#form\" target=\"_self\" rel=\"noopener\" data-sub-html=\"\" data-lg-size=\"-\"><img loading=\"lazy\" decoding=\"async\" class=\"breakdance-image-object\" src=\"https:\/\/www.lemansclassic.com\/wp-content\/uploads\/2024\/11\/1g3a9587-ggoppertok.jpg\" width=\"1149\" height=\"766\" srcset=\"https:\/\/www.lemansclassic.com\/wp-content\/uploads\/2024\/11\/1g3a9587-ggoppertok.jpg 1149w, https:\/\/www.lemansclassic.com\/wp-content\/uploads\/2024\/11\/1g3a9587-ggoppertok-300x200.jpg 300w, https:\/\/www.lemansclassic.com\/wp-content\/uploads\/2024\/11\/1g3a9587-ggoppertok-1024x683.jpg 1024w, https:\/\/www.lemansclassic.com\/wp-content\/uploads\/2024\/11\/1g3a9587-ggoppertok-150x100.jpg 150w, https:\/\/www.lemansclassic.com\/wp-content\/uploads\/2024\/11\/1g3a9587-ggoppertok-768x512.jpg 768w, https:\/\/www.lemansclassic.com\/wp-content\/uploads\/2024\/11\/1g3a9587-ggoppertok-18x12.jpg 18w, https:\/\/www.lemansclassic.com\/wp-content\/uploads\/2024\/11\/1g3a9587-ggoppertok-600x400.jpg 600w\" sizes=\"auto, (max-width: 1149px) 100vw, 1149px\"><\/a><\/div>\n\t<\/div><\/figure>\n\n<\/div><a class=\"bde-container-link-24291-411 bde-container-link breakdance-link\" href=\"https:\/\/ticket.lemansclassic.com\/\" target=\"_self\" data-type=\"url\">\n  \n  \n\t\n\n\n\n<div class=\"bde-pulse-dot-24291-412 bde-pulse-dot\"><div class=\"bde-pulse-dot__ping\"><\/div>\r\n<div class=\"bde-pulse-dot__core\"><\/div><\/div><div class=\"bde-text-24291-413 bde-text\">\nDisponible\n<\/div>\n\n<\/a><div class=\"bde-div-24291-270 bde-div\">\n  \n  \n\t\n\n\n\n<h3 class=\"bde-heading-24291-272 bde-heading\">\nCabas & Paniers Pique-Nique\n<\/h3><div class=\"bde-rich-text-24291-305 bde-rich-text breakdance-rich-text-styles\">\n<p>Les cabas\/paniers pique-nique, pour 1 ou 2 personne(s), offrent certainement le meilleur rapport qualit\u00e9\/prix \u00e0 l\u2019int\u00e9rieur du circuit. (Propos\u00e9s uniquement en pr\u00e9vente)<\/p><p><br \/>\ud83e\uddfa Composition d\u2019un panier :<br \/>\u2013 Entr\u00e9e<br \/>\u2013 Plat + Accompagnement<br \/>\u2013 Fromage + Dessert<br \/>\u2013 \u00bd Bouteille de vin<br \/>\u2013 Eau<br \/>\u2013 Couverts<br \/>\u2013 1 Tire-bouchon<br \/>\u2013 2 Assiettes + 2 Verres (Panier)<br \/>\u2013 1 Nappe + 2 Serviettes (Panier)<\/p>\n<\/div>\n<\/div><div class=\"bde-div-24291-372 bde-div\">\n  \n  \n\t\n\n\n\n<div class=\"bde-fancy-divider-24291-373 bde-fancy-divider\">\n\n\n<div class=\"bde-fancy-divider__wrapper\">\n  <div class=\"bde-fancy-divider__separator   \">\n  \t  <\/div>\n<\/div>\n\n<\/div><div class=\"bde-div-24291-378 bde-div\">\n  \n  \n\t\n\n\n\n<div class=\"bde-div-24291-415 bde-div\">\n  \n  \n\t\n\n\n\n<div class=\"bde-text-24291-375 bde-text\">\nCabas\n<\/div><div class=\"bde-text-24291-414 bde-text\">\n70\u20ac\n<\/div>\n<\/div><div class=\"bde-div-24291-416 bde-div\">\n  \n  \n\t\n\n\n\n<div class=\"bde-text-24291-417 bde-text\">\nPanier\n<\/div><div class=\"bde-text-24291-418 bde-text\">\n150\u20ac\n<\/div>\n<\/div>\n<\/div>\n<\/div>\n<\/div><div class=\"bde-column-24291-279 bde-column\">\n  \n  \n\t\n\n\n\n<div class=\"bde-image-24291-280 bde-image\">\n<figure class=\"breakdance-image breakdance-image--22017\">\n\t<div class=\"breakdance-image-container\">\n\t\t<div class=\"breakdance-image-clip\"><a class=\"breakdance-image-link breakdance-image-link--url\" href=\"#form\" target=\"_self\" rel=\"noopener\" data-sub-html=\"\" data-lg-size=\"-\"><img loading=\"lazy\" decoding=\"async\" class=\"breakdance-image-object\" src=\"https:\/\/www.lemansclassic.com\/wp-content\/uploads\/2024\/09\/19-lmc2023-09774-copyright-mathieu-bonnevie_mb.jpg\" width=\"720\" height=\"576\" srcset=\"https:\/\/www.lemansclassic.com\/wp-content\/uploads\/2024\/09\/19-lmc2023-09774-copyright-mathieu-bonnevie_mb.jpg 720w, https:\/\/www.lemansclassic.com\/wp-content\/uploads\/2024\/09\/19-lmc2023-09774-copyright-mathieu-bonnevie_mb-300x240.jpg 300w, https:\/\/www.lemansclassic.com\/wp-content\/uploads\/2024\/09\/19-lmc2023-09774-copyright-mathieu-bonnevie_mb-150x120.jpg 150w, https:\/\/www.lemansclassic.com\/wp-content\/uploads\/2024\/09\/19-lmc2023-09774-copyright-mathieu-bonnevie_mb-600x480.jpg 600w\" sizes=\"auto, (max-width: 720px) 100vw, 720px\"><\/a><\/div>\n\t<\/div><\/figure>\n\n<\/div><a class=\"bde-container-link-24291-408 bde-container-link breakdance-link\" href=\"https:\/\/ticket.lemansclassic.com\/\" target=\"_self\" data-type=\"url\">\n  \n  \n\t\n\n\n\n<div class=\"bde-pulse-dot-24291-409 bde-pulse-dot\"><div class=\"bde-pulse-dot__ping\"><\/div>\r\n<div class=\"bde-pulse-dot__core\"><\/div><\/div><div class=\"bde-text-24291-410 bde-text\">\nDisponible\n<\/div>\n\n<\/a><div class=\"bde-div-24291-281 bde-div\">\n  \n  \n\t\n\n\n\n<h3 class=\"bde-heading-24291-283 bde-heading\">\nVol en H\u00e9licopt\u00e8re\n<\/h3><div class=\"bde-rich-text-24291-304 bde-rich-text breakdance-rich-text-styles\">\n<p>Prenez de la hauteur pendant le week-end et admirer la f\u00eate qui se d\u00e9roule sous vos pieds ! Profitez d\u2019une vue compl\u00e8te du circuit ainsi que de l\u2019ensemble des villages, paddocks, animations, expositions\u2026<\/p><p>\ud83d\ude81 Dur\u00e9e : 10 min<\/p>\n<\/div>\n<\/div><div class=\"bde-div-24291-367 bde-div\">\n  \n  \n\t\n\n\n\n<div class=\"bde-fancy-divider-24291-368 bde-fancy-divider\">\n\n\n<div class=\"bde-fancy-divider__wrapper\">\n  <div class=\"bde-fancy-divider__separator   \">\n  \t  <\/div>\n<\/div>\n\n<\/div><div class=\"bde-text-24291-377 bde-text\">\n220\u20ac\n<\/div>\n<\/div>\n<\/div><\/div><\/div>\n<\/section>","protected":false},"excerpt":{"rendered":"<p>< Clubs &#038; Collectionneurs Individuels Offres Clubs &#038; Collectionneurs individuels Disponible Enceinte G\u00e9n\u00e9rale \ud83c\udfab Billet valable 4 jours :du jeudi 10h au dimanche\u2714 Acc\u00e8s aux zones publiques\u2714 Acc\u00e8s au village\u2714 Acc\u00e8s aux espaces Clubs\u2714 Acc\u00e8s aux animations Gr\u00e2ce au billet Enceinte G\u00e9n\u00e9rale, vous aurez acc\u00e8s \u00e0 toutes les zones publiques situ\u00e9es \u00e0 l\u2019int\u00e9rieur du circuit [&hellip;]\n<\/p>\n","protected":false},"author":1,"featured_media":0,"parent":74,"menu_order":0,"comment_status":"closed","ping_status":"closed","template":"","meta":{"_breakdance_hide_in_design_set":false,"_breakdance_tags":"","footnotes":""},"class_list":["post-24291","page","type-page","status-publish","hentry"],"_links":{"self":[{"href":"https:\/\/www.lemansclassic.com\/fr\/wp-json\/wp\/v2\/pages\/24291","targetHints":{"allow":["GET"]}}],"collection":[{"href":"https:\/\/www.lemansclassic.com\/fr\/wp-json\/wp\/v2\/pages"}],"about":[{"href":"https:\/\/www.lemansclassic.com\/fr\/wp-json\/wp\/v2\/types\/page"}],"author":[{"embeddable":true,"href":"https:\/\/www.lemansclassic.com\/fr\/wp-json\/wp\/v2\/users\/1"}],"replies":[{"embeddable":true,"href":"https:\/\/www.lemansclassic.com\/fr\/wp-json\/wp\/v2\/comments?post=24291"}],"version-history":[{"count":5,"href":"https:\/\/www.lemansclassic.com\/fr\/wp-json\/wp\/v2\/pages\/24291\/revisions"}],"predecessor-version":[{"id":32114,"href":"https:\/\/www.lemansclassic.com\/fr\/wp-json\/wp\/v2\/pages\/24291\/revisions\/32114"}],"up":[{"embeddable":true,"href":"https:\/\/www.lemansclassic.com\/fr\/wp-json\/wp\/v2\/pages\/74"}],"wp:attachment":[{"href":"https:\/\/www.lemansclassic.com\/fr\/wp-json\/wp\/v2\/media?parent=24291"}],"curies":[{"name":"wp","href":"https:\/\/api.w.org\/{rel}","templated":true}]}}