{"id":29594,"date":"2025-06-16T08:42:06","date_gmt":"2025-06-16T07:42:06","guid":{"rendered":"https:\/\/www.lemansclassic.com\/?page_id=29594"},"modified":"2025-06-16T09:25:28","modified_gmt":"2025-06-16T08:25:28","slug":"annonces-2026","status":"publish","type":"page","link":"https:\/\/www.lemansclassic.com\/fr\/annonces-2026\/","title":{"rendered":"Annonces 2026"},"content":{"rendered":"<section class=\"bde-section-29594-100 bde-section\">\n  \n  \n\t\n\n\n\n<div class=\"section-container\"><h1 class=\"bde-heading-29594-101 bde-heading\">\nUn nouveau chapitre s'\u00e9crit pour Peter Auto\n<\/h1><div class=\"bde-blockquote-29594-102 bde-blockquote\">\n      <p class=\"above-text_blockquote-icon\"><span class=\"blockquote-icon\"><svg xmlns=\"http:\/\/www.w3.org\/2000\/svg\" id=\"icon-quotes-left\" viewBox=\"0 0 32 32\">\r\n<path d=\"M7.031 14c3.866 0 7 3.134 7 7s-3.134 7-7 7-7-3.134-7-7l-0.031-1c0-7.732 6.268-14 14-14v4c-2.671 0-5.182 1.040-7.071 2.929-0.364 0.364-0.695 0.751-0.995 1.157 0.357-0.056 0.724-0.086 1.097-0.086zM25.031 14c3.866 0 7 3.134 7 7s-3.134 7-7 7-7-3.134-7-7l-0.031-1c0-7.732 6.268-14 14-14v4c-2.671 0-5.182 1.040-7.071 2.929-0.364 0.364-0.695 0.751-0.995 1.157 0.358-0.056 0.724-0.086 1.097-0.086z\"\/>\r\n<\/svg><\/span><\/p>\n    <p >Depuis plus de 40 ans, Peter Auto occupe une place unique dans le monde de l\u2019automobile historique. Une place construite avec passion, exigence et \u00e9l\u00e9gance, aux c\u00f4t\u00e9s de ceux qui font battre le c\u0153ur de cette aventure : vous. Pilotes, partenaires, clubs, collectionneurs, passionn\u00e9s gr\u00e2ce \u00e0 votre fid\u00e9lit\u00e9, votre savoir-faire et votre engagement, nous avons b\u00e2ti un patrimoine rare.<br><br>Mais l\u2019h\u00e9ritage n\u2019est pas une fin en soi, c\u2019est un socle pour aller plus loin.<br><br>Aujourd\u2019hui, une nouvelle \u00e8re s\u2019ouvre. C\u2019est avec vous que nous \u00e9crirons cette nouvelle page. Et c\u2019est ensemble que nous donnerons \u00e0 Peter Auto l\u2019\u00e9lan pour les 40 prochaines ann\u00e9es.<\/p>\n    <cite >Marc Ouayoun<\/cite>\n\n<\/div><div class=\"bde-video-29594-103 bde-video\">\n<div class=\"ee-video-container\">\n                                                                        \n                <lite-youtube\n                        videoid=\"HSxqErZo0iY\"\n                                                style=\"background-image: url(https:\/\/i.ytimg.com\/vi\/HSxqErZo0iY\/maxresdefault.jpg); \"\n                        class=\"ee-video\"\n                        title=\"\"\n                        params=\"&playsinline=0&rel=0&enablejsapi=1\"\n                >\n                <\/lite-youtube>\n                    \n        \n            \n    <\/div>\n\n<\/div><div class=\"bde-fancy-divider-29594-151 bde-fancy-divider\">\n\n\n<div class=\"bde-fancy-divider__wrapper\">\n  <div class=\"bde-fancy-divider__separator   \">\n  \t  <\/div>\n<\/div>\n\n<\/div><div class=\"bde-div-29594-136 bde-div\">\n  \n  \n\t\n\n\n\n<h3 class=\"bde-dual-heading-29594-162 bde-dual-heading\">\n\n\n            <span data-style=\"primary\" class=\"dual-heading--primary  \">LE MANS CLASSIC DEVIENT UN \u00c9V\u00c9NEMENT<\/span>\n\n            <span data-style=\"secondary\" class=\"dual-heading--secondary  js-annotate\"> ANNUEL<\/span>\n\n            <span data-style=\"primary\" class=\"dual-heading--primary  \"> \u00c0 PARTIR DE 2026 !<\/span>\n\n\n\n<\/h3><div class=\"bde-rich-text-29594-105 bde-rich-text breakdance-rich-text-styles\">\n<p>Face \u00e0 une demande toujours plus forte, Le Mans Classic passera en rythme annuel d\u00e8s 2026. Un changement historique pour r\u00e9pondre \u00e0 l\u2019engouement du public, offrir aux pilotes et collectionneurs plus de possibilit\u00e9s de rouler, et permettre \u00e0 toutes les g\u00e9n\u00e9rations de vivre la magie de l\u2019endurance classique plus souvent, plus intens\u00e9ment, plus largement. Le Mans Classic Heritage pour une plong\u00e9e dans l\u2019\u00e2ge d\u2019or de l\u2019endurance, dans une atmosph\u00e8re profond\u00e9ment nostalgique et authentique. Ainsi que Le Mans Classic Legend d\u00e9di\u00e9 aux d\u00e9cennies plus r\u00e9centes, ce nouveau format remettra en sc\u00e8ne les ic\u00f4nes r\u00e9centes de l\u2019endurance, dans une ambiance plus contemporaine.<\/p>\n<\/div><div class=\"bde-columns-29594-106 bde-columns\"><div class=\"bde-column-29594-107 bde-column\">\n  \n  \n\t\n\n\n\n<img decoding=\"async\" class=\"bde-image2-29594-117 bde-image2\" src=\"https:\/\/www.lemansclassic.com\/wp-content\/uploads\/2025\/06\/logo_lmcheritage.png\" loading=\"lazy\" srcset=\"https:\/\/www.lemansclassic.com\/wp-content\/uploads\/2025\/06\/logo_lmcheritage.png 425w, https:\/\/www.lemansclassic.com\/wp-content\/uploads\/2025\/06\/logo_lmcheritage-300x200.png 300w, https:\/\/www.lemansclassic.com\/wp-content\/uploads\/2025\/06\/logo_lmcheritage-150x100.png 150w, https:\/\/www.lemansclassic.com\/wp-content\/uploads\/2025\/06\/logo_lmcheritage-18x12.png 18w\" sizes=\"(max-width: 425px) 100vw, 425px\"><div class=\"bde-div-29594-140 bde-div\">\n  \n  \n\t\n\n\n\n<h3 class=\"bde-heading-29594-109 bde-heading\">\nLE MANS CLASSIC HERITAGE\n<\/h3><h4 class=\"bde-heading-29594-153 bde-heading\">\n1923 - 1975\n<\/h4>\n<\/div>\n<\/div><div class=\"bde-column-29594-108 bde-column\">\n  \n  \n\t\n\n\n\n<img decoding=\"async\" class=\"bde-image2-29594-116 bde-image2\" src=\"https:\/\/www.lemansclassic.com\/wp-content\/uploads\/2025\/06\/logo_lmclegend.png\" loading=\"lazy\" srcset=\"https:\/\/www.lemansclassic.com\/wp-content\/uploads\/2025\/06\/logo_lmclegend.png 425w, https:\/\/www.lemansclassic.com\/wp-content\/uploads\/2025\/06\/logo_lmclegend-300x200.png 300w, https:\/\/www.lemansclassic.com\/wp-content\/uploads\/2025\/06\/logo_lmclegend-150x100.png 150w, https:\/\/www.lemansclassic.com\/wp-content\/uploads\/2025\/06\/logo_lmclegend-18x12.png 18w\" sizes=\"(max-width: 425px) 100vw, 425px\"><div class=\"bde-div-29594-141 bde-div\">\n  \n  \n\t\n\n\n\n<h3 class=\"bde-heading-29594-113 bde-heading\">\nLE MANS CLASSIC LEGEND\n<\/h3><h4 class=\"bde-heading-29594-154 bde-heading\">\n1976 - 2015\n<\/h4>\n<\/div>\n<\/div><\/div>\n<\/div><div class=\"bde-fancy-divider-29594-139 bde-fancy-divider\">\n\n\n<div class=\"bde-fancy-divider__wrapper\">\n  <div class=\"bde-fancy-divider__separator   \">\n  \t  <\/div>\n<\/div>\n\n<\/div><div class=\"bde-columns-29594-143 bde-columns\"><div class=\"bde-column-29594-144 bde-column\">\n  \n  \n\t\n\n\n\n<div class=\"bde-div-29594-159 bde-div\">\n  \n  \n\t\n\n\n\n<h4 class=\"bde-heading-29594-155 bde-heading\">\nNOUVEAU PLATEAU\n<\/h4><h3 class=\"bde-heading-29594-125 bde-heading\">\nLEGENDS OF LE MANS\n<\/h3><div class=\"bde-text-29594-126 bde-text\">\nEn partenariat avec l\u2019ACO et Le Mans Endurance Management, Peter Auto lance Legends of Le Mans, une nouvelle s\u00e9rie d\u00e9di\u00e9e aux LMP1, LMP2 et GT embl\u00e9matiques des ann\u00e9es 2010, des mod\u00e8les demarrant post Endurance Racing Legends (ERL).<br><br>Une occasion unique pour les gentlemen et gentlewomen drivers de remettre sur piste ces bolides mythiques, dans le cadre prestigieux des meetings WEC et de Le Mans Classic. Un projet d\u2019exception, pour des voitures d\u2019exception.\n<\/div>\n<\/div><img decoding=\"async\" class=\"bde-image2-29594-127 bde-image2\" src=\"https:\/\/www.lemansclassic.com\/wp-content\/uploads\/2025\/06\/legends-of-le-mans-black.png\" loading=\"lazy\" srcset=\"https:\/\/www.lemansclassic.com\/wp-content\/uploads\/2025\/06\/legends-of-le-mans-black.png 254w, https:\/\/www.lemansclassic.com\/wp-content\/uploads\/2025\/06\/legends-of-le-mans-black-150x72.png 150w, https:\/\/www.lemansclassic.com\/wp-content\/uploads\/2025\/06\/legends-of-le-mans-black-18x9.png 18w\" sizes=\"(max-width: 254px) 100vw, 254px\">\n<\/div><div class=\"bde-column-29594-145 bde-column\">\n  \n  \n\t\n\n\n\n<div class=\"bde-div-29594-160 bde-div\">\n  \n  \n\t\n\n\n\n<h4 class=\"bde-heading-29594-157 bde-heading\">\nNOUVELLE S\u00c9RIE\n<\/h4><h3 class=\"bde-heading-29594-129 bde-heading\">\nGT3 REVIVAL SERIES\n<\/h3><div class=\"bde-text-29594-130 bde-text\">\nEn collaboration avec SRO Motorsports Group et St\u00e9phane Ratel, Peter Auto fait rena\u00eetre les premi\u00e8res g\u00e9n\u00e9rations de GT3 avec la GT3 Revival Series, d\u00e9di\u00e9e aux mod\u00e8les de 2006 \u00e0 2013.<br><br>Une immersion dans l\u2019\u00e2ge d\u2019or des GT3, sur les circuits les plus embl\u00e9matiques d\u2019Europe, dans l\u2019esprit \u00e9l\u00e9gant et authentique de Peter Auto. L'alliance parfaite entre comp\u00e9tition, passion et patrimoine.\n<\/div>\n<\/div><img decoding=\"async\" class=\"bde-image2-29594-131 bde-image2\" src=\"https:\/\/www.lemansclassic.com\/wp-content\/uploads\/2025\/06\/logo_gt3revivalseries.png\" loading=\"lazy\" srcset=\"https:\/\/www.lemansclassic.com\/wp-content\/uploads\/2025\/06\/logo_gt3revivalseries.png 425w, https:\/\/www.lemansclassic.com\/wp-content\/uploads\/2025\/06\/logo_gt3revivalseries-300x174.png 300w, https:\/\/www.lemansclassic.com\/wp-content\/uploads\/2025\/06\/logo_gt3revivalseries-150x87.png 150w, https:\/\/www.lemansclassic.com\/wp-content\/uploads\/2025\/06\/logo_gt3revivalseries-18x10.png 18w\" sizes=\"(max-width: 425px) 100vw, 425px\">\n<\/div><\/div><div class=\"bde-fancy-divider-29594-138 bde-fancy-divider\">\n\n\n<div class=\"bde-fancy-divider__wrapper\">\n  <div class=\"bde-fancy-divider__separator   \">\n  \t  <\/div>\n<\/div>\n\n<\/div><div class=\"bde-columns-29594-148 bde-columns\"><div class=\"bde-column-29594-149 bde-column\">\n  \n  \n\t\n\n\n\n<div class=\"bde-div-29594-161 bde-div\">\n  \n  \n\t\n\n\n\n<h4 class=\"bde-heading-29594-158 bde-heading\">\nHISTORIC RACING DEVIENT\n<\/h4><h3 class=\"bde-heading-29594-122 bde-heading\">\nLE MANS CLASSIC SERIES\n<\/h3><div class=\"bde-text-29594-119 bde-text\">\nLes s\u00e9ries de courses qui retracent l\u2019histoire du tourisme et de l\u2019endurance de 1950 \u00e0 2010 et qui regroupent tous les \u00e9v\u00e9nements Peter Auto comme Spa-Classic, Grand Prix de l'Age d'Or,lDix Mille Tours se r\u00e9inventent et adopteront \u00e0 partir de 2026 un nouveau nom fort, Le Mans Classic Series.\n<\/div><div class=\"bde-text-29594-121 bde-text\">\n<br>Cette nouvelle identit\u00e9 s\u2019inscrit dans l\u2019univers prestigieux de Le Mans Classic, renfor\u00e7ant encore plus l\u2019identit\u00e9 et la coh\u00e9rence de nos comp\u00e9titions. Bonus exclusif : les participants aux Le Mans Classic Series b\u00e9n\u00e9ficieront d\u2019une priorit\u00e9 d\u2019acc\u00e8s \u00e0 Le Mans Classic, s\u2019ils pr\u00e9sentent une voiture \u00e9ligible. Une vraie r\u00e9compense pour les plus fid\u00e8les passionn\u00e9s !\n<\/div>\n<\/div><img decoding=\"async\" class=\"bde-image2-29594-120 bde-image2\" src=\"https:\/\/www.lemansclassic.com\/wp-content\/uploads\/2025\/06\/logo_lmcs.png\" loading=\"lazy\" srcset=\"https:\/\/www.lemansclassic.com\/wp-content\/uploads\/2025\/06\/logo_lmcs.png 425w, https:\/\/www.lemansclassic.com\/wp-content\/uploads\/2025\/06\/logo_lmcs-300x200.png 300w, https:\/\/www.lemansclassic.com\/wp-content\/uploads\/2025\/06\/logo_lmcs-150x100.png 150w, https:\/\/www.lemansclassic.com\/wp-content\/uploads\/2025\/06\/logo_lmcs-18x12.png 18w\" sizes=\"(max-width: 425px) 100vw, 425px\">\n<\/div><div class=\"bde-column-29594-150 bde-column\">\n  \n  \n\t\n\n\n\n<div class=\"bde-div-29594-165 bde-div\">\n  \n  \n\t\n\n\n\n<h3 class=\"bde-heading-29594-133 bde-heading\">\nPLUS QU'UNE \u00c9VOLUTION, UNE R\u00c9VOLUTION !\n<\/h3><div class=\"bde-text-29594-134 bde-text\">\nPeter Auto \u00e9crit une nouvelle page de l\u2019histoire automobile. Et vous \u00eates invit\u00e9s \u00e0 en prendre le volant.<br><br>Des rendez-vous in\u00e9dits, des s\u00e9ries repens\u00e9es, de nouvelles passerelles entre g\u00e9n\u00e9rations et disciplines : 2026 s\u2019annonce comme un tournant enthousiasmant pour les passionn\u00e9s, les pilotes et les collectionneurs.<br><br>Prochaine \u00e9tape : rendez-vous jeudi 3 juillet \u00e0 16h pour la conf\u00e9rence de presse Le Mans Classic sur le circuit des 24 Heures.\n<\/div>\n<\/div><a class=\"bde-container-link-29594-164 bde-container-link breakdance-link\" href=\"https:\/\/www.peterauto.fr\/\" target=\"_blank\" data-type=\"url\">\n  \n  \n\t\n\n\n\n<img decoding=\"async\" class=\"bde-image2-29594-163 bde-image2\" src=\"https:\/\/www.lemansclassic.com\/wp-content\/uploads\/2022\/06\/Logo-Peter-Auto-noir.png\" loading=\"lazy\" srcset=\"https:\/\/www.lemansclassic.com\/wp-content\/uploads\/2022\/06\/Logo-Peter-Auto-noir.png 1570w, https:\/\/www.lemansclassic.com\/wp-content\/uploads\/2022\/06\/Logo-Peter-Auto-noir-300x221.png 300w, https:\/\/www.lemansclassic.com\/wp-content\/uploads\/2022\/06\/Logo-Peter-Auto-noir-600x441.png 600w, https:\/\/www.lemansclassic.com\/wp-content\/uploads\/2022\/06\/Logo-Peter-Auto-noir-1024x753.png 1024w, https:\/\/www.lemansclassic.com\/wp-content\/uploads\/2022\/06\/Logo-Peter-Auto-noir-768x565.png 768w, https:\/\/www.lemansclassic.com\/wp-content\/uploads\/2022\/06\/Logo-Peter-Auto-noir-1536x1130.png 1536w\" sizes=\"(max-width: 1570px) 100vw, 1570px\">\n\n<\/a>\n<\/div><\/div><div class=\"bde-fancy-divider-29594-152 bde-fancy-divider\">\n\n\n<div class=\"bde-fancy-divider__wrapper\">\n  <div class=\"bde-fancy-divider__separator   \">\n  \t  <\/div>\n<\/div>\n\n<\/div><\/div>\n<\/section>","protected":false},"excerpt":{"rendered":"<p>Un nouveau chapitre s&rsquo;\u00e9crit pour Peter Auto Depuis plus de 40 ans, Peter Auto occupe une place unique dans le monde de l\u2019automobile historique. Une place construite avec passion, exigence et \u00e9l\u00e9gance, aux c\u00f4t\u00e9s de ceux qui font battre le c\u0153ur de cette aventure : vous. Pilotes, partenaires, clubs, collectionneurs, passionn\u00e9s gr\u00e2ce \u00e0 votre fid\u00e9lit\u00e9, [&hellip;]<\/p>\n","protected":false},"author":1,"featured_media":0,"parent":0,"menu_order":0,"comment_status":"closed","ping_status":"closed","template":"","meta":{"_breakdance_hide_in_design_set":false,"_breakdance_tags":"","footnotes":""},"class_list":["post-29594","page","type-page","status-publish","hentry"],"_links":{"self":[{"href":"https:\/\/www.lemansclassic.com\/fr\/wp-json\/wp\/v2\/pages\/29594","targetHints":{"allow":["GET"]}}],"collection":[{"href":"https:\/\/www.lemansclassic.com\/fr\/wp-json\/wp\/v2\/pages"}],"about":[{"href":"https:\/\/www.lemansclassic.com\/fr\/wp-json\/wp\/v2\/types\/page"}],"author":[{"embeddable":true,"href":"https:\/\/www.lemansclassic.com\/fr\/wp-json\/wp\/v2\/users\/1"}],"replies":[{"embeddable":true,"href":"https:\/\/www.lemansclassic.com\/fr\/wp-json\/wp\/v2\/comments?post=29594"}],"version-history":[{"count":5,"href":"https:\/\/www.lemansclassic.com\/fr\/wp-json\/wp\/v2\/pages\/29594\/revisions"}],"predecessor-version":[{"id":29629,"href":"https:\/\/www.lemansclassic.com\/fr\/wp-json\/wp\/v2\/pages\/29594\/revisions\/29629"}],"wp:attachment":[{"href":"https:\/\/www.lemansclassic.com\/fr\/wp-json\/wp\/v2\/media?parent=29594"}],"curies":[{"name":"wp","href":"https:\/\/api.w.org\/{rel}","templated":true}]}}