{"id":62,"date":"2022-05-30T20:02:54","date_gmt":"2022-05-30T20:02:54","guid":{"rendered":"https:\/\/www.lemansclassic.com\/?page_id=62"},"modified":"2026-03-18T18:02:30","modified_gmt":"2026-03-18T17:02:30","slug":"billetterie","status":"publish","type":"page","link":"https:\/\/www.lemansclassic.com\/fr\/billetterie\/","title":{"rendered":"Billetterie"},"content":{"rendered":"<section class=\"bde-section-62-632 bde-section\">\n  \n  \n\t\n\n\n\n        <div class=\"section-shape-divider-wrapper section-shape-divider-wrapper--1\">\n          <span class=\"section-shape-divider\">\n                      <svg\n                xmlns=\"http:\/\/www.w3.org\/2000\/svg\"\n                viewBox=\"0 0 1440 320\"\n                preserveAspectRatio=\"none\"\n            >\n              <path fill=\"currentColor\" fill-opacity=\"1\" d=\"M0,288L1440,0L1440,320L0,320Z\"><\/path>\n            <\/svg>\n                    <\/span>\n      <\/div>\n  <div class=\"section-container\"><div class=\"bde-div-62-633 bde-div\">\n  \n  \n\t\n\n\n\n<h2 class=\"bde-dual-heading-62-635 bde-dual-heading\">\n\n\n            <span data-style=\"primary\" class=\"dual-heading--primary  \">Billetterie<\/span>\n\n            <span data-style=\"secondary\" class=\"dual-heading--secondary  js-annotate\">2026<\/span>\n\n\n\n<\/h2>\n<\/div><\/div>\n<\/section><section class=\"bde-section-62-457 bde-section\">\n  \n  \n\t\n\n\n\n<div class=\"section-container\"><div class=\"bde-columns-62-537 bde-columns\"><div class=\"bde-column-62-538 bde-column\">\n  \n  \n\t\n\n\n\n<div class=\"bde-image-62-654 bde-image\">\n<figure class=\"breakdance-image breakdance-image--31029\">\n\t<div class=\"breakdance-image-container\">\n\t\t<div class=\"breakdance-image-clip\"><a class=\"breakdance-image-link breakdance-image-link--url\" href=\"https:\/\/ticket.lemansclassic.com\/content?utm_source=SITE_REFERENT&utm_medium=LEMANSCLASSIC&utm_campaign=ACO_LMC&utm_content=FR_SITE_REFERENT_LMC\" target=\"_self\" rel=\"noopener\" data-sub-html=\"\" data-lg-size=\"-\"><img loading=\"lazy\" decoding=\"async\" class=\"breakdance-image-object\" src=\"https:\/\/www.lemansclassic.com\/wp-content\/uploads\/2025\/11\/2025-lmc-whamdib-j1-258-11.jpg\" width=\"600\" height=\"600\" srcset=\"https:\/\/www.lemansclassic.com\/wp-content\/uploads\/2025\/11\/2025-lmc-whamdib-j1-258-11.jpg 600w, https:\/\/www.lemansclassic.com\/wp-content\/uploads\/2025\/11\/2025-lmc-whamdib-j1-258-11-300x300.jpg 300w, https:\/\/www.lemansclassic.com\/wp-content\/uploads\/2025\/11\/2025-lmc-whamdib-j1-258-11-150x150.jpg 150w, https:\/\/www.lemansclassic.com\/wp-content\/uploads\/2025\/11\/2025-lmc-whamdib-j1-258-11-12x12.jpg 12w\" sizes=\"auto, (max-width: 600px) 100vw, 600px\"><\/a><\/div>\n\t<\/div><\/figure>\n\n<\/div><a class=\"bde-container-link-62-580 bde-container-link breakdance-link\" href=\"https:\/\/ticket.lemansclassic.com\/content?utm_source=SITE_REFERENT&amp;utm_medium=LEMANSCLASSIC&amp;utm_campaign=ACO_LMC&amp;utm_content=FR_SITE_REFERENT_LMC\" target=\"_self\" data-type=\"url\">\n  \n  \n\t\n\n\n\n<div class=\"bde-pulse-dot-62-581 bde-pulse-dot\"><div class=\"bde-pulse-dot__ping\"><\/div>\r\n<div class=\"bde-pulse-dot__core\"><\/div><\/div><div class=\"bde-text-62-582 bde-text\">\nBilletterie\n<\/div>\n\n<\/a><div class=\"bde-div-62-546 bde-div\">\n  \n  \n\t\n\n\n\n<h3 class=\"bde-heading-62-547 bde-heading\">\nAdmission g\u00e9n\u00e9rale\n<\/h3><div class=\"bde-rich-text-62-548 bde-rich-text breakdance-rich-text-styles\">\n<p><span class=\"x193iq5w xeuugli x13faqbe x1vvkbs xlh3980 xvmahel x1n0sxbx x1lliihq x1s928wv xhkezso x1gmr53x x1cpjm7i x1fgarty x1943h6x xudqn12 x3x7a5m x1f6kntn xvq8zen xo1l8bm xzsf02u x1yc453h\" dir=\"auto\">Billetterie disponible pour Le Mans Classic Legend via la plateforme officielle. Vous pouvez \u00e9galement consulter les tarifs pour cette \u00e9dition, via les PDF ou contactez nos \u00e9quipes pour des besoins pr\u00e9cis.<\/span><\/p>\n<\/div><div class=\"bde-div-62-651 bde-div\">\n  \n  \n\t\n\n\n\n\n<\/div>\n<\/div><div class=\"bde-div-62-549 bde-div\">\n  \n  \n\t\n\n\n\n<a class=\"bde-container-link-62-645 bde-container-link breakdance-link\" href=\"\/fr\/clubs-collectionneurs\/\" target=\"_self\" data-type=\"url\">\n  \n  \n\t\n\n\n\n<h4 class=\"bde-heading-62-646 bde-heading\">\n\u00c0 partir de\n<\/h4><h2 class=\"bde-heading-62-647 bde-heading\">\n43\u20ac\n<\/h2>\n\n<\/a><div class=\"bde-fancy-divider-62-550 bde-fancy-divider\">\n\n\n<div class=\"bde-fancy-divider__wrapper\">\n  <div class=\"bde-fancy-divider__separator   \">\n  \t  <\/div>\n<\/div>\n\n<\/div><div class=\"bde-button-62-637 bde-button\">\n    \n                        \n                        \n    \n    \n    \n    \n            \n                    \n            \n            \n\n    \n    \n    \n    \n    \n    <a class=\"breakdance-link button-atom button-atom--custom bde-button__button\" href=\"https:\/\/ticket.lemansclassic.com\/content?utm_source=SITE_REFERENT&utm_medium=LEMANSCLASSIC&utm_campaign=ACO_LMC&utm_content=FR_SITE_REFERENT_LMC\" target=\"_self\" data-type=\"url\"  >\n\n    \n        <span class=\"button-atom__text\">Billetterie<\/span>\n\n                            \n        \n                <\/a>\n\n    \n\n\n<\/div>\n<\/div>\n<\/div><div class=\"bde-column-62-566 bde-column\">\n  \n  \n\t\n\n\n\n<a class=\"bde-container-link-62-583 bde-container-link breakdance-link\" href=\"#\" target=\"_self\" data-type=\"url\">\n  \n  \n\t\n\n\n\n<div class=\"bde-pulse-dot-62-584 bde-pulse-dot\"><div class=\"bde-pulse-dot__ping\"><\/div>\r\n<div class=\"bde-pulse-dot__core\"><\/div><\/div><div class=\"bde-text-62-585 bde-text\">\nCollectionneurs Individuels\n<\/div>\n\n<\/a><a class=\"bde-container-link-62-604 bde-container-link breakdance-link\" href=\"\/fr\/clubs-collectionneurs\/\" target=\"_self\" data-type=\"url\">\n  \n  \n\t\n\n\n\n<div class=\"bde-pulse-dot-62-605 bde-pulse-dot\"><div class=\"bde-pulse-dot__ping\"><\/div>\r\n<div class=\"bde-pulse-dot__core\"><\/div><\/div><div class=\"bde-text-62-606 bde-text\">\nClubs\n<\/div>\n\n<\/a><div class=\"bde-image-62-567 bde-image\">\n<figure class=\"breakdance-image breakdance-image--31435\">\n\t<div class=\"breakdance-image-container\">\n\t\t<div class=\"breakdance-image-clip\"><a class=\"breakdance-image-link breakdance-image-link--url\" href=\"\/fr\/clubs-collectionneurs\/\" target=\"_self\" rel=\"noopener\" data-sub-html=\"\" data-lg-size=\"-\"><img loading=\"lazy\" decoding=\"async\" class=\"breakdance-image-object\" src=\"https:\/\/www.lemansclassic.com\/wp-content\/uploads\/2025\/11\/2025-lmc-whamdib-j1-001-clubs.jpg\" width=\"700\" height=\"466\" srcset=\"https:\/\/www.lemansclassic.com\/wp-content\/uploads\/2025\/11\/2025-lmc-whamdib-j1-001-clubs.jpg 700w, https:\/\/www.lemansclassic.com\/wp-content\/uploads\/2025\/11\/2025-lmc-whamdib-j1-001-clubs-300x200.jpg 300w, https:\/\/www.lemansclassic.com\/wp-content\/uploads\/2025\/11\/2025-lmc-whamdib-j1-001-clubs-150x100.jpg 150w, https:\/\/www.lemansclassic.com\/wp-content\/uploads\/2025\/11\/2025-lmc-whamdib-j1-001-clubs-18x12.jpg 18w, https:\/\/www.lemansclassic.com\/wp-content\/uploads\/2025\/11\/2025-lmc-whamdib-j1-001-clubs-600x399.jpg 600w\" sizes=\"auto, (max-width: 700px) 100vw, 700px\"><\/a><\/div>\n\t<\/div><\/figure>\n\n<\/div><div class=\"bde-div-62-569 bde-div\">\n  \n  \n\t\n\n\n\n<h3 class=\"bde-heading-62-570 bde-heading\">\nClubs & collectionneurs\n<\/h3><div class=\"bde-text-62-586 bde-text\">\nQui mieux que les propri\u00e9taires de voitures anciennes pour c\u00e9l\u00e9brer cette \u00e9dition ? Qu\u2019ils soient membres d\u2019un club ou collectionneurs ind\u00e9pendants, comme pour tous ses \u00e9v\u00e9nements, Le Mans Classic Legend met \u00e0 l\u2019honneur tous ceux qui sont la m\u00e9moire passionn\u00e9e de l\u2019automobile.\n<\/div>\n<\/div><div class=\"bde-div-62-572 bde-div\">\n  \n  \n\t\n\n\n\n<a class=\"bde-container-link-62-639 bde-container-link breakdance-link\" href=\"\/fr\/clubs-collectionneurs\/\" target=\"_self\" data-type=\"url\">\n  \n  \n\t\n\n\n\n<h4 class=\"bde-heading-62-640 bde-heading\">\n\u00c0 partir de\n<\/h4><h2 class=\"bde-heading-62-641 bde-heading\">\n77\u20ac\n<\/h2>\n\n<\/a><div class=\"bde-fancy-divider-62-573 bde-fancy-divider\">\n\n\n<div class=\"bde-fancy-divider__wrapper\">\n  <div class=\"bde-fancy-divider__separator   \">\n  \t  <\/div>\n<\/div>\n\n<\/div><div class=\"bde-button-62-649 bde-button\">\n    \n                        \n                        \n    \n    \n    \n    \n            \n                    \n            \n            \n\n    \n    \n    \n    \n    \n    <a class=\"breakdance-link button-atom button-atom--custom bde-button__button\" href=\"\/fr\/clubs-collectionneurs\/\" target=\"_self\" data-type=\"url\"  >\n\n    \n        <span class=\"button-atom__text\">Disponible<\/span>\n\n                            \n        \n                <\/a>\n\n    \n\n\n<\/div>\n<\/div>\n<\/div><div class=\"bde-column-62-539 bde-column\">\n  \n  \n\t\n\n\n\n<a class=\"bde-container-link-62-575 bde-container-link breakdance-link\" href=\"\/fr\/categorie-produit\/packages\/\" target=\"_self\" data-type=\"url\">\n  \n  \n\t\n\n\n\n<div class=\"bde-pulse-dot-62-559 bde-pulse-dot\"><div class=\"bde-pulse-dot__ping\"><\/div>\r\n<div class=\"bde-pulse-dot__core\"><\/div><\/div><div class=\"bde-text-62-562 bde-text\">\nHospitalit\u00e9\n<\/div>\n\n<\/a><div class=\"bde-image-62-502 bde-image\">\n<figure class=\"breakdance-image breakdance-image--21957\">\n\t<div class=\"breakdance-image-container\">\n\t\t<div class=\"breakdance-image-clip\"><a class=\"breakdance-image-link breakdance-image-link--url\" href=\"\/fr\/categorie-produit\/packages\/\" target=\"_self\" rel=\"noopener\" data-sub-html=\"\" data-lg-size=\"-\"><img loading=\"lazy\" decoding=\"async\" class=\"breakdance-image-object\" src=\"https:\/\/www.lemansclassic.com\/wp-content\/uploads\/2024\/09\/1g3a4094-ggoppert.jpg\" width=\"1920\" height=\"1536\" srcset=\"https:\/\/www.lemansclassic.com\/wp-content\/uploads\/2024\/09\/1g3a4094-ggoppert.jpg 1920w, https:\/\/www.lemansclassic.com\/wp-content\/uploads\/2024\/09\/1g3a4094-ggoppert-300x240.jpg 300w, https:\/\/www.lemansclassic.com\/wp-content\/uploads\/2024\/09\/1g3a4094-ggoppert-1024x819.jpg 1024w, https:\/\/www.lemansclassic.com\/wp-content\/uploads\/2024\/09\/1g3a4094-ggoppert-150x120.jpg 150w, https:\/\/www.lemansclassic.com\/wp-content\/uploads\/2024\/09\/1g3a4094-ggoppert-768x614.jpg 768w, https:\/\/www.lemansclassic.com\/wp-content\/uploads\/2024\/09\/1g3a4094-ggoppert-1536x1229.jpg 1536w, https:\/\/www.lemansclassic.com\/wp-content\/uploads\/2024\/09\/1g3a4094-ggoppert-600x480.jpg 600w\" sizes=\"auto, (max-width: 1920px) 100vw, 1920px\"><\/a><\/div>\n\t<\/div><\/figure>\n\n<\/div><div class=\"bde-div-62-504 bde-div\">\n  \n  \n\t\n\n\n\n<h3 class=\"bde-heading-62-505 bde-heading\">\nHospitalit\u00e9 VIP\n<\/h3><div class=\"bde-rich-text-62-506 bde-rich-text breakdance-rich-text-styles\">\n<p><span data-slate-fragment=\"JTVCJTdCJTIydHlwZSUyMiUzQSUyMnBhcmFncmFwaCUyMiUyQyUyMmlzUGFzdGVkJTIyJTNBZmFsc2UlMkMlMjJjaGlsZHJlbiUyMiUzQSU1QiU3QiUyMnRleHQlMjIlM0ElMjJQcm9maXRleiUyMGVuJTIwZXhjbHVzaXZpdCVDMyVBOSUyMGQndW5lJTIwb2ZmcmUlMjAlNUMlMjJhbGwlMjBpbmNsdXNpdmUlNUMlMjIlMjBkYW5zJTIwbm90cmUlMjBob3NwaXRhbGl0JUMzJUE5JTIwTGUlMjBXZWxjb21lJTJDJTIwdW4lMjBlc3BhY2UlMjByJUMzJUE5Y2VwdGlmJTIwcHJlc3RpZ2lldXglMkMlMjBvJUMzJUI5JTIwdm91cyUyMHBvdXJyZXolMjB2aXZyZSUyMHBsZWluZW1lbnQlMjBsYSUyMGNvdXJzZSUyMHRvdXQlMjBlbiUyMHNhdm91cmFudCUyMHVuZSUyMGN1aXNpbmUlMjBwciVDMyVBOXBhciVDMyVBOWUlMjBwYXIlMjB1biUyMGNoZWYlMjBkZSUyMHJlbm9tLiUyMiUyQyUyMnVuZGVybGluZSUyMiUzQWZhbHNlJTJDJTIyc3RyaWtlbGluZSUyMiUzQWZhbHNlJTJDJTIydXBwZXJjYXNlJTIyJTNBZmFsc2UlMkMlMjJjb2xvciUyMiUzQSUyMnJnYigzNyUyQyUyMDU1JTJDJTIwNzApJTIyJTdEJTVEJTdEJTVE\">Plongez au <strong>c\u0153ur du Mans Classic Legend 2026<\/strong> avec nos offres VIP &amp; hospitalit\u00e9s. Con\u00e7ues pour vous offrir un acc\u00e8s exclusif et un confort in\u00e9gal\u00e9, elles vous permettent de vivre l'\u00e9v\u00e9nement comme jamais auparavant.<\/span><\/p>\n<\/div>\n<\/div><div class=\"bde-div-62-507 bde-div\">\n  \n  \n\t\n\n\n\n<div class=\"bde-fancy-divider-62-555 bde-fancy-divider\">\n\n\n<div class=\"bde-fancy-divider__wrapper\">\n  <div class=\"bde-fancy-divider__separator   \">\n  \t  <\/div>\n<\/div>\n\n<\/div><div class=\"bde-button-62-650 bde-button\">\n    \n                        \n                        \n    \n    \n    \n    \n            \n                    \n            \n            \n\n    \n    \n    \n    \n    \n    <a class=\"breakdance-link button-atom button-atom--custom bde-button__button\" href=\"\/fr\/categorie-produit\/packages\/\" target=\"_self\" data-type=\"url\"  >\n\n    \n        <span class=\"button-atom__text\">Disponible<\/span>\n\n                            \n        \n                <\/a>\n\n    \n\n\n<\/div>\n<\/div>\n<\/div><\/div><div class=\"bde-div-62-676 bde-div\">\n  \n  \n\t\n\n\n\n<div class=\"bde-columns-62-677 bde-columns\"><div class=\"bde-column-62-678 bde-column\">\n  \n  \n\t\n\n\n\n<img decoding=\"async\" class=\"bde-image2-62-679 bde-image2\" src=\"https:\/\/www.lemansclassic.com\/wp-content\/uploads\/2025\/12\/logo-revolugo-whiteclean.png\" loading=\"lazy\" srcset=\"https:\/\/www.lemansclassic.com\/wp-content\/uploads\/2025\/12\/logo-revolugo-whiteclean.png 200w, https:\/\/www.lemansclassic.com\/wp-content\/uploads\/2025\/12\/logo-revolugo-whiteclean-150x36.png 150w, https:\/\/www.lemansclassic.com\/wp-content\/uploads\/2025\/12\/logo-revolugo-whiteclean-18x4.png 18w\" sizes=\"(max-width: 200px) 100vw, 200px\">\n<\/div><div class=\"bde-column-62-680 bde-column\">\n  \n  \n\t\n\n\n\n<h5 class=\"bde-heading-62-681 bde-heading\">\nOffres All Inclusive\n<\/h5><h3 class=\"bde-heading-62-682 bde-heading\">\nBilletterie ou Hospitalit\u00e9\n<\/h3><h4 class=\"bde-dual-heading-62-683 bde-dual-heading\">\n\n\n            <span data-style=\"secondary\" class=\"dual-heading--secondary  js-annotate\">avec<\/span>\n\n            <span data-style=\"primary\" class=\"dual-heading--primary  \">h\u00e9bergement<\/span>\n\n\n\n<\/h4><div class=\"bde-icon-list-62-684 bde-icon-list\">\n<ul>\n  \n              \n    <li>\n              <div class='bde-icon-list__item-wrapper'>\n      \n      <span class='bde-icon-list__icon'>\n        <svg xmlns=\"http:\/\/www.w3.org\/2000\/svg\" viewBox=\"0 0 512 512\"><!-- Font Awesome Free 5.15.1 by @fontawesome - https:\/\/fontawesome.com License - https:\/\/fontawesome.com\/license\/free (Icons: CC BY 4.0, Fonts: SIL OFL 1.1, Code: MIT License) --><path d=\"M279.135 512c78.756 0 150.982-35.804 198.844-94.775 28.27-34.831-2.558-85.722-46.249-77.401-82.348 15.683-158.272-47.268-158.272-130.792 0-48.424 26.06-92.292 67.434-115.836 38.745-22.05 28.999-80.788-15.022-88.919A257.936 257.936 0 0 0 279.135 0c-141.36 0-256 114.575-256 256 0 141.36 114.576 256 256 256zm0-464c12.985 0 25.689 1.201 38.016 3.478-54.76 31.163-91.693 90.042-91.693 157.554 0 113.848 103.641 199.2 215.252 177.944C402.574 433.964 344.366 464 279.135 464c-114.875 0-208-93.125-208-208s93.125-208 208-208z\"\/><\/svg>\n      <\/span>\n      <span class='bde-icon-list__text' >\n      Nuits d'h\u00f4tel & petit d\u00e9jeuner inclus \n      <\/span>\n              <\/div>\n      \n    <\/li>\n\n  \n              \n    <li>\n              <div class='bde-icon-list__item-wrapper'>\n      \n      <span class='bde-icon-list__icon'>\n        <svg xmlns=\"http:\/\/www.w3.org\/2000\/svg\" id=\"icon-gift\" viewBox=\"0 0 32 32\">\n<path d=\"M24.11 10c0.566-0.402 1.11-0.851 1.608-1.348 1.044-1.044 1.742-2.328 1.966-3.616 0.246-1.412-0.115-2.723-0.988-3.597-0.697-0.697-1.641-1.065-2.73-1.065-1.551 0-3.185 0.744-4.483 2.043-2.077 2.077-3.288 4.945-3.94 6.991-0.482-2.056-1.444-4.833-3.313-6.702-1.003-1.003-2.285-1.518-3.495-1.518-0.989 0-1.931 0.344-2.633 1.046-1.562 1.562-1.351 4.306 0.471 6.128 0.65 0.65 1.409 1.189 2.21 1.638h-6.782v8h2v14h24v-14h2v-8h-5.89zM21.073 4.007c0.866-0.866 1.948-1.384 2.892-1.384 0.334 0 0.803 0.070 1.139 0.406 0.813 0.813 0.357 2.697-0.977 4.031-1.373 1.373-3.221 2.318-4.826 2.939h-1.584c0.58-1.798 1.627-4.264 3.356-5.993zM7.31 5.028c-0.022-0.285-0.002-0.82 0.381-1.203 0.32-0.32 0.743-0.387 1.042-0.387v0c0.664 0 1.358 0.313 1.904 0.859 1.059 1.058 1.93 2.743 2.521 4.871 0.016 0.057 0.031 0.115 0.047 0.171-0.057-0.015-0.114-0.031-0.171-0.047-2.128-0.591-3.813-1.462-4.871-2.521-0.495-0.495-0.805-1.13-0.853-1.743zM14 30h-8v-13h8v13zM14 16h-10v-4h10v4zM26 30h-8v-13h8v13zM28 16h-10v-4h10v4z\"\/>\n<\/svg>\n      <\/span>\n      <span class='bde-icon-list__text' >\n      Welcome Pack Surprise\n      <\/span>\n              <\/div>\n      \n    <\/li>\n\n  \n              \n    <li>\n              <div class='bde-icon-list__item-wrapper'>\n      \n      <span class='bde-icon-list__icon'>\n        <svg xmlns=\"http:\/\/www.w3.org\/2000\/svg\" viewBox=\"0 0 640 512\"><!-- Font Awesome Free 5.15.1 by @fontawesome - https:\/\/fontawesome.com License - https:\/\/fontawesome.com\/license\/free (Icons: CC BY 4.0, Fonts: SIL OFL 1.1, Code: MIT License) --><path d=\"M431.98 448.01l-47.97.05V416h-128v32.21l-47.98.05c-8.82.01-15.97 7.16-15.98 15.99l-.05 31.73c-.01 8.85 7.17 16.03 16.02 16.02l223.96-.26c8.82-.01 15.97-7.16 15.98-15.98l.04-31.73c.01-8.85-7.17-16.03-16.02-16.02zM585.2 26.74C582.58 11.31 568.99 0 553.06 0H86.93C71 0 57.41 11.31 54.79 26.74-3.32 369.16.04 348.08.03 352c-.03 17.32 14.29 32 32.6 32h574.74c18.23 0 32.51-14.56 32.59-31.79.02-4.08 3.35 16.95-54.76-325.47zM259.83 64h120.33l9.77 96H250.06l9.77-96zm-75.17 256H71.09L90.1 208h105.97l-11.41 112zm16.29-160H98.24l16.29-96h96.19l-9.77 96zm32.82 160l11.4-112h149.65l11.4 112H233.77zm195.5-256h96.19l16.29 96H439.04l-9.77-96zm26.06 256l-11.4-112H549.9l19.01 112H455.33z\"\/><\/svg>\n      <\/span>\n      <span class='bde-icon-list__text' >\n      Acc\u00e8s au M24 Mus\u00e9e du Sport Automobile\n      <\/span>\n              <\/div>\n      \n    <\/li>\n\n  <\/ul>\n\n<\/div><div class=\"bde-fancy-divider-62-685 bde-fancy-divider\">\n\n\n<div class=\"bde-fancy-divider__wrapper\">\n  <div class=\"bde-fancy-divider__separator   \">\n  \t  <\/div>\n<\/div>\n\n<\/div><div class=\"bde-div-62-686 bde-div\">\n  \n  \n\t\n\n\n\n<div class=\"bde-button-62-687 bde-button\">\n    \n                        \n                        \n    \n    \n    \n    \n            \n                    \n            \n            \n\n    \n    \n    \n    \n    \n    <a class=\"breakdance-link button-atom button-atom--primary bde-button__button\" href=\"https:\/\/packagehebergement.lemansclassic.com\/\" target=\"_blank\" data-type=\"url\"  >\n\n    \n        <span class=\"button-atom__text\">D\u00e9couvrir<\/span>\n\n                            \n        \n                <\/a>\n\n    \n\n\n<\/div><a class=\"bde-container-link-62-688 bde-container-link breakdance-link\" href=\"https:\/\/packagehebergement.lemansclassic.com\/\" target=\"_blank\" data-type=\"url\">\n  \n  \n\t\n\n\n\n<h4 class=\"bde-heading-62-689 bde-heading\">\n\u00c0 partir de\n<\/h4><h2 class=\"bde-heading-62-690 bde-heading\">\n348\u20ac\n<\/h2>\n\n<\/a>\n<\/div>\n<\/div><\/div><a class=\"bde-container-link-62-691 bde-container-link breakdance-link\" href=\"https:\/\/packagehebergement.lemansclassic.com\/\" target=\"_blank\" data-type=\"url\">\n  \n  \n\t\n\n\n\n<div class=\"bde-pulse-dot-62-692 bde-pulse-dot\"><div class=\"bde-pulse-dot__ping\"><\/div>\r\n<div class=\"bde-pulse-dot__core\"><\/div><\/div><div class=\"bde-text-62-693 bde-text\">\nNouveaut\u00e9 2026\n<\/div>\n\n<\/a>\n<\/div><div class=\"bde-div-62-607 bde-div\">\n  \n  \n\t\n\n\n\n<div class=\"bde-rich-text-62-616 bde-rich-text breakdance-rich-text-styles\">\n<p>Les billets du Mans Classic sont \u00e0 retrouver directement sur l'application \"Le Mans Tickets\", disponible sur les plateformes ! Un probl\u00e8me ? <a href=\"https:\/\/www.lemans.org\/fr\/faq-app-lemans-tickets\/vos-billets\" target=\"_blank\" rel=\"noopener\">Consulter la FAQ ici<\/a>.<\/p>\n<\/div><div class=\"bde-div-62-618 bde-div\">\n  \n  \n\t\n\n\n\n<a class=\"bde-container-link-62-609 bde-container-link breakdance-link\" href=\"https:\/\/play.google.com\/store\/apps\/details?id=io.tixngo.app.aco\" target=\"_blank\" data-type=\"url\">\n  \n  \n\t\n\n\n\n<img decoding=\"async\" class=\"bde-image2-62-610 bde-image2\" src=\"https:\/\/www.lemansclassic.com\/wp-content\/uploads\/2025\/04\/playstore-badge.png\" loading=\"lazy\" srcset=\"https:\/\/www.lemansclassic.com\/wp-content\/uploads\/2025\/04\/playstore-badge.png 200w, https:\/\/www.lemansclassic.com\/wp-content\/uploads\/2025\/04\/playstore-badge-150x45.png 150w, https:\/\/www.lemansclassic.com\/wp-content\/uploads\/2025\/04\/playstore-badge-18x5.png 18w\" sizes=\"(max-width: 200px) 100vw, 200px\">\n\n<\/a><a class=\"bde-container-link-62-611 bde-container-link breakdance-link\" href=\"https:\/\/apps.apple.com\/fr\/app\/le-mans-tickets\/id6446310591\" target=\"_blank\" data-type=\"url\">\n  \n  \n\t\n\n\n\n<img decoding=\"async\" class=\"bde-image2-62-612 bde-image2\" src=\"https:\/\/www.lemansclassic.com\/wp-content\/uploads\/2025\/04\/appstore-badge.png\" loading=\"lazy\" srcset=\"https:\/\/www.lemansclassic.com\/wp-content\/uploads\/2025\/04\/appstore-badge.png 190w, https:\/\/www.lemansclassic.com\/wp-content\/uploads\/2025\/04\/appstore-badge-150x47.png 150w, https:\/\/www.lemansclassic.com\/wp-content\/uploads\/2025\/04\/appstore-badge-18x6.png 18w\" sizes=\"(max-width: 190px) 100vw, 190px\">\n\n<\/a>\n<\/div>\n<\/div><div class=\"bde-div-62-622 bde-div\">\n  \n  \n\t\n\n\n\n<div class=\"bde-button-62-564 bde-button\">\n    \n                        \n                        \n    \n    \n    \n    \n            \n                    \n            \n            \n\n    \n    \n    \n    \n    \n    <a class=\"breakdance-link button-atom button-atom--primary bde-button__button\" href=\"\/fr\/informations\/hebergement\/\" target=\"_self\" data-type=\"url\"  >\n\n    \n        <span class=\"button-atom__text\">Besoin d'un h\u00e9bergement ?<\/span>\n\n                            \n        \n                <\/a>\n\n    \n\n\n<\/div><div class=\"bde-button-62-599 bde-button\">\n    \n                        \n                        \n    \n    \n    \n    \n            \n                    \n            \n            \n\n    \n    \n    \n    \n    \n    <a class=\"breakdance-link button-atom button-atom--primary bde-button__button\" href=\"\/fr\/informations\/faq\/\" target=\"_self\" data-type=\"url\"  >\n\n    \n        <span class=\"button-atom__text\">Foire aux questions <\/span>\n\n                            \n        \n                <\/a>\n\n    \n\n\n<\/div>\n<\/div><\/div>\n<\/section>","protected":false},"excerpt":{"rendered":"<p>Billetterie 2026 Billetterie Admission g\u00e9n\u00e9rale Billetterie disponible pour Le Mans Classic Legend via la plateforme officielle. Vous pouvez \u00e9galement consulter les tarifs pour cette \u00e9dition, via les PDF ou contactez nos \u00e9quipes pour des besoins pr\u00e9cis. \u00c0 partir de 43\u20ac Billetterie Collectionneurs Individuels Clubs Clubs &#038; collectionneurs Qui mieux que les propri\u00e9taires de voitures anciennes [&hellip;]<\/p>\n","protected":false},"author":1,"featured_media":0,"parent":0,"menu_order":0,"comment_status":"closed","ping_status":"closed","template":"","meta":{"_breakdance_hide_in_design_set":false,"_breakdance_tags":"","footnotes":""},"class_list":["post-62","page","type-page","status-publish","hentry"],"_links":{"self":[{"href":"https:\/\/www.lemansclassic.com\/fr\/wp-json\/wp\/v2\/pages\/62","targetHints":{"allow":["GET"]}}],"collection":[{"href":"https:\/\/www.lemansclassic.com\/fr\/wp-json\/wp\/v2\/pages"}],"about":[{"href":"https:\/\/www.lemansclassic.com\/fr\/wp-json\/wp\/v2\/types\/page"}],"author":[{"embeddable":true,"href":"https:\/\/www.lemansclassic.com\/fr\/wp-json\/wp\/v2\/users\/1"}],"replies":[{"embeddable":true,"href":"https:\/\/www.lemansclassic.com\/fr\/wp-json\/wp\/v2\/comments?post=62"}],"version-history":[{"count":5,"href":"https:\/\/www.lemansclassic.com\/fr\/wp-json\/wp\/v2\/pages\/62\/revisions"}],"predecessor-version":[{"id":32673,"href":"https:\/\/www.lemansclassic.com\/fr\/wp-json\/wp\/v2\/pages\/62\/revisions\/32673"}],"wp:attachment":[{"href":"https:\/\/www.lemansclassic.com\/fr\/wp-json\/wp\/v2\/media?parent=62"}],"curies":[{"name":"wp","href":"https:\/\/api.w.org\/{rel}","templated":true}]}}