{"id":18926,"date":"2024-08-26T13:25:32","date_gmt":"2024-08-26T12:25:32","guid":{"rendered":"https:\/\/www.lemansclassic.com\/?post_type=product&#038;p=18926"},"modified":"2025-12-08T10:17:37","modified_gmt":"2025-12-08T09:17:37","slug":"visite-paddocks","status":"publish","type":"product","link":"https:\/\/www.lemansclassic.com\/fr\/produit\/visite-paddocks\/","title":{"rendered":"Visite guid\u00e9e des paddocks"},"content":{"rendered":"","protected":false},"excerpt":{"rendered":"<p><strong>1 heure de visite<\/strong> comment\u00e9e des paddocks; laissez-vous guider par un expert automobile ! Option exclusivement r\u00e9serv\u00e9 aux d\u00e9tenteurs des packages en <em><strong>Hospitalit\u00e9 Privil\u00e8ge<\/strong><\/em>.<\/p>\n","protected":false},"featured_media":22638,"template":"","meta":[],"product_brand":[],"product_cat":[747,752],"product_tag":[977,971,975],"class_list":{"0":"post-18926","1":"product","2":"type-product","3":"status-publish","4":"has-post-thumbnail","6":"product_cat-packages","7":"product_cat-options","8":"product_tag-paddock","9":"product_tag-tour","10":"product_tag-visite","12":"first","13":"instock","14":"shipping-taxable","15":"purchasable","16":"product-type-variable"},"group_of_quantity":0,"min_quantity":0,"max_quantity":"","exclude_order_quantity_value_rules":"no","exclude_category_quantity_rules":"no","combine_variations":"no","_links":{"self":[{"href":"https:\/\/www.lemansclassic.com\/fr\/wp-json\/wp\/v2\/product\/18926","targetHints":{"allow":["GET"]}}],"collection":[{"href":"https:\/\/www.lemansclassic.com\/fr\/wp-json\/wp\/v2\/product"}],"about":[{"href":"https:\/\/www.lemansclassic.com\/fr\/wp-json\/wp\/v2\/types\/product"}],"wp:featuredmedia":[{"embeddable":true,"href":"https:\/\/www.lemansclassic.com\/fr\/wp-json\/wp\/v2\/media\/22638"}],"wp:attachment":[{"href":"https:\/\/www.lemansclassic.com\/fr\/wp-json\/wp\/v2\/media?parent=18926"}],"wp:term":[{"taxonomy":"product_brand","embeddable":true,"href":"https:\/\/www.lemansclassic.com\/fr\/wp-json\/wp\/v2\/product_brand?post=18926"},{"taxonomy":"product_cat","embeddable":true,"href":"https:\/\/www.lemansclassic.com\/fr\/wp-json\/wp\/v2\/product_cat?post=18926"},{"taxonomy":"product_tag","embeddable":true,"href":"https:\/\/www.lemansclassic.com\/fr\/wp-json\/wp\/v2\/product_tag?post=18926"}],"curies":[{"name":"wp","href":"https:\/\/api.w.org\/{rel}","templated":true}]}}