{"id":18927,"date":"2024-08-26T13:25:32","date_gmt":"2024-08-26T12:25:32","guid":{"rendered":"https:\/\/www.lemansclassic.com\/?post_type=product&#038;p=18927"},"modified":"2025-12-08T10:17:54","modified_gmt":"2025-12-08T09:17:54","slug":"vol-helicoptere","status":"publish","type":"product","link":"https:\/\/www.lemansclassic.com\/fr\/produit\/vol-helicoptere\/","title":{"rendered":"Vol en H\u00e9licopt\u00e8re"},"content":{"rendered":"","protected":false},"excerpt":{"rendered":"<p>Prenez de la hauteur, en embarquant \u00e0 bord d\u2019un h\u00e9licopt\u00e8re et suivez les nombreuses batailles que livrent nos concurrents.<\/p>\n","protected":false},"featured_media":22640,"template":"","meta":[],"product_brand":[],"product_cat":[747,752],"product_tag":[973,971],"class_list":{"0":"post-18927","1":"product","2":"type-product","3":"status-publish","4":"has-post-thumbnail","6":"product_cat-packages","7":"product_cat-options","8":"product_tag-helicoptere","9":"product_tag-tour","11":"first","12":"instock","13":"shipping-taxable","14":"purchasable","15":"product-type-variable"},"group_of_quantity":0,"min_quantity":0,"max_quantity":"","exclude_order_quantity_value_rules":"no","exclude_category_quantity_rules":"no","combine_variations":"no","_links":{"self":[{"href":"https:\/\/www.lemansclassic.com\/fr\/wp-json\/wp\/v2\/product\/18927","targetHints":{"allow":["GET"]}}],"collection":[{"href":"https:\/\/www.lemansclassic.com\/fr\/wp-json\/wp\/v2\/product"}],"about":[{"href":"https:\/\/www.lemansclassic.com\/fr\/wp-json\/wp\/v2\/types\/product"}],"wp:featuredmedia":[{"embeddable":true,"href":"https:\/\/www.lemansclassic.com\/fr\/wp-json\/wp\/v2\/media\/22640"}],"wp:attachment":[{"href":"https:\/\/www.lemansclassic.com\/fr\/wp-json\/wp\/v2\/media?parent=18927"}],"wp:term":[{"taxonomy":"product_brand","embeddable":true,"href":"https:\/\/www.lemansclassic.com\/fr\/wp-json\/wp\/v2\/product_brand?post=18927"},{"taxonomy":"product_cat","embeddable":true,"href":"https:\/\/www.lemansclassic.com\/fr\/wp-json\/wp\/v2\/product_cat?post=18927"},{"taxonomy":"product_tag","embeddable":true,"href":"https:\/\/www.lemansclassic.com\/fr\/wp-json\/wp\/v2\/product_tag?post=18927"}],"curies":[{"name":"wp","href":"https:\/\/api.w.org\/{rel}","templated":true}]}}