{"id":18928,"date":"2024-08-26T13:25:32","date_gmt":"2024-08-26T12:25:32","guid":{"rendered":"https:\/\/www.lemansclassic.com\/?post_type=product&#038;p=18928"},"modified":"2026-04-14T17:40:36","modified_gmt":"2026-04-14T16:40:36","slug":"bapteme-piste","status":"publish","type":"product","link":"https:\/\/www.lemansclassic.com\/fr\/produit\/bapteme-piste\/","title":{"rendered":"Bapt\u00eame de piste"},"content":{"rendered":"","protected":false},"excerpt":{"rendered":"<p>D\u00e9couvrez le <strong>grand frisson<\/strong> en parcourant le vrai circuit des 24 Heures et la fameuse <strong>ligne droite des Hunaudi\u00e8res<\/strong> \u00e0 bord d\u2019une voiture de sport de l\u2019un de nos partenaires. C\u2019est un&#8230; privil\u00e8ge qui sera r\u00e9serv\u00e9 \u00e0 un tout petit nombre.<\/p>\n<p>&nbsp;<\/p>\n<p><em><strong>Age minimum :<\/strong><\/em> 16 Ans<\/p>\n","protected":false},"featured_media":22641,"template":"","meta":[],"product_brand":[],"product_cat":[747,752],"product_tag":[],"class_list":{"0":"post-18928","1":"product","2":"type-product","3":"status-publish","4":"has-post-thumbnail","6":"product_cat-packages","7":"product_cat-options","9":"first","10":"instock","11":"virtual","12":"purchasable","13":"product-type-simple"},"group_of_quantity":0,"min_quantity":0,"max_quantity":"","exclude_order_quantity_value_rules":"no","exclude_category_quantity_rules":"no","combine_variations":"no","_links":{"self":[{"href":"https:\/\/www.lemansclassic.com\/fr\/wp-json\/wp\/v2\/product\/18928","targetHints":{"allow":["GET"]}}],"collection":[{"href":"https:\/\/www.lemansclassic.com\/fr\/wp-json\/wp\/v2\/product"}],"about":[{"href":"https:\/\/www.lemansclassic.com\/fr\/wp-json\/wp\/v2\/types\/product"}],"wp:featuredmedia":[{"embeddable":true,"href":"https:\/\/www.lemansclassic.com\/fr\/wp-json\/wp\/v2\/media\/22641"}],"wp:attachment":[{"href":"https:\/\/www.lemansclassic.com\/fr\/wp-json\/wp\/v2\/media?parent=18928"}],"wp:term":[{"taxonomy":"product_brand","embeddable":true,"href":"https:\/\/www.lemansclassic.com\/fr\/wp-json\/wp\/v2\/product_brand?post=18928"},{"taxonomy":"product_cat","embeddable":true,"href":"https:\/\/www.lemansclassic.com\/fr\/wp-json\/wp\/v2\/product_cat?post=18928"},{"taxonomy":"product_tag","embeddable":true,"href":"https:\/\/www.lemansclassic.com\/fr\/wp-json\/wp\/v2\/product_tag?post=18928"}],"curies":[{"name":"wp","href":"https:\/\/api.w.org\/{rel}","templated":true}]}}