{"id":22298,"date":"2024-09-22T16:36:07","date_gmt":"2024-09-22T15:36:07","guid":{"rendered":"https:\/\/www.lemansclassic.com\/?post_type=product&#038;p=22298"},"modified":"2026-02-17T15:17:10","modified_gmt":"2026-02-17T14:17:10","slug":"package-privilege-journee-tarif-enfant","status":"publish","type":"product","link":"https:\/\/www.lemansclassic.com\/fr\/produit\/package-privilege-journee-tarif-enfant\/","title":{"rendered":"Package Privil\u00e8ge Journ\u00e9e &#8211; Tarif enfant"},"content":{"rendered":"<section class=\"bde-section-22309-101-22309-1 bde-section bde-section-22309-101\">\n  \n  \n\t\n\n\n\n<div class=\"section-container\"><div class=\"bde-div-22309-102-22309-1 bde-div bde-div-22309-102\">\n              \n  \n  \n\t\n\n  <div class=\"section-background-overlay\"><\/div>\n\n\n<div class=\"bde-div-22309-103-22309-1 bde-div bde-div-22309-103\">\n  \n  \n\t\n\n\n\n<h4 class=\"bde-heading-22309-104-22309-1 bde-heading bde-heading-22309-104\">\nPAckage\n<\/h4><h1 class=\"bde-heading-22309-105-22309-1 bde-heading bde-heading-22309-105\">\nPrivil\u00e8ge\n<\/h1>\n<\/div><div class=\"bde-icon-list-22309-120-22309-1 bde-icon-list bde-icon-list-22309-120\">\n<ul>\n  \n              \n    <li>\n              <div class='bde-icon-list__item-wrapper'>\n      \n      <span class='bde-icon-list__icon'>\n        <svg xmlns=\"http:\/\/www.w3.org\/2000\/svg\" viewBox=\"0 0 512 512\"><!-- Font Awesome Free 5.15.1 by @fontawesome - https:\/\/fontawesome.com License - https:\/\/fontawesome.com\/license\/free (Icons: CC BY 4.0, Fonts: SIL OFL 1.1, Code: MIT License) --><path d=\"M243.2 189.9V258c26.1 5.9 49.3 15.6 73.6 22.3v-68.2c-26-5.8-49.4-15.5-73.6-22.2zm223.3-123c-34.3 15.9-76.5 31.9-117 31.9C296 98.8 251.7 64 184.3 64c-25 0-47.3 4.4-68 12 2.8-7.3 4.1-15.2 3.6-23.6C118.1 24 94.8 1.2 66.3 0 34.3-1.3 8 24.3 8 56c0 19 9.5 35.8 24 45.9V488c0 13.3 10.7 24 24 24h16c13.3 0 24-10.7 24-24v-94.4c28.3-12.1 63.6-22.1 114.4-22.1 53.6 0 97.8 34.8 165.2 34.8 48.2 0 86.7-16.3 122.5-40.9 8.7-6 13.8-15.8 13.8-26.4V95.9c.1-23.3-24.2-38.8-45.4-29zM169.6 325.5c-25.8 2.7-50 8.2-73.6 16.6v-70.5c26.2-9.3 47.5-15 73.6-17.4zM464 191c-23.6 9.8-46.3 19.5-73.6 23.9V286c24.8-3.4 51.4-11.8 73.6-26v70.5c-25.1 16.1-48.5 24.7-73.6 27.1V286c-27 3.7-47.9 1.5-73.6-5.6v67.4c-23.9-7.4-47.3-16.7-73.6-21.3V258c-19.7-4.4-40.8-6.8-73.6-3.8v-70c-22.4 3.1-44.6 10.2-73.6 20.9v-70.5c33.2-12.2 50.1-19.8 73.6-22v71.6c27-3.7 48.4-1.3 73.6 5.7v-67.4c23.7 7.4 47.2 16.7 73.6 21.3v68.4c23.7 5.3 47.6 6.9 73.6 2.7V143c27-4.8 52.3-13.6 73.6-22.5z\"\/><\/svg>\n      <\/span>\n      <span class='bde-icon-list__text' >\n      Acc\u00e8s circuit (enceinte g\u00e9n\u00e9rale + paddocks) 4 jours\n      <\/span>\n              <\/div>\n      \n    <\/li>\n\n  \n              \n    <li>\n              <div class='bde-icon-list__item-wrapper'>\n      \n      <span class='bde-icon-list__icon'>\n        <svg xmlns=\"http:\/\/www.w3.org\/2000\/svg\" id=\"icon-ticket\" viewBox=\"0 0 32 32\">\n<path d=\"M18 10l4 4-8 8-4-4zM31.298 9.297l-2.297-2.297-1 1c-0.512 0.512-1.219 0.828-2 0.828-1.562 0-2.829-1.266-2.829-2.828 0-0.781 0.317-1.489 0.829-2.001l1-1-2.297-2.297c-0.936-0.936-2.469-0.936-3.405 0l-18.595 18.595c-0.936 0.936-0.936 2.469 0 3.405l2.297 2.297 0.999-0.999c0.512-0.513 1.22-0.83 2.001-0.83 1.562 0 2.828 1.266 2.828 2.828 0 0.781-0.317 1.489-0.829 2.001l-1 1 2.297 2.297c0.936 0.936 2.469 0.936 3.405 0l18.595-18.595c0.936-0.937 0.936-2.469 0-3.406zM14 26l-8-8 12-12 8 8-12 12z\"\/>\n<\/svg>\n      <\/span>\n      <span class='bde-icon-list__text' >\n      Tribune exclusive\n      <\/span>\n              <\/div>\n      \n    <\/li>\n\n  \n              \n    <li>\n              <div class='bde-icon-list__item-wrapper'>\n      \n      <span class='bde-icon-list__icon'>\n        <svg xmlns=\"http:\/\/www.w3.org\/2000\/svg\" id=\"icon-star-empty\" viewBox=\"0 0 32 32\">\n<path d=\"M32 12.408l-11.056-1.607-4.944-10.018-4.944 10.018-11.056 1.607 8 7.798-1.889 11.011 9.889-5.199 9.889 5.199-1.889-11.011 8-7.798zM16 23.547l-6.983 3.671 1.334-7.776-5.65-5.507 7.808-1.134 3.492-7.075 3.492 7.075 7.807 1.134-5.65 5.507 1.334 7.776-6.983-3.671z\"\/>\n<\/svg>\n      <\/span>\n      <span class='bde-icon-list__text' >\n      Acc\u00e8s \u00e0 l\u2019Espace Privil\u00e8ge au-dessus de la piste\n      <\/span>\n              <\/div>\n      \n    <\/li>\n\n  \n              \n    <li>\n              <div class='bde-icon-list__item-wrapper'>\n      \n      <span class='bde-icon-list__icon'>\n        <svg xmlns=\"http:\/\/www.w3.org\/2000\/svg\" viewBox=\"0 0 448 512\"><!-- Font Awesome Free 5.15.1 by @fontawesome - https:\/\/fontawesome.com License - https:\/\/fontawesome.com\/license\/free (Icons: CC BY 4.0, Fonts: SIL OFL 1.1, Code: MIT License) --><path d=\"M400 32H48C21.5 32 0 53.5 0 80v352c0 26.5 21.5 48 48 48h352c26.5 0 48-21.5 48-48V80c0-26.5-21.5-48-48-48zM240 320h-48v48c0 8.8-7.2 16-16 16h-32c-8.8 0-16-7.2-16-16V144c0-8.8 7.2-16 16-16h96c52.9 0 96 43.1 96 96s-43.1 96-96 96zm0-128h-48v64h48c17.6 0 32-14.4 32-32s-14.4-32-32-32z\"\/><\/svg>\n      <\/span>\n      <span class='bde-icon-list__text' >\n      Parking VIP P Expo** & navettes VIP\n      <\/span>\n              <\/div>\n      \n    <\/li>\n\n  \n              \n    <li>\n              <div class='bde-icon-list__item-wrapper'>\n      \n      <span class='bde-icon-list__icon'>\n        <svg xmlns=\"http:\/\/www.w3.org\/2000\/svg\" viewBox=\"0 0 640 512\"><!-- Font Awesome Free 5.15.1 by @fontawesome - https:\/\/fontawesome.com License - https:\/\/fontawesome.com\/license\/free (Icons: CC BY 4.0, Fonts: SIL OFL 1.1, Code: MIT License) --><path d=\"M434.7 64h-85.9c-8 0-15.7 3-21.6 8.4l-98.3 90c-.1.1-.2.3-.3.4-16.6 15.6-16.3 40.5-2.1 56 12.7 13.9 39.4 17.6 56.1 2.7.1-.1.3-.1.4-.2l79.9-73.2c6.5-5.9 16.7-5.5 22.6 1 6 6.5 5.5 16.6-1 22.6l-26.1 23.9L504 313.8c2.9 2.4 5.5 5 7.9 7.7V128l-54.6-54.6c-5.9-6-14.1-9.4-22.6-9.4zM544 128.2v223.9c0 17.7 14.3 32 32 32h64V128.2h-96zm48 223.9c-8.8 0-16-7.2-16-16s7.2-16 16-16 16 7.2 16 16-7.2 16-16 16zM0 384h64c17.7 0 32-14.3 32-32V128.2H0V384zm48-63.9c8.8 0 16 7.2 16 16s-7.2 16-16 16-16-7.2-16-16c0-8.9 7.2-16 16-16zm435.9 18.6L334.6 217.5l-30 27.5c-29.7 27.1-75.2 24.5-101.7-4.4-26.9-29.4-24.8-74.9 4.4-101.7L289.1 64h-83.8c-8.5 0-16.6 3.4-22.6 9.4L128 128v223.9h18.3l90.5 81.9c27.4 22.3 67.7 18.1 90-9.3l.2-.2 17.9 15.5c15.9 13 39.4 10.5 52.3-5.4l31.4-38.6 5.4 4.4c13.7 11.1 33.9 9.1 45-4.7l9.5-11.7c11.2-13.8 9.1-33.9-4.6-45.1z\"\/><\/svg>\n      <\/span>\n      <span class='bde-icon-list__text' >\n      Accueil personnalis\u00e9 par une h\u00f4tesse\n      <\/span>\n              <\/div>\n      \n    <\/li>\n\n  \n              \n    <li>\n              <div class='bde-icon-list__item-wrapper'>\n      \n      <span class='bde-icon-list__icon'>\n        <svg xmlns=\"http:\/\/www.w3.org\/2000\/svg\" viewBox=\"0 0 576 512\"><!-- Font Awesome Free 5.15.1 by @fontawesome - https:\/\/fontawesome.com License - https:\/\/fontawesome.com\/license\/free (Icons: CC BY 4.0, Fonts: SIL OFL 1.1, Code: MIT License) --><path d=\"M296 464h-56V338.78l168.74-168.73c15.52-15.52 4.53-42.05-17.42-42.05H24.68c-21.95 0-32.94 26.53-17.42 42.05L176 338.78V464h-56c-22.09 0-40 17.91-40 40 0 4.42 3.58 8 8 8h240c4.42 0 8-3.58 8-8 0-22.09-17.91-40-40-40zM432 0c-62.61 0-115.35 40.2-135.18 96h52.54c16.65-28.55 47.27-48 82.64-48 52.93 0 96 43.06 96 96s-43.07 96-96 96c-14.04 0-27.29-3.2-39.32-8.64l-35.26 35.26C379.23 279.92 404.59 288 432 288c79.53 0 144-64.47 144-144S511.53 0 432 0z\"\/><\/svg>\n      <\/span>\n      <span class='bde-icon-list__text' >\n      Petit-d\u00e9jeuner, d\u00e9jeuner gastronomique, snacks & open bar (soft permanent et alcool*)\n      <\/span>\n              <\/div>\n      \n    <\/li>\n\n  \n              \n    <li>\n              <div class='bde-icon-list__item-wrapper'>\n      \n      <span class='bde-icon-list__icon'>\n        <svg xmlns=\"http:\/\/www.w3.org\/2000\/svg\" id=\"icon-bookmarks\" viewBox=\"0 0 32 32\">\n<path d=\"M8 4v28l10-10 10 10v-28zM24 0h-20v28l2-2v-24h18z\"\/>\n<\/svg>\n      <\/span>\n      <span class='bde-icon-list__text' >\n      Welcome Pack\n      <\/span>\n              <\/div>\n      \n    <\/li>\n\n  <\/ul>\n\n<\/div><div class=\"bde-image-22309-109-22309-1 bde-image bde-image-22309-109\">\n<figure class=\"breakdance-image breakdance-image--32307\">\n\t<div class=\"breakdance-image-container\">\n\t\t<div class=\"breakdance-image-clip\"><img loading=\"lazy\" decoding=\"async\" class=\"breakdance-image-object\" src=\"https:\/\/www.lemansclassic.com\/wp-content\/uploads\/2026\/02\/header-package-privilege-privilege.png\" width=\"455\" height=\"530\" srcset=\"https:\/\/www.lemansclassic.com\/wp-content\/uploads\/2026\/02\/header-package-privilege-privilege.png 455w, https:\/\/www.lemansclassic.com\/wp-content\/uploads\/2026\/02\/header-package-privilege-privilege-258x300.png 258w, https:\/\/www.lemansclassic.com\/wp-content\/uploads\/2026\/02\/header-package-privilege-privilege-129x150.png 129w, https:\/\/www.lemansclassic.com\/wp-content\/uploads\/2026\/02\/header-package-privilege-privilege-10x12.png 10w, https:\/\/www.lemansclassic.com\/wp-content\/uploads\/2026\/02\/header-package-privilege-privilege-300x349.png 300w\" sizes=\"auto, (max-width: 455px) 100vw, 455px\"><\/div>\n\t<\/div><\/figure>\n\n<\/div>\n<\/div><div class=\"bde-columns-22309-110-22309-1 bde-columns bde-columns-22309-110\"><div class=\"bde-column-22309-111-22309-1 bde-column bde-column-22309-111\">\n  \n  \n\t\n\n\n\n<div class=\"bde-rich-text-22309-112-22309-1 bde-rich-text bde-rich-text-22309-112 breakdance-rich-text-styles\">\n<p>Le Mans Classic Legend, c\u2019est un v\u00e9ritable festival des ann\u00e9es 70 \u00e0 2000 : une ambiance, une \u00e9nergie et une culture qui reprennent vie. Avec le Package Privil\u00e8ge, vous entrez dans l\u2019envers du d\u00e9cor : acc\u00e8s privil\u00e9gi\u00e9 aux paddocks, espace exclusif, accueil personnalis\u00e9 et vue imprenable sur la piste. Une immersion totale dans l\u2019ambiance des l\u00e9gendes, avec tout le confort et l\u2019\u00e9l\u00e9gance d\u2019une hospitalit\u00e9 haut de gamme.<br \/><br \/>Votre hospitalit\u00e9 dispose d\u2019une grande terrasse avec vue directe sur la piste et d\u2019une salle de restauration \u00e9l\u00e9gante, parfaite pour recevoir vos clients, partenaires ou invit\u00e9s dans les meilleures conditions. Une fa\u00e7on unique de partager ce moment avec vos proches ou de vous offrir un week-end inoubliable au c\u0153ur de l\u2019\u00e9v\u00e9nement.<\/p>\n<\/div><div class=\"bde-text-22309-115-22309-1 bde-text bde-text-22309-115\">\n* Open bar de 11h30 \u00e0 15h30 et de 18h00 jusqu\u2019\u00e0 la fermeture de<br>l\u2019espace Privil\u00e8ge. \n<\/div><div class=\"bde-text-22309-119-22309-1 bde-text bde-text-22309-119\">\n** Camping car non-autoris\u00e9\n<\/div>\n<\/div><div class=\"bde-column-22309-113-22309-1 bde-column bde-column-22309-113\">\n  \n  \n\t\n\n\n\n<div class=\"bde-gallery-22309-114-22309-1 bde-gallery bde-gallery-22309-114\">\n\n\n\n\n\n\n\n\n\n\n\n\n\n<div class=\"ee-gallery ee-gallery--isotope ee-gallery--masonry ee-gallery-- ee-gallery--lightbox ee-gallery-- ee-gallery--caption- ee-gallery--caption-none ee-gallery--ratio\">\n                  \n      <a class=\"ee-gallery-item ee-gallery-item--image ee-gallery-item--single\" href=\"https:\/\/www.lemansclassic.com\/wp-content\/uploads\/2024\/09\/1g3a4094-ggoppert_lmcvipheritage.jpg\"  data-sub-html=\"<span><\/span>\" data-category=\"1\"                  data-lg-size=\"1280-1024\"\n\n      >\n        <figure class=\"ee-gallery-item-figure\">\n                        <img loading=\"lazy\" decoding=\"async\" class=\"breakdance-image-object\" src=\"https:\/\/www.lemansclassic.com\/wp-content\/uploads\/2024\/09\/1g3a4094-ggoppert_lmcvipheritage-1024x819.jpg\" width=\"1024\" height=\"819\" srcset=\"https:\/\/www.lemansclassic.com\/wp-content\/uploads\/2024\/09\/1g3a4094-ggoppert_lmcvipheritage.jpg 1280w, https:\/\/www.lemansclassic.com\/wp-content\/uploads\/2024\/09\/1g3a4094-ggoppert_lmcvipheritage-300x240.jpg 300w, https:\/\/www.lemansclassic.com\/wp-content\/uploads\/2024\/09\/1g3a4094-ggoppert_lmcvipheritage-1024x819.jpg 1024w, https:\/\/www.lemansclassic.com\/wp-content\/uploads\/2024\/09\/1g3a4094-ggoppert_lmcvipheritage-150x120.jpg 150w, https:\/\/www.lemansclassic.com\/wp-content\/uploads\/2024\/09\/1g3a4094-ggoppert_lmcvipheritage-768x614.jpg 768w, https:\/\/www.lemansclassic.com\/wp-content\/uploads\/2024\/09\/1g3a4094-ggoppert_lmcvipheritage-600x480.jpg 600w\" sizes=\"auto, (max-width: 1280px) 100vw, 1280px\">\n          \n                  <\/figure>\n      <\/a>\n\n                \n      <a class=\"ee-gallery-item ee-gallery-item--image ee-gallery-item--single\" href=\"https:\/\/www.lemansclassic.com\/wp-content\/uploads\/2024\/09\/privilege-2025-088.jpeg\"  data-sub-html=\"<span><\/span>\" data-category=\"1\"                  data-lg-size=\"1280-853\"\n\n      >\n        <figure class=\"ee-gallery-item-figure\">\n                        <img loading=\"lazy\" decoding=\"async\" class=\"breakdance-image-object\" src=\"https:\/\/www.lemansclassic.com\/wp-content\/uploads\/2024\/09\/privilege-2025-088-1024x682.jpeg\" width=\"1024\" height=\"682\" srcset=\"https:\/\/www.lemansclassic.com\/wp-content\/uploads\/2024\/09\/privilege-2025-088.jpeg 1280w, https:\/\/www.lemansclassic.com\/wp-content\/uploads\/2024\/09\/privilege-2025-088-300x200.jpeg 300w, https:\/\/www.lemansclassic.com\/wp-content\/uploads\/2024\/09\/privilege-2025-088-1024x682.jpeg 1024w, https:\/\/www.lemansclassic.com\/wp-content\/uploads\/2024\/09\/privilege-2025-088-150x100.jpeg 150w, https:\/\/www.lemansclassic.com\/wp-content\/uploads\/2024\/09\/privilege-2025-088-768x512.jpeg 768w, https:\/\/www.lemansclassic.com\/wp-content\/uploads\/2024\/09\/privilege-2025-088-18x12.jpeg 18w, https:\/\/www.lemansclassic.com\/wp-content\/uploads\/2024\/09\/privilege-2025-088-600x400.jpeg 600w\" sizes=\"auto, (max-width: 1280px) 100vw, 1280px\">\n          \n                  <\/figure>\n      <\/a>\n\n                \n      <a class=\"ee-gallery-item ee-gallery-item--image ee-gallery-item--single\" href=\"https:\/\/www.lemansclassic.com\/wp-content\/uploads\/2024\/09\/privilege-2025-124.jpeg\"  data-sub-html=\"<span><\/span>\" data-category=\"1\"                  data-lg-size=\"1280-853\"\n\n      >\n        <figure class=\"ee-gallery-item-figure\">\n                        <img loading=\"lazy\" decoding=\"async\" class=\"breakdance-image-object\" src=\"https:\/\/www.lemansclassic.com\/wp-content\/uploads\/2024\/09\/privilege-2025-124-1024x682.jpeg\" width=\"1024\" height=\"682\" srcset=\"https:\/\/www.lemansclassic.com\/wp-content\/uploads\/2024\/09\/privilege-2025-124.jpeg 1280w, https:\/\/www.lemansclassic.com\/wp-content\/uploads\/2024\/09\/privilege-2025-124-300x200.jpeg 300w, https:\/\/www.lemansclassic.com\/wp-content\/uploads\/2024\/09\/privilege-2025-124-1024x682.jpeg 1024w, https:\/\/www.lemansclassic.com\/wp-content\/uploads\/2024\/09\/privilege-2025-124-150x100.jpeg 150w, https:\/\/www.lemansclassic.com\/wp-content\/uploads\/2024\/09\/privilege-2025-124-768x512.jpeg 768w, https:\/\/www.lemansclassic.com\/wp-content\/uploads\/2024\/09\/privilege-2025-124-18x12.jpeg 18w, https:\/\/www.lemansclassic.com\/wp-content\/uploads\/2024\/09\/privilege-2025-124-600x400.jpeg 600w\" sizes=\"auto, (max-width: 1280px) 100vw, 1280px\">\n          \n                  <\/figure>\n      <\/a>\n\n                \n      <a class=\"ee-gallery-item ee-gallery-item--image ee-gallery-item--single\" href=\"https:\/\/www.lemansclassic.com\/wp-content\/uploads\/2024\/09\/privilege-2025-4077.jpeg\"  data-sub-html=\"<span><\/span>\" data-category=\"1\"                  data-lg-size=\"1280-853\"\n\n      >\n        <figure class=\"ee-gallery-item-figure\">\n                        <img loading=\"lazy\" decoding=\"async\" class=\"breakdance-image-object\" src=\"https:\/\/www.lemansclassic.com\/wp-content\/uploads\/2024\/09\/privilege-2025-4077-1024x682.jpeg\" width=\"1024\" height=\"682\" srcset=\"https:\/\/www.lemansclassic.com\/wp-content\/uploads\/2024\/09\/privilege-2025-4077.jpeg 1280w, https:\/\/www.lemansclassic.com\/wp-content\/uploads\/2024\/09\/privilege-2025-4077-300x200.jpeg 300w, https:\/\/www.lemansclassic.com\/wp-content\/uploads\/2024\/09\/privilege-2025-4077-1024x682.jpeg 1024w, https:\/\/www.lemansclassic.com\/wp-content\/uploads\/2024\/09\/privilege-2025-4077-150x100.jpeg 150w, https:\/\/www.lemansclassic.com\/wp-content\/uploads\/2024\/09\/privilege-2025-4077-768x512.jpeg 768w, https:\/\/www.lemansclassic.com\/wp-content\/uploads\/2024\/09\/privilege-2025-4077-18x12.jpeg 18w, https:\/\/www.lemansclassic.com\/wp-content\/uploads\/2024\/09\/privilege-2025-4077-600x400.jpeg 600w\" sizes=\"auto, (max-width: 1280px) 100vw, 1280px\">\n          \n                  <\/figure>\n      <\/a>\n\n                \n      <a class=\"ee-gallery-item ee-gallery-item--image ee-gallery-item--single\" href=\"https:\/\/www.lemansclassic.com\/wp-content\/uploads\/2024\/09\/privilege-2025-584.jpeg\"  data-sub-html=\"<span><\/span>\" data-category=\"1\"                  data-lg-size=\"1280-853\"\n\n      >\n        <figure class=\"ee-gallery-item-figure\">\n                        <img loading=\"lazy\" decoding=\"async\" class=\"breakdance-image-object\" src=\"https:\/\/www.lemansclassic.com\/wp-content\/uploads\/2024\/09\/privilege-2025-584-1024x682.jpeg\" width=\"1024\" height=\"682\" srcset=\"https:\/\/www.lemansclassic.com\/wp-content\/uploads\/2024\/09\/privilege-2025-584.jpeg 1280w, https:\/\/www.lemansclassic.com\/wp-content\/uploads\/2024\/09\/privilege-2025-584-300x200.jpeg 300w, https:\/\/www.lemansclassic.com\/wp-content\/uploads\/2024\/09\/privilege-2025-584-1024x682.jpeg 1024w, https:\/\/www.lemansclassic.com\/wp-content\/uploads\/2024\/09\/privilege-2025-584-150x100.jpeg 150w, https:\/\/www.lemansclassic.com\/wp-content\/uploads\/2024\/09\/privilege-2025-584-768x512.jpeg 768w, https:\/\/www.lemansclassic.com\/wp-content\/uploads\/2024\/09\/privilege-2025-584-18x12.jpeg 18w, https:\/\/www.lemansclassic.com\/wp-content\/uploads\/2024\/09\/privilege-2025-584-600x400.jpeg 600w\" sizes=\"auto, (max-width: 1280px) 100vw, 1280px\">\n          \n                  <\/figure>\n      <\/a>\n\n      \n      <div class=\"ee-gallery-gutter\"><\/div>\n  <\/div>\n\n\n\n<\/div>\n<\/div><\/div><\/div>\n<\/section>\n","protected":false},"excerpt":{"rendered":"[breakdance_block blockId=22338]\n","protected":false},"featured_media":32313,"template":"","meta":[],"product_brand":[],"product_cat":[747,415],"product_tag":[],"class_list":{"0":"post-22298","1":"product","2":"type-product","3":"status-publish","4":"has-post-thumbnail","6":"product_cat-packages","7":"product_cat-privilege","8":"product_shipping_class-packages","10":"first","11":"instock","12":"shipping-taxable","13":"purchasable","14":"product-type-variable"},"group_of_quantity":0,"min_quantity":0,"max_quantity":"","exclude_order_quantity_value_rules":"no","exclude_category_quantity_rules":"no","combine_variations":"no","_links":{"self":[{"href":"https:\/\/www.lemansclassic.com\/fr\/wp-json\/wp\/v2\/product\/22298","targetHints":{"allow":["GET"]}}],"collection":[{"href":"https:\/\/www.lemansclassic.com\/fr\/wp-json\/wp\/v2\/product"}],"about":[{"href":"https:\/\/www.lemansclassic.com\/fr\/wp-json\/wp\/v2\/types\/product"}],"wp:featuredmedia":[{"embeddable":true,"href":"https:\/\/www.lemansclassic.com\/fr\/wp-json\/wp\/v2\/media\/32313"}],"wp:attachment":[{"href":"https:\/\/www.lemansclassic.com\/fr\/wp-json\/wp\/v2\/media?parent=22298"}],"wp:term":[{"taxonomy":"product_brand","embeddable":true,"href":"https:\/\/www.lemansclassic.com\/fr\/wp-json\/wp\/v2\/product_brand?post=22298"},{"taxonomy":"product_cat","embeddable":true,"href":"https:\/\/www.lemansclassic.com\/fr\/wp-json\/wp\/v2\/product_cat?post=22298"},{"taxonomy":"product_tag","embeddable":true,"href":"https:\/\/www.lemansclassic.com\/fr\/wp-json\/wp\/v2\/product_tag?post=22298"}],"curies":[{"name":"wp","href":"https:\/\/api.w.org\/{rel}","templated":true}]}}