{"id":32264,"date":"2026-02-17T11:20:25","date_gmt":"2026-02-17T10:20:25","guid":{"rendered":"https:\/\/www.lemansclassic.com\/?post_type=product&#038;p=32264"},"modified":"2026-02-18T09:44:44","modified_gmt":"2026-02-18T08:44:44","slug":"package-pitlounge-journee","status":"publish","type":"product","link":"https:\/\/www.lemansclassic.com\/fr\/produit\/package-pitlounge-journee\/","title":{"rendered":"Package PitLounge Journ\u00e9e"},"content":{"rendered":"<section class=\"bde-section-32250-101-32250-1 bde-section bde-section-32250-101\">\n  \n  \n\t\n\n\n\n<div class=\"section-container\"><div class=\"bde-div-32250-102-32250-1 bde-div bde-div-32250-102\">\n              \n  \n  \n\t\n\n  <div class=\"section-background-overlay\"><\/div>\n\n\n<div class=\"bde-div-32250-103-32250-1 bde-div bde-div-32250-103\">\n  \n  \n\t\n\n\n\n<h4 class=\"bde-heading-32250-104-32250-1 bde-heading bde-heading-32250-104\">\nPAckage\n<\/h4><h1 class=\"bde-heading-32250-105-32250-1 bde-heading bde-heading-32250-105\">\nPitLounge\n<\/h1>\n<\/div><div class=\"bde-icon-list-32250-120-32250-1 bde-icon-list bde-icon-list-32250-120\">\n<ul>\n  \n              \n    <li>\n              <div class='bde-icon-list__item-wrapper'>\n      \n      <span class='bde-icon-list__icon'>\n        <svg xmlns=\"http:\/\/www.w3.org\/2000\/svg\" viewBox=\"0 0 512 512\"><!-- Font Awesome Free 5.15.1 by @fontawesome - https:\/\/fontawesome.com License - https:\/\/fontawesome.com\/license\/free (Icons: CC BY 4.0, Fonts: SIL OFL 1.1, Code: MIT License) --><path d=\"M243.2 189.9V258c26.1 5.9 49.3 15.6 73.6 22.3v-68.2c-26-5.8-49.4-15.5-73.6-22.2zm223.3-123c-34.3 15.9-76.5 31.9-117 31.9C296 98.8 251.7 64 184.3 64c-25 0-47.3 4.4-68 12 2.8-7.3 4.1-15.2 3.6-23.6C118.1 24 94.8 1.2 66.3 0 34.3-1.3 8 24.3 8 56c0 19 9.5 35.8 24 45.9V488c0 13.3 10.7 24 24 24h16c13.3 0 24-10.7 24-24v-94.4c28.3-12.1 63.6-22.1 114.4-22.1 53.6 0 97.8 34.8 165.2 34.8 48.2 0 86.7-16.3 122.5-40.9 8.7-6 13.8-15.8 13.8-26.4V95.9c.1-23.3-24.2-38.8-45.4-29zM169.6 325.5c-25.8 2.7-50 8.2-73.6 16.6v-70.5c26.2-9.3 47.5-15 73.6-17.4zM464 191c-23.6 9.8-46.3 19.5-73.6 23.9V286c24.8-3.4 51.4-11.8 73.6-26v70.5c-25.1 16.1-48.5 24.7-73.6 27.1V286c-27 3.7-47.9 1.5-73.6-5.6v67.4c-23.9-7.4-47.3-16.7-73.6-21.3V258c-19.7-4.4-40.8-6.8-73.6-3.8v-70c-22.4 3.1-44.6 10.2-73.6 20.9v-70.5c33.2-12.2 50.1-19.8 73.6-22v71.6c27-3.7 48.4-1.3 73.6 5.7v-67.4c23.7 7.4 47.2 16.7 73.6 21.3v68.4c23.7 5.3 47.6 6.9 73.6 2.7V143c27-4.8 52.3-13.6 73.6-22.5z\"\/><\/svg>\n      <\/span>\n      <span class='bde-icon-list__text' >\n      Acc\u00e8s circuit (enceinte g\u00e9n\u00e9rale + paddocks) 4 jours\n      <\/span>\n              <\/div>\n      \n    <\/li>\n\n  \n              \n    <li>\n              <div class='bde-icon-list__item-wrapper'>\n      \n      <span class='bde-icon-list__icon'>\n        <svg xmlns=\"http:\/\/www.w3.org\/2000\/svg\" id=\"icon-ticket\" viewBox=\"0 0 32 32\">\n<path d=\"M18 10l4 4-8 8-4-4zM31.298 9.297l-2.297-2.297-1 1c-0.512 0.512-1.219 0.828-2 0.828-1.562 0-2.829-1.266-2.829-2.828 0-0.781 0.317-1.489 0.829-2.001l1-1-2.297-2.297c-0.936-0.936-2.469-0.936-3.405 0l-18.595 18.595c-0.936 0.936-0.936 2.469 0 3.405l2.297 2.297 0.999-0.999c0.512-0.513 1.22-0.83 2.001-0.83 1.562 0 2.828 1.266 2.828 2.828 0 0.781-0.317 1.489-0.829 2.001l-1 1 2.297 2.297c0.936 0.936 2.469 0.936 3.405 0l18.595-18.595c0.936-0.937 0.936-2.469 0-3.406zM14 26l-8-8 12-12 8 8-12 12z\"\/>\n<\/svg>\n      <\/span>\n      <span class='bde-icon-list__text' >\n      Tribune exclusive T52\n      <\/span>\n              <\/div>\n      \n    <\/li>\n\n  \n              \n    <li>\n              <div class='bde-icon-list__item-wrapper'>\n      \n      <span class='bde-icon-list__icon'>\n        <svg xmlns=\"http:\/\/www.w3.org\/2000\/svg\" id=\"icon-star-empty\" viewBox=\"0 0 32 32\">\n<path d=\"M32 12.408l-11.056-1.607-4.944-10.018-4.944 10.018-11.056 1.607 8 7.798-1.889 11.011 9.889-5.199 9.889 5.199-1.889-11.011 8-7.798zM16 23.547l-6.983 3.671 1.334-7.776-5.65-5.507 7.808-1.134 3.492-7.075 3.492 7.075 7.807 1.134-5.65 5.507 1.334 7.776-6.983-3.671z\"\/>\n<\/svg>\n      <\/span>\n      <span class='bde-icon-list__text' >\n      Acc\u00e8s \u00e0 la loge au-dessus des stands\n      <\/span>\n              <\/div>\n      \n    <\/li>\n\n  \n              \n    <li>\n              <div class='bde-icon-list__item-wrapper'>\n      \n      <span class='bde-icon-list__icon'>\n        <svg xmlns=\"http:\/\/www.w3.org\/2000\/svg\" viewBox=\"0 0 448 512\"><!-- Font Awesome Free 5.15.1 by @fontawesome - https:\/\/fontawesome.com License - https:\/\/fontawesome.com\/license\/free (Icons: CC BY 4.0, Fonts: SIL OFL 1.1, Code: MIT License) --><path d=\"M400 32H48C21.5 32 0 53.5 0 80v352c0 26.5 21.5 48 48 48h352c26.5 0 48-21.5 48-48V80c0-26.5-21.5-48-48-48zM240 320h-48v48c0 8.8-7.2 16-16 16h-32c-8.8 0-16-7.2-16-16V144c0-8.8 7.2-16 16-16h96c52.9 0 96 43.1 96 96s-43.1 96-96 96zm0-128h-48v64h48c17.6 0 32-14.4 32-32s-14.4-32-32-32z\"\/><\/svg>\n      <\/span>\n      <span class='bde-icon-list__text' >\n      Parking VIP 4 Jours\n      <\/span>\n              <\/div>\n      \n    <\/li>\n\n  \n              \n    <li>\n              <div class='bde-icon-list__item-wrapper'>\n      \n      <span class='bde-icon-list__icon'>\n        <svg xmlns=\"http:\/\/www.w3.org\/2000\/svg\" viewBox=\"0 0 640 512\"><!-- Font Awesome Free 5.15.1 by @fontawesome - https:\/\/fontawesome.com License - https:\/\/fontawesome.com\/license\/free (Icons: CC BY 4.0, Fonts: SIL OFL 1.1, Code: MIT License) --><path d=\"M434.7 64h-85.9c-8 0-15.7 3-21.6 8.4l-98.3 90c-.1.1-.2.3-.3.4-16.6 15.6-16.3 40.5-2.1 56 12.7 13.9 39.4 17.6 56.1 2.7.1-.1.3-.1.4-.2l79.9-73.2c6.5-5.9 16.7-5.5 22.6 1 6 6.5 5.5 16.6-1 22.6l-26.1 23.9L504 313.8c2.9 2.4 5.5 5 7.9 7.7V128l-54.6-54.6c-5.9-6-14.1-9.4-22.6-9.4zM544 128.2v223.9c0 17.7 14.3 32 32 32h64V128.2h-96zm48 223.9c-8.8 0-16-7.2-16-16s7.2-16 16-16 16 7.2 16 16-7.2 16-16 16zM0 384h64c17.7 0 32-14.3 32-32V128.2H0V384zm48-63.9c8.8 0 16 7.2 16 16s-7.2 16-16 16-16-7.2-16-16c0-8.9 7.2-16 16-16zm435.9 18.6L334.6 217.5l-30 27.5c-29.7 27.1-75.2 24.5-101.7-4.4-26.9-29.4-24.8-74.9 4.4-101.7L289.1 64h-83.8c-8.5 0-16.6 3.4-22.6 9.4L128 128v223.9h18.3l90.5 81.9c27.4 22.3 67.7 18.1 90-9.3l.2-.2 17.9 15.5c15.9 13 39.4 10.5 52.3-5.4l31.4-38.6 5.4 4.4c13.7 11.1 33.9 9.1 45-4.7l9.5-11.7c11.2-13.8 9.1-33.9-4.6-45.1z\"\/><\/svg>\n      <\/span>\n      <span class='bde-icon-list__text' >\n      Accueil personnalis\u00e9 par une h\u00f4tesse\n      <\/span>\n              <\/div>\n      \n    <\/li>\n\n  \n              \n    <li>\n              <div class='bde-icon-list__item-wrapper'>\n      \n      <span class='bde-icon-list__icon'>\n        <svg xmlns=\"http:\/\/www.w3.org\/2000\/svg\" viewBox=\"0 0 576 512\"><!-- Font Awesome Free 5.15.1 by @fontawesome - https:\/\/fontawesome.com License - https:\/\/fontawesome.com\/license\/free (Icons: CC BY 4.0, Fonts: SIL OFL 1.1, Code: MIT License) --><path d=\"M296 464h-56V338.78l168.74-168.73c15.52-15.52 4.53-42.05-17.42-42.05H24.68c-21.95 0-32.94 26.53-17.42 42.05L176 338.78V464h-56c-22.09 0-40 17.91-40 40 0 4.42 3.58 8 8 8h240c4.42 0 8-3.58 8-8 0-22.09-17.91-40-40-40zM432 0c-62.61 0-115.35 40.2-135.18 96h52.54c16.65-28.55 47.27-48 82.64-48 52.93 0 96 43.06 96 96s-43.07 96-96 96c-14.04 0-27.29-3.2-39.32-8.64l-35.26 35.26C379.23 279.92 404.59 288 432 288c79.53 0 144-64.47 144-144S511.53 0 432 0z\"\/><\/svg>\n      <\/span>\n      <span class='bde-icon-list__text' >\n      Petit-d\u00e9jeuner, cocktail d\u00e9jeunatoire et d\u00eenatoire, snacks & open bar (soft permanent et alcool*)\n      <\/span>\n              <\/div>\n      \n    <\/li>\n\n  \n              \n    <li>\n              <div class='bde-icon-list__item-wrapper'>\n      \n      <span class='bde-icon-list__icon'>\n        <svg xmlns=\"http:\/\/www.w3.org\/2000\/svg\" id=\"icon-bookmarks\" viewBox=\"0 0 32 32\">\n<path d=\"M8 4v28l10-10 10 10v-28zM24 0h-20v28l2-2v-24h18z\"\/>\n<\/svg>\n      <\/span>\n      <span class='bde-icon-list__text' >\n      Welcome Pack\n      <\/span>\n              <\/div>\n      \n    <\/li>\n\n  <\/ul>\n\n<\/div><div class=\"bde-image-32250-109-32250-1 bde-image bde-image-32250-109\">\n<figure class=\"breakdance-image breakdance-image--32305\">\n\t<div class=\"breakdance-image-container\">\n\t\t<div class=\"breakdance-image-clip\"><img loading=\"lazy\" decoding=\"async\" class=\"breakdance-image-object\" src=\"https:\/\/www.lemansclassic.com\/wp-content\/uploads\/2026\/02\/header-package-pitlounge-privilege.png\" width=\"455\" height=\"530\" srcset=\"https:\/\/www.lemansclassic.com\/wp-content\/uploads\/2026\/02\/header-package-pitlounge-privilege.png 455w, https:\/\/www.lemansclassic.com\/wp-content\/uploads\/2026\/02\/header-package-pitlounge-privilege-258x300.png 258w, https:\/\/www.lemansclassic.com\/wp-content\/uploads\/2026\/02\/header-package-pitlounge-privilege-129x150.png 129w, https:\/\/www.lemansclassic.com\/wp-content\/uploads\/2026\/02\/header-package-pitlounge-privilege-10x12.png 10w, https:\/\/www.lemansclassic.com\/wp-content\/uploads\/2026\/02\/header-package-pitlounge-privilege-300x349.png 300w\" sizes=\"auto, (max-width: 455px) 100vw, 455px\"><\/div>\n\t<\/div><\/figure>\n\n<\/div>\n<\/div><div class=\"bde-columns-32250-110-32250-1 bde-columns bde-columns-32250-110\"><div class=\"bde-column-32250-111-32250-1 bde-column bde-column-32250-111\">\n  \n  \n\t\n\n\n\n<div class=\"bde-rich-text-32250-121-32250-1 bde-rich-text bde-rich-text-32250-121 breakdance-rich-text-styles\">\n<p>Le Mans Classic Legend, c\u2019est un v\u00e9ritable festival des ann\u00e9es 70 \u00e0 2000 : une ambiance, une \u00e9nergie et une culture qui reprennent vie.<\/p><p>Le Package PitLounge vous ouvre les portes d\u2019une loge VIP pour vivre l\u2019\u00e9v\u00e9nement au centre n\u00e9vralgique du circuit, au plus pr\u00e8s de la course et de l\u2019atmosph\u00e8re des paddocks. Une exp\u00e9rience d\u2019hospitalit\u00e9 exclusive, au plus pr\u00e8s de l\u2019intensit\u00e9 des arr\u00eats aux stands, pour ressentir l\u2019\u00e9v\u00e9nement au c\u0153ur m\u00eame de la l\u00e9gende du Mans.<\/p>\n<\/div><div class=\"bde-text-32250-115-32250-1 bde-text bde-text-32250-115\">\n* Open bar de 11h30 \u00e0 15h30 et de 18h00 jusqu\u2019\u00e0 la fermeture de<br>l\u2019espace PitLounge. \n<\/div>\n<\/div><div class=\"bde-column-32250-113-32250-1 bde-column bde-column-32250-113\">\n  \n  \n\t\n\n\n\n<div class=\"bde-gallery-32250-114-32250-1 bde-gallery bde-gallery-32250-114\">\n\n\n\n\n\n\n\n\n\n\n\n\n\n<div class=\"ee-gallery ee-gallery--isotope ee-gallery--masonry ee-gallery-- ee-gallery--lightbox ee-gallery-- ee-gallery--caption- ee-gallery--caption-none ee-gallery--ratio\">\n                  \n      <a class=\"ee-gallery-item ee-gallery-item--image ee-gallery-item--single\" href=\"https:\/\/www.lemansclassic.com\/wp-content\/uploads\/2026\/02\/2022-07-02_le-mans-classic-514-pitlounge.jpg\"  data-sub-html=\"<span><\/span>\" data-category=\"1\"                  data-lg-size=\"1920-1280\"\n\n      >\n        <figure class=\"ee-gallery-item-figure\">\n                        <img loading=\"lazy\" decoding=\"async\" class=\"breakdance-image-object\" src=\"https:\/\/www.lemansclassic.com\/wp-content\/uploads\/2026\/02\/2022-07-02_le-mans-classic-514-pitlounge-1024x683.jpg\" width=\"1024\" height=\"683\" srcset=\"https:\/\/www.lemansclassic.com\/wp-content\/uploads\/2026\/02\/2022-07-02_le-mans-classic-514-pitlounge.jpg 1920w, https:\/\/www.lemansclassic.com\/wp-content\/uploads\/2026\/02\/2022-07-02_le-mans-classic-514-pitlounge-300x200.jpg 300w, https:\/\/www.lemansclassic.com\/wp-content\/uploads\/2026\/02\/2022-07-02_le-mans-classic-514-pitlounge-1024x683.jpg 1024w, https:\/\/www.lemansclassic.com\/wp-content\/uploads\/2026\/02\/2022-07-02_le-mans-classic-514-pitlounge-150x100.jpg 150w, https:\/\/www.lemansclassic.com\/wp-content\/uploads\/2026\/02\/2022-07-02_le-mans-classic-514-pitlounge-768x512.jpg 768w, https:\/\/www.lemansclassic.com\/wp-content\/uploads\/2026\/02\/2022-07-02_le-mans-classic-514-pitlounge-1536x1024.jpg 1536w, https:\/\/www.lemansclassic.com\/wp-content\/uploads\/2026\/02\/2022-07-02_le-mans-classic-514-pitlounge-18x12.jpg 18w, https:\/\/www.lemansclassic.com\/wp-content\/uploads\/2026\/02\/2022-07-02_le-mans-classic-514-pitlounge-600x400.jpg 600w\" sizes=\"auto, (max-width: 1920px) 100vw, 1920px\">\n          \n                  <\/figure>\n      <\/a>\n\n                \n      <a class=\"ee-gallery-item ee-gallery-item--image ee-gallery-item--single\" href=\"https:\/\/www.lemansclassic.com\/wp-content\/uploads\/2026\/02\/2022-07-03_le-mans-classic-556-pitlounge.jpg\"  data-sub-html=\"<span><\/span>\" data-category=\"1\"                  data-lg-size=\"1920-1280\"\n\n      >\n        <figure class=\"ee-gallery-item-figure\">\n                        <img loading=\"lazy\" decoding=\"async\" class=\"breakdance-image-object\" src=\"https:\/\/www.lemansclassic.com\/wp-content\/uploads\/2026\/02\/2022-07-03_le-mans-classic-556-pitlounge-1024x683.jpg\" width=\"1024\" height=\"683\" srcset=\"https:\/\/www.lemansclassic.com\/wp-content\/uploads\/2026\/02\/2022-07-03_le-mans-classic-556-pitlounge.jpg 1920w, https:\/\/www.lemansclassic.com\/wp-content\/uploads\/2026\/02\/2022-07-03_le-mans-classic-556-pitlounge-300x200.jpg 300w, https:\/\/www.lemansclassic.com\/wp-content\/uploads\/2026\/02\/2022-07-03_le-mans-classic-556-pitlounge-1024x683.jpg 1024w, https:\/\/www.lemansclassic.com\/wp-content\/uploads\/2026\/02\/2022-07-03_le-mans-classic-556-pitlounge-150x100.jpg 150w, https:\/\/www.lemansclassic.com\/wp-content\/uploads\/2026\/02\/2022-07-03_le-mans-classic-556-pitlounge-768x512.jpg 768w, https:\/\/www.lemansclassic.com\/wp-content\/uploads\/2026\/02\/2022-07-03_le-mans-classic-556-pitlounge-1536x1024.jpg 1536w, https:\/\/www.lemansclassic.com\/wp-content\/uploads\/2026\/02\/2022-07-03_le-mans-classic-556-pitlounge-18x12.jpg 18w, https:\/\/www.lemansclassic.com\/wp-content\/uploads\/2026\/02\/2022-07-03_le-mans-classic-556-pitlounge-600x400.jpg 600w\" sizes=\"auto, (max-width: 1920px) 100vw, 1920px\">\n          \n                  <\/figure>\n      <\/a>\n\n                \n      <a class=\"ee-gallery-item ee-gallery-item--image ee-gallery-item--single\" href=\"https:\/\/www.lemansclassic.com\/wp-content\/uploads\/2026\/02\/lmc-20230701-246-nicolasloret-pitlounge.jpg\"  data-sub-html=\"<span><\/span>\" data-category=\"1\"                  data-lg-size=\"1920-1080\"\n\n      >\n        <figure class=\"ee-gallery-item-figure\">\n                        <img loading=\"lazy\" decoding=\"async\" class=\"breakdance-image-object\" src=\"https:\/\/www.lemansclassic.com\/wp-content\/uploads\/2026\/02\/lmc-20230701-246-nicolasloret-pitlounge-1024x576.jpg\" width=\"1024\" height=\"576\" srcset=\"https:\/\/www.lemansclassic.com\/wp-content\/uploads\/2026\/02\/lmc-20230701-246-nicolasloret-pitlounge.jpg 1920w, https:\/\/www.lemansclassic.com\/wp-content\/uploads\/2026\/02\/lmc-20230701-246-nicolasloret-pitlounge-300x169.jpg 300w, https:\/\/www.lemansclassic.com\/wp-content\/uploads\/2026\/02\/lmc-20230701-246-nicolasloret-pitlounge-1024x576.jpg 1024w, https:\/\/www.lemansclassic.com\/wp-content\/uploads\/2026\/02\/lmc-20230701-246-nicolasloret-pitlounge-150x84.jpg 150w, https:\/\/www.lemansclassic.com\/wp-content\/uploads\/2026\/02\/lmc-20230701-246-nicolasloret-pitlounge-768x432.jpg 768w, https:\/\/www.lemansclassic.com\/wp-content\/uploads\/2026\/02\/lmc-20230701-246-nicolasloret-pitlounge-1536x864.jpg 1536w, https:\/\/www.lemansclassic.com\/wp-content\/uploads\/2026\/02\/lmc-20230701-246-nicolasloret-pitlounge-18x10.jpg 18w, https:\/\/www.lemansclassic.com\/wp-content\/uploads\/2026\/02\/lmc-20230701-246-nicolasloret-pitlounge-600x338.jpg 600w\" sizes=\"auto, (max-width: 1920px) 100vw, 1920px\">\n          \n                  <\/figure>\n      <\/a>\n\n                \n      <a class=\"ee-gallery-item ee-gallery-item--image ee-gallery-item--single\" href=\"https:\/\/www.lemansclassic.com\/wp-content\/uploads\/2026\/02\/2025-lmc-loretnicolas-j2-00140.jpg\"  data-sub-html=\"<span><\/span>\" data-category=\"1\"                  data-lg-size=\"1920-1280\"\n\n      >\n        <figure class=\"ee-gallery-item-figure\">\n                        <img loading=\"lazy\" decoding=\"async\" class=\"breakdance-image-object\" src=\"https:\/\/www.lemansclassic.com\/wp-content\/uploads\/2026\/02\/2025-lmc-loretnicolas-j2-00140-1024x683.jpg\" width=\"1024\" height=\"683\" srcset=\"https:\/\/www.lemansclassic.com\/wp-content\/uploads\/2026\/02\/2025-lmc-loretnicolas-j2-00140.jpg 1920w, https:\/\/www.lemansclassic.com\/wp-content\/uploads\/2026\/02\/2025-lmc-loretnicolas-j2-00140-300x200.jpg 300w, https:\/\/www.lemansclassic.com\/wp-content\/uploads\/2026\/02\/2025-lmc-loretnicolas-j2-00140-1024x683.jpg 1024w, https:\/\/www.lemansclassic.com\/wp-content\/uploads\/2026\/02\/2025-lmc-loretnicolas-j2-00140-150x100.jpg 150w, https:\/\/www.lemansclassic.com\/wp-content\/uploads\/2026\/02\/2025-lmc-loretnicolas-j2-00140-768x512.jpg 768w, https:\/\/www.lemansclassic.com\/wp-content\/uploads\/2026\/02\/2025-lmc-loretnicolas-j2-00140-1536x1024.jpg 1536w, https:\/\/www.lemansclassic.com\/wp-content\/uploads\/2026\/02\/2025-lmc-loretnicolas-j2-00140-18x12.jpg 18w, https:\/\/www.lemansclassic.com\/wp-content\/uploads\/2026\/02\/2025-lmc-loretnicolas-j2-00140-600x400.jpg 600w\" sizes=\"auto, (max-width: 1920px) 100vw, 1920px\">\n          \n                  <\/figure>\n      <\/a>\n\n      \n      <div class=\"ee-gallery-gutter\"><\/div>\n  <\/div>\n\n\n\n<\/div>\n<\/div><\/div><\/div>\n<\/section>\n","protected":false},"excerpt":{"rendered":"<div class=\"bde-rich-text-21417-167 bde-rich-text bde-wooproductexcerpt breakdance-woocommerce breakdance-rich-text-styles\">\n<div class=\"bde-rich-text-21417-167 bde-rich-text bde-wooproductexcerpt breakdance-woocommerce breakdance-rich-text-styles\">\n<div class=\"bde-rich-text-21417-167 bde-rich-text bde-wooproductexcerpt breakdance-woocommerce breakdance-rich-text-styles\">\n<div class=\"bde-rich-text-21417-167 bde-rich-text bde-wooproductexcerpt breakdance-woocommerce breakdance-rich-text-styles\">\n<p>Avec sa <strong>vue imprenable<\/strong> sur la ligne de de\u0301part, l\u2019Espace PitLounge et sa tribune situ\u00e9e <strong>au-dessus de la pitlane<\/strong> vous permettront d\u2019admirer les arr\u00eats au stand durant tout le week-end.<\/p>\n<\/div>\n<\/div>\n<\/div>\n<\/div>\n","protected":false},"featured_media":32298,"template":"","meta":[],"product_brand":[],"product_cat":[991,747],"product_tag":[],"class_list":{"0":"post-32264","1":"product","2":"type-product","3":"status-publish","4":"has-post-thumbnail","6":"product_cat-pitlounge","7":"product_cat-packages","8":"product_shipping_class-packages","10":"first","11":"instock","12":"shipping-taxable","13":"purchasable","14":"product-type-variable"},"group_of_quantity":0,"min_quantity":0,"max_quantity":"","exclude_order_quantity_value_rules":"no","exclude_category_quantity_rules":"no","combine_variations":"no","_links":{"self":[{"href":"https:\/\/www.lemansclassic.com\/fr\/wp-json\/wp\/v2\/product\/32264","targetHints":{"allow":["GET"]}}],"collection":[{"href":"https:\/\/www.lemansclassic.com\/fr\/wp-json\/wp\/v2\/product"}],"about":[{"href":"https:\/\/www.lemansclassic.com\/fr\/wp-json\/wp\/v2\/types\/product"}],"wp:featuredmedia":[{"embeddable":true,"href":"https:\/\/www.lemansclassic.com\/fr\/wp-json\/wp\/v2\/media\/32298"}],"wp:attachment":[{"href":"https:\/\/www.lemansclassic.com\/fr\/wp-json\/wp\/v2\/media?parent=32264"}],"wp:term":[{"taxonomy":"product_brand","embeddable":true,"href":"https:\/\/www.lemansclassic.com\/fr\/wp-json\/wp\/v2\/product_brand?post=32264"},{"taxonomy":"product_cat","embeddable":true,"href":"https:\/\/www.lemansclassic.com\/fr\/wp-json\/wp\/v2\/product_cat?post=32264"},{"taxonomy":"product_tag","embeddable":true,"href":"https:\/\/www.lemansclassic.com\/fr\/wp-json\/wp\/v2\/product_tag?post=32264"}],"curies":[{"name":"wp","href":"https:\/\/api.w.org\/{rel}","templated":true}]}}