{"id":16,"date":"2022-05-30T19:13:01","date_gmt":"2022-05-30T19:13:01","guid":{"rendered":"https:\/\/www.lemansclassic.com\/?page_id=16"},"modified":"2026-04-13T13:40:32","modified_gmt":"2026-04-13T12:40:32","slug":"accueil","status":"publish","type":"page","link":"https:\/\/www.lemansclassic.com\/fr\/","title":{"rendered":"Accueil"},"content":{"rendered":"<section class=\"bde-section-16-503 bde-section\">\n  \n  \n\t\n\n\n\n<div class=\"section-container\"><div class=\"bde-div-16-512 bde-div\">\n  \n  \n\t\n\n\n\n<a class=\"bde-container-link-16-513 bde-container-link breakdance-link\" href=\"\/fr\/competition\/plateaux\/engages\/\" target=\"_self\" data-type=\"url\">\n  \n  \n\t\n\n\n\n<div class=\"bde-pulse-dot-16-514 bde-pulse-dot\"><div class=\"bde-pulse-dot__ping\"><\/div>\r\n<div class=\"bde-pulse-dot__core\"><\/div><\/div><div class=\"bde-text-16-515 bde-text\">\nListe des engag\u00e9s\n<\/div>\n\n<\/a><a class=\"bde-container-link-16-522 bde-container-link breakdance-link\" href=\"\/fr\/informations\/programme\/\" target=\"_self\" data-type=\"url\">\n  \n  \n\t\n\n\n\n<div class=\"bde-pulse-dot-16-523 bde-pulse-dot\"><div class=\"bde-pulse-dot__ping\"><\/div>\r\n<div class=\"bde-pulse-dot__core\"><\/div><\/div><div class=\"bde-text-16-524 bde-text\">\nProgramme 2026\n<\/div>\n\n<\/a>\n<\/div><img decoding=\"async\" class=\"bde-image2-16-520 bde-image2\" src=\"https:\/\/www.lemansclassic.com\/wp-content\/uploads\/2026\/04\/logo-lmc-legend-signature-pos.png\" loading=\"lazy\" srcset=\"https:\/\/www.lemansclassic.com\/wp-content\/uploads\/2026\/04\/logo-lmc-legend-signature-pos.png 936w, https:\/\/www.lemansclassic.com\/wp-content\/uploads\/2026\/04\/logo-lmc-legend-signature-pos-300x244.png 300w, https:\/\/www.lemansclassic.com\/wp-content\/uploads\/2026\/04\/logo-lmc-legend-signature-pos-150x122.png 150w, https:\/\/www.lemansclassic.com\/wp-content\/uploads\/2026\/04\/logo-lmc-legend-signature-pos-768x624.png 768w, https:\/\/www.lemansclassic.com\/wp-content\/uploads\/2026\/04\/logo-lmc-legend-signature-pos-15x12.png 15w, https:\/\/www.lemansclassic.com\/wp-content\/uploads\/2026\/04\/logo-lmc-legend-signature-pos-600x488.png 600w\" sizes=\"(max-width: 936px) 100vw, 936px\"><div class=\"bde-video-16-505 bde-video\">\n<div class=\"ee-video-container\">\n                                                                        \n                <lite-youtube\n                        videoid=\"iWA4BPTI4ZI\"\n                                                style=\"background-image: url(https:\/\/www.lemansclassic.com\/wp-content\/uploads\/2025\/11\/2025-lmc-whamdib-j1-258-11.jpg); \"\n                        class=\"ee-video\"\n                        title=\"\"\n                        params=\"controls=0&playsinline=0&rel=0&enablejsapi=1\"\n                >\n                <\/lite-youtube>\n                    \n        \n            \n    <\/div>\n\n<\/div><h1 class=\"bde-dual-heading-16-521 bde-dual-heading\">\n\n\n            <span data-style=\"primary\" class=\"dual-heading--primary  \">Nouvelle \u00e9poque,<\/span>\n\n            <span data-style=\"secondary\" class=\"dual-heading--secondary  js-annotate\">nouvelle intensit\u00e9 !<\/span>\n\n\n\n<\/h1><h2 class=\"bde-heading-16-509 bde-heading\">\n2 - 5 Juillet 2026\n<\/h2><div class=\"bde-div-16-525 bde-div\">\n  \n  \n\t\n\n\n\n<div class=\"bde-button-16-526 bde-button\">\n    \n                        \n                        \n    \n    \n    \n    \n            \n                    \n            \n            \n\n    \n    \n    \n    \n    \n    <a class=\"breakdance-link button-atom button-atom--primary bde-button__button\" href=\"\/fr\/billetterie\" target=\"_self\" data-type=\"url\"  >\n\n    \n        <span class=\"button-atom__text\">Billetterie<\/span>\n\n        \n        \n                <\/a>\n\n    \n\n\n<\/div><div id=\"newsletterpop\" class=\"bde-button-16-527 bde-button\">\n    \n                        \n                        \n    \n    \n    \n    \n            \n                    \n            \n                           \n                       \n                 \n\n    \n    \n    \n                    \n    \n    <a class=\"breakdance-link button-atom button-atom--secondary bde-button__button\" href=\"#\" target=\"_self\" data-type=\"action\"  data-action='{\"type\":\"popup\",\"popupOptions\":{\"popupId\":\"30625\",\"popupAction\":\"open\"}}' >\n\n    \n        <span class=\"button-atom__text\">Newsletter<\/span>\n\n        \n        \n                <\/a>\n\n    \n\n\n<\/div>\n<\/div><a class=\"bde-container-link-16-510 bde-container-link breakdance-link\" href=\"#legend\" target=\"_self\" data-type=\"url\">\n  \n  \n\t\n\n\n\n<div class=\"bde-code-block-16-511 bde-code-block\">\n\n  <div id = scroll-down>\n      <svg xmlns=\"http:\/\/www.w3.org\/2000\/svg\" viewBox=\"0 0 8 4\">\n        <path d=\"M 0 0 L 0 2 L 4 4 L 8 2 L 8 0 L 4 2 Z\"\/>\n      <\/svg>\n      <svg xmlns=\"http:\/\/www.w3.org\/2000\/svg\" viewBox=\"0 0 8 4\">\n        <path d=\"M 0 0 L 0 2 L 4 4 L 8 2 L 8 0 L 4 2 Z\"\/>\n      <\/svg>\n      <svg xmlns=\"http:\/\/www.w3.org\/2000\/svg\" viewBox=\"0 0 8 4\">\n        <path d=\"M 0 0 L 0 2 L 4 4 L 8 2 L 8 0 L 4 2 Z\"\/>\n      <\/svg>\n      <svg xmlns=\"http:\/\/www.w3.org\/2000\/svg\" viewBox=\"0 0 8 4\">\n        <path d=\"M 0 0 L 0 2 L 4 4 L 8 2 L 8 0 L 4 2 Z\"\/>\n      <\/svg>\n    <\/div>\n\n\n<\/div>\n\n<\/a><img decoding=\"async\" class=\"bde-image2-16-519 bde-image2\" src=\"https:\/\/www.lemansclassic.com\/wp-content\/uploads\/2026\/02\/lmc-legend-asset-v2.png\" loading=\"lazy\" srcset=\"https:\/\/www.lemansclassic.com\/wp-content\/uploads\/2026\/02\/lmc-legend-asset-v2.png 1093w, https:\/\/www.lemansclassic.com\/wp-content\/uploads\/2026\/02\/lmc-legend-asset-v2-300x141.png 300w, https:\/\/www.lemansclassic.com\/wp-content\/uploads\/2026\/02\/lmc-legend-asset-v2-1024x482.png 1024w, https:\/\/www.lemansclassic.com\/wp-content\/uploads\/2026\/02\/lmc-legend-asset-v2-150x71.png 150w, https:\/\/www.lemansclassic.com\/wp-content\/uploads\/2026\/02\/lmc-legend-asset-v2-768x362.png 768w, https:\/\/www.lemansclassic.com\/wp-content\/uploads\/2026\/02\/lmc-legend-asset-v2-18x8.png 18w, https:\/\/www.lemansclassic.com\/wp-content\/uploads\/2026\/02\/lmc-legend-asset-v2-600x283.png 600w\" sizes=\"(max-width: 1093px) 100vw, 1093px\"><\/div>\n<\/section><section class=\"bde-section-16-360 bde-section\">\n  \n  \n\t\n\n\n\n<div class=\"section-container\"><div class=\"bde-columns-16-480 bde-columns\"><div class=\"bde-column-16-486 bde-column\">\n  \n  \n\t\n\n\n\n<h4 class=\"bde-dual-heading-16-487 bde-dual-heading\">\n\n\n            <span data-style=\"secondary\" class=\"dual-heading--secondary  js-annotate\">Gordon Murray<\/span>\n\n            <span data-style=\"primary\" class=\"dual-heading--primary  \">au Mans Classic Legend !<\/span>\n\n\n\n<\/h4><div class=\"bde-rich-text-16-488 bde-rich-text breakdance-rich-text-styles\">\n<p>L\u2019ing\u00e9nieur visionnaire Gordon Murray sera <strong>l\u2019invit\u00e9 d\u2019honneur<\/strong> exceptionnel de cette \u00e9dition. Si ses cr\u00e9ations ont marqu\u00e9 l\u2019histoire - notamment avec la victoire de la McLaren F1 GTR aux 24 Heures du Mans 1995 - le circuit accueillera \u00e9galement la mythique <strong>MP4\/5B<\/strong> qui a men\u00e9 <strong>Ayrton Senna<\/strong> \u00e0 son deuxi\u00e8me titre mondial.<\/p><p>Une parade exclusive r\u00e9unira sur la piste ses \u0153uvres les plus l\u00e9gendaires :<\/p>\n<\/div><ul class=\"bde-basic-list-16-489 bde-basic-list\">\n  <li  >    \n          Le Mans GTR\n      <\/li>\n  <li  >    \n          McLaren F1\n      <\/li>\n  <li  >    \n          F1 Brabham BT42 & McLaren MP4\/5B\n      <\/li>\n  <li  >    \n          GMA T.33, T.50 & la radicale T.50s Niki Lauda\n      <\/li>\n<\/ul><div class=\"bde-text-16-490 bde-text\">\nNe manquez pas cette immersion unique dans l\u2019univers de Gordon Murray, dont les mod\u00e8les seront \u00e9galement expos\u00e9s au c\u0153ur du village.\n<\/div><div class=\"bde-button-16-491 bde-button\">\n    \n                                    \n    \n    \n    \n    \n            \n                    \n            \n            \n\n    \n    \n    \n    \n    \n    <a class=\"breakdance-link button-atom button-atom--primary bde-button__button\" href=\"\/fr\/animations\/\" target=\"_self\" data-type=\"url\"  >\n\n    \n        <span class=\"button-atom__text\">Consulter les animations<\/span>\n\n        \n        \n                <\/a>\n\n    \n\n\n<\/div>\n<\/div><div class=\"bde-column-16-481 bde-column\">\n  \n  \n\t\n\n\n\n<div class=\"bde-div-16-496 bde-div\">\n  \n  \n\t\n\n\n\n<img decoding=\"async\" class=\"bde-image2-16-497 bde-image2\" src=\"https:\/\/www.lemansclassic.com\/wp-content\/uploads\/2026\/03\/frame-1.jpg\" loading=\"lazy\" srcset=\"https:\/\/www.lemansclassic.com\/wp-content\/uploads\/2026\/03\/frame-1.jpg 1080w, https:\/\/www.lemansclassic.com\/wp-content\/uploads\/2026\/03\/frame-1-240x300.jpg 240w, https:\/\/www.lemansclassic.com\/wp-content\/uploads\/2026\/03\/frame-1-819x1024.jpg 819w, https:\/\/www.lemansclassic.com\/wp-content\/uploads\/2026\/03\/frame-1-120x150.jpg 120w, https:\/\/www.lemansclassic.com\/wp-content\/uploads\/2026\/03\/frame-1-768x960.jpg 768w, https:\/\/www.lemansclassic.com\/wp-content\/uploads\/2026\/03\/frame-1-10x12.jpg 10w, https:\/\/www.lemansclassic.com\/wp-content\/uploads\/2026\/03\/frame-1-300x375.jpg 300w, https:\/\/www.lemansclassic.com\/wp-content\/uploads\/2026\/03\/frame-1-600x750.jpg 600w\" sizes=\"(max-width: 1080px) 100vw, 1080px\" data-entrance=\"slideUp\"><div class=\"bde-gallery-16-498 bde-gallery\">\n\n\n  \n\n\n\n\n\n\n\n  \n\n  <div class=\"ee-gallery-swiper breakdance-swiper-wrapper\" data-swiper-id=\"498\">\n    <div class=\"swiper\">\n\n<div class=\"ee-gallery ee-gallery--gallery-slider ee-gallery--slider ee-gallery--single ee-gallery--lightbox ee-gallery-- ee-gallery--caption- ee-gallery--caption-none ee-gallery--custom swiper-wrapper\">\n                  \n      <a class=\"ee-gallery-item ee-gallery-item--image ee-gallery-item--single swiper-slide\" href=\"https:\/\/www.lemansclassic.com\/wp-content\/uploads\/2026\/03\/frame-1.jpg\"  data-sub-html=\"<span><\/span>\" data-category=\"1\"                  data-lg-size=\"1080-1350\"\n\n      >\n        <figure class=\"ee-gallery-item-figure\">\n                        <img decoding=\"async\" class=\"breakdance-image-object\" src=\"https:\/\/www.lemansclassic.com\/wp-content\/uploads\/2026\/03\/frame-1-819x1024.jpg\" width=\"819\" height=\"1024\" srcset=\"https:\/\/www.lemansclassic.com\/wp-content\/uploads\/2026\/03\/frame-1.jpg 1080w, https:\/\/www.lemansclassic.com\/wp-content\/uploads\/2026\/03\/frame-1-240x300.jpg 240w, https:\/\/www.lemansclassic.com\/wp-content\/uploads\/2026\/03\/frame-1-819x1024.jpg 819w, https:\/\/www.lemansclassic.com\/wp-content\/uploads\/2026\/03\/frame-1-120x150.jpg 120w, https:\/\/www.lemansclassic.com\/wp-content\/uploads\/2026\/03\/frame-1-768x960.jpg 768w, https:\/\/www.lemansclassic.com\/wp-content\/uploads\/2026\/03\/frame-1-10x12.jpg 10w, https:\/\/www.lemansclassic.com\/wp-content\/uploads\/2026\/03\/frame-1-300x375.jpg 300w, https:\/\/www.lemansclassic.com\/wp-content\/uploads\/2026\/03\/frame-1-600x750.jpg 600w\" sizes=\"auto, (max-width: 1080px) 100vw, 1080px\" loading=\"lazy\">\n          \n                  <\/figure>\n      <\/a>\n\n      \n  <\/div>\n\n    <\/div>\n                <div class=\"swiper-button-prev\">\n            \n        <\/div>\n        <div class=\"swiper-button-next\">\n            \n        <\/div>\n    \n            <div class=\"swiper-pagination\"><\/div>\n    \n  <\/div>\n\n\n<\/div>\n<\/div>\n<\/div><\/div><div id=\"legend\" class=\"bde-div-16-492 bde-div\">\n  \n  \n\t\n\n\n\n<h2 class=\"bde-dual-heading-16-453 bde-dual-heading\">\n\n\n            <span data-style=\"primary\" class=\"dual-heading--primary  \">D\u00e9couvrir les<\/span>\n\n            <span data-style=\"secondary\" class=\"dual-heading--secondary  js-annotate\">plateaux<\/span>\n\n\n\n<\/h2><div class=\"bde-advancedslider-16-376 bde-advancedslider\">\n<div class=\"breakdance-swiper-wrapper\" data-swiper-id=\"376\">\n  <div class=\"swiper\">\n    <div class=\"swiper-wrapper\">\n      <div class=\"bde-advancedslide-16-377 bde-advancedslide swiper-slide\"><div class=\"advanced-slider__slide\">\r\n  <h1 class=\"bde-heading-16-378 bde-heading\">\n6\n<\/h1><div class=\"bde-div-16-379 bde-div\">\n  \n  \n\t\n\n\n\n<h1 class=\"bde-heading-16-380 bde-heading\">\n1972 - 84\n<\/h1><div class=\"bde-button-16-381 bde-button\">\n    \n                        \n                        \n    \n    \n    \n    \n            \n                    \n            \n            \n\n    \n    \n    \n    \n    \n    <a class=\"breakdance-link button-atom button-atom--custom bde-button__button\" href=\"\/fr\/competition\/plateaux\/\" target=\"_self\" data-type=\"url\"  >\n\n    \n        <span class=\"button-atom__text\">En savoir plus<\/span>\n\n        \n        \n                <\/a>\n\n    \n\n\n<\/div>\n<\/div>\r\n<\/div><\/div><div class=\"bde-advancedslide-16-382 bde-advancedslide swiper-slide\"><div class=\"advanced-slider__slide\">\r\n  <h1 class=\"bde-heading-16-383 bde-heading\">\n7\n<\/h1><div class=\"bde-div-16-384 bde-div\">\n  \n  \n\t\n\n\n\n<h1 class=\"bde-heading-16-385 bde-heading\">\n1982 - 93\n<\/h1><div class=\"bde-button-16-386 bde-button\">\n    \n                        \n                        \n    \n    \n    \n    \n            \n                    \n            \n            \n\n    \n    \n    \n    \n    \n    <a class=\"breakdance-link button-atom button-atom--custom bde-button__button\" href=\"\/fr\/competition\/plateaux\/\" target=\"_self\" data-type=\"url\"  >\n\n    \n        <span class=\"button-atom__text\">En savoir plus<\/span>\n\n        \n        \n                <\/a>\n\n    \n\n\n<\/div>\n<\/div>\r\n<\/div><\/div><div class=\"bde-advancedslide-16-387 bde-advancedslide swiper-slide\"><div class=\"advanced-slider__slide\">\r\n  <h1 class=\"bde-heading-16-388 bde-heading\">\n8\n<\/h1><div class=\"bde-div-16-389 bde-div\">\n  \n  \n\t\n\n\n\n<h1 class=\"bde-heading-16-390 bde-heading\">\n1994 - 99\n<\/h1><div class=\"bde-button-16-391 bde-button\">\n    \n                        \n                        \n    \n    \n    \n    \n            \n                    \n            \n            \n\n    \n    \n    \n    \n    \n    <a class=\"breakdance-link button-atom button-atom--custom bde-button__button\" href=\"\/fr\/competition\/plateaux\/\" target=\"_self\" data-type=\"url\"  >\n\n    \n        <span class=\"button-atom__text\">En savoir plus<\/span>\n\n        \n        \n                <\/a>\n\n    \n\n\n<\/div>\n<\/div>\r\n<\/div><\/div><div class=\"bde-advancedslide-16-392 bde-advancedslide swiper-slide\"><div class=\"advanced-slider__slide\">\r\n  <h1 class=\"bde-heading-16-393 bde-heading\">\n9\n<\/h1><div class=\"bde-div-16-394 bde-div\">\n  \n  \n\t\n\n\n\n<h1 class=\"bde-heading-16-395 bde-heading\">\n2000 - 10\n<\/h1><div class=\"bde-button-16-396 bde-button\">\n    \n                        \n                        \n    \n    \n    \n    \n            \n                    \n            \n            \n\n    \n    \n    \n    \n    \n    <a class=\"breakdance-link button-atom button-atom--custom bde-button__button\" href=\"\/fr\/competition\/plateaux\/\" target=\"_self\" data-type=\"url\"  >\n\n    \n        <span class=\"button-atom__text\">En savoir plus<\/span>\n\n        \n        \n                <\/a>\n\n    \n\n\n<\/div>\n<\/div>\r\n<\/div><\/div><div class=\"bde-advancedslide-16-397 bde-advancedslide swiper-slide\"><div class=\"advanced-slider__slide\">\r\n  <h1 class=\"bde-heading-16-398 bde-heading\">\n10\n<\/h1><div class=\"bde-div-16-399 bde-div\">\n  \n  \n\t\n\n\n\n<h1 class=\"bde-heading-16-400 bde-heading\">\n2006 - 15\n<\/h1><div class=\"bde-button-16-401 bde-button\">\n    \n                        \n                        \n    \n    \n    \n    \n            \n                    \n            \n            \n\n    \n    \n    \n    \n    \n    <a class=\"breakdance-link button-atom button-atom--custom bde-button__button\" href=\"\/fr\/competition\/plateaux\/\" target=\"_self\" data-type=\"url\"  >\n\n    \n        <span class=\"button-atom__text\">En savoir plus<\/span>\n\n        \n        \n                <\/a>\n\n    \n\n\n<\/div>\n<\/div>\r\n<\/div><\/div>\n    <\/div>\n  <\/div>\n\n              <div class=\"swiper-button-prev\">\n            \n        <\/div>\n        <div class=\"swiper-button-next\">\n            \n        <\/div>\n    \n            <div class=\"swiper-pagination\"><\/div>\n    \n<\/div>\n\n<\/div>\n<\/div><div class=\"bde-columns-16-422 bde-columns\"><div class=\"bde-column-16-423 bde-column\">\n  \n  \n\t\n\n\n\n<div class=\"bde-image-16-424 bde-image\">\n<figure class=\"breakdance-image breakdance-image--31435\">\n\t<div class=\"breakdance-image-container\">\n\t\t<div class=\"breakdance-image-clip\"><img loading=\"lazy\" decoding=\"async\" class=\"breakdance-image-object\" src=\"https:\/\/www.lemansclassic.com\/wp-content\/uploads\/2025\/11\/2025-lmc-whamdib-j1-001-clubs.jpg\" width=\"700\" height=\"466\" srcset=\"https:\/\/www.lemansclassic.com\/wp-content\/uploads\/2025\/11\/2025-lmc-whamdib-j1-001-clubs.jpg 700w, https:\/\/www.lemansclassic.com\/wp-content\/uploads\/2025\/11\/2025-lmc-whamdib-j1-001-clubs-300x200.jpg 300w, https:\/\/www.lemansclassic.com\/wp-content\/uploads\/2025\/11\/2025-lmc-whamdib-j1-001-clubs-150x100.jpg 150w, https:\/\/www.lemansclassic.com\/wp-content\/uploads\/2025\/11\/2025-lmc-whamdib-j1-001-clubs-18x12.jpg 18w, https:\/\/www.lemansclassic.com\/wp-content\/uploads\/2025\/11\/2025-lmc-whamdib-j1-001-clubs-600x399.jpg 600w\" sizes=\"auto, (max-width: 700px) 100vw, 700px\"><\/div>\n\t<\/div><\/figure>\n\n<\/div>\n<\/div><div class=\"bde-column-16-425 bde-column\">\n  \n  \n\t\n\n\n\n<div class=\"bde-blockquote-16-427 bde-blockquote\">\n      <p class=\"inline-text_blockquote-icon\"><span class=\"blockquote-icon\"><svg xmlns=\"http:\/\/www.w3.org\/2000\/svg\" id=\"icon-quotes-left\" viewBox=\"0 0 32 32\">\r\n<path d=\"M7.031 14c3.866 0 7 3.134 7 7s-3.134 7-7 7-7-3.134-7-7l-0.031-1c0-7.732 6.268-14 14-14v4c-2.671 0-5.182 1.040-7.071 2.929-0.364 0.364-0.695 0.751-0.995 1.157 0.357-0.056 0.724-0.086 1.097-0.086zM25.031 14c3.866 0 7 3.134 7 7s-3.134 7-7 7-7-3.134-7-7l-0.031-1c0-7.732 6.268-14 14-14v4c-2.671 0-5.182 1.040-7.071 2.929-0.364 0.364-0.695 0.751-0.995 1.157 0.358-0.056 0.724-0.086 1.097-0.086z\"\/>\r\n<\/svg><\/span>D\u00e8s 2026, l'\u00e9v\u00e9nement Le Mans Classic devient annuel et ouvre un nouveau chapitre avec l'\u00e9dition Legend : un voyage au c\u0153ur de l'endurance, de l'\u00e2ge d'or du turbo aux prototypes spectaculaires et aux GT l\u00e9gendaires, des seventies aux ann\u00e9es 2010's.<\/p>\n  \n<\/div><div class=\"bde-text-16-428 bde-text\">\nPlus qu'une course, un festival qui c\u00e9l\u00e8bre l'esth\u00e9tique et l'\u00e9nergie de quatre d\u00e9cennies de passion : voitures mythiques, ambiance r\u00e9tro-futuriste, concerts exclusifs et animations jour et nuit. N\u2019h\u00e9sitez pas \u00e0 vous inscrire \u00e0 notre newsletter afin de rester inform\u00e9 !\n<\/div><div class=\"bde-div-16-429 bde-div\">\n  \n  \n\t\n\n\n\n<div class=\"bde-button-16-454 bde-button\">\n    \n                        \n                        \n    \n    \n    \n    \n            \n                    \n            \n            \n\n    \n    \n    \n    \n    \n    <a class=\"breakdance-link button-atom button-atom--primary bde-button__button\" href=\"\/fr\/billetterie\" target=\"_self\" data-type=\"url\"  >\n\n    \n        <span class=\"button-atom__text\">Billetterie<\/span>\n\n        \n        \n                <\/a>\n\n    \n\n\n<\/div><div id=\"newsletterpop\" class=\"bde-button-16-431 bde-button\">\n    \n                        \n                        \n    \n    \n    \n    \n            \n                    \n            \n                           \n                       \n                 \n\n    \n    \n    \n                    \n    \n    <a class=\"breakdance-link button-atom button-atom--secondary bde-button__button\" href=\"#\" target=\"_self\" data-type=\"action\"  data-action='{\"type\":\"popup\",\"popupOptions\":{\"popupId\":\"30625\",\"popupAction\":\"open\"}}' >\n\n    \n        <span class=\"button-atom__text\">Newsletter<\/span>\n\n        \n        \n                <\/a>\n\n    \n\n\n<\/div>\n<\/div>\n<\/div><\/div><\/div>\n<\/section>","protected":false},"excerpt":{"rendered":"<p>Liste des engag\u00e9s Programme 2026 Nouvelle \u00e9poque, nouvelle intensit\u00e9 ! 2 &#8211; 5 Juillet 2026 Billetterie Newsletter Gordon Murray au Mans Classic Legend ! L\u2019ing\u00e9nieur visionnaire Gordon Murray sera l\u2019invit\u00e9 d\u2019honneur exceptionnel de cette \u00e9dition. Si ses cr\u00e9ations ont marqu\u00e9 l\u2019histoire &#8211; notamment avec la victoire de la McLaren F1 GTR aux 24 Heures du [&hellip;]<\/p>\n","protected":false},"author":1,"featured_media":0,"parent":0,"menu_order":0,"comment_status":"closed","ping_status":"closed","template":"","meta":{"_breakdance_hide_in_design_set":false,"_breakdance_tags":"","footnotes":""},"class_list":["post-16","page","type-page","status-publish","hentry"],"_links":{"self":[{"href":"https:\/\/www.lemansclassic.com\/fr\/wp-json\/wp\/v2\/pages\/16","targetHints":{"allow":["GET"]}}],"collection":[{"href":"https:\/\/www.lemansclassic.com\/fr\/wp-json\/wp\/v2\/pages"}],"about":[{"href":"https:\/\/www.lemansclassic.com\/fr\/wp-json\/wp\/v2\/types\/page"}],"author":[{"embeddable":true,"href":"https:\/\/www.lemansclassic.com\/fr\/wp-json\/wp\/v2\/users\/1"}],"replies":[{"embeddable":true,"href":"https:\/\/www.lemansclassic.com\/fr\/wp-json\/wp\/v2\/comments?post=16"}],"version-history":[{"count":5,"href":"https:\/\/www.lemansclassic.com\/fr\/wp-json\/wp\/v2\/pages\/16\/revisions"}],"predecessor-version":[{"id":32767,"href":"https:\/\/www.lemansclassic.com\/fr\/wp-json\/wp\/v2\/pages\/16\/revisions\/32767"}],"wp:attachment":[{"href":"https:\/\/www.lemansclassic.com\/fr\/wp-json\/wp\/v2\/media?parent=16"}],"curies":[{"name":"wp","href":"https:\/\/api.w.org\/{rel}","templated":true}]}}